{"id":39884,"date":"2025-06-16T13:51:54","date_gmt":"2025-06-16T13:51:54","guid":{"rendered":"https:\/\/venaziel.de\/bauchdeckenbruch-operation-moderne-netze\/"},"modified":"2026-04-21T16:05:40","modified_gmt":"2026-04-21T16:05:40","slug":"bauchdeckenbruch-operation-moderne-netze","status":"publish","type":"page","link":"https:\/\/venaziel.de\/fr\/hernien-wissenszentrum\/bauchdeckenbruch-operation-moderne-netze\/","title":{"rendered":"Op\u00e9ration d\u2019une hernie abdominale expliqu\u00e9e simplement \u2013 ce que vous devez savoir"},"content":{"rendered":"<p data-start=\"62\" data-end=\"1279\">Une hernie abdominale ne gu\u00e9rit pas spontan\u00e9ment : dans la plupart des cas, la lacune persiste durablement, voire s&rsquo;agrandit en l&rsquo;absence de traitement. La bonne nouvelle est que les hernies sont aujourd&rsquo;hui tr\u00e8s bien traitables. Les op\u00e9rations de hernie font partie des interventions de routine les plus fr\u00e9quentes en chirurgie \u2013 rien qu&rsquo;en Allemagne, plus de <strong data-start=\"1081\" data-end=\"1100\">350 000 hernies<\/strong> sont op\u00e9r\u00e9es chaque ann\u00e9e. Les personnes concern\u00e9es peuvent donc \u00eatre assur\u00e9es que beaucoup d&rsquo;exp\u00e9rience et de techniques modernes sont disponibles pour un traitement s\u00fbr.<\/p>\n<h2 data-start=\"1281\" data-end=\"1335\">Causes et facteurs de risque d\u2019une hernie abdominale<\/h2>\n<p data-start=\"1337\" data-end=\"1480\">Une hernie abdominale peut <strong data-start=\"1363\" data-end=\"1381\">toucher n&rsquo;importe qui<\/strong>, mais elle survient plus fr\u00e9quemment en pr\u00e9sence de certains facteurs de risque. Les causes et facteurs de risque typiques sont les suivants :<\/p>\n<ul data-start=\"1482\" data-end=\"3062\">\n<li data-start=\"1482\" data-end=\"1801\">\n<p data-start=\"1484\" data-end=\"1801\"><strong data-start=\"1484\" data-end=\"1510\">Faiblesse du tissu conjonctif :<\/strong> Une solidit\u00e9 cong\u00e9nitale ou diminuant avec l&rsquo;\u00e2ge de la paroi abdominale favorise les <a href=\"https:\/\/gesund.bund.de\/hernien#:~:text=Menschen%20mit%20schwacher%20Bauchmuskulatur%20oder,Gewebe%20und%20die%20Muskeln%20schw%C3%A4chen\" target=\"_blank\" rel=\"noopener\">hernies<\/a>. Certaines personnes ont une faiblesse tissulaire cong\u00e9nitale, tandis que chez d&rsquo;autres, la stabilit\u00e9 diminue avec les ann\u00e9es. Une <strong data-start=\"1745\" data-end=\"1773\">faiblesse des muscles abdominaux<\/strong> peut \u00e9galement y contribuer.<\/p>\n<\/li>\n<li data-start=\"1802\" data-end=\"2240\">\n<p data-start=\"1804\" data-end=\"2240\"><strong data-start=\"1804\" data-end=\"1833\">Pression intra-abdominale accrue :<\/strong> Tout ce qui augmente fortement la pression dans l&rsquo;abdomen peut d\u00e9clencher ou agrandir une hernie. Il s&rsquo;agit notamment du fait de <strong data-start=\"1942\" data-end=\"1962\">soulever et de porter des charges lourdes<\/strong>, de <strong data-start=\"1964\" data-end=\"1985\">pousser fortement<\/strong> (par exemple en cas de constipation chronique) ainsi que de <a href=\"https:\/\/gesund.bund.de\/hernien#:~:text=Husten%2C%20Pressen%20oder%20auch%20schweres,Beispiel%20noch%20nicht%20wissenschaftlich%20gekl%C3%A4rt\" target=\"_blank\" rel=\"noopener\"><strong data-start=\"2027\" data-end=\"2049\">toux persistante<\/strong><\/a>. Une grossesse ou un fort surpoids augmentent \u00e9galement la pression dans la cavit\u00e9 abdominale et favorisent les hernies.<\/p>\n<\/li>\n<li data-start=\"2241\" data-end=\"2626\">\n<p data-start=\"2243\" data-end=\"2626\"><strong data-start=\"2243\" data-end=\"2264\">Cicatrices d&rsquo;op\u00e9ration :<\/strong> Apr\u00e8s des op\u00e9rations abdominales ant\u00e9rieures, une <strong data-start=\"2326\" data-end=\"2341\">hernie incisionnelle<\/strong> peut se former au niveau de la cicatrice. Le tissu y est affaibli et, sous l&rsquo;effet de la charge, la cicatrice peut s&rsquo;\u00e9carter. Les troubles de la cicatrisation (par exemple dus \u00e0 des infections, au tabagisme ou au diab\u00e8te) augmentent en outre le risque de hernie incisionnelle.<\/p>\n<\/li>\n<li data-start=\"2627\" data-end=\"3062\">\n<p data-start=\"2629\" data-end=\"3062\"><strong data-start=\"2629\" data-end=\"2654\">Facteurs anatomiques :<\/strong> Les hernies inguinales (hernies dans la r\u00e9gion de l&rsquo;aine) sont plus fr\u00e9quentes chez les hommes, car chez eux, le canal inguinal constitue une faiblesse naturelle. Les hernies crurales, en revanche, touchent principalement les femmes. Les hernies ombilicales se manifestent souvent chez les nourrissons (chez qui elles gu\u00e9rissent g\u00e9n\u00e9ralement d&rsquo;elles-m\u00eames) et chez les adultes ob\u00e8ses.<\/p>\n<\/li>\n<\/ul>\n<h3 data-start=\"3064\" data-end=\"4433\"><strong data-start=\"3064\" data-end=\"3107\">Pourquoi une hernie ne gu\u00e9rit-elle pas d\u2019elle-m\u00eame&nbsp;?<\/strong><\/h3>\n<p data-start=\"3064\" data-end=\"4433\">Une fois form\u00e9e, la lacune dans la paroi abdominale <strong data-start=\"3169\" data-end=\"3197\">ne se referme pas d&rsquo;elle-m\u00eame<\/strong>. Le p\u00e9ritoine et les tissus bomb\u00e9s (sac herniaire) peuvent certes parfois se repousser, mais l&rsquo;<strong data-start=\"3303\" data-end=\"3318\">orifice herniaire<\/strong> \u2013 c&rsquo;est-\u00e0-dire l&rsquo;ouverture dans la paroi abdominale \u2013 persiste. En cas de sollicitation physique, l&rsquo;intestin ou le p\u00e9ritoine appuient \u00e0 nouveau vers l&rsquo;ext\u00e9rieur et \u00e9largissent encore l&rsquo;ouverture. Sans traitement, une hernie peut s&rsquo;aggraver avec le temps et entra\u00eener des troubles plus importants. Il existe en outre un risque d&rsquo;\u00e9tranglement d&rsquo;anses intestinales dans le sac herniaire (incarc\u00e9ration).<\/p>\n<p data-start=\"3064\" data-end=\"4433\">Une hernie \u00e9trangl\u00e9e est une <strong data-start=\"3783\" data-end=\"3794\">urgence<\/strong> qui doit \u00eatre op\u00e9r\u00e9e dans les heures qui suivent, car il existe sinon un risque de troubles de la circulation sanguine et d&rsquo;inflammations. Les <strong data-start=\"3979\" data-end=\"4007\">moyens auxiliaires conservateurs<\/strong> tels qu&rsquo;une ceinture herniaire (ceinture de soutien) peuvent certes retenir temporairement la hernie, mais ne r\u00e9solvent pas le probl\u00e8me \u2013 au contraire : la pression permanente peut perturber la circulation sanguine de la peau et affaiblir plut\u00f4t la musculature de la paroi abdominale. Par cons\u00e9quent, il est vrai qu&rsquo;une hernie abdominale <strong data-start=\"4332\" data-end=\"4362\">ne dispara\u00eet pas spontan\u00e9ment<\/strong>, et que la <strong data-start=\"4384\" data-end=\"4424\">gu\u00e9rison durable n&rsquo;est possible que par une op\u00e9ration<\/strong>.<\/p>\n<h2 data-start=\"4435\" data-end=\"4491\">Traitement moderne des hernies&nbsp;: voici comment se d\u00e9roule l\u2019op\u00e9ration<\/h2>\n<p data-start=\"4493\" data-end=\"5916\">\u00c9tant donn\u00e9 qu&rsquo;une hernie ne se referme pas d&rsquo;elle-m\u00eame, l&rsquo;<strong data-start=\"4545\" data-end=\"4558\">op\u00e9ration<\/strong> est le seul traitement efficace. L&rsquo;intervention est g\u00e9n\u00e9ralement possible de mani\u00e8re <strong data-start=\"4664\" data-end=\"4683\">mini-invasive<\/strong> (chirurgie par laparoscopie) et se d\u00e9roule en douceur. Le sac herniaire prolab\u00e9 est alors d&rsquo;abord repouss\u00e9 dans la cavit\u00e9 abdominale. Ensuite, le chirurgien ou la chirurgienne referme l&rsquo;orifice herniaire \u2013 souvent \u00e0 l&rsquo;aide d&rsquo;une suture, soutenue par un fin filet en plastique pour renforcer la paroi abdominale.<\/p>\n<p data-start=\"4493\" data-end=\"5916\">Dans le cas de la <strong data-start=\"5054\" data-end=\"5083\">m\u00e9thode mini-invasive<\/strong> (op\u00e9ration laparoscopique), quelques petites incisions cutan\u00e9es suffisent. Une minuscule cam\u00e9ra (laparoscope) et des instruments sont introduits par ces ouvertures pour r\u00e9parer la hernie de l&rsquo;int\u00e9rieur.<\/p>\n<p data-start=\"4493\" data-end=\"5916\">Cette <strong data-start=\"5323\" data-end=\"5352\">proc\u00e9dure \u00ab en trou de serrure \u00bb<\/strong> a l&rsquo;avantage d&rsquo;entra\u00eener g\u00e9n\u00e9ralement moins de douleurs postop\u00e9ratoires et une r\u00e9cup\u00e9ration plus rapide qu&rsquo;une grande incision abdominale. La m\u00e9thode op\u00e9ratoire choisie dans chaque cas (mini-invasive ou conventionnelle\/ouverte) d\u00e9pend du <strong data-start=\"5585\" data-end=\"5613\">type et de la taille de la hernie<\/strong> ainsi que de l&rsquo;\u00e9tat de sant\u00e9 du patient ou de la patiente. Dans notre centre de la hernie, vous b\u00e9n\u00e9ficierez de conseils personnalis\u00e9s sur la technique la mieux adapt\u00e9e \u00e0 votre cas \u2013 <strong data-start=\"5825\" data-end=\"5882\">en toute confiance et en suivant les derni\u00e8res avanc\u00e9es de la m\u00e9decine<\/strong>. <em data-start=\"5884\" data-end=\"5916\">(En savoir plus sur la m\u00e9thode op\u00e9ratoire)<\/em><\/p>\n<h2 data-start=\"5918\" data-end=\"5978\">Filet herniaire \u2013 quand est-il utilis\u00e9 et comment agit-il&nbsp;?<\/h2>\n<p data-start=\"5980\" data-end=\"7259\">Une <strong data-start=\"5984\" data-end=\"5999\">proth\u00e8se herniaire<\/strong> est un filet sp\u00e9cial en plastique (par exemple en polypropyl\u00e8ne) qui est ins\u00e9r\u00e9 dans la paroi abdominale lors de l&rsquo;op\u00e9ration. Il sert de \u00ab pansement \u00bb permanent pour renforcer la paroi abdominale. Le filet est positionn\u00e9 soit devant, soit derri\u00e8re la lacune herniaire et fix\u00e9 par quelques points de suture ou agrafes. <strong data-start=\"6302\" data-end=\"6333\">Quand un filet est-il judicieux&nbsp;?<\/strong>  Dans la chirurgie moderne de la hernie, un filet est utilis\u00e9 pour la plupart des hernies, en particulier lorsque l&rsquo;orifice herniaire est plus grand ou que le tissu est tr\u00e8s faible. Des \u00e9tudes montrent que cela r\u00e9duit consid\u00e9rablement le risque de rechute (r\u00e9cidive).<\/p>\n<p data-start=\"5980\" data-end=\"7259\">Les petites hernies (par exemple, les tr\u00e8s petites hernies ombilicales) peuvent dans certains cas \u00eatre referm\u00e9es par une simple suture. Les m\u00e9decins recommandent souvent<em data-start=\"6746\" data-end=\"7223\">mais m\u00eame pour les hernies moyennes, une proth\u00e8se, car les <a href=\"https:\/\/www.test.de\/Leistenbruch-Was-Maenner-wissen-sollten-5589787-0\/#:~:text=Bei%201%20bis%205%20von,wieder%C2%ADentnommene%20Netze%20zeigen%3A%20%E2%80%9EDas%20stabilste\" target=\"_blank\" rel=\"noopener\"><strong data-start=\"6800\" data-end=\"6827\">m\u00e9thodes de suture sans proth\u00e8se<\/strong><\/a> peuvent plus souvent entra\u00eener de nouvelles hernies. Le mat\u00e9riau de la proth\u00e8se est <strong data-start=\"6929\" data-end=\"6978\">flexible, \u00e0 pores fins et bien tol\u00e9r\u00e9 par l&rsquo;organisme<\/strong>. Apr\u00e8s l&rsquo;op\u00e9ration, il se lie aux tissus environnants et forme une plaque cicatricielle stable qui soutient la paroi abdominale \u00e0 long terme. Vous ne devez pas imaginer avoir un \u00ab corps \u00e9tranger \u00bb dans le ventre qui vous g\u00eane \u2013 en temps normal, les patients ne ressentent rien.<\/em>ne sentent pas du tout le filet.<\/p>\n<h2 data-start=\"7261\" data-end=\"7326\">Tol\u00e9rance et chances de succ\u00e8s \u2013 que disent les \u00e9tudes&nbsp;?<\/h2>\n<p data-start=\"7328\" data-end=\"8502\">Les proth\u00e8ses herniaires modernes sont consid\u00e9r\u00e9es comme <strong data-start=\"7360\" data-end=\"7390\">s\u00fbres et bien tol\u00e9r\u00e9es<\/strong>. Les r\u00e9actions de rejet graves sont extr\u00eamement rares. Bien s\u00fbr, tout implant est un corps \u00e9tranger qui peut, dans des cas exceptionnels, provoquer des <strong data-start=\"7518\" data-end=\"7536\">complications<\/strong> \u2013 par exemple des infections, des cicatrices ou des douleurs chroniques. Mais ces cas sont l&rsquo;exception. De grandes \u00e9tudes de registre et de longues ann\u00e9es d&rsquo;exp\u00e9rience montrent que la plupart des patients sont tr\u00e8s satisfaits et se remettent de l&rsquo;op\u00e9ration sans probl\u00e8me.<\/p>\n<p data-start=\"7328\" data-end=\"8502\">Selon les experts, une douleur persistante et significative ne survient que chez environ 1 % des personnes op\u00e9r\u00e9es. Le taux de r\u00e9ussite est \u00e9galement \u00e9lev\u00e9 : seul environ <strong data-start=\"8036\" data-end=\"8061\">1 \u00e0 5 patients sur 100<\/strong> subissent une r\u00e9cidive de la hernie, et avec une proth\u00e8se, ce taux est m\u00eame r\u00e9duit de moiti\u00e9 au cours des premi\u00e8res ann\u00e9es par rapport \u00e0 une op\u00e9ration sans proth\u00e8se. En d&rsquo;autres termes, environ <strong data-start=\"8263\" data-end=\"8274\">95 \u00e0 99 %<\/strong> des hernies peuvent \u00eatre <strong data-start=\"8293\" data-end=\"8314\">\u00e9limin\u00e9es durablement<\/strong>. L&rsquo;op\u00e9ration entra\u00eene g\u00e9n\u00e9ralement une nette am\u00e9lioration de la qualit\u00e9 de vie, surtout en cas de douleurs ou de limitations ant\u00e9rieures.<\/p>\n<p data-start=\"8504\" data-end=\"9077\">Afin d&rsquo;am\u00e9liorer encore la qualit\u00e9 du traitement, les r\u00e9sultats de la chirurgie de la hernie sont \u00e9valu\u00e9s en permanence en Allemagne. Ainsi, les donn\u00e9es de milliers de patients sont int\u00e9gr\u00e9es volontairement dans un <a href=\"https:\/\/www.herniamed.de\/#:~:text=Um%20die%20Ergebnisse%20und%20die,dieser%20Ergebnisse%20k%C3%B6nnen%20die%20Experten\" target=\"_blank\" rel=\"noopener\"><strong data-start=\"8715\" data-end=\"8746\">registre national des hernies (Herniamed)<\/strong><\/a>. De cette mani\u00e8re, il est possible de suivre les r\u00e9sultats \u00e0 long terme sur plusieurs ann\u00e9es et de d\u00e9velopper des proc\u00e9dures th\u00e9rapeutiques optimales. Pour vous, en tant que patient, cela signifie que les m\u00e9thodes sont constamment am\u00e9lior\u00e9es et que vous profitez des derni\u00e8res connaissances.<\/p>\n<p data-start=\"9079\" data-end=\"9554\" data-is-only-node=\"\"><em data-start=\"9079\" data-end=\"9157\">Vous avez des questions ou vous souhaitez faire examiner votre hernie abdominale&nbsp;?<\/em>  N&rsquo;h\u00e9sitez pas \u00e0 nous contacter \u2013 nous sommes l\u00e0 pour vous avec exp\u00e9rience et empathie. N&rsquo;h\u00e9sitez pas \u00e0 <strong data-start=\"9272\" data-end=\"9283\">contacter<\/strong> notre \u00e9quipe d\u00e8s maintenant pour obtenir un conseil personnalis\u00e9. <a href=\"https:\/\/venaziel.de\/fr\/kontakt\/\"><strong data-start=\"9347\" data-end=\"9375\">Prenez rendez-vous d\u00e8s maintenant<\/strong><\/a> et agissez rapidement pour votre bien-\u00eatre \u2013 nous vous aidons de mani\u00e8re comp\u00e9tente et empathique !<\/p>\n","protected":false},"excerpt":{"rendered":"<p>Une hernie abdominale (hernie) se manifeste souvent par un renflement mou au niveau du ventre ou de l&rsquo;aine (ici une petite hernie ombilicale). Une hernie abdominale se forme lorsqu&rsquo;une lacune se cr\u00e9e dans la paroi abdominale et que des organes internes (g\u00e9n\u00e9ralement le p\u00e9ritoine ou des parties de l&rsquo;intestin) sont pouss\u00e9s vers l&rsquo;ext\u00e9rieur \u00e0 travers cette ouverture. De l&rsquo;ext\u00e9rieur, on peut souvent observer ou sentir une protub\u00e9rance (hernie). Les causes sont g\u00e9n\u00e9ralement des points faibles dans les tissus, associ\u00e9s \u00e0 une pression accrue dans la cavit\u00e9 abdominale \u2013 par exemple lors du soul\u00e8vement de charges lourdes ou d&rsquo;une toux persistante.<\/p>\n","protected":false},"author":1,"featured_media":39885,"parent":43024,"menu_order":0,"comment_status":"closed","ping_status":"closed","template":"","meta":{"footnotes":""},"class_list":["post-39884","page","type-page","status-publish","has-post-thumbnail","hentry"],"_links":{"self":[{"href":"https:\/\/venaziel.de\/fr\/wp-json\/wp\/v2\/pages\/39884","targetHints":{"allow":["GET"]}}],"collection":[{"href":"https:\/\/venaziel.de\/fr\/wp-json\/wp\/v2\/pages"}],"about":[{"href":"https:\/\/venaziel.de\/fr\/wp-json\/wp\/v2\/types\/page"}],"author":[{"embeddable":true,"href":"https:\/\/venaziel.de\/fr\/wp-json\/wp\/v2\/users\/1"}],"replies":[{"embeddable":true,"href":"https:\/\/venaziel.de\/fr\/wp-json\/wp\/v2\/comments?post=39884"}],"version-history":[{"count":3,"href":"https:\/\/venaziel.de\/fr\/wp-json\/wp\/v2\/pages\/39884\/revisions"}],"predecessor-version":[{"id":43356,"href":"https:\/\/venaziel.de\/fr\/wp-json\/wp\/v2\/pages\/39884\/revisions\/43356"}],"up":[{"embeddable":true,"href":"https:\/\/venaziel.de\/fr\/wp-json\/wp\/v2\/pages\/43024"}],"wp:featuredmedia":[{"embeddable":true,"href":"https:\/\/venaziel.de\/fr\/wp-json\/wp\/v2\/media\/39885"}],"wp:attachment":[{"href":"https:\/\/venaziel.de\/fr\/wp-json\/wp\/v2\/media?parent=39884"}],"curies":[{"name":"wp","href":"https:\/\/api.w.org\/{rel}","templated":true}]}}