{"id":40158,"date":"2024-07-07T18:44:27","date_gmt":"2024-07-07T18:44:27","guid":{"rendered":"https:\/\/venaziel.de\/thrombose\/"},"modified":"2026-04-18T19:26:48","modified_gmt":"2026-04-18T19:26:48","slug":"thrombose","status":"publish","type":"page","link":"https:\/\/venaziel.de\/fr\/venenzentrum-leistungen\/thrombose\/","title":{"rendered":"Thrombose veineuse profonde"},"content":{"rendered":"<div class=\"fusion-fullwidth fullwidth-box fusion-builder-row-1 fusion-flex-container has-pattern-background has-mask-background nonhundred-percent-fullwidth non-hundred-percent-height-scrolling\" style=\"--awb-border-radius-top-left:0px;--awb-border-radius-top-right:0px;--awb-border-radius-bottom-right:0px;--awb-border-radius-bottom-left:0px;--awb-padding-right:0px;--awb-padding-left:0px;--awb-flex-wrap:wrap;\" ><div class=\"fusion-builder-row fusion-row fusion-flex-align-items-flex-start fusion-flex-content-wrap\" style=\"max-width:78%;margin-left: calc(-4% \/ 2 );margin-right: calc(-4% \/ 2 );\"><div class=\"fusion-layout-column fusion_builder_column fusion-builder-column-0 fusion_builder_column_1_1 1_1 fusion-flex-column\" style=\"--awb-bg-size:cover;--awb-width-large:100%;--awb-margin-top-large:0px;--awb-spacing-right-large:0%;--awb-margin-bottom-large:20px;--awb-spacing-left-large:0%;--awb-width-medium:100%;--awb-order-medium:0;--awb-spacing-right-medium:1.92%;--awb-spacing-left-medium:1.92%;--awb-width-small:100%;--awb-order-small:0;--awb-spacing-right-small:1.92%;--awb-spacing-left-small:1.92%;\"><div class=\"fusion-column-wrapper fusion-column-has-shadow fusion-flex-justify-content-flex-start fusion-content-layout-column\"><div class=\"fusion-text fusion-text-1\" style=\"--awb-text-font-family:&quot;Poppins&quot;;--awb-text-font-style:normal;--awb-text-font-weight:300;\"><p class=\"\">Le centre de comp\u00e9tence veineuse VenaZiel (VKZ) Berlin s&rsquo;est donn\u00e9 pour mission d&rsquo;informer de mani\u00e8re exhaustive les patientes et les patients sur les maladies veineuses et de leur proposer les m\u00e9thodes de traitement les plus modernes. La thrombose, en particulier la thrombose veineuse profonde, est un tableau clinique fr\u00e9quent et \u00e0 prendre au s\u00e9rieux.<\/p>\n<p class=\"\">Dans cet article, vous d\u00e9couvrirez les informations les plus importantes sur les thromboses. Vous apprendrez comment elles se forment, quels sont les facteurs de risque et quels types de thromboses existent. En outre, il sera question du lien entre les varices et les thromboses dans les jambes.<\/p>\n<h4 data-start=\"0\" data-end=\"34\"><strong data-start=\"3\" data-end=\"32\">Vous pr\u00e9f\u00e9rez \u00e9couter plut\u00f4t que lire ?<\/strong><\/h4>\n<p data-start=\"36\" data-end=\"138\">Pas de probl\u00e8me \u2013 nous avons \u00e9galement r\u00e9sum\u00e9 toutes les informations sur la thrombose dans un podcast pour vous !<\/p>\n<p data-start=\"140\" data-end=\"347\">Nous y expliquons de mani\u00e8re compr\u00e9hensible et concise ce qu&rsquo;est une thrombose, quels sont les signes avant-coureurs et \u00e0 quoi ressemble le traitement. Id\u00e9al pour les d\u00e9placements ou si vous pr\u00e9f\u00e9rez simplement \u00e9couter quelque chose.<\/p>\n<p data-start=\"349\" data-end=\"392\" data-is-last-node=\"\" data-is-only-node=\"\"><strong>\u00c9coutez maintenant et restez bien inform\u00e9 !<\/strong><\/p>\n<div class=\"fusion-audio fusion-audio-1 awb-playback-speed\" style=\"--awb-progress-color:var(--awb-custom_color_3);--awb-border-color:var(--awb-color1);--awb-background-color:var(--awb-color8);--awb-max-width:100%;--awb-border-size:0;--awb-border-top-left-radius:0px;--awb-border-top-right-radius:0px;--awb-border-bottom-right-radius:0px;--awb-border-bottom-left-radius:0px;\"><audio class=\"wp-audio-shortcode\" id=\"audio-40158-1\" loop preload=\"none\" style=\"width: 100%;\" controls=\"controls\"><source type=\"audio\/wav\" src=\"https:\/\/venaziel.de\/wp-content\/uploads\/2025\/06\/Beinvenenthrombose_-Symptome-Diagnose-Behandlung.wav?_=1\" \/><a href=\"https:\/\/venaziel.de\/wp-content\/uploads\/2025\/06\/Beinvenenthrombose_-Symptome-Diagnose-Behandlung.wav\">https:\/\/venaziel.de\/wp-content\/uploads\/2025\/06\/Beinvenenthrombose_-Symptome-Diagnose-Behandlung.wav<\/a><\/audio><\/div>\n<\/div><div class=\"fusion-text fusion-text-2\" style=\"--awb-text-font-family:&quot;Poppins&quot;;--awb-text-font-style:normal;--awb-text-font-weight:300;\"><h2 class=\"fusion-responsive-typography-calculated\" style=\"--fontsize: 27; line-height: 1.2;\" data-fontsize=\"27\" data-lineheight=\"32.4px\">Qu&rsquo;est-ce qu&rsquo;une thrombose ?<\/h2>\n<p>Une thrombose d\u00e9signe la formation d&rsquo;un caillot sanguin (thrombus) dans un vaisseau sanguin, ce qui entra\u00eene un r\u00e9tr\u00e9cissement ou une obstruction compl\u00e8te du vaisseau. Les thromboses peuvent survenir dans les art\u00e8res ou les veines, ces derni\u00e8res \u00e9tant appel\u00e9es thromboses veineuses. Dans de rares cas, une thrombose peut survenir dans le bras apr\u00e8s une prise de sang, en particulier si les veines ont \u00e9t\u00e9 l\u00e9s\u00e9es. Une forme fr\u00e9quente de thrombose veineuse est la thrombose veineuse profonde, dans laquelle un caillot sanguin se forme dans les veines profondes des jambes.<\/p>\n<p>&nbsp;<\/p>\n<h2 id=\"toc_Einteilung_von_Thrombosen\" class=\"fusion-responsive-typography-calculated\" style=\"--fontsize: 27; line-height: 1.2;\" data-fontsize=\"27\" data-lineheight=\"32.4px\">Classification des thromboses<\/h2>\n<p>Les thromboses sont class\u00e9es en diff\u00e9rentes cat\u00e9gories selon le vaisseau touch\u00e9 :<\/p>\n<p>Thrombose veineuse profonde (TVP) : cette thrombose survient dans les veines profondes des jambes ou du bassin. En cas de thrombose \u00e0 la cuisse, de fortes\u80bf\u80c0 et douleurs peuvent survenir, n\u00e9cessitant un examen m\u00e9dical. Les TVP sont particuli\u00e8rement dangereuses, car le caillot peut se d\u00e9tacher et provoquer une embolie pulmonaire.<br \/>Thrombose veineuse superficielle (TVS) : cette thrombose touche les veines superficielles et est souvent associ\u00e9e aux varices. Bien qu&rsquo;elles soient moins dangereuses que les TVP, elles peuvent \u00eatre douloureuses et entra\u00eener des complications.<br \/>Thrombose art\u00e9rielle : elle survient dans les art\u00e8res et peut entra\u00eener de graves complications telles qu&rsquo;un infarctus du myocarde ou un accident vasculaire c\u00e9r\u00e9bral. Elle est cependant moins fr\u00e9quente que les thromboses veineuses.<\/p>\n<\/div><div class=\"fusion-text fusion-text-3\"><h2 style=\"font-weight: 400;\">Causes et facteurs de risque d&rsquo;une thrombose veineuse profonde<\/h2>\n<p style=\"font-weight: 400;\">L&rsquo;apparition d&rsquo;une thrombose veineuse profonde peut \u00eatre favoris\u00e9e par diff\u00e9rents facteurs, notamment :<\/p>\n<ol style=\"font-weight: 400;\">\n<li><strong>Manque d&rsquo;exercice<\/strong> : une longue p\u00e9riode d&rsquo;immobilit\u00e9, par exemple en raison d&rsquo;un alitement ou d&rsquo;une position assise prolong\u00e9e (par exemple lors de vols long-courriers), augmente le risque de formation de thrombose.<\/li>\n<li><strong>Pr\u00e9disposition g\u00e9n\u00e9tique<\/strong> : une accumulation familiale de thromboses peut indiquer une pr\u00e9disposition g\u00e9n\u00e9tique.<\/li>\n<li><strong>Influences hormonales<\/strong> : la prise de pr\u00e9parations hormonales, telles que la pilule contraceptive ou l&rsquo;hormonoth\u00e9rapie substitutive, peut augmenter le risque de thrombose.<\/li>\n<li><strong>Maladies et op\u00e9rations<\/strong> : certaines maladies comme le cancer ou les op\u00e9rations peuvent augmenter le risque de thrombose.<\/li>\n<li><strong>\u00c2ge et surpoids<\/strong> : avec l&rsquo;\u00e2ge et le surpoids, le risque de thrombose augmente.<\/li>\n<\/ol>\n<h2 style=\"font-weight: 400;\">Sympt\u00f4mes d&rsquo;une thrombose veineuse profonde<\/h2>\n<p style=\"font-weight: 400;\">Les sympt\u00f4mes d&rsquo;une thrombose veineuse profonde peuvent varier, mais les signes suivants sont souvent observ\u00e9s :<\/p>\n<ul style=\"font-weight: 400;\">\n<li>Gonflement de la jambe affect\u00e9e<\/li>\n<li>Sensibilit\u00e9 \u00e0 la douleur, souvent dans le mollet<\/li>\n<li>Rougeur ou coloration bleut\u00e9e de la peau<\/li>\n<li>Sensation de chaleur dans la zone affect\u00e9e<\/li>\n<li>Sensation de tension dans la jambe<\/li>\n<\/ul>\n<p style=\"font-weight: 400;\">Les <strong>sympt\u00f4mes typiques d&rsquo;une thrombose de la cuisse<\/strong> comprennent un gonflement, des douleurs, des rougeurs et une sensation de tension.<\/p>\n<p style=\"font-weight: 400;\">Il est important de prendre ces sympt\u00f4mes au s\u00e9rieux et de consulter imm\u00e9diatement un m\u00e9decin en cas de suspicion de thrombose. Au <strong>stade initial d&rsquo;une thrombose<\/strong>, des sympt\u00f4mes tels que des gonflements, des rougeurs ou une sensation de tension dans la jambe affect\u00e9e peuvent appara\u00eetre.<\/p>\n<\/div><div class=\"fusion-text fusion-text-4\"><h2 style=\"font-weight: 400;\">Le lien entre les varices et les thromboses veineuses profondes<\/h2>\n<p style=\"font-weight: 400;\">Les varices (varices) sont des veines dilat\u00e9es et sinueuses qui apparaissent principalement sur les jambes. Elles sont dues \u00e0 une faiblesse des parois veineuses et des valvules veineuses, ce qui entra\u00eene un reflux du sang et une stagnation dans les veines. Cette insuffisance veineuse chronique favorise la formation de caillots sanguins et augmente ainsi le risque de thrombose veineuse profonde.<\/p>\n<h2 style=\"font-weight: 400;\">Comment se forment les varices&nbsp;?<\/h2>\n<p style=\"font-weight: 400;\">Les varices sont dues \u00e0 une combinaison de pr\u00e9disposition g\u00e9n\u00e9tique et de facteurs externes. Les principales causes sont les suivantes :<\/p>\n<ul style=\"font-weight: 400;\">\n<li><strong>Pr\u00e9disposition g\u00e9n\u00e9tique<\/strong> : une accumulation familiale de varices indique une faiblesse cong\u00e9nitale du tissu conjonctif.<\/li>\n<li><strong>Influences hormonales<\/strong> : les changements hormonaux, en particulier pendant la grossesse, peuvent favoriser la <a href=\"https:\/\/venaziel.de\/venenzentrum-leistungen\/krampfadern-entfernen\/\">formation de varices<\/a>.<\/li>\n<li><strong>Manque d&rsquo;exercice et position debout prolong\u00e9e<\/strong> : une activit\u00e9 debout ou assise sans exercice suffisant favorise la formation de varices.<\/li>\n<li><strong>Surpoids<\/strong> : un poids corporel excessif augmente la pression sur les veines des jambes et peut entra\u00eener la formation de varices.<\/li>\n<\/ul>\n<h2 style=\"font-weight: 400;\">Le risque de varices et leur lien avec les thromboses<\/h2>\n<p style=\"font-weight: 400;\">Les varices peuvent augmenter le risque de thrombose pour plusieurs raisons :<\/p>\n<ol style=\"font-weight: 400;\">\n<li><strong>Stagnation du sang<\/strong> : en raison du fonctionnement insuffisant des valvules veineuses, le sang reflue dans les jambes, ce qui favorise la formation de caillots sanguins.<\/li>\n<li><strong>R\u00e9actions inflammatoires<\/strong> : les varices peuvent d\u00e9clencher des processus inflammatoires dans les parois veineuses, ce qui augmente le risque de thrombose.<\/li>\n<li><strong>Modifications de la coagulation sanguine<\/strong> : chez les patients atteints de varices, des modifications de la coagulation sanguine peuvent survenir, ce qui favorise une thrombose.<\/li>\n<\/ol>\n<\/div><div class=\"fusion-image-element \" style=\"--awb-caption-title-font-family:var(--h2_typography-font-family);--awb-caption-title-font-weight:var(--h2_typography-font-weight);--awb-caption-title-font-style:var(--h2_typography-font-style);--awb-caption-title-size:var(--h2_typography-font-size);--awb-caption-title-transform:var(--h2_typography-text-transform);--awb-caption-title-line-height:var(--h2_typography-line-height);--awb-caption-title-letter-spacing:var(--h2_typography-letter-spacing);\"><span class=\" fusion-imageframe imageframe-none imageframe-1 hover-type-none\"><picture class=\"lazyload wp-picture-40163\" style=\"display: contents;\"><source type=\"image\/avif\" srcset=\"data:image\/svg+xml,%3Csvg%20xmlns%3D%27http%3A%2F%2Fwww.w3.org%2F2000%2Fsvg%27%20width%3D%271200%27%20height%3D%27800%27%20viewBox%3D%270%200%201200%20800%27%3E%3Crect%20width%3D%271200%27%20height%3D%27800%27%20fill-opacity%3D%220%22%2F%3E%3C%2Fsvg%3E\" data-srcset=\"https:\/\/venaziel.de\/wp-content\/uploads\/2024\/10\/cvi-Chronische-Venose-Insuffizienz-jpg.avif 1200w, https:\/\/venaziel.de\/wp-content\/uploads\/2024\/10\/cvi-Chronische-Venose-Insuffizienz-250x167-jpg.avif 250w, https:\/\/venaziel.de\/wp-content\/uploads\/2024\/10\/cvi-Chronische-Venose-Insuffizienz-1024x683-jpg.avif 1024w, https:\/\/venaziel.de\/wp-content\/uploads\/2024\/10\/cvi-Chronische-Venose-Insuffizienz-768x512-jpg.avif 768w\" data-sizes=\"auto\" data-orig-sizes=\"(max-width: 1024px) 100vw, (max-width: 676px) 100vw, 1200px\"><picture class=\"wp-picture-40163\" style=\"display: contents;\"><source type=\"image\/avif\" srcset=\"https:\/\/venaziel.de\/wp-content\/uploads\/2024\/10\/cvi-Chronische-Venose-Insuffizienz-jpg.avif\"><img data-dominant-color=\"a19181\" data-has-transparency=\"false\" style=\"--dominant-color: #a19181;\" decoding=\"async\" width=\"1200\" height=\"800\" alt=\"CVI \u2013 Insuffisance veineuse chronique, phl\u00e9bologue, \u00e9chographie Doppler des veines, CVI, Ulcus Cruris, thrombose et Thrombosis\" title=\"cvi-insuffisance-veineuse-chronique\" src=\"https:\/\/venaziel.de\/wp-content\/uploads\/2024\/10\/cvi-Chronische-Venose-Insuffizienz.jpg\" data-orig-src=\"https:\/\/venaziel.de\/wp-content\/uploads\/2024\/10\/cvi-Chronische-Venose-Insuffizienz.jpg\" class=\"lazyload img-responsive wp-image-40163 not-transparent\" srcset=\"data:image\/svg+xml,%3Csvg%20xmlns%3D%27http%3A%2F%2Fwww.w3.org%2F2000%2Fsvg%27%20width%3D%271200%27%20height%3D%27800%27%20viewBox%3D%270%200%201200%20800%27%3E%3Crect%20width%3D%271200%27%20height%3D%27800%27%20fill-opacity%3D%220%22%2F%3E%3C%2Fsvg%3E\" data-srcset=\"https:\/\/venaziel.de\/wp-content\/uploads\/2024\/10\/cvi-Chronische-Venose-Insuffizienz-200x133.jpg 200w, https:\/\/venaziel.de\/wp-content\/uploads\/2024\/10\/cvi-Chronische-Venose-Insuffizienz-400x267.jpg 400w, https:\/\/venaziel.de\/wp-content\/uploads\/2024\/10\/cvi-Chronische-Venose-Insuffizienz-600x400.jpg 600w, https:\/\/venaziel.de\/wp-content\/uploads\/2024\/10\/cvi-Chronische-Venose-Insuffizienz-800x533.jpg 800w, https:\/\/venaziel.de\/wp-content\/uploads\/2024\/10\/cvi-Chronische-Venose-Insuffizienz.jpg 1200w\" data-sizes=\"auto\" data-orig-sizes=\"(max-width: 1024px) 100vw, (max-width: 676px) 100vw, 1200px\" \/><\/picture><\/picture><\/span><\/div><div class=\"fusion-text fusion-text-5\"><h2 id=\"toc_Diagnostik_und_Behandlung_im_VenaZielVenenKompetenzZentrum_VKZ_Berlin\" class=\"fusion-responsive-typography-calculated\" style=\"font-weight: 400; --fontsize: 35; line-height: 1.28;\" data-fontsize=\"35\" data-lineheight=\"44.8px\">Diagnostic et traitement au centre de comp\u00e9tence veineuse VenaZiel (VKZ) Berlin<\/h2>\n<p style=\"font-weight: 400;\">Au VenaZiel Venen-Kompetenz-Zentrum (VKZ) Berlin, nous proposons des diagnostics et des <a href=\"https:\/\/venaziel.de\/fr\/phlebologie\/tiefe-venenthrombose-tvt\/\">options th\u00e9rapeutiques de pointe pour les thromboses<\/a> et les varices. Nos prestations comprennent&nbsp;:<\/p>\n<ul style=\"font-weight: 400;\">\n<li><strong>\u00c9chographie duplex<\/strong> : un examen \u00e9chographique qui fournit des images d\u00e9taill\u00e9es des veines et rend visibles les caillots sanguins ainsi que les modifications veineuses.<\/li>\n<li><strong>Test des D-dim\u00e8res<\/strong> : un test sanguin qui d\u00e9tecte des taux \u00e9lev\u00e9s d&rsquo;une certaine prot\u00e9ine lib\u00e9r\u00e9e lors de la coagulation du sang.<\/li>\n<li><strong>Th\u00e9rapie de compression<\/strong> : l&rsquo;application de bas de contention pour am\u00e9liorer le flux sanguin et r\u00e9duire les gonflements.<\/li>\n<li><strong>Traitement m\u00e9dicamenteux<\/strong> : l&rsquo;utilisation de m\u00e9dicaments anticoagulants pour emp\u00eacher la propagation des thromboses.<\/li>\n<li><strong>Proc\u00e9dures mini-invasives<\/strong> : des traitements tels que VenaSeal (colle veineuse), l&rsquo;<a href=\"https:\/\/www.medtronic.com\/de-de\/patienten\/produkte-therapien\/refluxerkrankungen\/barrett\/radiofrequenzablation.html\" target=\"_blank\" rel=\"noopener\">ablation par radiofr\u00e9quence<\/a> (RFA) et la th\u00e9rapie laser endoveineuse (EVLT) pour l&rsquo;\u00e9limination des varices sans op\u00e9ration et sans anesth\u00e9sie.<\/li>\n<\/ul>\n<h2 id=\"toc_VenaSeal_Venenkleber_Eine_sanfte_Behandlungsmethode\" class=\"fusion-responsive-typography-calculated\" style=\"font-weight: 400; --fontsize: 35; line-height: 1.28;\" data-fontsize=\"35\" data-lineheight=\"44.8px\">VenaSeal (colle veineuse) : une m\u00e9thode de traitement douce<\/h2>\n<p style=\"font-weight: 400;\">VenaSeal est une m\u00e9thode particuli\u00e8rement douce et innovante pour le traitement des varices. Un <a href=\"https:\/\/venaziel.de\/venenzentrum-leistungen\/venenkleber-venaseal\/\">adh\u00e9sif m\u00e9dical sp\u00e9cial<\/a> est inject\u00e9 dans la veine affect\u00e9e, ce qui la ferme. Le flux sanguin est ainsi d\u00e9tourn\u00e9 vers des veines saines. Les avantages de VenaSeal sont les suivants :<\/p>\n<ul style=\"font-weight: 400;\">\n<li><strong>Mini-invasif<\/strong> : l&rsquo;intervention ne n\u00e9cessite ni incision ni anesth\u00e9sie, ce qui r\u00e9duit le temps de r\u00e9cup\u00e9ration.<\/li>\n<li><strong>R\u00e9cup\u00e9ration rapide<\/strong> : les patients peuvent g\u00e9n\u00e9ralement reprendre leurs activit\u00e9s normales imm\u00e9diatement apr\u00e8s le traitement.<\/li>\n<li><strong>Pas besoin de bas de contention<\/strong> : contrairement \u00e0 d&rsquo;autres m\u00e9thodes, les patients n&rsquo;ont g\u00e9n\u00e9ralement pas besoin de porter de bas de contention apr\u00e8s le traitement par VenaSeal.<\/li>\n<\/ul>\n<\/div><div class=\"fusion-text fusion-text-6\"><h2 style=\"font-weight: 400;\">Pr\u00e9vention des thromboses et des varices<\/h2>\n<p style=\"font-weight: 400;\">La pr\u00e9vention joue un r\u00f4le d\u00e9cisif dans la gestion des thromboses et des varices. Les mesures suivantes peuvent aider :<\/p>\n<ul style=\"font-weight: 400;\">\n<li><strong>Exercice physique<\/strong> : une activit\u00e9 physique r\u00e9guli\u00e8re favorise le flux sanguin et r\u00e9duit le risque de caillots sanguins.<\/li>\n<li><strong>Bas de contention<\/strong> : le port de bas de contention peut am\u00e9liorer le flux sanguin dans les jambes et pr\u00e9venir la formation de varices.<\/li>\n<li><strong>Alimentation saine<\/strong> : une alimentation \u00e9quilibr\u00e9e favorise la sant\u00e9 vasculaire et aide \u00e0 \u00e9viter le surpoids.<\/li>\n<li><strong>Suffisamment de liquide<\/strong> : boire suffisamment maintient le sang fluide et pr\u00e9vient la formation de caillots sanguins.<\/li>\n<\/ul>\n<h2 style=\"font-weight: 400;\">Suivi et modifications du mode de vie<\/h2>\n<p style=\"font-weight: 400;\">Apr\u00e8s le traitement des thromboses et des varices, un suivi attentif est essentiel pour \u00e9viter les rechutes et maintenir la sant\u00e9 des veines. Cela comprend :<\/p>\n<ul style=\"font-weight: 400;\">\n<li><strong>Contr\u00f4les r\u00e9guliers<\/strong> : rendez-vous de suivi pour surveiller le succ\u00e8s du traitement et pour la d\u00e9tection pr\u00e9coce d&rsquo;\u00e9ventuelles complications.<\/li>\n<li><strong>Th\u00e9rapie de compression \u00e0 long terme<\/strong> : selon la gravit\u00e9 de la maladie, une application \u00e0 long terme de bas de contention peut \u00eatre n\u00e9cessaire.<\/li>\n<li><strong>Modifications du mode de vie<\/strong> : une alimentation saine, une activit\u00e9 physique r\u00e9guli\u00e8re et le fait d&rsquo;\u00e9viter de rester debout ou assis longtemps sont des mesures importantes pour la pr\u00e9vention.<\/li>\n<\/ul>\n<h2 style=\"font-weight: 400;\">Conclusion<\/h2>\n<p style=\"font-weight: 400;\">Le lien entre les varices et les thromboses veineuses profondes est un sujet important dans le domaine de la sant\u00e9 veineuse. Le centre de comp\u00e9tence veineuse VenaZiel (VKZ) Berlin se tient \u00e0 vos c\u00f4t\u00e9s avec une expertise compl\u00e8te et les m\u00e9thodes de traitement les plus modernes. En cas de suspicion de thrombose ou pour le traitement des varices, nous vous proposons des conseils individuels et des th\u00e9rapies sur mesure. N&rsquo;h\u00e9sitez pas \u00e0 nous contacter et \u00e0 prendre rendez-vous. Votre sant\u00e9 veineuse nous tient \u00e0 c\u0153ur.<\/p>\n<\/div><\/div><\/div><\/div><\/div>\n","protected":false},"excerpt":{"rendered":"<p>Au VenaZiel Berlin MVZ, vous apprendrez tout ce qu&rsquo;il faut savoir sur les maladies vasculaires, en particulier les occlusions des veines des jambes. Cet article explique comment de tels r\u00e9tr\u00e9cissements se forment, quels facteurs de risque jouent un r\u00f4le et quels sympt\u00f4mes peuvent les indiquer. De plus, le lien avec les varices est mis en lumi\u00e8re.<\/p>\n<p>Nous vous pr\u00e9sentons les m\u00e9thodes de diagnostic et de traitement les plus modernes, telles que VenaSeal et les proc\u00e9dures mini-invasives. D\u00e9couvrez comment pr\u00e9venir et maintenir la sant\u00e9 de vos veines.<\/p>\n","protected":false},"author":1,"featured_media":40162,"parent":42315,"menu_order":0,"comment_status":"closed","ping_status":"closed","template":"","meta":{"footnotes":""},"class_list":["post-40158","page","type-page","status-publish","has-post-thumbnail","hentry"],"_links":{"self":[{"href":"https:\/\/venaziel.de\/fr\/wp-json\/wp\/v2\/pages\/40158","targetHints":{"allow":["GET"]}}],"collection":[{"href":"https:\/\/venaziel.de\/fr\/wp-json\/wp\/v2\/pages"}],"about":[{"href":"https:\/\/venaziel.de\/fr\/wp-json\/wp\/v2\/types\/page"}],"author":[{"embeddable":true,"href":"https:\/\/venaziel.de\/fr\/wp-json\/wp\/v2\/users\/1"}],"replies":[{"embeddable":true,"href":"https:\/\/venaziel.de\/fr\/wp-json\/wp\/v2\/comments?post=40158"}],"version-history":[{"count":405,"href":"https:\/\/venaziel.de\/fr\/wp-json\/wp\/v2\/pages\/40158\/revisions"}],"predecessor-version":[{"id":76675,"href":"https:\/\/venaziel.de\/fr\/wp-json\/wp\/v2\/pages\/40158\/revisions\/76675"}],"up":[{"embeddable":true,"href":"https:\/\/venaziel.de\/fr\/wp-json\/wp\/v2\/pages\/42315"}],"wp:featuredmedia":[{"embeddable":true,"href":"https:\/\/venaziel.de\/fr\/wp-json\/wp\/v2\/media\/40162"}],"wp:attachment":[{"href":"https:\/\/venaziel.de\/fr\/wp-json\/wp\/v2\/media?parent=40158"}],"curies":[{"name":"wp","href":"https:\/\/api.w.org\/{rel}","templated":true}]}}