{"id":40171,"date":"2023-12-02T13:31:46","date_gmt":"2023-12-02T13:31:46","guid":{"rendered":"https:\/\/venaziel.de\/lipodem\/"},"modified":"2026-04-04T21:05:01","modified_gmt":"2026-04-04T21:05:01","slug":"lipodem","status":"publish","type":"page","link":"https:\/\/venaziel.de\/fr\/venenzentrum-leistungen\/lipodem\/","title":{"rendered":"Lip\u0153d\u00e8me"},"content":{"rendered":"<div class=\"fusion-fullwidth fullwidth-box fusion-builder-row-1 fusion-flex-container has-pattern-background has-mask-background nonhundred-percent-fullwidth non-hundred-percent-height-scrolling\" style=\"--awb-border-radius-top-left:0px;--awb-border-radius-top-right:0px;--awb-border-radius-bottom-right:0px;--awb-border-radius-bottom-left:0px;--awb-padding-right:0px;--awb-padding-left:0px;--awb-flex-wrap:wrap;\" ><div class=\"fusion-builder-row fusion-row fusion-flex-align-items-flex-start fusion-flex-content-wrap\" style=\"max-width:78%;margin-left: calc(-4% \/ 2 );margin-right: calc(-4% \/ 2 );\"><div class=\"fusion-layout-column fusion_builder_column fusion-builder-column-0 fusion_builder_column_1_1 1_1 fusion-flex-column\" style=\"--awb-bg-size:cover;--awb-width-large:100%;--awb-margin-top-large:0px;--awb-spacing-right-large:0%;--awb-margin-bottom-large:20px;--awb-spacing-left-large:0%;--awb-width-medium:100%;--awb-order-medium:0;--awb-spacing-right-medium:1.92%;--awb-spacing-left-medium:1.92%;--awb-width-small:100%;--awb-order-small:0;--awb-spacing-right-small:1.92%;--awb-spacing-left-small:1.92%;\"><div class=\"fusion-column-wrapper fusion-column-has-shadow fusion-flex-justify-content-flex-start fusion-content-layout-column\"><div class=\"fusion-text fusion-text-1\" style=\"--awb-text-font-family:&quot;Poppins&quot;;--awb-text-font-style:normal;--awb-text-font-weight:300;\"><h2 class=\"vc_custom_heading vc_custom_1674068305649\">Principes de base du lip\u0153d\u00e8me<\/h2>\n<div class=\"nectar-responsive-text font_size_desktop_16px font_line_height_1-7\">\n<p>Le lip\u0153d\u00e8me est un trouble chronique de la r\u00e9partition des graisses qui touche principalement les femmes et qui se caract\u00e9rise par une accumulation sym\u00e9trique de graisse sur les jambes et les bras. Cette affection est souvent associ\u00e9e \u00e0 des douleurs et des gonflements et peut avoir des r\u00e9percussions importantes sur la qualit\u00e9 de vie des personnes atteintes.<\/p>\n<p>Dans ce guide, nous souhaitons vous fournir une explication d\u00e9taill\u00e9e, une d\u00e9finition, une classification et les diff\u00e9rentes possibilit\u00e9s de traitement du lip\u0153d\u00e8me. De plus, les mesures de pr\u00e9vention et le r\u00f4le particulier des lymphologues dans notre clinique seront expliqu\u00e9s.<\/p>\n<\/div>\n<\/div><div class=\"fusion-image-element \" style=\"--awb-aspect-ratio:16 \/ 9;--awb-caption-title-font-family:var(--h2_typography-font-family);--awb-caption-title-font-weight:var(--h2_typography-font-weight);--awb-caption-title-font-style:var(--h2_typography-font-style);--awb-caption-title-size:var(--h2_typography-font-size);--awb-caption-title-transform:var(--h2_typography-text-transform);--awb-caption-title-line-height:var(--h2_typography-line-height);--awb-caption-title-letter-spacing:var(--h2_typography-letter-spacing);\"><span class=\" fusion-imageframe imageframe-dropshadow imageframe-1 hover-type-none has-aspect-ratio\" style=\"border-radius:10px;-webkit-box-shadow: 3px 3px 7px var(--awb-color3);box-shadow: 3px 3px 7px var(--awb-color3);\"><img decoding=\"async\" width=\"1024\" height=\"572\" title=\"close-up-of-female-body-with-lipodem-treating-in-venaziel-venenzentrum-berlin\" src=\"https:\/\/venaziel.de\/wp-content\/uploads\/2024\/07\/close-up-of-female-body-with-lipodem-treating-in-venaziel-venenzentrum-berlin.jpg\" data-orig-src=\"https:\/\/venaziel.de\/wp-content\/uploads\/2024\/07\/close-up-of-female-body-with-lipodem-treating-in-venaziel-venenzentrum-berlin-1024x572.jpg\" class=\"lazyload img-responsive wp-image-40175 img-with-aspect-ratio\" data-parent-fit=\"cover\" data-parent-container=\".fusion-image-element\" srcset=\"data:image\/svg+xml,%3Csvg%20xmlns%3D%27http%3A%2F%2Fwww.w3.org%2F2000%2Fsvg%27%20width%3D%271200%27%20height%3D%27670%27%20viewBox%3D%270%200%201200%20670%27%3E%3Crect%20width%3D%271200%27%20height%3D%27670%27%20fill-opacity%3D%220%22%2F%3E%3C%2Fsvg%3E\" data-srcset=\"https:\/\/venaziel.de\/wp-content\/uploads\/2024\/07\/close-up-of-female-body-with-lipodem-treating-in-venaziel-venenzentrum-berlin-200x112.jpg 200w, https:\/\/venaziel.de\/wp-content\/uploads\/2024\/07\/close-up-of-female-body-with-lipodem-treating-in-venaziel-venenzentrum-berlin-400x223.jpg 400w, https:\/\/venaziel.de\/wp-content\/uploads\/2024\/07\/close-up-of-female-body-with-lipodem-treating-in-venaziel-venenzentrum-berlin-600x335.jpg 600w, https:\/\/venaziel.de\/wp-content\/uploads\/2024\/07\/close-up-of-female-body-with-lipodem-treating-in-venaziel-venenzentrum-berlin-800x447.jpg 800w, https:\/\/venaziel.de\/wp-content\/uploads\/2024\/07\/close-up-of-female-body-with-lipodem-treating-in-venaziel-venenzentrum-berlin.jpg 1200w\" data-sizes=\"auto\" data-orig-sizes=\"(max-width: 1024px) 100vw, (max-width: 676px) 100vw, 1024px\" alt=\"\"><\/span><\/div><div class=\"fusion-text fusion-text-2\" style=\"--awb-text-font-family:&quot;Poppins&quot;;--awb-text-font-style:normal;--awb-text-font-weight:300;\"><h2 class=\"vc_custom_heading vc_custom_1678887698663\">D\u00e9finition du lip\u0153d\u00e8me<\/h2>\n<div class=\"nectar-responsive-text font_size_desktop_16px font_line_height_1-7\">\n<p>Le lip\u0153d\u00e8me est une maladie du tissu adipeux, caract\u00e9ris\u00e9e par une prolif\u00e9ration disproportionn\u00e9e du tissu adipeux, qui se manifeste de mani\u00e8re sym\u00e9trique sur les jambes et, plus rarement, sur les bras. La peau peut se modifier et des douleurs ainsi qu\u2019une sensibilit\u00e9 accrue au toucher peuvent appara\u00eetre. Typiquement, le lip\u0153d\u00e8me survient pendant les changements hormonaux tels que la pubert\u00e9, la grossesse ou la m\u00e9nopause.<\/p>\n<\/div>\n<\/div><div class=\"fusion-text fusion-text-3\"><h2 class=\"vc_custom_heading vc_custom_1678887698663\">Causes et facteurs de risque du lip\u0153d\u00e8me<\/h2>\n<div class=\"nectar-responsive-text\">\n<p>Les causes exactes du lip\u0153d\u00e8me ne sont pas encore enti\u00e8rement \u00e9lucid\u00e9es. On suppose que des facteurs g\u00e9n\u00e9tiques et hormonaux jouent un r\u00f4le essentiel. Il existe souvent une accumulation familiale, et la maladie touche presque exclusivement les femmes. Les hormones semblent jouer un r\u00f4le important, car les sympt\u00f4mes commencent ou s\u2019aggravent souvent en p\u00e9riode de changements hormonaux.<\/p>\n<\/div>\n<\/div><div class=\"fusion-text fusion-text-4\"><h2 class=\"vc_custom_heading vc_custom_1678887698663\">Sympt\u00f4mes et diagnostic du lip\u0153d\u00e8me<\/h2>\n<div class=\"nectar-responsive-text font_size_desktop_16px font_line_height_1-7\">\n<p>Les principaux sympt\u00f4mes du lip\u0153d\u00e8me sont :<\/p>\n<ul>\n<li aria-level=\"1\">R\u00e9partition disproportionn\u00e9e des graisses sur les jambes et les bras<\/li>\n<li aria-level=\"1\">Douleurs et sensibilit\u00e9 \u00e0 la pression dans les zones touch\u00e9es<\/li>\n<li aria-level=\"1\">Tendance aux ecchymoses<\/li>\n<li aria-level=\"1\">Gonflements qui s&rsquo;intensifient au cours de la journ\u00e9e<\/li>\n<\/ul>\n<p>&nbsp;<\/p>\n<p>Le diagnostic est g\u00e9n\u00e9ralement pos\u00e9 cliniquement, sur la base de l\u2019anamn\u00e8se et de l\u2019examen clinique. D\u2019autres proc\u00e9dures diagnostiques peuvent inclure des \u00e9chographies et une lymphoscintigraphie, afin d\u2019exclure d\u2019autres maladies.<\/p>\n<\/div>\n<\/div><div class=\"fusion-image-element \" style=\"--awb-aspect-ratio:16 \/ 9;--awb-caption-title-font-family:var(--h2_typography-font-family);--awb-caption-title-font-weight:var(--h2_typography-font-weight);--awb-caption-title-font-style:var(--h2_typography-font-style);--awb-caption-title-size:var(--h2_typography-font-size);--awb-caption-title-transform:var(--h2_typography-text-transform);--awb-caption-title-line-height:var(--h2_typography-line-height);--awb-caption-title-letter-spacing:var(--h2_typography-letter-spacing);\"><span class=\" fusion-imageframe imageframe-dropshadow imageframe-2 hover-type-none has-aspect-ratio\" style=\"border-radius:10px;-webkit-box-shadow: 3px 3px 7px var(--awb-color3);box-shadow: 3px 3px 7px var(--awb-color3);\"><img decoding=\"async\" width=\"1024\" height=\"572\" title=\"diversity-women-legs-and-different-body-and-skin-lipofrm-treatment\" src=\"https:\/\/venaziel.de\/wp-content\/uploads\/2024\/07\/diversity-women-legs-and-different-body-and-skin-lipofrm-treatment.jpg\" data-orig-src=\"https:\/\/venaziel.de\/wp-content\/uploads\/2024\/07\/diversity-women-legs-and-different-body-and-skin-lipofrm-treatment-1024x572.jpg\" class=\"lazyload img-responsive wp-image-40178 img-with-aspect-ratio\" data-parent-fit=\"cover\" data-parent-container=\".fusion-image-element\" srcset=\"data:image\/svg+xml,%3Csvg%20xmlns%3D%27http%3A%2F%2Fwww.w3.org%2F2000%2Fsvg%27%20width%3D%271200%27%20height%3D%27670%27%20viewBox%3D%270%200%201200%20670%27%3E%3Crect%20width%3D%271200%27%20height%3D%27670%27%20fill-opacity%3D%220%22%2F%3E%3C%2Fsvg%3E\" data-srcset=\"https:\/\/venaziel.de\/wp-content\/uploads\/2024\/07\/diversity-women-legs-and-different-body-and-skin-lipofrm-treatment-200x112.jpg 200w, https:\/\/venaziel.de\/wp-content\/uploads\/2024\/07\/diversity-women-legs-and-different-body-and-skin-lipofrm-treatment-400x223.jpg 400w, https:\/\/venaziel.de\/wp-content\/uploads\/2024\/07\/diversity-women-legs-and-different-body-and-skin-lipofrm-treatment-600x335.jpg 600w, https:\/\/venaziel.de\/wp-content\/uploads\/2024\/07\/diversity-women-legs-and-different-body-and-skin-lipofrm-treatment-800x447.jpg 800w, https:\/\/venaziel.de\/wp-content\/uploads\/2024\/07\/diversity-women-legs-and-different-body-and-skin-lipofrm-treatment.jpg 1200w\" data-sizes=\"auto\" data-orig-sizes=\"(max-width: 1024px) 100vw, (max-width: 676px) 100vw, 1024px\" alt=\"\"><\/span><\/div><div class=\"fusion-text fusion-text-5\"><h2 class=\"vc_custom_heading vc_custom_1674085046270\">Classification du lip\u0153d\u00e8me<\/h2>\n<div class=\"nectar-responsive-text font_size_desktop_16px font_line_height_1-7\">\n<p>Le lip\u0153d\u00e8me est class\u00e9 en diff\u00e9rents stades et types afin de d\u00e9crire la gravit\u00e9 et la r\u00e9partition des accumulations de graisse :<\/p>\n<ul>\n<li aria-level=\"1\"><b>Stade I :<\/b> La surface de la peau est lisse, le tissu adipeux sous-cutan\u00e9 est mou et uniform\u00e9ment \u00e9paissi.<\/li>\n<li aria-level=\"1\"><b>Stade II :<\/b> La surface de la peau est irr\u00e9guli\u00e8re, des nodules et des creux se forment dans le tissu adipeux.<\/li>\n<li aria-level=\"1\"><b>Stade III :<\/b> Le tissu adipeux continue de durcir et il se forme des lobes de graisse massifs, la peau est tr\u00e8s irr\u00e9guli\u00e8re.<\/li>\n<li aria-level=\"1\"><b>Stade IV :<\/b> Formes combin\u00e9es avec lymph\u0153d\u00e8me, \u00e9galement appel\u00e9 lipolymph\u0153d\u00e8me.<\/li>\n<\/ul>\n<p>&nbsp;<\/p>\n<p>La classification se fait \u00e9galement selon le sch\u00e9ma de r\u00e9partition du tissu adipeux exc\u00e9dentaire :<\/p>\n<ul>\n<li aria-level=\"1\"><b>Type I :<\/b> Augmentation de la graisse dans la r\u00e9gion des hanches et des fesses<\/li>\n<li aria-level=\"1\"><b>Type II :<\/b> Augmentation de la graisse des hanches jusqu&rsquo;aux genoux<\/li>\n<li aria-level=\"1\"><b>Type III :<\/b> Augmentation de la graisse des hanches jusqu&rsquo;aux chevilles<\/li>\n<li aria-level=\"1\"><b>Type IV :<\/b> Les bras sont \u00e9galement touch\u00e9s<\/li>\n<li aria-level=\"1\"><b>Type V :<\/b> Lip\u0153d\u00e8me isol\u00e9 des bras<\/li>\n<\/ul>\n<\/div>\n<\/div><div class=\"fusion-text fusion-text-6\" style=\"--awb-text-transform:none;\"><h2 id=\"toc_Behandlungsmoglichkeiten_fur_Lipodem__1\" class=\"vc_custom_heading vc_custom_1675710677572 fusion-responsive-typography-calculated\" style=\"--fontsize: 35; line-height: 1.28;\" data-fontsize=\"35\" data-lineheight=\"44.8px\">Th\u00e9rapies du lip\u0153d\u00e8me<\/h2>\n<div class=\"nectar-responsive-text font_size_desktop_16px font_line_height_1-7\">\n<p>Le <a href=\"https:\/\/venaziel.de\/fr\/kontakt\/\" target=\"_blank\" rel=\"noopener\">traitement du lip\u0153d\u00e8me<\/a> n\u00e9cessite une approche multidisciplinaire combinant diverses formes de th\u00e9rapie afin d&rsquo;att\u00e9nuer les sympt\u00f4mes et d&rsquo;am\u00e9liorer la qualit\u00e9 de vie des patients. Les principales approches th\u00e9rapeutiques comprennent :<\/p>\n<h3 class=\"fusion-responsive-typography-calculated\" style=\"--fontsize: 30; line-height: 1.4;\" data-fontsize=\"30\" data-lineheight=\"42px\"><b>1. Th\u00e9rapie conservatrice :<br \/>\n<\/b><\/h3>\n<ul>\n<li><b>Th\u00e9rapie physique complexe de d\u00e9congestion (TPCD)&nbsp;:<\/b> Cette th\u00e9rapie comprend le drainage lymphatique manuel, la th\u00e9rapie de compression, les soins de la peau et la th\u00e9rapie par le mouvement. L\u2019objectif est d\u2019am\u00e9liorer le drainage lymphatique et de r\u00e9duire les gonflements. Cette m\u00e9thode est souvent utilis\u00e9e en combinaison afin d\u2019obtenir les meilleurs r\u00e9sultats possibles.<\/li>\n<li><b>V\u00eatements de compression&nbsp;:<\/b> Le port de bas ou de collants de compression peut aider \u00e0 soulager les sympt\u00f4mes et \u00e0 ralentir la propagation du tissu adipeux. Les v\u00eatements de compression modernes sont disponibles en diff\u00e9rentes \u00e9paisseurs et versions et peuvent \u00eatre adapt\u00e9s individuellement.<\/li>\n<li><b>Changement d\u2019alimentation&nbsp;:<\/b> Une alimentation \u00e9quilibr\u00e9e peut aider \u00e0 contr\u00f4ler le poids corporel et \u00e0 r\u00e9duire la tendance \u00e0 l\u2019inflammation. Il existe des indications selon lesquelles une alimentation riche en antioxydants et pauvre en aliments pro-inflammatoires peut \u00eatre utile.<b><\/b><\/li>\n<\/ul>\n<\/div>\n<div class=\"img-with-aniamtion-wrap custom-size\" data-max-width=\"100%\" data-max-width-mobile=\"100%\" data-border-radius=\"15px\" data-shadow=\"medium_depth\" data-animation=\"none\">\n<div class=\"inner\"><\/div>\n<\/div>\n<div class=\"nectar-responsive-text font_size_desktop_16px font_line_height_1-7\">\n<h3 class=\"fusion-responsive-typography-calculated\" style=\"--fontsize: 30; line-height: 1.4;\" data-fontsize=\"30\" data-lineheight=\"42px\"><b>2. Th\u00e9rapie chirurgicale :<\/b><\/h3>\n<ul>\n<li><b>Liposuccion&nbsp;:<\/b> Dans les stades avanc\u00e9s, une liposuccion peut \u00eatre n\u00e9cessaire pour \u00e9liminer l\u2019exc\u00e8s de tissu adipeux. Il existe des techniques sp\u00e9ciales comme la Vaser-Liposuccion. La Vaser-Liposuccion est une forme sp\u00e9ciale de liposuccion qui utilise une technologie \u00e0 ultrasons de pointe pour \u00e9liminer la graisse ind\u00e9sirable du corps. Le terme \u00ab&nbsp;VASER&nbsp;\u00bb signifie \u00ab&nbsp;Vibration Amplification of Sound Energy at Resonance&nbsp;\u00bb, ce qui indique l\u2019utilisation d\u2019ondes sonores pour l\u2019\u00e9limination des graisses. Cette m\u00e9thode est actuellement la plus moderne et offre plusieurs avantages par rapport aux techniques de liposuccion traditionnelles.<\/li>\n<\/ul>\n<\/div>\n<\/div><div class=\"fusion-image-element \" style=\"--awb-aspect-ratio:16 \/ 9;--awb-caption-title-font-family:var(--h2_typography-font-family);--awb-caption-title-font-weight:var(--h2_typography-font-weight);--awb-caption-title-font-style:var(--h2_typography-font-style);--awb-caption-title-size:var(--h2_typography-font-size);--awb-caption-title-transform:var(--h2_typography-text-transform);--awb-caption-title-line-height:var(--h2_typography-line-height);--awb-caption-title-letter-spacing:var(--h2_typography-letter-spacing);\"><span class=\" fusion-imageframe imageframe-dropshadow imageframe-3 hover-type-none has-aspect-ratio\" style=\"border-radius:10px;-webkit-box-shadow: 3px 3px 7px var(--awb-color3);box-shadow: 3px 3px 7px var(--awb-color3);\"><img decoding=\"async\" width=\"1024\" height=\"640\" title=\"plus-size-women-treating-lipodem-in-venaziel-berlin\" src=\"https:\/\/venaziel.de\/wp-content\/uploads\/2024\/07\/plus-size-women-treating-lipodem-in-venaziel-berlin.jpg\" data-orig-src=\"https:\/\/venaziel.de\/wp-content\/uploads\/2024\/07\/plus-size-women-treating-lipodem-in-venaziel-berlin-1024x640.jpg\" class=\"lazyload img-responsive wp-image-40174 img-with-aspect-ratio\" data-parent-fit=\"cover\" data-parent-container=\".fusion-image-element\" srcset=\"data:image\/svg+xml,%3Csvg%20xmlns%3D%27http%3A%2F%2Fwww.w3.org%2F2000%2Fsvg%27%20width%3D%271200%27%20height%3D%27750%27%20viewBox%3D%270%200%201200%20750%27%3E%3Crect%20width%3D%271200%27%20height%3D%27750%27%20fill-opacity%3D%220%22%2F%3E%3C%2Fsvg%3E\" data-srcset=\"https:\/\/venaziel.de\/wp-content\/uploads\/2024\/07\/plus-size-women-treating-lipodem-in-venaziel-berlin-200x125.jpg 200w, https:\/\/venaziel.de\/wp-content\/uploads\/2024\/07\/plus-size-women-treating-lipodem-in-venaziel-berlin-400x250.jpg 400w, https:\/\/venaziel.de\/wp-content\/uploads\/2024\/07\/plus-size-women-treating-lipodem-in-venaziel-berlin-600x375.jpg 600w, https:\/\/venaziel.de\/wp-content\/uploads\/2024\/07\/plus-size-women-treating-lipodem-in-venaziel-berlin-800x500.jpg 800w, https:\/\/venaziel.de\/wp-content\/uploads\/2024\/07\/plus-size-women-treating-lipodem-in-venaziel-berlin.jpg 1200w\" data-sizes=\"auto\" data-orig-sizes=\"(max-width: 1024px) 100vw, (max-width: 676px) 100vw, 1024px\" alt=\"\"><\/span><\/div><div class=\"fusion-text fusion-text-7\"><h2 class=\"vc_custom_heading vc_custom_1678887698663\">Avantages de la Vaser-Liposuccion en cas de lip\u0153d\u00e8me<\/h2>\n<div class=\"nectar-responsive-text font_size_desktop_16px font_line_height_1-7\">\n<p>Une diff\u00e9rence d\u00e9cisive de la Vaser-Liposuccion r\u00e9side dans sa pr\u00e9cision et sa protection des tissus environnants. L\u2019\u00e9nergie ultrasonore cible sp\u00e9cifiquement les cellules graisseuses, les dissout et les rend plus faciles \u00e0 \u00e9liminer, tandis que les nerfs, les vaisseaux sanguins et le tissu conjonctif restent largement intacts. Cela conduit \u00e0 un temps de r\u00e9cup\u00e9ration plus court et \u00e0 un risque r\u00e9duit d\u2019ecchymoses et de gonflements par rapport aux m\u00e9thodes traditionnelles.<\/p>\n<p>La Vaser-Liposuccion est \u00e9galement avantageuse pour le raffermissement de la peau. En chauffant les tissus pendant l\u2019intervention, la production de collag\u00e8ne est stimul\u00e9e, ce qui am\u00e9liore l\u2019\u00e9lasticit\u00e9 de la peau et la raffermit. C\u2019est un avantage essentiel pour les patients qui s\u2019inqui\u00e8tent du rel\u00e2chement cutan\u00e9 apr\u00e8s l\u2019\u00e9limination des graisses. Dans l\u2019ensemble, la Vaser-Liposuccion offre une alternative efficace, pr\u00e9cise et moins invasive \u00e0 la liposuccion traditionnelle. Elle permet non seulement une \u00e9limination cibl\u00e9e des graisses, mais aussi un raffermissement am\u00e9lior\u00e9 de la peau et une gu\u00e9rison plus rapide, ce qui en fait un choix populaire pour de nombreux patients.<\/p>\n<\/div>\n<\/div><div class=\"fusion-text fusion-text-8\"><h2 class=\"vc_custom_heading vc_custom_1678887698663\">Sp\u00e9cialistes du lip\u0153d\u00e8me<\/h2>\n<h4 class=\"vc_custom_heading vc_custom_1678887698663\">Diagnostic, planification de la th\u00e9rapie et suivi<\/h4>\n<div class=\"divider-wrap\" data-alignment=\"default\">\n<div class=\"divider\"><\/div>\n<\/div>\n<div class=\"nectar-responsive-text font_size_desktop_16px font_line_height_1-7\">\n<ul>\n<li><b>Diagnostic&nbsp;:<\/b> \u00c0 l\u2019aide de proc\u00e9dures de diagnostic modernes telles que les \u00e9chographies et la lymphoscintigraphie, un diagnostic pr\u00e9cis est \u00e9tabli. Ces techniques permettent de d\u00e9terminer avec pr\u00e9cision l\u2019\u00e9tendue des accumulations de graisse et de liquide et d\u2019exclure d\u2019autres maladies.<\/li>\n<li aria-level=\"1\"><b>Planification de la th\u00e9rapie&nbsp;:<\/b> Sur la base de la situation individuelle du patient, un plan de th\u00e9rapie sur mesure est \u00e9tabli, qui tient compte des options conservatrices et chirurgicales. Ce faisant, l\u2019on veille toujours aux derni\u00e8res connaissances et directives scientifiques.<\/li>\n<li aria-level=\"1\"><b>Suivi post-traitement :<\/b> Des <a href=\"https:\/\/de.wikipedia.org\/wiki\/Lip%C3%B6dem#Therapie\" target=\"_blank\" rel=\"noopener\">contr\u00f4les r\u00e9guliers<\/a> et des ajustements de la th\u00e9rapie sont importants pour assurer le succ\u00e8s du traitement et maintenir le bien-\u00eatre des patients. Le suivi post-traitement comprend \u00e9galement l&rsquo;ajustement des v\u00eatements de compression et la v\u00e9rification des programmes de nutrition et d&rsquo;exercice.<\/li>\n<\/ul>\n<\/div>\n<\/div><\/div><\/div><\/div><\/div>\n","protected":false},"excerpt":{"rendered":"<p>Le lip\u0153d\u00e8me est un trouble chronique de la r\u00e9partition des graisses, souvent mal compris et difficile \u00e0 diagnostiquer. De nombreuses personnes atteintes luttent non seulement contre des troubles physiques, mais aussi contre des charges \u00e9motionnelles et psychiques. Chez VenaZiel, nous comprenons vos d\u00e9fis et sommes l\u00e0 pour vous aider.<br \/>\nNos m\u00e9thodes de traitement sp\u00e9cialis\u00e9es visent \u00e0 am\u00e9liorer votre qualit\u00e9 de vie et \u00e0 vous permettre de retrouver une vie active et sans douleur. Avec une approche individuelle et holistique, qui allie les technologies m\u00e9dicales les plus modernes et une prise en charge empathique, nous vous accompagnons sur votre chemin vers le soulagement des sympt\u00f4mes.<br \/>\nFaisons ensemble le premier pas vers une nouvelle sensation de vie. D\u00e9couvrez comment notre expertise et notre engagement peuvent vous aider \u00e0 reprendre le contr\u00f4le de votre vie et \u00e0 am\u00e9liorer durablement votre bien-\u00eatre.<\/p>\n","protected":false},"author":1,"featured_media":40176,"parent":42315,"menu_order":0,"comment_status":"closed","ping_status":"closed","template":"","meta":{"footnotes":""},"class_list":["post-40171","page","type-page","status-publish","has-post-thumbnail","hentry"],"_links":{"self":[{"href":"https:\/\/venaziel.de\/fr\/wp-json\/wp\/v2\/pages\/40171","targetHints":{"allow":["GET"]}}],"collection":[{"href":"https:\/\/venaziel.de\/fr\/wp-json\/wp\/v2\/pages"}],"about":[{"href":"https:\/\/venaziel.de\/fr\/wp-json\/wp\/v2\/types\/page"}],"author":[{"embeddable":true,"href":"https:\/\/venaziel.de\/fr\/wp-json\/wp\/v2\/users\/1"}],"replies":[{"embeddable":true,"href":"https:\/\/venaziel.de\/fr\/wp-json\/wp\/v2\/comments?post=40171"}],"version-history":[{"count":277,"href":"https:\/\/venaziel.de\/fr\/wp-json\/wp\/v2\/pages\/40171\/revisions"}],"predecessor-version":[{"id":72552,"href":"https:\/\/venaziel.de\/fr\/wp-json\/wp\/v2\/pages\/40171\/revisions\/72552"}],"up":[{"embeddable":true,"href":"https:\/\/venaziel.de\/fr\/wp-json\/wp\/v2\/pages\/42315"}],"wp:featuredmedia":[{"embeddable":true,"href":"https:\/\/venaziel.de\/fr\/wp-json\/wp\/v2\/media\/40176"}],"wp:attachment":[{"href":"https:\/\/venaziel.de\/fr\/wp-json\/wp\/v2\/media?parent=40171"}],"curies":[{"name":"wp","href":"https:\/\/api.w.org\/{rel}","templated":true}]}}