{"id":40198,"date":"2025-04-17T11:32:43","date_gmt":"2025-04-17T11:32:43","guid":{"rendered":"https:\/\/venaziel.de\/hernienzentrum\/leistenbruch-inguinalhernie\/"},"modified":"2026-04-10T17:07:16","modified_gmt":"2026-04-10T17:07:16","slug":"leistenbruch-inguinalhernie","status":"publish","type":"page","link":"https:\/\/venaziel.de\/fr\/hernienzentrum\/leistenbruch-inguinalhernie\/","title":{"rendered":"Hernie inguinale (inguinale) : causes, sympt\u00f4mes et traitement moderne avec la m\u00e9thode TAPP"},"content":{"rendered":"<div class=\"fusion-fullwidth fullwidth-box fusion-builder-row-1 fusion-flex-container nonhundred-percent-fullwidth non-hundred-percent-height-scrolling\" style=\"--awb-border-radius-top-left:0px;--awb-border-radius-top-right:0px;--awb-border-radius-bottom-right:0px;--awb-border-radius-bottom-left:0px;--awb-flex-wrap:wrap;\" ><div class=\"fusion-builder-row fusion-row fusion-flex-align-items-flex-start fusion-flex-content-wrap\" style=\"max-width:78%;margin-left: calc(-4% \/ 2 );margin-right: calc(-4% \/ 2 );\"><div class=\"fusion-layout-column fusion_builder_column fusion-builder-column-0 fusion_builder_column_1_1 1_1 fusion-flex-column\" style=\"--awb-bg-blend:overlay;--awb-bg-size:cover;--awb-width-large:100%;--awb-margin-top-large:0px;--awb-spacing-right-large:1.92%;--awb-margin-bottom-large:0px;--awb-spacing-left-large:1.92%;--awb-width-medium:100%;--awb-spacing-right-medium:1.92%;--awb-spacing-left-medium:1.92%;--awb-width-small:100%;--awb-spacing-right-small:1.92%;--awb-spacing-left-small:1.92%;\"><div class=\"fusion-column-wrapper fusion-flex-justify-content-flex-start fusion-content-layout-column\"><div class=\"fusion-text fusion-text-1\"><p><span style=\"font-weight: 400;\">Une hernie inguinale non trait\u00e9e peut entra\u00eener des complications graves, telles que l\u2019<\/span><b>incarc\u00e9ration de portions d\u2019intestin<\/b><span style=\"font-weight: 400;\">. C&rsquo;est pourquoi un diagnostic et un traitement pr\u00e9coces sont essentiels. Dans le <\/span><strong><a href=\"https:\/\/venaziel.de\/fr\/hernienzentrum\/\">Centre de la hernie de Berlin<\/a><\/strong> chez <a href=\"https:\/\/venaziel.de\/fr\/\">VenaZiel<\/a><span style=\"font-weight: 400;\">, nous proposons <\/span><b>les traitements mini-invasifs les plus modernes<\/b><span style=\"font-weight: 400;\">, en particulier la <\/span><b>m\u00e9thode TAPP<\/b><span style=\"font-weight: 400;\">.<\/span><\/p>\n<h2><strong>Anatomie de la r\u00e9gion de l\u2019aine : pourquoi une hernie se forme-t-elle ?<\/strong><\/h2>\n<p><span style=\"font-weight: 400;\">L&rsquo;aine est un point faible naturel de la paroi abdominale. C&rsquo;est l\u00e0 que le cordon spermatique chez les hommes et le ligament rond chez les femmes sortent de la cavit\u00e9 abdominale. \u00c0 travers ce canal anatomique, le canal inguinal (Canalis inguinalis), des tissus peuvent s&rsquo;\u00e9chapper vers l&rsquo;ext\u00e9rieur. Cela se produit lorsque la paroi s&rsquo;affaiblit.<\/span><\/p>\n<h3><b>Formes de la hernie inguinale<\/b><\/h3>\n<p style=\"padding-left: 40px;\"><b>Hernie indirecte<\/b><\/p>\n<ul>\n<li style=\"list-style-type: none;\">\n<ul>\n<li style=\"font-weight: 400;\" aria-level=\"1\"><span style=\"font-weight: 400;\">Se d\u00e9veloppe le long du canal inguinal<\/span><\/li>\n<li style=\"font-weight: 400;\" aria-level=\"1\"><span style=\"font-weight: 400;\">Le plus souvent cong\u00e9nitale ou survient chez les jeunes hommes<\/span><\/li>\n<\/ul>\n<\/li>\n<\/ul>\n<p style=\"padding-left: 40px;\"><b>Hernie directe<\/b><\/p>\n<ul>\n<li style=\"list-style-type: none;\">\n<ul>\n<li style=\"font-weight: 400;\" aria-level=\"1\"><span style=\"font-weight: 400;\">P\u00e9n\u00e8tre directement \u00e0 travers la paroi abdominale post\u00e9rieure<\/span><\/li>\n<li style=\"font-weight: 400;\" aria-level=\"1\"><span style=\"font-weight: 400;\">Fr\u00e9quente chez les hommes plus \u00e2g\u00e9s<\/span><\/li>\n<\/ul>\n<\/li>\n<\/ul>\n<p style=\"padding-left: 40px;\"><b>Hernie f\u00e9morale<\/b><\/p>\n<ul>\n<li style=\"list-style-type: none;\">\n<ul>\n<li style=\"font-weight: 400;\" aria-level=\"1\"><span style=\"font-weight: 400;\">Se d\u00e9veloppe sous le ligament inguinal<\/span><\/li>\n<li style=\"font-weight: 400;\" aria-level=\"1\"><span style=\"font-weight: 400;\">Survient plus fr\u00e9quemment chez les femmes<\/span><\/li>\n<\/ul>\n<\/li>\n<\/ul>\n<p><b>Remarque :<\/b><span style=\"font-weight: 400;\"> une hernie inguinale peut survenir <\/span><b>d\u2019un seul c\u00f4t\u00e9 ou des deux c\u00f4t\u00e9s<\/b><span style=\"font-weight: 400;\">.<\/span><\/p>\n<h2><strong>Causes et facteurs de risque<\/strong><\/h2>\n<p><span style=\"font-weight: 400;\">Une hernie inguinale se forme lorsque la pression dans la cavit\u00e9 abdominale est plus \u00e9lev\u00e9e que la stabilit\u00e9 de la paroi abdominale, par exemple en raison de :<\/span><\/p>\n<ul>\n<li style=\"font-weight: 400;\" aria-level=\"1\">Faiblesse cong\u00e9nitale du tissu conjonctif<\/li>\n<li style=\"font-weight: 400;\" aria-level=\"1\">Toux chronique, asthme, BPCO<\/li>\n<li style=\"font-weight: 400;\" aria-level=\"1\">Levage ou port de charges lourdes<\/li>\n<li style=\"font-weight: 400;\" aria-level=\"1\">Constipation avec fortes pouss\u00e9es<\/li>\n<li style=\"font-weight: 400;\" aria-level=\"1\">Surpoids<\/li>\n<li style=\"font-weight: 400;\" aria-level=\"1\">Op\u00e9rations ant\u00e9rieures<\/li>\n<li style=\"font-weight: 400;\" aria-level=\"1\">Grossesse (plus rare chez les femmes)<\/li>\n<\/ul>\n<h2><strong>Sympt\u00f4mes d\u2019une hernie inguinale<\/strong><\/h2>\n<p><span style=\"font-weight: 400;\">Toutes les <a href=\"https:\/\/de.wikipedia.org\/wiki\/Leistenbruch\" target=\"_blank\" rel=\"noopener\">hernies inguinales<\/a> ne provoquent pas imm\u00e9diatement de douleurs, mais il existe des signes typiques :<\/span><\/p>\n<ul>\n<li style=\"font-weight: 400;\" aria-level=\"1\">Renflement visible ou palpable <span style=\"font-weight: 400;\">dans l\u2019aine<\/span><\/li>\n<li style=\"font-weight: 400;\" aria-level=\"1\">Tiraillements ou br\u00fblures lors de la toux, du levage ou de la pouss\u00e9e<\/li>\n<li style=\"font-weight: 400;\" aria-level=\"1\">Douleurs lors d\u2019une activit\u00e9 physique<\/li>\n<li style=\"font-weight: 400;\" aria-level=\"1\">Sensation de pression ou de corps \u00e9tranger<\/li>\n<li style=\"font-weight: 400;\" aria-level=\"1\"><span style=\"font-weight: 400;\">Chez les hommes :<\/span> gonflement jusque dans le scrotum<\/li>\n<\/ul>\n<p><span style=\"font-weight: 400;\">En cas de complications telles que l\u2019<\/span><b>incarc\u00e9ration<\/b><span style=\"font-weight: 400;\">, les sympt\u00f4mes peuvent soudainement augmenter fortement :<\/span><\/p>\n<ul>\n<li style=\"font-weight: 400;\" aria-level=\"1\"><span style=\"font-weight: 400;\">Douleurs intenses<\/span><\/li>\n<li style=\"font-weight: 400;\" aria-level=\"1\"><span style=\"font-weight: 400;\">Rougeur et durcissement<\/span><\/li>\n<li style=\"font-weight: 400;\" aria-level=\"1\"><span style=\"font-weight: 400;\">Naus\u00e9es, vomissements, fi\u00e8vre<\/span><\/li>\n<li style=\"font-weight: 400;\" aria-level=\"1\"><span style=\"font-weight: 400;\">Il n\u2019est plus possible de repousser le renflement \u2192<\/span><b> Urgence !<\/b><\/li>\n<\/ul>\n<h2><\/h2>\n<h2><strong>Diagnostic <\/strong><\/h2>\n<p><span style=\"font-weight: 400;\">Nos sp\u00e9cialistes exp\u00e9riment\u00e9s effectuent un examen approfondi :<\/span><\/p>\n<ol>\n<li style=\"font-weight: 400;\" aria-level=\"1\"><b>Anamn\u00e8se :<\/b><span style=\"font-weight: 400;\"> troubles, stress, pr\u00e9disposition familiale<\/span><\/li>\n<li style=\"font-weight: 400;\" aria-level=\"1\"><b>Examen physique :<\/b><span style=\"font-weight: 400;\"> debout et couch\u00e9, man\u0153uvre de toux<\/span><\/li>\n<li style=\"font-weight: 400;\" aria-level=\"1\"><b>\u00c9chographie :<\/b><span style=\"font-weight: 400;\"> preuve s\u00fbre du sac herniaire, du contenu herniaire et de la dynamique<\/span><\/li>\n<li style=\"font-weight: 400;\" aria-level=\"1\"><b>IRM \/ TDM :<\/b><span style=\"font-weight: 400;\"> chez les patients complexes ou ayant subi plusieurs op\u00e9rations<\/span><\/li>\n<\/ol>\n<h2><strong>Options th\u00e9rapeutiques \u2013 Quand faut-il op\u00e9rer ?<\/strong><\/h2>\n<p><span style=\"font-weight: 400;\">Une hernie inguinale <\/span><b>ne gu\u00e9rit pas d\u2019elle-m\u00eame<\/b><span style=\"font-weight: 400;\">. La seule solution durable est une op\u00e9ration, id\u00e9alement mini-invasive dans notre centre.<\/span><\/p>\n<p><b>Indication op\u00e9ratoire :<\/b><\/p>\n<ul>\n<li style=\"font-weight: 400;\" aria-level=\"1\"><span style=\"font-weight: 400;\">Troubles (douleurs, sensation de pression)<\/span><\/li>\n<li style=\"font-weight: 400;\" aria-level=\"1\"><span style=\"font-weight: 400;\">Augmentation de la taille de la hernie<\/span><\/li>\n<li style=\"font-weight: 400;\" aria-level=\"1\"><span style=\"font-weight: 400;\">Hernie bilat\u00e9rale<\/span><\/li>\n<li style=\"font-weight: 400;\" aria-level=\"1\"><span style=\"font-weight: 400;\">Risque d\u2019incarc\u00e9ration<\/span><\/li>\n<li style=\"font-weight: 400;\" aria-level=\"1\"><span style=\"font-weight: 400;\">Restrictions professionnelles ou sportives<\/span><\/li>\n<\/ul>\n<h2><strong>TAPP : la technique op\u00e9ratoire moderne et douce<\/strong><\/h2>\n<p><span style=\"font-weight: 400;\">La m\u00e9thode TAPP est une technique mini-invasive. Elle est \u00e9galement appel\u00e9e technique \u00ab&nbsp;trou de serrure&nbsp;\u00bb. Cette m\u00e9thode est l&rsquo;une des meilleures au monde pour traiter les hernies inguinales.<\/span><\/p>\n<h3><span style=\"font-weight: 400;\">Avantages de la m\u00e9thode TAPP :<\/span><\/h3>\n<ul>\n<li style=\"font-weight: 400;\" aria-level=\"1\"><b>Mini-invasive :<\/b><span style=\"font-weight: 400;\"> petites incisions et faible traumatisme tissulaire<\/span><\/li>\n<li style=\"font-weight: 400;\" aria-level=\"1\"><b>Moins de douleurs :<\/b><span style=\"font-weight: 400;\"> intensit\u00e9 de la douleur plus faible apr\u00e8s l\u2019op\u00e9ration<\/span><\/li>\n<li style=\"font-weight: 400;\" aria-level=\"1\"><b>R\u00e9tablissement rapide :<\/b><span style=\"font-weight: 400;\"> retour \u00e0 la vie quotidienne souvent apr\u00e8s quelques jours seulement<\/span><\/li>\n<li style=\"font-weight: 400;\" aria-level=\"1\"><b>Hernies bilat\u00e9rales traitables :<\/b><span style=\"font-weight: 400;\"> les deux aines peuvent \u00eatre trait\u00e9es en une seule intervention<\/span><\/li>\n<li style=\"font-weight: 400;\" aria-level=\"1\"><b>Implant de filet de l\u2019int\u00e9rieur :<\/b><span style=\"font-weight: 400;\"> assure un renforcement complet et stable de la paroi abdominale<\/span><\/li>\n<li style=\"font-weight: 400;\" aria-level=\"1\"><b>Tr\u00e8s faible taux de r\u00e9cidive :<\/b><span style=\"font-weight: 400;\"> le taux de rechute est inf\u00e9rieur \u00e0 1\u20132 % chez les chirurgiens exp\u00e9riment\u00e9s<\/span><\/li>\n<\/ul>\n<h3><span style=\"font-weight: 400;\">D\u00e9roulement de l\u2019op\u00e9ration TAPP :<\/span><\/h3>\n<ol>\n<li style=\"font-weight: 400;\" aria-level=\"1\">3 petites incisions dans la paroi abdominale<\/li>\n<li style=\"font-weight: 400;\" aria-level=\"1\">Introduction d\u2019une cam\u00e9ra et d\u2019instruments chirurgicaux<\/li>\n<li style=\"font-weight: 400;\" aria-level=\"1\">Visualisation du canal inguinal et repositionnement du sac herniaire<\/li>\n<li style=\"font-weight: 400;\" aria-level=\"1\">Insertion d\u2019un filet synth\u00e9tique sp\u00e9cial (g\u00e9n\u00e9ralement 10&#215;15 cm)<\/li>\n<li style=\"font-weight: 400;\" aria-level=\"1\">Fermeture du p\u00e9ritoine et sutures cutan\u00e9es<\/li>\n<\/ol>\n<p><span style=\"font-weight: 400;\"> <\/span><\/p>\n<h2><strong>Comparaison d\u2019autres m\u00e9thodes op\u00e9ratoires<\/strong><\/h2>\n<p style=\"padding-left: 40px;\"><b>TAPP (plastie pr\u00e9p\u00e9riton\u00e9ale transabdominale)<\/b><\/p>\n<ul>\n<li style=\"list-style-type: none;\">\n<ul>\n<li style=\"font-weight: 400;\" aria-level=\"1\"><b>Technique :<\/b><span style=\"font-weight: 400;\"> laparoscopique<\/span><\/li>\n<li style=\"font-weight: 400;\" aria-level=\"1\"><b>Avantage :<\/b><span style=\"font-weight: 400;\"> m\u00e9thode douce, prise en charge bilat\u00e9rale possible, r\u00e9tablissement rapide<\/span><\/li>\n<li style=\"font-weight: 400;\" aria-level=\"1\"><b>Inconv\u00e9nient :<\/b><span style=\"font-weight: 400;\"> n\u00e9cessite une grande exp\u00e9rience op\u00e9ratoire<\/span><\/li>\n<\/ul>\n<\/li>\n<\/ul>\n<p style=\"padding-left: 40px;\"><b>TEP (plastie extra-p\u00e9riton\u00e9ale totale)<\/b><\/p>\n<ul>\n<li style=\"list-style-type: none;\">\n<ul>\n<li style=\"font-weight: 400;\" aria-level=\"1\"><b>Technique :<\/b><span style=\"font-weight: 400;\"> laparoscopique<\/span><\/li>\n<li style=\"font-weight: 400;\" aria-level=\"1\"><b>Avantage :<\/b><span style=\"font-weight: 400;\"> pas d\u2019entr\u00e9e dans la cavit\u00e9 abdominale<\/span><\/li>\n<li style=\"font-weight: 400;\" aria-level=\"1\"><b>Inconv\u00e9nient :<\/b><span style=\"font-weight: 400;\"> techniquement complexe en cas d\u2019op\u00e9rations ant\u00e9rieures dans la r\u00e9gion de l\u2019aine<\/span><\/li>\n<\/ul>\n<\/li>\n<\/ul>\n<p style=\"padding-left: 40px;\"><b>M\u00e9thode de Lichtenstein<\/b><\/p>\n<ul>\n<li style=\"list-style-type: none;\">\n<ul>\n<li style=\"font-weight: 400;\" aria-level=\"1\"><b>Technique :<\/b><span style=\"font-weight: 400;\"> op\u00e9ration ouverte avec filet<\/span><\/li>\n<li style=\"font-weight: 400;\" aria-level=\"1\"><b>Avantage :<\/b><span style=\"font-weight: 400;\"> norme \u00e9prouv\u00e9e, en particulier chez les patients \u00e2g\u00e9s<\/span><\/li>\n<li style=\"font-weight: 400;\" aria-level=\"1\"><b>Inconv\u00e9nient :<\/b><span style=\"font-weight: 400;\"> plaie plus grande, douleurs plus fr\u00e9quentes apr\u00e8s l\u2019op\u00e9ration<\/span><\/li>\n<\/ul>\n<\/li>\n<\/ul>\n<p style=\"padding-left: 40px;\"><b>M\u00e9thode de Shouldice<\/b><\/p>\n<ul>\n<li style=\"list-style-type: none;\">\n<ul>\n<li style=\"font-weight: 400;\" aria-level=\"1\"><b>Technique :<\/b><span style=\"font-weight: 400;\"> op\u00e9ration ouverte sans filet<\/span><\/li>\n<li style=\"font-weight: 400;\" aria-level=\"1\"><b>Avantage :<\/b><span style=\"font-weight: 400;\"> convient aux jeunes patients avec une petite hernie<\/span><\/li>\n<li style=\"font-weight: 400;\" aria-level=\"1\"><b>Inconv\u00e9nient :<\/b><span style=\"font-weight: 400;\"> risque plus \u00e9lev\u00e9 de r\u00e9apparition de la hernie (r\u00e9cidive)<\/span><\/li>\n<\/ul>\n<\/li>\n<\/ul>\n<p style=\"padding-left: 40px;\"><span style=\"font-weight: 400;\"> <\/span><\/p>\n<h3><span style=\"font-weight: 400;\">Apr\u00e8s l\u2019op\u00e9ration : \u00e0 quoi les patients doivent-ils faire attention ?<\/span><\/h3>\n<ul>\n<li style=\"font-weight: 400;\" aria-level=\"1\"><b>S\u00e9jour :<\/b><span style=\"font-weight: 400;\"> ambulatoire ou 1 nuit en stationnaire<\/span><\/li>\n<li style=\"font-weight: 400;\" aria-level=\"1\"><b>Mouvement :<\/b><span style=\"font-weight: 400;\"> possible imm\u00e9diatement, mobilisation pr\u00e9coce recommand\u00e9e<\/span><\/li>\n<li style=\"font-weight: 400;\" aria-level=\"1\"><b>Douleurs :<\/b><span style=\"font-weight: 400;\"> faibles, traitables avec des analg\u00e9siques l\u00e9gers<\/span><\/li>\n<li style=\"font-weight: 400;\" aria-level=\"1\"><b>Sport\/Effort :<\/b><span style=\"font-weight: 400;\"> activit\u00e9 l\u00e9g\u00e8re apr\u00e8s 2\u20133 semaines, sport apr\u00e8s 4\u20136 semaines<\/span><\/li>\n<li style=\"font-weight: 400;\" aria-level=\"1\"><b>Rendez-vous de contr\u00f4le :<\/b><span style=\"font-weight: 400;\"> apr\u00e8s 7\u201310 jours au centre de la hernie<\/span><\/li>\n<\/ul>\n<h2><strong>Risques d\u2019une hernie inguinale non trait\u00e9e<\/strong><\/h2>\n<p><span style=\"font-weight: 400;\">Une hernie inguinale non op\u00e9r\u00e9e comporte des dangers \u00e0 long terme :<\/span><\/p>\n<ul>\n<li style=\"font-weight: 400;\" aria-level=\"1\"><span style=\"font-weight: 400;\">Incarc\u00e9ration de l\u2019intestin (incarc\u00e9ration)<\/span><\/li>\n<li style=\"font-weight: 400;\" aria-level=\"1\"><span style=\"font-weight: 400;\">Mort des tissus (n\u00e9crose)<\/span><\/li>\n<li style=\"font-weight: 400;\" aria-level=\"1\"><span style=\"font-weight: 400;\">Occlusion intestinale<\/span><\/li>\n<li style=\"font-weight: 400;\" aria-level=\"1\"><span style=\"font-weight: 400;\">Douleurs chroniques \u00e0 l\u2019aine<\/span><\/li>\n<li style=\"font-weight: 400;\" aria-level=\"1\"><span style=\"font-weight: 400;\">Qualit\u00e9 de vie r\u00e9duite<\/span><\/li>\n<\/ul>\n<h2><strong>Conclusion : votre centre de <a href=\"https:\/\/venaziel.de\/fr\/hernienzentrum\/\">chirurgie de la hernie inguinale<\/a> \u00e0 Berlin<\/strong><\/h2>\n<p><span style=\"font-weight: 400;\">La <\/span><b>hernie inguinale<\/b><span style=\"font-weight: 400;\">  est une affection courante, mais tr\u00e8s bien traitable. Avec la  <\/span><b>m\u00e9thode TAPP<\/b><span style=\"font-weight: 400;\">, nous disposons d\u2019une technique op\u00e9ratoire moderne, s\u00fbre et particuli\u00e8rement douce.<\/span><\/p>\n<p><span style=\"font-weight: 400;\">Au <\/span><b>Centre de la hernie de Berlin chez VenaZiel<\/b><span style=\"font-weight: 400;\">, vous b\u00e9n\u00e9ficiez de :<\/span><\/p>\n<ul>\n<li style=\"font-weight: 400;\" aria-level=\"1\"><span style=\"font-weight: 400;\">Sp\u00e9cialisation en chirurgie de la hernie<\/span><\/li>\n<li style=\"font-weight: 400;\" aria-level=\"1\"><span style=\"font-weight: 400;\">Techniques mini-invasives telles que TAPP et TEP<\/span><\/li>\n<li style=\"font-weight: 400;\" aria-level=\"1\"><span style=\"font-weight: 400;\">Salles d\u2019op\u00e9ration modernes et implants certifi\u00e9s<\/span><\/li>\n<li style=\"font-weight: 400;\" aria-level=\"1\"><span style=\"font-weight: 400;\">Prise en charge personnalis\u00e9e et rendez-vous rapides<\/span><\/li>\n<\/ul>\n<p><b>Prenez rendez-vous d\u00e8s maintenant dans notre centre de la hernie<\/b><b><br \/>\n<\/b><span style=\"font-weight: 400;\">  Nos sp\u00e9cialistes vous conseillent personnellement et trouvent avec vous la strat\u00e9gie de traitement optimale.<\/span><\/p>\n<p><span style=\"font-weight: 400;\"><a href=\"https:\/\/venaziel.de\/fr\/kontakt\/\">Appelez-nous<\/a> ou <a href=\"https:\/\/www.doctolib.de\/einzelpraxis\/berlin\/venaziel-dr-hamidreza-mahoozi\" target=\"_blank\" rel=\"noopener\">r\u00e9servez votre rendez-vous directement en ligne<\/a> !<\/span><\/p>\n<h2><strong>FAQ : Questions fr\u00e9quemment pos\u00e9es<\/strong><\/h2>\n<h3><b>1. Qu\u2019est-ce qu\u2019une hernie inguinale exactement ?<\/b><\/h3>\n<p><span style=\"font-weight: 400;\">Une hernie inguinale est une affection dans laquelle des tissus, tels que de la graisse ou des parties de l\u2019intestin, sortent de la paroi abdominale. Cela se produit \u00e0 travers un point faible de la paroi abdominale, situ\u00e9 au niveau de l\u2019aine. Il en r\u00e9sulte une protub\u00e9rance palpable, souvent accompagn\u00e9e de tiraillements ou de douleurs.    <\/span><\/p>\n<h3><b>2. Une hernie inguinale peut-elle dispara\u00eetre d\u2019elle-m\u00eame ?<\/b><\/h3>\n<p><span style=\"font-weight: 400;\">Non. Une hernie inguinale ne se r\u00e9sorbe pas et peut grossir ou se coincer avec le temps. La chirurgie est la seule solution permanente.<\/span><\/p>\n<h3><b>3. Comment puis-je savoir si ma hernie inguinale est dangereuse ?<\/b><\/h3>\n<p><span style=\"font-weight: 400;\">Les signes d\u2019alerte sont&nbsp;:<\/span><\/p>\n<ul>\n<li style=\"font-weight: 400;\" aria-level=\"1\"><span style=\"font-weight: 400;\">douleurs soudaines et intenses,<\/span><\/li>\n<li style=\"font-weight: 400;\" aria-level=\"1\"><span style=\"font-weight: 400;\">gonflement qui ne peut plus \u00eatre repouss\u00e9,<\/span><\/li>\n<li style=\"font-weight: 400;\" aria-level=\"1\"><span style=\"font-weight: 400;\">naus\u00e9es, vomissements ou fi\u00e8vre.<\/span><\/li>\n<\/ul>\n<p><span style=\"font-weight: 400;\">Cela peut indiquer un \u00e9tranglement (incarc\u00e9ration) \u2013 une urgence&nbsp;!<\/span><\/p>\n<h3><b>4. Quelles sont les techniques op\u00e9ratoires disponibles ?<\/b><\/h3>\n<p><span style=\"font-weight: 400;\">Nous proposons de nombreuses proc\u00e9dures courantes. La m\u00e9thode TAPP moderne, en particulier, est mini-invasive. Nous r\u00e9alisons \u00e9galement l\u2019op\u00e9ration ouverte selon Lichtenstein et la technique TEP. Nous d\u00e9terminerons la m\u00e9thode id\u00e9ale pour vous lors d\u2019un entretien personnel.   <\/span><\/p>\n<h3><b>5. Pourquoi recommandez-vous particuli\u00e8rement souvent la m\u00e9thode TAPP ?<\/b><\/h3>\n<p><span style=\"font-weight: 400;\">La technique TAPP offre un traitement doux et s\u00fbr. Elle est rapide, m\u00eame en cas de hernies bilat\u00e9rales ou apr\u00e8s des op\u00e9rations. Les douleurs sont minimes et le temps d&rsquo;arr\u00eat est court.<\/span><\/p>\n<h3><b>6. La caisse d\u2019assurance maladie prend-elle en charge les co\u00fbts de l\u2019op\u00e9ration ?<\/b><\/h3>\n<p><span style=\"font-weight: 400;\">Oui, toutes les proc\u00e9dures que nous effectuons sont des prestations de l&rsquo;assurance maladie. Nous discutons individuellement des demandes suppl\u00e9mentaires (par exemple, un mat\u00e9riau de filet sp\u00e9cial ou une chambre priv\u00e9e).<\/span><\/p>\n<h3><b>7. Combien de temps serai-je absent apr\u00e8s l\u2019op\u00e9ration ?<\/b><\/h3>\n<p><span style=\"font-weight: 400;\">Apr\u00e8s une TAPP, vous \u00eates g\u00e9n\u00e9ralement de nouveau apte au travail apr\u00e8s <\/span><b>3 \u00e0 5&nbsp;jours<\/b><span style=\"font-weight: 400;\"> (pour un travail de bureau) \u2013 pour une activit\u00e9 physique, apr\u00e8s environ 2 \u00e0 4&nbsp;semaines. Le sport est g\u00e9n\u00e9ralement de nouveau possible apr\u00e8s 4 \u00e0 6&nbsp;semaines. <\/span><\/p>\n<h3><strong>8. L\u2019op\u00e9ration est-elle \u00e9galement possible en ambulatoire ?<\/strong><\/h3>\n<p><span style=\"font-weight: 400;\">Oui \u2013 de nombreuses op\u00e9rations de hernie inguinale peuvent \u00eatre r\u00e9alis\u00e9es en ambulatoire, \u00e0 condition qu\u2019il n\u2019y ait pas de comorbidit\u00e9s.<\/span><\/p>\n<h3><strong>9. Dois-je porter un filet&nbsp;? Est-ce s\u00fbr&nbsp;?<\/strong><\/h3>\n<p><span style=\"font-weight: 400;\">Oui \u2013 chez les adultes, un renfort en plastique \u00e0 mailles fines et biocompatible est g\u00e9n\u00e9ralement utilis\u00e9 et reste en permanence dans le corps. Il stabilise la paroi abdominale et emp\u00eache les rechutes. La s\u00e9curit\u00e9 est scientifiquement prouv\u00e9e.  <\/span><\/p>\n<h3><strong>10. Que se passe-t-il si je ne fais pas op\u00e9rer la hernie inguinale ?<\/strong><\/h3>\n<p><span style=\"font-weight: 400;\">En l\u2019absence de traitement, un \u00e9tranglement de l\u2019intestin peut se produire \u2013 avec un risque d\u2019occlusion intestinale, voire de danger de mort. Des douleurs chroniques ou des limitations dans la vie quotidienne peuvent \u00e9galement survenir. <\/span><\/p>\n<\/div><\/div><\/div><\/div><\/div>\n","protected":false},"excerpt":{"rendered":"<p>Qu\u2019est-ce qu\u2019une hernie inguinale&nbsp;? Une hernie inguinale, m\u00e9dicalement appel\u00e9e hernie inguinale, est une saillie de tissu \u00e0 travers un point faible de la paroi abdominale dans la r\u00e9gion de l&rsquo;aine. Il s&rsquo;agit de la forme la plus courante de toutes les hernies de la paroi abdominale, en particulier chez les hommes. Un gonflement visible ou palpable dans la r\u00e9gion de l&rsquo;aine est typique, souvent accompagn\u00e9 de douleurs ou d&rsquo;une sensation de pression.<\/p>\n","protected":false},"author":1,"featured_media":40200,"parent":39980,"menu_order":0,"comment_status":"closed","ping_status":"closed","template":"","meta":{"footnotes":""},"class_list":["post-40198","page","type-page","status-publish","has-post-thumbnail","hentry"],"_links":{"self":[{"href":"https:\/\/venaziel.de\/fr\/wp-json\/wp\/v2\/pages\/40198","targetHints":{"allow":["GET"]}}],"collection":[{"href":"https:\/\/venaziel.de\/fr\/wp-json\/wp\/v2\/pages"}],"about":[{"href":"https:\/\/venaziel.de\/fr\/wp-json\/wp\/v2\/types\/page"}],"author":[{"embeddable":true,"href":"https:\/\/venaziel.de\/fr\/wp-json\/wp\/v2\/users\/1"}],"replies":[{"embeddable":true,"href":"https:\/\/venaziel.de\/fr\/wp-json\/wp\/v2\/comments?post=40198"}],"version-history":[{"count":260,"href":"https:\/\/venaziel.de\/fr\/wp-json\/wp\/v2\/pages\/40198\/revisions"}],"predecessor-version":[{"id":74336,"href":"https:\/\/venaziel.de\/fr\/wp-json\/wp\/v2\/pages\/40198\/revisions\/74336"}],"up":[{"embeddable":true,"href":"https:\/\/venaziel.de\/fr\/wp-json\/wp\/v2\/pages\/39980"}],"wp:featuredmedia":[{"embeddable":true,"href":"https:\/\/venaziel.de\/fr\/wp-json\/wp\/v2\/media\/40200"}],"wp:attachment":[{"href":"https:\/\/venaziel.de\/fr\/wp-json\/wp\/v2\/media?parent=40198"}],"curies":[{"name":"wp","href":"https:\/\/api.w.org\/{rel}","templated":true}]}}