{"id":40217,"date":"2024-07-04T15:43:02","date_gmt":"2024-07-04T15:43:02","guid":{"rendered":"https:\/\/venaziel.de\/krampfadern-behandlungen\/"},"modified":"2026-04-27T18:46:17","modified_gmt":"2026-04-27T18:46:17","slug":"krampfadern-behandlungen","status":"publish","type":"page","link":"https:\/\/venaziel.de\/fr\/venenzentrum\/krampfadern-behandlungen\/","title":{"rendered":"Nos m\u00e9thodes"},"content":{"rendered":"<div class=\"fusion-fullwidth fullwidth-box fusion-builder-row-1 fusion-flex-container has-pattern-background has-mask-background nonhundred-percent-fullwidth non-hundred-percent-height-scrolling\" style=\"--awb-border-radius-top-left:0px;--awb-border-radius-top-right:0px;--awb-border-radius-bottom-right:0px;--awb-border-radius-bottom-left:0px;--awb-padding-right:0px;--awb-padding-left:0px;--awb-flex-wrap:wrap;\" ><div class=\"fusion-builder-row fusion-row fusion-flex-align-items-flex-start fusion-flex-content-wrap\" style=\"max-width:78%;margin-left: calc(-4% \/ 2 );margin-right: calc(-4% \/ 2 );\"><div class=\"fusion-layout-column fusion_builder_column fusion-builder-column-0 fusion_builder_column_1_1 1_1 fusion-flex-column\" style=\"--awb-bg-size:cover;--awb-width-large:100%;--awb-margin-top-large:0px;--awb-spacing-right-large:0%;--awb-margin-bottom-large:20px;--awb-spacing-left-large:0%;--awb-width-medium:100%;--awb-order-medium:0;--awb-spacing-right-medium:1.92%;--awb-spacing-left-medium:1.92%;--awb-width-small:100%;--awb-order-small:0;--awb-spacing-right-small:1.92%;--awb-spacing-left-small:1.92%;\"><div class=\"fusion-column-wrapper fusion-column-has-shadow fusion-flex-justify-content-flex-start fusion-content-layout-column\"><div class=\"fusion-text fusion-text-1\" style=\"--awb-text-font-family:&quot;Poppins&quot;;--awb-text-font-style:normal;--awb-text-font-weight:300;\"><div class=\"wpb_text_column wpb_content_element vc_custom_1680602113902\">\n<p>&nbsp;<\/p>\n<div class=\"wpb_wrapper\">\n<h2 class=\"vc_custom_heading\">VenaSeal<sup>TM<\/sup> (colle biologique pour veines)<\/h2>\n<\/div>\n<\/div>\n<div class=\"wpb_text_column wpb_content_element vc_custom_1714461848024\">\n<div class=\"wpb_wrapper\">\n<p>Le VenaSeal <a href=\"https:\/\/venaziel.de\/venenzentrum-leistungen\/venenkleber-venaseal\/\">\u00e0 Berlin<\/a>, un adh\u00e9sif veineux, s&rsquo;est av\u00e9r\u00e9 \u00eatre une alternative r\u00e9elle et tr\u00e8s efficace au cours des 10 derni\u00e8res ann\u00e9es. Contrairement \u00e0 d&rsquo;autres m\u00e9thodes, la proc\u00e9dure VenaSeal (adh\u00e9sif veineux) ne n\u00e9cessite ni chaleur, ni scl\u00e9roth\u00e9rapie, ni anesth\u00e9sie. Avec la m\u00e9thode VenaSeal (adh\u00e9sif veineux), la veine malade est coll\u00e9e. Le m\u00e9decin utilise le syst\u00e8me VenaSeal (adh\u00e9sif veineux) pour introduire une petite quantit\u00e9 d&rsquo;un adh\u00e9sif sp\u00e9cialement con\u00e7u dans la veine malade. Le risque de l\u00e9ser des <a href=\"https:\/\/venaziel.de\/venenzentrum-leistungen\/krampfadern-entfernen\/\">nerfs lors du traitement de la petite veine saph\u00e8ne<\/a> est ainsi \u00e9limin\u00e9. L&rsquo;adh\u00e9sif permet de fermer la veine malade et de rediriger le sang vers les veines saines environnantes. Une th\u00e9rapie sous m\u00e9dication anticoagulante est en revanche possible.<\/p>\n<\/div>\n<\/div>\n<\/div><div ><a class=\"fusion-button button-flat button-small button-custom fusion-button-default button-1 fusion-button-span-yes fusion-button-default-type\" style=\"--button_accent_color:var(--awb-color4);--button_border_color:var(--awb-color4);--button_accent_hover_color:var(--awb-color8);--button_border_hover_color:var(--awb-color8);--button_border_width-top:1px;--button_border_width-right:1px;--button_border_width-bottom:1px;--button_border_width-left:1px;--button-border-radius-top-left:10px;--button-border-radius-top-right:10px;--button-border-radius-bottom-right:10px;--button-border-radius-bottom-left:10px;--button_gradient_top_color:var(--awb-color1);--button_gradient_bottom_color:var(--awb-color1);--button_gradient_top_color_hover:var(--awb-color1);--button_gradient_bottom_color_hover:var(--awb-color1);--button_text_transform:uppercase;--button_typography-font-family:&quot;Inter&quot;;--button_typography-font-style:normal;--button_typography-font-weight:500;--button_margin-bottom:50px;\" target=\"_self\" title=\"venaseal ou colle biologique pour veines\" aria-label=\"venaseal ou colle biologique pour veines\" href=\"https:\/\/venaziel.de\/venenzentrum-leistungen\/venenkleber-venaseal\/\"><span class=\"fusion-button-text awb-button__text awb-button__text--default\">Plus<\/span><\/a><\/div><div class=\"fusion-video fusion-youtube\" style=\"--awb-max-width:600px;--awb-max-height:360px;\" data-autoplay=\"1\"><div class=\"video-shortcode\"><lite-youtube videoid=\"rOtBm-OFN3I\" class=\"landscape\" params=\"wmode=transparent&autoplay=1&amp;start=10&amp;enablejsapi=1\" title=\"YouTube video player 1\" data-button-label=\"Play Video\" width=\"600\" height=\"360\" data-thumbnail-size=\"auto\" data-no-cookie=\"on\"><\/lite-youtube><\/div><\/div><div class=\"fusion-text fusion-text-2\" style=\"--awb-text-font-family:&quot;Poppins&quot;;--awb-text-font-style:normal;--awb-text-font-weight:300;\"><div class=\"wpb_text_column wpb_content_element vc_custom_1675774503025\">\n<p>&nbsp;<\/p>\n<div class=\"wpb_wrapper\">\n<h2 class=\"vc_custom_heading\">Traitement par radiofr\u00e9quence (EVRA)<\/h2>\n<\/div>\n<\/div>\n<div class=\"wpb_text_column wpb_content_element vc_custom_1714461820202\">\n<div class=\"wpb_wrapper\">\n<p class=\"vc_custom_heading\">Les proc\u00e9dures endovasculaires (EVRA) utilisent la chaleur pour endommager ou irriter la paroi interne de la veine, ce qui provoque sa contraction et donc sa fermeture.<\/p>\n<p>Lors du <a href=\"https:\/\/venaziel.de\/venenzentrum-leistungen\/krampfadern-entfernen\/\">traitement par radiofr\u00e9quence \u00e0 Berlin<\/a> Un fin tube (cath\u00e9ter) est d&rsquo;abord ins\u00e9r\u00e9 dans la veine par une petite incision. Le cath\u00e9ter est ensuite chauff\u00e9 en faisant passer un courant \u00e9lectrique afin de sceller la veine de l&rsquo;int\u00e9rieur. Apr\u00e8s le traitement, l&rsquo;incision est referm\u00e9e et un bandage compressif est appliqu\u00e9. La gu\u00e9rison apr\u00e8s l&rsquo;ablation par radiofr\u00e9quence des varices peut varier d&rsquo;un patient \u00e0 l&rsquo;autre. En r\u00e8gle g\u00e9n\u00e9rale, les patients peuvent reprendre leurs activit\u00e9s normales apr\u00e8s quelques jours. Il est recommand\u00e9 de porter des bas de contention pendant une semaine pour favoriser le processus de gu\u00e9rison.<\/p>\n<\/div>\n<\/div>\n<\/div><div class=\"fusion-video fusion-youtube\" style=\"--awb-max-width:600px;--awb-max-height:360px;\" data-autoplay=\"1\"><div class=\"video-shortcode\"><lite-youtube videoid=\"XLDDm_ZgyoE\" class=\"landscape\" params=\"wmode=transparent&autoplay=1&amp;enablejsapi=1\" title=\"YouTube video player 2\" data-button-label=\"Play Video\" width=\"600\" height=\"360\" data-thumbnail-size=\"auto\" data-no-cookie=\"on\"><\/lite-youtube><\/div><\/div><div class=\"fusion-text fusion-text-3\"><div class=\"wpb_text_column wpb_content_element vc_custom_1675774528994\">\n<p>&nbsp;<\/p>\n<div class=\"wpb_wrapper\">\n<h2 class=\"vc_custom_heading\">Microscl\u00e9rose (ou traitement par mousse)<\/h2>\n<\/div>\n<\/div>\n<div class=\"wpb_text_column wpb_content_element vc_custom_1714462444443\">\n<div class=\"wpb_wrapper\">\n<div class=\"wpb_text_column wpb_content_element \">\n<div class=\"wpb_wrapper\">\n<p>La scl\u00e9roth\u00e9rapie veineuse est une m\u00e9thode de traitement des varices qui existe depuis plusieurs centaines d&rsquo;ann\u00e9es.<\/p>\n<p>Les varices sont des veines dilat\u00e9es ou obstru\u00e9es (dans le jargon m\u00e9dical, on les appelle varices). Une caract\u00e9ristique typique est la pr\u00e9sence de protub\u00e9rances serpentiformes ou ramifi\u00e9es qui se distinguent clairement de la peau, souvent avec formation de n\u0153uds. Les varices se manifestent surtout sur les jambes. Cela est d\u00fb au fait que les veines des jambes doivent travailler le plus contre la gravit\u00e9 pour pomper le sang vers le c\u0153ur.   <\/p>\n<p>Dans de rares cas, elles peuvent \u00e9galement appara\u00eetre sur d&rsquo;autres parties du corps. Les varices ne sont pas seulement un probl\u00e8me esth\u00e9tique, elles peuvent \u00e9galement provoquer des jambes lourdes et douloureuses, ainsi que des maladies secondaires. Il est donc d&rsquo;autant plus important de les reconna\u00eetre \u00e0 un stade pr\u00e9coce et de les traiter avec une <a href=\"https:\/\/venaziel.de\/venenzentrum-leistungen\/microschaum\/\">th\u00e9rapie \u00e0 la microschium \u00e0 Berlin<\/a>.<\/p>\n<\/div>\n<\/div>\n<\/div>\n<\/div>\n<\/div><div ><a class=\"fusion-button button-flat button-small button-custom fusion-button-default button-2 fusion-button-span-yes fusion-button-default-type\" style=\"--button_accent_color:var(--awb-color4);--button_border_color:var(--awb-color4);--button_accent_hover_color:var(--awb-color8);--button_border_hover_color:var(--awb-color8);--button_border_width-top:1px;--button_border_width-right:1px;--button_border_width-bottom:1px;--button_border_width-left:1px;--button-border-radius-top-left:10px;--button-border-radius-top-right:10px;--button-border-radius-bottom-right:10px;--button-border-radius-bottom-left:10px;--button_gradient_top_color:var(--awb-color1);--button_gradient_bottom_color:var(--awb-color1);--button_gradient_top_color_hover:var(--awb-color1);--button_gradient_bottom_color_hover:var(--awb-color1);--button_text_transform:uppercase;--button_typography-font-family:&quot;Inter&quot;;--button_typography-font-style:normal;--button_typography-font-weight:500;--button_margin-bottom:50px;\" target=\"_self\" title=\"microscl\u00e9rose ou microfoam\" aria-label=\"microscl\u00e9rose ou microfoam\" href=\"https:\/\/venaziel.de\/venenzentrum-leistungen\/microschaum\/\"><span class=\"fusion-button-text awb-button__text awb-button__text--default\">Plus<\/span><\/a><\/div><div class=\"fusion-image-element \" style=\"--awb-aspect-ratio:16 \/ 9;--awb-caption-title-font-family:var(--h2_typography-font-family);--awb-caption-title-font-weight:var(--h2_typography-font-weight);--awb-caption-title-font-style:var(--h2_typography-font-style);--awb-caption-title-size:var(--h2_typography-font-size);--awb-caption-title-transform:var(--h2_typography-text-transform);--awb-caption-title-line-height:var(--h2_typography-line-height);--awb-caption-title-letter-spacing:var(--h2_typography-letter-spacing);\"><span class=\" fusion-imageframe imageframe-dropshadow imageframe-1 hover-type-none has-aspect-ratio\" style=\"border-radius:10px;-webkit-box-shadow: 3px 3px 7px var(--awb-color3);box-shadow: 3px 3px 7px var(--awb-color3);\"><img decoding=\"async\" width=\"1024\" height=\"597\" alt=\"D\u00e9couvrez nos m\u00e9thodes modernes de traitement des varices \u00e0 Berlin, notamment VenaSeal, la th\u00e9rapie au laser et la microscl\u00e9rose\" title=\"microschaum-behandlung-venaziel-berlin-venenzentrum\" src=\"https:\/\/venaziel.de\/wp-content\/uploads\/2024\/07\/mikroschaum-behandlung-venaziel-berlin-venenzentrum.jpg\" data-orig-src=\"https:\/\/venaziel.de\/wp-content\/uploads\/2024\/07\/mikroschaum-behandlung-venaziel-berlin-venenzentrum-1024x597.jpg\" class=\"lazyload img-responsive wp-image-40219 img-with-aspect-ratio\" data-parent-fit=\"cover\" data-parent-container=\".fusion-image-element\" srcset=\"data:image\/svg+xml,%3Csvg%20xmlns%3D%27http%3A%2F%2Fwww.w3.org%2F2000%2Fsvg%27%20width%3D%271200%27%20height%3D%27700%27%20viewBox%3D%270%200%201200%20700%27%3E%3Crect%20width%3D%271200%27%20height%3D%27700%27%20fill-opacity%3D%220%22%2F%3E%3C%2Fsvg%3E\" data-srcset=\"https:\/\/venaziel.de\/wp-content\/uploads\/2024\/07\/mikroschaum-behandlung-venaziel-berlin-venenzentrum-200x117.jpg 200w, https:\/\/venaziel.de\/wp-content\/uploads\/2024\/07\/mikroschaum-behandlung-venaziel-berlin-venenzentrum-400x233.jpg 400w, https:\/\/venaziel.de\/wp-content\/uploads\/2024\/07\/mikroschaum-behandlung-venaziel-berlin-venenzentrum-600x350.jpg 600w, https:\/\/venaziel.de\/wp-content\/uploads\/2024\/07\/mikroschaum-behandlung-venaziel-berlin-venenzentrum-800x467.jpg 800w, https:\/\/venaziel.de\/wp-content\/uploads\/2024\/07\/mikroschaum-behandlung-venaziel-berlin-venenzentrum.jpg 1200w\" data-sizes=\"auto\" data-orig-sizes=\"(max-width: 1024px) 100vw, (max-width: 676px) 100vw, 1024px\" \/><\/span><\/div><div class=\"fusion-text fusion-text-4\"><div class=\"wpb_text_column wpb_content_element vc_custom_1675779665127\">\n<div class=\"wpb_wrapper\">\n<h2 class=\"vc_custom_heading\"><strong>Traitement laser avec ELVeS\u00ae Radial\u00ae<\/strong><\/h2>\n<\/div>\n<\/div>\n<div class=\"wpb_text_column wpb_content_element vc_custom_1714461990091\">\n<div class=\"wpb_wrapper\">\n<div class=\"wpb_text_column wpb_content_element \">\n<div class=\"wpb_wrapper\">\n<p class=\"vc_custom_heading\">Pour le traitement des sections de veines malades, on utilise ici des syst\u00e8mes laser radiaux. Il s&rsquo;agit d&rsquo;une proc\u00e9dure dans laquelle l&rsquo;\u00e9nergie laser est rayonn\u00e9e sur la paroi veineuse malade. Gr\u00e2ce \u00e0 l&rsquo;effet thermique ainsi cr\u00e9\u00e9, la veine malade est tr\u00e8s bien traitable avec un <a href=\"https:\/\/venaziel.de\/venenzentrum-leistungen\/krampfadern-behandlungen\/\">traitement laser \u00e0 Berlin<\/a>. La taille du diam\u00e8tre de la veine correspondante n&rsquo;a pas d&rsquo;importance ici. Ils peuvent donc \u00eatre utilis\u00e9s aussi bien pour les affections variqueuses tr\u00e8s importantes que pour les varices qui se trouvent encore au tout d\u00e9but de la gen\u00e8se de la maladie. Cela inclut \u00e9galement les varices qui sont apparues apr\u00e8s une op\u00e9ration pr\u00e9c\u00e9dente (varices r\u00e9cidivantes).<\/p>\n<\/div>\n<\/div>\n<\/div>\n<\/div>\n<\/div><div class=\"fusion-image-element \" style=\"--awb-aspect-ratio:16 \/ 9;--awb-margin-top:10px;--awb-margin-bottom:40px;--awb-caption-title-font-family:var(--h2_typography-font-family);--awb-caption-title-font-weight:var(--h2_typography-font-weight);--awb-caption-title-font-style:var(--h2_typography-font-style);--awb-caption-title-size:var(--h2_typography-font-size);--awb-caption-title-transform:var(--h2_typography-text-transform);--awb-caption-title-line-height:var(--h2_typography-line-height);--awb-caption-title-letter-spacing:var(--h2_typography-letter-spacing);\"><span class=\" fusion-imageframe imageframe-dropshadow imageframe-2 hover-type-none has-aspect-ratio\" style=\"border-radius:10px;-webkit-box-shadow: 3px 3px 7px var(--awb-color3);box-shadow: 3px 3px 7px var(--awb-color3);\"><img decoding=\"async\" width=\"1024\" height=\"597\" alt=\"Insuffisance veineuse Berlin, douleurs aux jambes, gonflement, jambes fatigu\u00e9es, centre veineux, th\u00e9rapie au laser - traitement des varices\" title=\"doctor-phlebologist-is-performing-endovenous-laser-therapy-in-veincenter-berlin-venaziel\" src=\"https:\/\/venaziel.de\/wp-content\/uploads\/2024\/07\/doctor-phlebologist-is-performing-endovenous-laser-therapy-in-veincenter-berlin-venaziel.jpg\" data-orig-src=\"https:\/\/venaziel.de\/wp-content\/uploads\/2024\/07\/doctor-phlebologist-is-performing-endovenous-laser-therapy-in-veincenter-berlin-venaziel-1024x597.jpg\" class=\"lazyload img-responsive wp-image-40220 img-with-aspect-ratio\" data-parent-fit=\"cover\" data-parent-container=\".fusion-image-element\" srcset=\"data:image\/svg+xml,%3Csvg%20xmlns%3D%27http%3A%2F%2Fwww.w3.org%2F2000%2Fsvg%27%20width%3D%271200%27%20height%3D%27700%27%20viewBox%3D%270%200%201200%20700%27%3E%3Crect%20width%3D%271200%27%20height%3D%27700%27%20fill-opacity%3D%220%22%2F%3E%3C%2Fsvg%3E\" data-srcset=\"https:\/\/venaziel.de\/wp-content\/uploads\/2024\/07\/doctor-phlebologist-is-performing-endovenous-laser-therapy-in-veincenter-berlin-venaziel-200x117.jpg 200w, https:\/\/venaziel.de\/wp-content\/uploads\/2024\/07\/doctor-phlebologist-is-performing-endovenous-laser-therapy-in-veincenter-berlin-venaziel-400x233.jpg 400w, https:\/\/venaziel.de\/wp-content\/uploads\/2024\/07\/doctor-phlebologist-is-performing-endovenous-laser-therapy-in-veincenter-berlin-venaziel-600x350.jpg 600w, https:\/\/venaziel.de\/wp-content\/uploads\/2024\/07\/doctor-phlebologist-is-performing-endovenous-laser-therapy-in-veincenter-berlin-venaziel-800x467.jpg 800w, https:\/\/venaziel.de\/wp-content\/uploads\/2024\/07\/doctor-phlebologist-is-performing-endovenous-laser-therapy-in-veincenter-berlin-venaziel.jpg 1200w\" data-sizes=\"auto\" data-orig-sizes=\"(max-width: 1024px) 100vw, (max-width: 676px) 100vw, 1024px\" \/><\/span><\/div><div class=\"fusion-text fusion-text-5\"><div class=\"wpb_text_column wpb_content_element vc_custom_1675779665127\">\n<p>&nbsp;<\/p>\n<div class=\"wpb_wrapper\">\n<p>Dans le cadre de la th\u00e9rapie laser ELVeS\u00ae Radial\u00ae mini-invasive pour l&rsquo;\u00e9limination des <a href=\"https:\/\/venaziel.de\/venenzentrum-leistungen\/faq\/\">varices \u00e0 Berlin<\/a>, le m\u00e9decin traitant introduit d\u00e9licatement un conducteur de lumi\u00e8re, la sonde ELVeS\u00ae Radial\u00ae, dans la varice par une petite ponction. Ensuite, la lumi\u00e8re laser est \u00e9mise de mani\u00e8re cibl\u00e9e et circulaire (\u00ab radiale \u00bb) \u00e0 travers la sonde. Lors du retrait de la sonde, la veine est ferm\u00e9e, comme avec une fermeture \u00e9clair. Les tissus sains environnants sont pr\u00e9serv\u00e9s au maximum. Dans la plupart des cas, il est possible de se passer d&rsquo;une anesth\u00e9sie g\u00e9n\u00e9rale, seule une anesth\u00e9sie locale minimale est n\u00e9cessaire. Un s\u00e9jour stationnaire \u00e0 l&rsquo;h\u00f4pital n&rsquo;est \u00e9galement pas n\u00e9cessaire dans la plupart des cas.<\/p>\n<p>Tant pendant le traitement dans votre <a href=\"https:\/\/venaziel.de\/fr\/kontakt\/\">centre veineux de Berlin<\/a> qu&rsquo;ensuite, les patients ne ressentent pratiquement aucune douleur, et le r\u00e9sultat souhait\u00e9 est visible imm\u00e9diatement apr\u00e8s l&rsquo;intervention. Gr\u00e2ce \u00e0 la minuscule ponction, il n&rsquo;y a pas non plus lieu de craindre des cicatrices importantes. Le temps de gu\u00e9rison est court, et les patients peuvent reprendre leurs activit\u00e9s normales directement apr\u00e8s le traitement ELVeS\u00ae Radial\u00ae.<\/p>\n<p>Le traitement mini-invasif par <a href=\"https:\/\/de.wikipedia.org\/wiki\/Laser#Medizin\" target=\"_blank\" rel=\"noopener\">laser ELVeS\u00ae Radial\u00ae<\/a> \u00e0 Berlin est particuli\u00e8rement adapt\u00e9 aux patients \u00e0 risque (par exemple, en raison de la prise d&rsquo;anticoagulants), car l&rsquo;action de la chaleur du laser ferme directement la varice et arr\u00eate automatiquement le saignement. De plus, le risque d&rsquo;une anesth\u00e9sie g\u00e9n\u00e9rale est \u00e9limin\u00e9.<\/p>\n<\/div>\n<\/div>\n<\/div><\/div><\/div><\/div><\/div>\n","protected":false},"excerpt":{"rendered":"<p>Dans notre centre veineux \u00e0 Berlin, nous proposons des proc\u00e9dures de pointe pour le traitement des varices. Nos m\u00e9thodes sp\u00e9cialis\u00e9es comprennent l&rsquo;innovant adh\u00e9sif veineux VenaSeal&#x2122;, le traitement pr\u00e9cis par radiofr\u00e9quence (EVRA), la th\u00e9rapie \u00e9prouv\u00e9e par microschmousse ainsi que le traitement laser avanc\u00e9 avec ELVeS\u00ae Radial\u00ae. Nos techniques mini-invasives sont con\u00e7ues pour traiter les varices de mani\u00e8re s\u00fbre et efficace, sans n\u00e9cessiter d&rsquo;anesth\u00e9sie ni de longues p\u00e9riodes de convalescence. Faites confiance \u00e0 notre expertise et \u00e0 notre technologie de pointe pour des jambes saines et belles.<\/p>\n","protected":false},"author":1,"featured_media":40218,"parent":40854,"menu_order":0,"comment_status":"closed","ping_status":"closed","template":"","meta":{"footnotes":""},"class_list":["post-40217","page","type-page","status-publish","has-post-thumbnail","hentry"],"_links":{"self":[{"href":"https:\/\/venaziel.de\/fr\/wp-json\/wp\/v2\/pages\/40217","targetHints":{"allow":["GET"]}}],"collection":[{"href":"https:\/\/venaziel.de\/fr\/wp-json\/wp\/v2\/pages"}],"about":[{"href":"https:\/\/venaziel.de\/fr\/wp-json\/wp\/v2\/types\/page"}],"author":[{"embeddable":true,"href":"https:\/\/venaziel.de\/fr\/wp-json\/wp\/v2\/users\/1"}],"replies":[{"embeddable":true,"href":"https:\/\/venaziel.de\/fr\/wp-json\/wp\/v2\/comments?post=40217"}],"version-history":[{"count":272,"href":"https:\/\/venaziel.de\/fr\/wp-json\/wp\/v2\/pages\/40217\/revisions"}],"predecessor-version":[{"id":78875,"href":"https:\/\/venaziel.de\/fr\/wp-json\/wp\/v2\/pages\/40217\/revisions\/78875"}],"up":[{"embeddable":true,"href":"https:\/\/venaziel.de\/fr\/wp-json\/wp\/v2\/pages\/40854"}],"wp:featuredmedia":[{"embeddable":true,"href":"https:\/\/venaziel.de\/fr\/wp-json\/wp\/v2\/media\/40218"}],"wp:attachment":[{"href":"https:\/\/venaziel.de\/fr\/wp-json\/wp\/v2\/media?parent=40217"}],"curies":[{"name":"wp","href":"https:\/\/api.w.org\/{rel}","templated":true}]}}