{"id":40268,"date":"2024-07-19T17:19:51","date_gmt":"2024-07-19T17:19:51","guid":{"rendered":"https:\/\/venaziel.de\/gefaesserkrankungen-checkup\/"},"modified":"2026-04-28T20:42:04","modified_gmt":"2026-04-28T20:42:04","slug":"gefaesserkrankungen-checkup","status":"publish","type":"page","link":"https:\/\/venaziel.de\/fr\/venenzentrum-leistungen\/gefaesserkrankungen-checkup\/","title":{"rendered":"D\u00e9pistage des maladies vasculaires \u00e0 Berlin : votre bilan vasculaire"},"content":{"rendered":"<div class=\"fusion-fullwidth fullwidth-box fusion-builder-row-1 fusion-flex-container has-pattern-background has-mask-background nonhundred-percent-fullwidth non-hundred-percent-height-scrolling\" style=\"--awb-border-radius-top-left:0px;--awb-border-radius-top-right:0px;--awb-border-radius-bottom-right:0px;--awb-border-radius-bottom-left:0px;--awb-padding-right:0px;--awb-padding-left:0px;--awb-flex-wrap:wrap;\" ><div class=\"fusion-builder-row fusion-row fusion-flex-align-items-flex-start fusion-flex-content-wrap\" style=\"max-width:78%;margin-left: calc(-4% \/ 2 );margin-right: calc(-4% \/ 2 );\"><div class=\"fusion-layout-column fusion_builder_column fusion-builder-column-0 fusion_builder_column_1_1 1_1 fusion-flex-column\" style=\"--awb-bg-size:cover;--awb-width-large:100%;--awb-margin-top-large:0px;--awb-spacing-right-large:0%;--awb-margin-bottom-large:20px;--awb-spacing-left-large:0%;--awb-width-medium:100%;--awb-order-medium:0;--awb-spacing-right-medium:1.92%;--awb-spacing-left-medium:1.92%;--awb-width-small:100%;--awb-order-small:0;--awb-spacing-right-small:1.92%;--awb-spacing-left-small:1.92%;\"><div class=\"fusion-column-wrapper fusion-column-has-shadow fusion-flex-justify-content-flex-start fusion-content-layout-column\"><div class=\"fusion-text fusion-text-1\" style=\"--awb-text-font-family:&quot;Poppins&quot;;--awb-text-font-style:normal;--awb-text-font-weight:300;\"><div id=\"fws_669a9bdbe2bc2\" class=\"wpb_row vc_row-fluid vc_row inner_row\" data-midnight=\"\" data-column-margin=\"default\">\n<div class=\"row_col_wrap_12_inner col span_12 left\">\n<div class=\"vc_col-sm-12 wpb_column column_container vc_column_container col child_column centered-text no-extra-padding el_spacing_5px inherit_tablet inherit_phone \" data-padding-pos=\"all\" data-has-bg-color=\"false\" data-bg-color=\"\" data-bg-opacity=\"1\" data-animation=\"\" data-delay=\"0\">\n<div class=\"vc_column-inner\">\n<div class=\"wpb_wrapper\">\n<div class=\"wpb_text_column wpb_content_element vc_custom_1671709893941\">\n<div class=\"wpb_wrapper\">\n<h2>Bilan vasculaire<\/h2>\n<\/div>\n<\/div>\n<\/div>\n<\/div>\n<\/div>\n<\/div>\n<\/div>\n<div id=\"fws_669a9bdbe2faa\" class=\"wpb_row vc_row-fluid vc_row inner_row\" data-midnight=\"\" data-column-margin=\"default\">\n<div class=\"row_col_wrap_12_inner col span_12 left\">\n<div class=\"vc_col-sm-12 wpb_column column_container vc_column_container col child_column no-extra-padding el_spacing_5px inherit_tablet inherit_phone \" data-padding-pos=\"all\" data-has-bg-color=\"false\" data-bg-color=\"\" data-bg-opacity=\"1\" data-animation=\"\" data-delay=\"0\">\n<div class=\"vc_column-inner\">\n<div class=\"wpb_wrapper\">\n<div class=\"wpb_text_column wpb_content_element \">\n<div class=\"wpb_wrapper\">\n<p>Les maladies vasculaires passent souvent inaper\u00e7ues jusqu&rsquo;\u00e0 ce qu&rsquo;elles entra\u00eenent un accident vasculaire c\u00e9r\u00e9bral ou un infarctus du myocarde. Cependant, une d\u00e9tection pr\u00e9coce et un traitement appropri\u00e9 permettent d&rsquo;\u00e9viter cela. C&rsquo;est pourquoi nous conseillons aux groupes \u00e0 risque de faire un bilan vasculaire efficace \u00e0 Berlin.<\/p>\n<p>Les d\u00e9p\u00f4ts de calcaire et de graisse sur les parois des vaisseaux ne sont pas forc\u00e9ment un signe de vieillesse. De mauvaises habitudes de vie et d&rsquo;alimentation peuvent \u00e9galement toucher les jeunes.<\/p>\n<\/div>\n<\/div>\n<\/div>\n<\/div>\n<\/div>\n<\/div>\n<\/div>\n<\/div><div class=\"fusion-image-element \" style=\"--awb-aspect-ratio:16 \/ 9;--awb-caption-title-font-family:var(--h2_typography-font-family);--awb-caption-title-font-weight:var(--h2_typography-font-weight);--awb-caption-title-font-style:var(--h2_typography-font-style);--awb-caption-title-size:var(--h2_typography-font-size);--awb-caption-title-transform:var(--h2_typography-text-transform);--awb-caption-title-line-height:var(--h2_typography-line-height);--awb-caption-title-letter-spacing:var(--h2_typography-letter-spacing);\"><span class=\" fusion-imageframe imageframe-dropshadow imageframe-1 hover-type-none has-aspect-ratio\" style=\"border-radius:10px;-webkit-box-shadow: 3px 3px 7px var(--awb-color3);box-shadow: 3px 3px 7px var(--awb-color3);\"><img decoding=\"async\" width=\"1024\" height=\"536\" alt=\"Scl\u00e9roth\u00e9rapie Berlin, ablation des varices, scl\u00e9roth\u00e9rapie \u00e0 la mousse, traitement des veines, phl\u00e9bologie esth\u00e9tique\" title=\"painful-varicose-and-spider-veins-on-active-womans\" src=\"https:\/\/venaziel.de\/wp-content\/uploads\/2024\/06\/painful-varicose-and-spider-veins-on-active-womans.jpg\" data-orig-src=\"https:\/\/venaziel.de\/wp-content\/uploads\/2024\/06\/painful-varicose-and-spider-veins-on-active-womans-1024x536.jpg\" class=\"lazyload img-responsive wp-image-40271 img-with-aspect-ratio\" data-parent-fit=\"cover\" data-parent-container=\".fusion-image-element\" srcset=\"data:image\/svg+xml,%3Csvg%20xmlns%3D%27http%3A%2F%2Fwww.w3.org%2F2000%2Fsvg%27%20width%3D%271200%27%20height%3D%27628%27%20viewBox%3D%270%200%201200%20628%27%3E%3Crect%20width%3D%271200%27%20height%3D%27628%27%20fill-opacity%3D%220%22%2F%3E%3C%2Fsvg%3E\" data-srcset=\"https:\/\/venaziel.de\/wp-content\/uploads\/2024\/06\/painful-varicose-and-spider-veins-on-active-womans-200x105.jpg 200w, https:\/\/venaziel.de\/wp-content\/uploads\/2024\/06\/painful-varicose-and-spider-veins-on-active-womans-400x209.jpg 400w, https:\/\/venaziel.de\/wp-content\/uploads\/2024\/06\/painful-varicose-and-spider-veins-on-active-womans-600x314.jpg 600w, https:\/\/venaziel.de\/wp-content\/uploads\/2024\/06\/painful-varicose-and-spider-veins-on-active-womans-800x419.jpg 800w, https:\/\/venaziel.de\/wp-content\/uploads\/2024\/06\/painful-varicose-and-spider-veins-on-active-womans.jpg 1200w\" data-sizes=\"auto\" data-orig-sizes=\"(max-width: 1024px) 100vw, (max-width: 676px) 100vw, 1024px\" \/><\/span><\/div><div class=\"fusion-text fusion-text-2\" style=\"--awb-text-font-family:&quot;Poppins&quot;;--awb-text-font-style:normal;--awb-text-font-weight:300;\"><p>Des facteurs de risque tels que l&rsquo;hypertension art\u00e9rielle, le diab\u00e8te, un taux de cholest\u00e9rol \u00e9lev\u00e9 ou le tabagisme favorisent tout particuli\u00e8rement l&rsquo;apparition de maladies vasculaires. S&rsquo;il existe un risque correspondant ou une pr\u00e9disposition h\u00e9r\u00e9ditaire, il faut agir \u00e0 temps.<\/p>\n<p>Lors d&rsquo;un bilan vasculaire approfondi, nous v\u00e9rifions donc la perm\u00e9abilit\u00e9, l&rsquo;\u00e9lasticit\u00e9 et l&rsquo;\u00e9paisseur de la paroi de vos vaisseaux sanguins. En fonction du r\u00e9sultat, nous pouvons \u00e9ventuellement mettre en place une th\u00e9rapie.<\/p>\n<\/div><div class=\"fusion-text fusion-text-3\"><div class=\"wpb_text_column wpb_content_element vc_custom_1667841183841\">\n<div class=\"wpb_wrapper\">\n<h2>Bilan vasculaire \u00e0 titre pr\u00e9ventif<\/h2>\n<\/div>\n<\/div>\n<div class=\"wpb_text_column wpb_content_element \">\n<div class=\"wpb_wrapper\">\n<p>Ce vieil adage s&rsquo;applique \u00e9galement ici, car un bilan vasculaire peut contribuer consid\u00e9rablement au maintien de votre sant\u00e9. Nous distinguons les variantes suivantes en mati\u00e8re de diagnostic&nbsp;:<\/p>\n<\/div>\n<\/div>\n<\/div><div class=\"fusion-text fusion-text-4\"><div id=\"fws_669a9bdbe6abd\" class=\"wpb_row vc_row-fluid vc_row inner_row\" data-midnight=\"\" data-column-margin=\"default\">\n<div class=\"row_col_wrap_12_inner col span_12 left\">\n<div class=\"vc_col-sm-12 wpb_column column_container vc_column_container col child_column no-extra-padding el_spacing_5px inherit_tablet inherit_phone \" data-padding-pos=\"all\" data-has-bg-color=\"false\" data-bg-color=\"\" data-bg-opacity=\"1\" data-animation=\"\" data-delay=\"0\">\n<div class=\"vc_column-inner\">\n<div class=\"wpb_wrapper\">\n<div class=\"nectar-highlighted-text\" data-style=\"regular_underline\" data-exp=\"default\" data-underline-thickness=\"1px\" data-user-color=\"true\" data-using-custom-color=\"true\" data-animation-delay=\"400\" data-color=\"#ffffff\" data-color-gradient=\"\">\n<h2>Bilan vasculaire complet<\/h2>\n<p><strong>Bilan vasculaire \u00e0 titre pr\u00e9ventif<\/strong><\/p>\n<\/div>\n<\/div>\n<\/div>\n<\/div>\n<\/div>\n<\/div>\n<div id=\"fws_669a9bdbe7296\" class=\"wpb_row vc_row-fluid vc_row inner_row\" data-midnight=\"\" data-column-margin=\"default\">\n<div class=\"row_col_wrap_12_inner col span_12 left\">\n<div class=\"vc_col-sm-12 wpb_column column_container vc_column_container col child_column no-extra-padding el_spacing_5px inherit_tablet inherit_phone \" data-padding-pos=\"all\" data-has-bg-color=\"false\" data-bg-color=\"\" data-bg-opacity=\"1\" data-animation=\"\" data-delay=\"0\">\n<div class=\"vc_column-inner\">\n<div class=\"wpb_wrapper\">\n<div class=\"wpb_text_column wpb_content_element \">\n<div class=\"wpb_wrapper\">\n<p>Nous ne nous limitons pas ici \u00e0 une r\u00e9gion sp\u00e9cifique du corps, mais examinons vos vaisseaux veineux et art\u00e9riels dans toutes les zones (cou, abdomen, jambes, aine). Apr\u00e8s l&rsquo;anamn\u00e8se et un diagnostic complet par \u00e9chographie-doppler couleur, un conseil approfondi ainsi qu&rsquo;un rapport d\u00e9taill\u00e9 \u00e0 votre m\u00e9decin traitant sont \u00e9galement fournis.<\/p>\n<p>La deuxi\u00e8me variante, plus d\u00e9taill\u00e9e, est consid\u00e9r\u00e9e comme une prestation de sant\u00e9 individuelle (IGeL) et donc comme un examen m\u00e9dical priv\u00e9. Elle n&rsquo;est g\u00e9n\u00e9ralement pas prise en charge par la caisse d&rsquo;assurance maladie l\u00e9gale.<\/p>\n<\/div>\n<\/div>\n<\/div>\n<\/div>\n<\/div>\n<\/div>\n<\/div>\n<\/div><div class=\"fusion-image-element \" style=\"--awb-aspect-ratio:16 \/ 9;--awb-caption-title-font-family:var(--h2_typography-font-family);--awb-caption-title-font-weight:var(--h2_typography-font-weight);--awb-caption-title-font-style:var(--h2_typography-font-style);--awb-caption-title-size:var(--h2_typography-font-size);--awb-caption-title-transform:var(--h2_typography-text-transform);--awb-caption-title-line-height:var(--h2_typography-line-height);--awb-caption-title-letter-spacing:var(--h2_typography-letter-spacing);\"><span class=\" fusion-imageframe imageframe-dropshadow imageframe-2 hover-type-none has-aspect-ratio\" style=\"border-radius:10px;-webkit-box-shadow: 3px 3px 7px var(--awb-color3);box-shadow: 3px 3px 7px var(--awb-color3);\"><img decoding=\"async\" width=\"1024\" height=\"664\" title=\"foot-surgeon-diagnose-using-ultrasound-for-varicose-vein-in-berlin-germany\" src=\"https:\/\/venaziel.de\/wp-content\/uploads\/2024\/06\/foot-surgeon-diagnose-using-ultrasound-for-varicose-vein-in-berlin-germany.jpg\" data-orig-src=\"https:\/\/venaziel.de\/wp-content\/uploads\/2024\/06\/foot-surgeon-diagnose-using-ultrasound-for-varicose-vein-in-berlin-germany-1024x664.jpg\" class=\"lazyload img-responsive wp-image-40272 img-with-aspect-ratio\" data-parent-fit=\"cover\" data-parent-container=\".fusion-image-element\" srcset=\"data:image\/svg+xml,%3Csvg%20xmlns%3D%27http%3A%2F%2Fwww.w3.org%2F2000%2Fsvg%27%20width%3D%271200%27%20height%3D%27778%27%20viewBox%3D%270%200%201200%20778%27%3E%3Crect%20width%3D%271200%27%20height%3D%27778%27%20fill-opacity%3D%220%22%2F%3E%3C%2Fsvg%3E\" data-srcset=\"https:\/\/venaziel.de\/wp-content\/uploads\/2024\/06\/foot-surgeon-diagnose-using-ultrasound-for-varicose-vein-in-berlin-germany-200x130.jpg 200w, https:\/\/venaziel.de\/wp-content\/uploads\/2024\/06\/foot-surgeon-diagnose-using-ultrasound-for-varicose-vein-in-berlin-germany-400x259.jpg 400w, https:\/\/venaziel.de\/wp-content\/uploads\/2024\/06\/foot-surgeon-diagnose-using-ultrasound-for-varicose-vein-in-berlin-germany-600x389.jpg 600w, https:\/\/venaziel.de\/wp-content\/uploads\/2024\/06\/foot-surgeon-diagnose-using-ultrasound-for-varicose-vein-in-berlin-germany-800x519.jpg 800w, https:\/\/venaziel.de\/wp-content\/uploads\/2024\/06\/foot-surgeon-diagnose-using-ultrasound-for-varicose-vein-in-berlin-germany.jpg 1200w\" data-sizes=\"auto\" data-orig-sizes=\"(max-width: 1024px) 100vw, (max-width: 676px) 100vw, 1024px\" alt=\"\"><\/span><\/div><div class=\"fusion-text fusion-text-5\"><div id=\"fws_669a9bdbe7ae8\" class=\"wpb_row vc_row-fluid vc_row inner_row\" data-midnight=\"\" data-column-margin=\"default\">\n<div class=\"row_col_wrap_12_inner col span_12 left\">\n<div class=\"vc_col-sm-12 wpb_column column_container vc_column_container col child_column no-extra-padding el_spacing_5px inherit_tablet inherit_phone \" data-padding-pos=\"all\" data-has-bg-color=\"false\" data-bg-color=\"\" data-bg-opacity=\"1\" data-animation=\"\" data-delay=\"0\">\n<div class=\"vc_column-inner\">\n<div class=\"wpb_wrapper\">\n<div class=\"nectar-highlighted-text\" data-style=\"regular_underline\" data-exp=\"default\" data-underline-thickness=\"1px\" data-user-color=\"true\" data-using-custom-color=\"true\" data-animation-delay=\"400\" data-color=\"#ffffff\" data-color-gradient=\"\">\n<h2>Bilan vasculaire partiel<\/h2>\n<p><strong><span style=\"font-size: 16px;\">Bilan vasculaire \u00e0 titre pr\u00e9ventif<\/span><\/strong><\/p>\n<\/div>\n<\/div>\n<\/div>\n<\/div>\n<\/div>\n<\/div>\n<div id=\"fws_669a9bdbe7dd7\" class=\"wpb_row vc_row-fluid vc_row inner_row\" data-midnight=\"\" data-column-margin=\"default\">\n<div class=\"row_col_wrap_12_inner col span_12 left\">\n<div class=\"vc_col-sm-12 wpb_column column_container vc_column_container col child_column no-extra-padding el_spacing_5px inherit_tablet inherit_phone \" data-padding-pos=\"all\" data-has-bg-color=\"false\" data-bg-color=\"\" data-bg-opacity=\"1\" data-animation=\"\" data-delay=\"0\">\n<div class=\"vc_column-inner\">\n<div class=\"wpb_wrapper\">\n<div class=\"wpb_text_column wpb_content_element \">\n<div class=\"wpb_wrapper\">\n<p>Apr\u00e8s une anamn\u00e8se approfondie, nous examinons les vaisseaux sanguins d&rsquo;une r\u00e9gion sp\u00e9cifique du corps par \u00e9chographie (\u00e9chographie-doppler couleur). Selon l&rsquo;indication, nous nous concentrons sur le cou, l&rsquo;abdomen, les jambes ou l&rsquo;aine.<\/p>\n<p>Vous recevrez ensuite des conseils approfondis et, bien entendu, un compte rendu m\u00e9dical pour votre m\u00e9decin traitant.<\/p>\n<\/div>\n<\/div>\n<\/div>\n<\/div>\n<\/div>\n<\/div>\n<\/div>\n<\/div><div class=\"fusion-image-element \" style=\"--awb-aspect-ratio:16 \/ 9;--awb-caption-title-font-family:var(--h2_typography-font-family);--awb-caption-title-font-weight:var(--h2_typography-font-weight);--awb-caption-title-font-style:var(--h2_typography-font-style);--awb-caption-title-size:var(--h2_typography-font-size);--awb-caption-title-transform:var(--h2_typography-text-transform);--awb-caption-title-line-height:var(--h2_typography-line-height);--awb-caption-title-letter-spacing:var(--h2_typography-letter-spacing);\"><span class=\" fusion-imageframe imageframe-dropshadow imageframe-3 hover-type-none has-aspect-ratio\" style=\"border-radius:10px;-webkit-box-shadow: 3px 3px 7px var(--awb-color3);box-shadow: 3px 3px 7px var(--awb-color3);\"><img decoding=\"async\" width=\"1024\" height=\"681\" alt=\"krampfadern-ursache-und-behandeln-in-berlin-venenzentrum\" title=\"microfoam-venenzentrum-berlin\" src=\"https:\/\/venaziel.de\/wp-content\/uploads\/2024\/06\/microfoam-venenzentrum-berlin.jpeg\" data-orig-src=\"https:\/\/venaziel.de\/wp-content\/uploads\/2024\/06\/microfoam-venenzentrum-berlin-1024x681.jpeg\" class=\"lazyload img-responsive wp-image-40273 img-with-aspect-ratio\" data-parent-fit=\"cover\" data-parent-container=\".fusion-image-element\" srcset=\"data:image\/svg+xml,%3Csvg%20xmlns%3D%27http%3A%2F%2Fwww.w3.org%2F2000%2Fsvg%27%20width%3D%271284%27%20height%3D%27854%27%20viewBox%3D%270%200%201284%20854%27%3E%3Crect%20width%3D%271284%27%20height%3D%27854%27%20fill-opacity%3D%220%22%2F%3E%3C%2Fsvg%3E\" data-srcset=\"https:\/\/venaziel.de\/wp-content\/uploads\/2024\/06\/microfoam-venenzentrum-berlin-200x133.jpeg 200w, https:\/\/venaziel.de\/wp-content\/uploads\/2024\/06\/microfoam-venenzentrum-berlin-400x266.jpeg 400w, https:\/\/venaziel.de\/wp-content\/uploads\/2024\/06\/microfoam-venenzentrum-berlin-600x399.jpeg 600w, https:\/\/venaziel.de\/wp-content\/uploads\/2024\/06\/microfoam-venenzentrum-berlin-800x532.jpeg 800w, https:\/\/venaziel.de\/wp-content\/uploads\/2024\/06\/microfoam-venenzentrum-berlin-1200x798.jpeg 1200w, https:\/\/venaziel.de\/wp-content\/uploads\/2024\/06\/microfoam-venenzentrum-berlin.jpeg 1284w\" data-sizes=\"auto\" data-orig-sizes=\"(max-width: 1024px) 100vw, (max-width: 676px) 100vw, 1024px\" \/><\/span><\/div><div class=\"fusion-text fusion-text-6\"><div id=\"krampfadern\" class=\"wpb_row vc_row-fluid vc_row inner_row\" data-midnight=\"\" data-column-margin=\"default\">\n<div class=\"row_col_wrap_12_inner col span_12 left\">\n<div class=\"vc_col-sm-12 wpb_column column_container vc_column_container col child_column centered-text no-extra-padding el_spacing_5px inherit_tablet inherit_phone \" data-padding-pos=\"all\" data-has-bg-color=\"false\" data-bg-color=\"\" data-bg-opacity=\"1\" data-animation=\"\" data-delay=\"0\">\n<div class=\"vc_column-inner\">\n<div class=\"wpb_wrapper\">\n<div class=\"nectar-highlighted-text\" data-style=\"regular_underline\" data-exp=\"default\" data-underline-thickness=\"1px\" data-user-color=\"true\" data-using-custom-color=\"true\" data-animation-delay=\"400\" data-color=\"#ffffff\" data-color-gradient=\"\">\n<h2>Bilan veineux chez les patients atteints de varices<\/h2>\n<h5><strong style=\"font-size: 16px;\">Bilan vasculaire \u00e0 titre pr\u00e9ventif<\/strong><\/h5>\n<\/div>\n<\/div>\n<\/div>\n<\/div>\n<\/div>\n<\/div>\n<div id=\"fws_669a9bdbe8997\" class=\"wpb_row vc_row-fluid vc_row inner_row\" data-midnight=\"\" data-column-margin=\"default\">\n<div class=\"row_col_wrap_12_inner col span_12 left\">\n<div class=\"vc_col-sm-12 wpb_column column_container vc_column_container col child_column centered-text no-extra-padding el_spacing_5px inherit_tablet inherit_phone \" data-padding-pos=\"all\" data-has-bg-color=\"false\" data-bg-color=\"\" data-bg-opacity=\"1\" data-animation=\"\" data-delay=\"0\">\n<div class=\"vc_column-inner\">\n<div class=\"wpb_wrapper\">\n<div class=\"wpb_text_column wpb_content_element \">\n<div class=\"wpb_wrapper\">\n<p>Les varices (varices) sont une maladie d\u00e9g\u00e9n\u00e9rative de la paroi veineuse des veines des jambes, qui touche principalement les femmes. Leur apparition est favoris\u00e9e par des facteurs de risque tels que les grossesses, le surpoids, mais aussi le manque d&rsquo;exercice ou une pr\u00e9disposition h\u00e9r\u00e9ditaire.<\/p>\n<\/div>\n<\/div>\n<\/div>\n<\/div>\n<\/div>\n<\/div>\n<\/div>\n<\/div><div class=\"fusion-text fusion-text-7\"><p>Les <strong>varices (varices)<\/strong> sont une maladie d\u00e9g\u00e9n\u00e9rative de la paroi veineuse des veines des jambes, qui touche principalement les femmes. Leur apparition est favoris\u00e9e par des facteurs de risque tels que les grossesses, le surpoids, mais aussi le manque d&rsquo;exercice ou une pr\u00e9disposition h\u00e9r\u00e9ditaire.<\/p>\n<p>Les personnes concern\u00e9es se plaignent souvent de <b>jambes chaudes, lourdes ou douloureuses<\/b> et perdent consid\u00e9rablement en qualit\u00e9 de vie. Les complications possibles sont, outre les <b>\u0153d\u00e8mes<\/b> et les modifications cutan\u00e9es, les saignements et les dangereuses <b>thromboses<\/b>.<\/p>\n<div class=\"wpb_text_column wpb_content_element vc_custom_1667587422271\">\n<div class=\"wpb_wrapper\">\n<p>Si vous souffrez de varices, tout un \u00e9ventail de possibilit\u00e9s th\u00e9rapeutiques s&rsquo;offre \u00e0 vous. La condition pr\u00e9alable est un diagnostic approfondi. Le bilan vasculaire se compose essentiellement <strong>de trois \u00e9tapes<\/strong>&nbsp;:<\/p>\n<div class=\"wpb_text_column wpb_content_element \">\n<div class=\"wpb_wrapper\">\n<h4>01. Anamn\u00e8se<\/h4>\n<\/div>\n<\/div>\n<div class=\"wpb_text_column wpb_content_element \">\n<div class=\"wpb_wrapper\">\n<p>On s&rsquo;int\u00e9resse ici surtout aux ant\u00e9c\u00e9dents m\u00e9dicaux, aux troubles actuels et aux ant\u00e9c\u00e9dents familiaux (maladies variqueuses, thromboses et autres maladies).<\/p>\n<h4>02. Examen physique<\/h4>\n<p>Les varices visibles, les \u0153d\u00e8mes, les ecz\u00e9mas, les ulc\u00e9rations (formation d&rsquo;ulc\u00e8res) et les durcissements palpables sous-cutan\u00e9s sont d\u00e9j\u00e0 des indications claires d&rsquo;une insuffisance veineuse chronique pour le sp\u00e9cialiste.<\/p>\n<h4>03. \u00c9chographie-doppler<\/h4>\n<p>La structure des veines est repr\u00e9sent\u00e9e avec pr\u00e9cision par \u00e9chographie. Le m\u00e9decin obtient des informations sur le diam\u00e8tre et la perm\u00e9abilit\u00e9 des vaisseaux ainsi que sur le fonctionnement des valvules veineuses. Sur la base des r\u00e9sultats de l&rsquo;examen, nous pouvons vous soumettre des propositions de th\u00e9rapie appropri\u00e9es.<\/p>\n<\/div>\n<\/div>\n<\/div>\n<\/div>\n<\/div><\/div><\/div><\/div><\/div>\n","protected":false},"excerpt":{"rendered":"<p>Les maladies vasculaires passent souvent inaper\u00e7ues jusqu&rsquo;\u00e0 ce qu&rsquo;elles entra\u00eenent de graves complications telles qu&rsquo;un accident vasculaire c\u00e9r\u00e9bral ou un infarctus du myocarde. Un bilan vasculaire pr\u00e9ventif \u00e0 Berlin nous permet de d\u00e9tecter ces risques \u00e0 un stade pr\u00e9coce et de les traiter de mani\u00e8re cibl\u00e9e. Les personnes souffrant d&rsquo;hypertension art\u00e9rielle, de diab\u00e8te, d&rsquo;un taux de cholest\u00e9rol \u00e9lev\u00e9 ou les fumeurs sont particuli\u00e8rement expos\u00e9s. Mais les jeunes peuvent \u00e9galement \u00eatre touch\u00e9s en raison de mauvaises habitudes de vie.<\/p>\n<p>Notre offre compl\u00e8te comprend le bilan vasculaire complet et le bilan vasculaire partiel, ainsi que des examens sp\u00e9cialis\u00e9s pour les patients atteints de varices. Nous v\u00e9rifions ainsi la perm\u00e9abilit\u00e9, l&rsquo;\u00e9lasticit\u00e9 et l&rsquo;\u00e9paisseur de la paroi de vos vaisseaux sanguins afin de pouvoir prendre des mesures pr\u00e9ventives \u00e0 un stade pr\u00e9coce. Mieux vaut pr\u00e9venir que gu\u00e9rir&nbsp;: un bilan vasculaire contribue de mani\u00e8re d\u00e9cisive \u00e0 votre sant\u00e9. Apprenez-en davantage sur nos prestations et prenez rendez-vous pour une anamn\u00e8se approfondie et un conseil personnalis\u00e9.<\/p>\n","protected":false},"author":1,"featured_media":40270,"parent":42315,"menu_order":0,"comment_status":"closed","ping_status":"closed","template":"","meta":{"footnotes":""},"class_list":["post-40268","page","type-page","status-publish","has-post-thumbnail","hentry"],"_links":{"self":[{"href":"https:\/\/venaziel.de\/fr\/wp-json\/wp\/v2\/pages\/40268","targetHints":{"allow":["GET"]}}],"collection":[{"href":"https:\/\/venaziel.de\/fr\/wp-json\/wp\/v2\/pages"}],"about":[{"href":"https:\/\/venaziel.de\/fr\/wp-json\/wp\/v2\/types\/page"}],"author":[{"embeddable":true,"href":"https:\/\/venaziel.de\/fr\/wp-json\/wp\/v2\/users\/1"}],"replies":[{"embeddable":true,"href":"https:\/\/venaziel.de\/fr\/wp-json\/wp\/v2\/comments?post=40268"}],"version-history":[{"count":86,"href":"https:\/\/venaziel.de\/fr\/wp-json\/wp\/v2\/pages\/40268\/revisions"}],"predecessor-version":[{"id":79197,"href":"https:\/\/venaziel.de\/fr\/wp-json\/wp\/v2\/pages\/40268\/revisions\/79197"}],"up":[{"embeddable":true,"href":"https:\/\/venaziel.de\/fr\/wp-json\/wp\/v2\/pages\/42315"}],"wp:featuredmedia":[{"embeddable":true,"href":"https:\/\/venaziel.de\/fr\/wp-json\/wp\/v2\/media\/40270"}],"wp:attachment":[{"href":"https:\/\/venaziel.de\/fr\/wp-json\/wp\/v2\/media?parent=40268"}],"curies":[{"name":"wp","href":"https:\/\/api.w.org\/{rel}","templated":true}]}}