{"id":40417,"date":"2024-07-04T11:38:21","date_gmt":"2024-07-04T11:38:21","guid":{"rendered":"https:\/\/venaziel.de\/venenkleber-venaseal\/"},"modified":"2026-04-24T12:52:39","modified_gmt":"2026-04-24T12:52:39","slug":"venenkleber-venaseal","status":"publish","type":"page","link":"https:\/\/venaziel.de\/fr\/venenzentrum\/venenkleber-venaseal\/","title":{"rendered":"VenaSeal (colle veineuse)"},"content":{"rendered":"<div class=\"fusion-fullwidth fullwidth-box fusion-builder-row-1 fusion-flex-container has-pattern-background has-mask-background nonhundred-percent-fullwidth non-hundred-percent-height-scrolling\" style=\"--awb-border-radius-top-left:0px;--awb-border-radius-top-right:0px;--awb-border-radius-bottom-right:0px;--awb-border-radius-bottom-left:0px;--awb-padding-right:0px;--awb-padding-left:0px;--awb-flex-wrap:wrap;\" ><div class=\"fusion-builder-row fusion-row fusion-flex-align-items-flex-start fusion-flex-content-wrap\" style=\"max-width:78%;margin-left: calc(-4% \/ 2 );margin-right: calc(-4% \/ 2 );\"><div class=\"fusion-layout-column fusion_builder_column fusion-builder-column-0 fusion_builder_column_1_1 1_1 fusion-flex-column\" style=\"--awb-bg-size:cover;--awb-width-large:100%;--awb-margin-top-large:0px;--awb-spacing-right-large:0%;--awb-margin-bottom-large:20px;--awb-spacing-left-large:0%;--awb-width-medium:100%;--awb-order-medium:0;--awb-spacing-right-medium:1.92%;--awb-spacing-left-medium:1.92%;--awb-width-small:100%;--awb-order-small:0;--awb-spacing-right-small:1.92%;--awb-spacing-left-small:1.92%;\"><div class=\"fusion-column-wrapper fusion-column-has-shadow fusion-flex-justify-content-flex-start fusion-content-layout-column\"><div class=\"fusion-text fusion-text-1\" style=\"--awb-text-font-family:&quot;Poppins&quot;;--awb-text-font-style:normal;--awb-text-font-weight:300;\"><h2 id=\"toc_Was_ist_ein_Venenkleber_VenaSeal_im_Allgemeinen\" class=\"vc_custom_heading vc_custom_1680428487039 fusion-responsive-typography-calculated\" style=\"--fontsize: 35; line-height: 1.28;\" data-fontsize=\"35\" data-lineheight=\"44.8px\">Qu\u2019est-ce qu\u2019une colle vasculaire (VenaSeal) en g\u00e9n\u00e9ral ?<\/h2>\n<div class=\"nectar-responsive-text absatz font_size_desktop_16px font_line_height_1-5\">\n<p>Une colle vasculaire \u00e0 base d\u2019acrylique est utilis\u00e9e pour coller <a href=\"https:\/\/venaziel.de\/venenzentrum-leistungen\/krampfadern-entfernen\/\" data-schema-attribute=\"mentions\">les varices \u00e0 Berlin sans chirurgie ni anesth\u00e9sie<\/a>, afin de fermer la veine et de rediriger le sang vers d\u2019autres veines.<\/p>\n<p>Il n\u2019est ni toxique, ni canc\u00e9rig\u00e8ne et ne provoque pas d\u2019allergies. Important&nbsp;: Nous utilisons une autre th\u00e9rapie pour les varicosit\u00e9s, la colle veineuse ne peut pas \u00eatre utilis\u00e9e ici.<\/p>\n<\/div>\n<h2 id=\"toc_Was_ist_der_Venenkleber_VenaSeal_im_Speziellen\" class=\"vc_custom_heading vc_custom_1680428503185 fusion-responsive-typography-calculated\" style=\"--fontsize: 35; line-height: 1.28;\" data-fontsize=\"35\" data-lineheight=\"44.8px\">Qu\u2019est-ce que le VenaSeal en particulier ?<\/h2>\n<div class=\"nectar-responsive-text absatz font_size_desktop_16px font_line_height_1-5\">\n<p>VenaSeal \u00e0 Berlin, ou plus pr\u00e9cis\u00e9ment le syst\u00e8me de fermeture VenaSeal (colle veineuse), est une nouvelle colle veineuse \u00e0 base d\u2019acrylate qui obstrue la veine saph\u00e8ne malade afin de la gu\u00e9rir durablement. Le cyanoacrylate que nous utilisons est une colle enti\u00e8rement biod\u00e9gradable, tr\u00e8s bien tol\u00e9r\u00e9e par les tissus et, bien entendu, non canc\u00e9rig\u00e8ne. Aucune op\u00e9ration ni anesth\u00e9sie n\u2019est n\u00e9cessaire, le traitement dure environ 20&nbsp;minutes par veine malade et presque tous les patients sont imm\u00e9diatement aptes au travail.<\/p>\n<\/div>\n<\/div><div class=\"fusion-video fusion-youtube\" style=\"--awb-max-width:600px;--awb-max-height:360px;\" data-autoplay=\"1\"><div class=\"video-shortcode\"><lite-youtube videoid=\"jSJjhuuthR0\" class=\"landscape\" params=\"wmode=transparent&autoplay=1&amp;mute=1&amp;enablejsapi=1\" title=\"YouTube video player 1\" data-button-label=\"Play Video\" width=\"600\" height=\"360\" data-thumbnail-size=\"auto\" data-no-cookie=\"on\"><\/lite-youtube><\/div><\/div><div class=\"fusion-text fusion-text-2\" style=\"--awb-text-font-family:&quot;Poppins&quot;;--awb-text-font-style:normal;--awb-text-font-weight:300;\"><h2 class=\"vc_custom_heading vc_custom_1680273457864\">Quels sont les premiers signes\/sympt\u00f4mes d\u2019une insuffisance veineuse ?<\/h2>\n<div class=\"nectar-responsive-text absatz font_size_desktop_16px font_line_height_1-5\">\n<p>Les varices sont des veines dilat\u00e9es qui sont caus\u00e9es par un d\u00e9faut de la veine, le plus souvent par un flux sanguin anormal \u00e0 travers une valvule veineuse d\u00e9form\u00e9e et une paroi veineuse mince. La raison en est une faiblesse du tissu conjonctif, qui fait que les valvules veineuses ne fonctionnent plus correctement.<\/p>\n<p>Les premiers<a href=\"https:\/\/venaziel.de\/fr\/phlebologie\/einfuhrung-in-die-phlebologie\/\" data-schema-attribute=\"about\"> signes d&rsquo;une insuffisance veineuse<\/a> et l&rsquo;apparition de varices sont des changements de couleur de la peau de votre jambe ou une sensation de jambes lourdes apr\u00e8s une activit\u00e9 prolong\u00e9e. Mais les douleurs dans les jambes apr\u00e8s avoir march\u00e9 ou \u00eatre rest\u00e9 debout longtemps, les jambes fatigu\u00e9es et gonfl\u00e9es, ou les crampes au mollet ou au pied sont \u00e9galement des signes que vous devriez rapidement consulter un m\u00e9decin. En effet, non trait\u00e9es, les varices peuvent s&rsquo;aggraver et entra\u00eener des ulc\u00e8res ouverts \u00e0 la jambe, voire, dans de rares cas, des embolies pulmonaires potentiellement mortelles.<\/p>\n<\/div>\n<\/div><div class=\"fusion-image-element \" style=\"--awb-aspect-ratio:16 \/ 9;--awb-margin-bottom:20px;--awb-caption-title-font-family:var(--h2_typography-font-family);--awb-caption-title-font-weight:var(--h2_typography-font-weight);--awb-caption-title-font-style:var(--h2_typography-font-style);--awb-caption-title-size:var(--h2_typography-font-size);--awb-caption-title-transform:var(--h2_typography-text-transform);--awb-caption-title-line-height:var(--h2_typography-line-height);--awb-caption-title-letter-spacing:var(--h2_typography-letter-spacing);\"><span class=\" fusion-imageframe imageframe-dropshadow imageframe-1 hover-type-none has-aspect-ratio\" style=\"border-radius:10px;-webkit-box-shadow: 3px 3px 7px var(--awb-color3);box-shadow: 3px 3px 7px var(--awb-color3);\"><img decoding=\"async\" width=\"1024\" height=\"649\" title=\"varicos-veins-krampfadern-therapie-berlin-mitte-laser-venaseal-beste-methoden-berlin\" src=\"https:\/\/venaziel.de\/wp-content\/uploads\/2024\/07\/varicos-veins-krampfadern-therapie-berlin-mitte-laser-venaseal-beste-methoden-berlin.jpg\" data-orig-src=\"https:\/\/venaziel.de\/wp-content\/uploads\/2024\/07\/varicos-veins-krampfadern-therapie-berlin-mitte-laser-venaseal-beste-methoden-berlin-1024x649.jpg\" class=\"lazyload img-responsive wp-image-40420 img-with-aspect-ratio\" data-parent-fit=\"cover\" data-parent-container=\".fusion-image-element\" srcset=\"data:image\/svg+xml,%3Csvg%20xmlns%3D%27http%3A%2F%2Fwww.w3.org%2F2000%2Fsvg%27%20width%3D%271200%27%20height%3D%27760%27%20viewBox%3D%270%200%201200%20760%27%3E%3Crect%20width%3D%271200%27%20height%3D%27760%27%20fill-opacity%3D%220%22%2F%3E%3C%2Fsvg%3E\" data-srcset=\"https:\/\/venaziel.de\/wp-content\/uploads\/2024\/07\/varicos-veins-krampfadern-therapie-berlin-mitte-laser-venaseal-beste-methoden-berlin-200x127.jpg 200w, https:\/\/venaziel.de\/wp-content\/uploads\/2024\/07\/varicos-veins-krampfadern-therapie-berlin-mitte-laser-venaseal-beste-methoden-berlin-400x253.jpg 400w, https:\/\/venaziel.de\/wp-content\/uploads\/2024\/07\/varicos-veins-krampfadern-therapie-berlin-mitte-laser-venaseal-beste-methoden-berlin-600x380.jpg 600w, https:\/\/venaziel.de\/wp-content\/uploads\/2024\/07\/varicos-veins-krampfadern-therapie-berlin-mitte-laser-venaseal-beste-methoden-berlin-800x507.jpg 800w, https:\/\/venaziel.de\/wp-content\/uploads\/2024\/07\/varicos-veins-krampfadern-therapie-berlin-mitte-laser-venaseal-beste-methoden-berlin.jpg 1200w\" data-sizes=\"auto\" data-orig-sizes=\"(max-width: 1024px) 100vw, (max-width: 676px) 100vw, 1024px\" alt=\"\"><\/span><\/div><div class=\"fusion-text fusion-text-3\"><h2 class=\"vc_custom_heading vc_custom_1680428546784\">Comment se d\u00e9roule le traitement individuel avec la colle vasculaire (VenaSeal Closure System) ?<\/h2>\n<div class=\"nectar-responsive-text absatz font_size_desktop_16px font_line_height_1-5\">\n<p>\u00c9tant donn\u00e9 que les varices sont souvent familiales, l\u2019h\u00e9r\u00e9dit\u00e9 d\u2019une faiblesse veineuse semble jouer un r\u00f4le dans le d\u00e9veloppement des varices. Mais les sympt\u00f4mes actuels, les ant\u00e9c\u00e9dents m\u00e9dicaux et un examen physique fournissent \u00e9galement des indications cruciales sur les varices. Diverses m\u00e9thodes de diagnostic telles que l\u2019\u00e9chographie en mode&nbsp;B, l\u2019\u00e9chographie Doppler veineuse et la photopl\u00e9thysmographie num\u00e9rique (D-PPG\/LRR) fournissent ensuite des informations sur les changements plus profonds.<\/p>\n<\/div>\n<\/div><div class=\"fusion-image-element \" style=\"--awb-aspect-ratio:16 \/ 9;--awb-margin-bottom:20px;--awb-caption-title-font-family:var(--h2_typography-font-family);--awb-caption-title-font-weight:var(--h2_typography-font-weight);--awb-caption-title-font-style:var(--h2_typography-font-style);--awb-caption-title-size:var(--h2_typography-font-size);--awb-caption-title-transform:var(--h2_typography-text-transform);--awb-caption-title-line-height:var(--h2_typography-line-height);--awb-caption-title-letter-spacing:var(--h2_typography-letter-spacing);\"><span class=\" fusion-imageframe imageframe-dropshadow imageframe-2 hover-type-none has-aspect-ratio\" style=\"border-radius:10px;-webkit-box-shadow: 3px 3px 7px var(--awb-color3);box-shadow: 3px 3px 7px var(--awb-color3);\"><img decoding=\"async\" width=\"1024\" height=\"492\" title=\"phlebogoe-performing-an-ultrasound-on-the-patient-for-spider-vein-diagnosis-berlin-clinic\" src=\"https:\/\/venaziel.de\/wp-content\/uploads\/2024\/07\/phlebogoe-performing-an-ultrasound-on-the-patient-for-spider-vein-diagnosis-berlin-clinic.jpg\" data-orig-src=\"https:\/\/venaziel.de\/wp-content\/uploads\/2024\/07\/phlebogoe-performing-an-ultrasound-on-the-patient-for-spider-vein-diagnosis-berlin-clinic-1024x492.jpg\" class=\"lazyload img-responsive wp-image-40419 img-with-aspect-ratio\" data-parent-fit=\"cover\" data-parent-container=\".fusion-image-element\" srcset=\"data:image\/svg+xml,%3Csvg%20xmlns%3D%27http%3A%2F%2Fwww.w3.org%2F2000%2Fsvg%27%20width%3D%271200%27%20height%3D%27576%27%20viewBox%3D%270%200%201200%20576%27%3E%3Crect%20width%3D%271200%27%20height%3D%27576%27%20fill-opacity%3D%220%22%2F%3E%3C%2Fsvg%3E\" data-srcset=\"https:\/\/venaziel.de\/wp-content\/uploads\/2024\/07\/phlebogoe-performing-an-ultrasound-on-the-patient-for-spider-vein-diagnosis-berlin-clinic-200x96.jpg 200w, https:\/\/venaziel.de\/wp-content\/uploads\/2024\/07\/phlebogoe-performing-an-ultrasound-on-the-patient-for-spider-vein-diagnosis-berlin-clinic-400x192.jpg 400w, https:\/\/venaziel.de\/wp-content\/uploads\/2024\/07\/phlebogoe-performing-an-ultrasound-on-the-patient-for-spider-vein-diagnosis-berlin-clinic-600x288.jpg 600w, https:\/\/venaziel.de\/wp-content\/uploads\/2024\/07\/phlebogoe-performing-an-ultrasound-on-the-patient-for-spider-vein-diagnosis-berlin-clinic-800x384.jpg 800w, https:\/\/venaziel.de\/wp-content\/uploads\/2024\/07\/phlebogoe-performing-an-ultrasound-on-the-patient-for-spider-vein-diagnosis-berlin-clinic.jpg 1200w\" data-sizes=\"auto\" data-orig-sizes=\"(max-width: 1024px) 100vw, (max-width: 676px) 100vw, 1024px\" alt=\"\"><\/span><\/div><div class=\"fusion-text fusion-text-4\"><p>La connaissance des <a href=\"https:\/\/venaziel.de\/venenzentrum-leistungen\/krampfadern-behandlungen\/\" data-schema-attribute=\"about\">causes de vos maladies veineuses<\/a> est la premi\u00e8re \u00e9tape, et la plus importante, vers une gu\u00e9rison efficace. Une fois que votre <a href=\"https:\/\/venaziel.de\/fr\/\">centre veineux de Berlin<\/a> aura d\u00e9termin\u00e9 ces causes avec vous, le sp\u00e9cialiste adapt\u00e9 \u00e0 votre diagnostic et son \u00e9quipe s&rsquo;occuperont de vous, r\u00e9pondront \u00e0 vos questions, \u00e9valueront votre maladie veineuse et \u00e9tabliront un plan de traitement unique et complet en fonction de vos besoins. Si un traitement individuel par le bio-adh\u00e9sif VenaSeal (colle veineuse) est recommand\u00e9, nos sp\u00e9cialistes vous informeront en d\u00e9tail et vous pr\u00e9senteront le plan de traitement complet (qui consiste g\u00e9n\u00e9ralement en plusieurs approches th\u00e9rapeutiques). Le traitement par bio-adh\u00e9sif VenaSeal (colle veineuse) se d\u00e9roule comme suit :<\/p>\n<p>Le traitement est ambulatoire et aucune anesth\u00e9sie g\u00e9n\u00e9rale n\u2019est n\u00e9cessaire. Au moyen d\u2019une petite ponction et d\u2019un cath\u00e9ter, une colle veineuse m\u00e9dicale est introduite progressivement dans la varice, avec une l\u00e9g\u00e8re pression. Le traitement ne n\u00e9cessite pas d\u2019anesth\u00e9sie locale et est contr\u00f4l\u00e9 en permanence par \u00e9chographie afin de garantir la fermeture s\u00fbre du vaisseau.<\/p>\n<\/div><div class=\"fusion-image-element \" style=\"--awb-aspect-ratio:16 \/ 9;--awb-caption-title-font-family:var(--h2_typography-font-family);--awb-caption-title-font-weight:var(--h2_typography-font-weight);--awb-caption-title-font-style:var(--h2_typography-font-style);--awb-caption-title-size:var(--h2_typography-font-size);--awb-caption-title-transform:var(--h2_typography-text-transform);--awb-caption-title-line-height:var(--h2_typography-line-height);--awb-caption-title-letter-spacing:var(--h2_typography-letter-spacing);\"><span class=\" fusion-imageframe imageframe-dropshadow imageframe-3 hover-type-none has-aspect-ratio\" style=\"border-radius:10px;-webkit-box-shadow: 3px 3px 7px var(--awb-color3);box-shadow: 3px 3px 7px var(--awb-color3);\"><img decoding=\"async\" width=\"800\" height=\"533\" title=\"venaseal-venenkleber-in-berlin-germany\" src=\"https:\/\/venaziel.de\/wp-content\/uploads\/2024\/07\/venaseal-venenkleber-in-berlin-germany.jpg\" data-orig-src=\"https:\/\/venaziel.de\/wp-content\/uploads\/2024\/07\/venaseal-venenkleber-in-berlin-germany.jpg\" class=\"lazyload img-responsive wp-image-40421 img-with-aspect-ratio\" data-parent-fit=\"cover\" data-parent-container=\".fusion-image-element\" srcset=\"data:image\/svg+xml,%3Csvg%20xmlns%3D%27http%3A%2F%2Fwww.w3.org%2F2000%2Fsvg%27%20width%3D%27800%27%20height%3D%27533%27%20viewBox%3D%270%200%20800%20533%27%3E%3Crect%20width%3D%27800%27%20height%3D%27533%27%20fill-opacity%3D%220%22%2F%3E%3C%2Fsvg%3E\" data-srcset=\"https:\/\/venaziel.de\/wp-content\/uploads\/2024\/07\/venaseal-venenkleber-in-berlin-germany-200x133.jpg 200w, https:\/\/venaziel.de\/wp-content\/uploads\/2024\/07\/venaseal-venenkleber-in-berlin-germany-400x267.jpg 400w, https:\/\/venaziel.de\/wp-content\/uploads\/2024\/07\/venaseal-venenkleber-in-berlin-germany-600x400.jpg 600w, https:\/\/venaziel.de\/wp-content\/uploads\/2024\/07\/venaseal-venenkleber-in-berlin-germany.jpg 800w\" data-sizes=\"auto\" data-orig-sizes=\"(max-width: 1024px) 100vw, (max-width: 676px) 100vw, 800px\" data-orig- alt=\"\"><\/span><\/div><div class=\"fusion-text fusion-text-5\"><h2 class=\"vc_custom_heading vc_custom_1680277098496\">Avantages<\/h2>\n<div class=\"nectar-responsive-text absatz font_size_desktop_16px font_line_height_1-5\">\n<p>Les avantages d\u2019un traitement individuel avec la colle vasculaire \u00e0 Berlin (VenaSeal Closure System) sont \u00e9vidents :<\/p>\n<ul>\n<li>Seules une petite ponction et un cath\u00e9ter correspondant sont n\u00e9cessaires pour introduire progressivement et avec une l\u00e9g\u00e8re pression le <a href=\"https:\/\/www.medtronic.com\/de-de\/patienten\/produkte-therapien\/krampfadern-behandeln\/therapien-von-medtronic\/venaseal-closure-system.html\" target=\"_blank\" rel=\"noopener\">bio-adh\u00e9sif VenaSeal<\/a> (colle veineuse) dans la varice, o\u00f9 il assure durablement la gu\u00e9rison de la veine saph\u00e8ne, tandis que le sang est d\u00e9tourn\u00e9 vers d&rsquo;autres veines. La veine saph\u00e8ne (racine de la varice) est gu\u00e9rie en quelques semaines et, apr\u00e8s environ 12 mois, la colle est d\u00e9grad\u00e9e par l&rsquo;organisme sans complications.<\/li>\n<li>Une intervention ambulatoire, mini-invasive et non douloureuse d\u2019environ 20 minutes par veine saph\u00e8ne, qui conduit \u00e0 la gu\u00e9rison compl\u00e8te de la varice.<\/li>\n<li>Pas d\u2019anesth\u00e9sie g\u00e9n\u00e9rale ou locale<\/li>\n<li>Pas de br\u00fblures de la peau ou de l\u00e9sions nerveuses comme cela peut \u00eatre le cas avec d\u2019autres m\u00e9thodes th\u00e9rapeutiques<\/li>\n<li>La bio-colle VenaSeal (colle vasculaire) est enti\u00e8rement biod\u00e9gradable, non canc\u00e9rig\u00e8ne et ne provoque pas de r\u00e9actions allergiques<\/li>\n<li>Une phase de gu\u00e9rison rapide du patient est garantie<\/li>\n<li>Les m\u00e9dicaments et les bas de contention ne sont pas n\u00e9cessaires apr\u00e8s le traitement<\/li>\n<li>Un arr\u00eat de travail n\u2019est pas n\u00e9cessaire<\/li>\n<\/ul>\n<\/div>\n<\/div><div class=\"fusion-text fusion-text-6\"><h2 class=\"vc_custom_heading vc_custom_1680602670993\">Que dois-je prendre en compte apr\u00e8s le traitement avec la bio-colle VenaSeal (colle vasculaire) ?<\/h2>\n<div class=\"nectar-responsive-text absatz font_size_desktop_16px font_line_height_1-5\">\n<div class=\"wpb_text_column wpb_content_element \">\n<div class=\"wpb_wrapper\">\n<p>\u00c9tant donn\u00e9 que la th\u00e9rapie avec la colle biologique VenaSeal (colle veineuse) est r\u00e9alis\u00e9e de mani\u00e8re tr\u00e8s simple et douce pour les tissus, aucun suivi particulier n\u2019est n\u00e9cessaire. Les m\u00e9dicaments ou les bas de contention ne sont pas non plus n\u00e9cessaires.<\/p>\n<\/div>\n<\/div>\n<\/div>\n<h2 class=\"vc_custom_heading vc_custom_1680603442476\">Y a-t-il des effets secondaires lors d\u2019un traitement avec la bio-colle VenaSeal (colle vasculaire) ?<\/h2>\n<div class=\"nectar-responsive-text absatz font_size_desktop_16px font_line_height_1-5\">\n<p>Un l\u00e9ger effet secondaire pourrait \u00eatre une r\u00e9action inflammatoire de courte dur\u00e9e, caus\u00e9e par le premier contact de la lymphe avec la colle biologique VenaSeal (colle veineuse). Mais des bandages refroidissants peuvent facilement y rem\u00e9dier. En outre, il y a une augmentation \u00e0 court terme des param\u00e8tres inflammatoires dans le contr\u00f4le chimique de laboratoire.<\/p>\n<\/div>\n<\/div><\/div><\/div><\/div><\/div>\n","protected":false},"excerpt":{"rendered":"<p>D\u00e9couvrez comment traiter et faire retirer efficacement les varicosit\u00e9s et les varices \u00e0 Berlin. Apprenez-en davantage sur les causes, les facteurs de risque et les possibilit\u00e9s de pr\u00e9vention de ces petites veines visibles sous la peau. Nos experts du centre veineux de Berlin vous offrent des conseils complets et des m\u00e9thodes th\u00e9rapeutiques ultramodernes pour am\u00e9liorer votre sant\u00e9 veineuse et soulager vos sympt\u00f4mes. Prenez rendez-vous d\u00e8s aujourd\u2019hui et b\u00e9n\u00e9ficiez de conseils professionnels&nbsp;!<\/p>\n","protected":false},"author":1,"featured_media":40218,"parent":40854,"menu_order":0,"comment_status":"closed","ping_status":"closed","template":"","meta":{"footnotes":""},"class_list":["post-40417","page","type-page","status-publish","has-post-thumbnail","hentry"],"_links":{"self":[{"href":"https:\/\/venaziel.de\/fr\/wp-json\/wp\/v2\/pages\/40417","targetHints":{"allow":["GET"]}}],"collection":[{"href":"https:\/\/venaziel.de\/fr\/wp-json\/wp\/v2\/pages"}],"about":[{"href":"https:\/\/venaziel.de\/fr\/wp-json\/wp\/v2\/types\/page"}],"author":[{"embeddable":true,"href":"https:\/\/venaziel.de\/fr\/wp-json\/wp\/v2\/users\/1"}],"replies":[{"embeddable":true,"href":"https:\/\/venaziel.de\/fr\/wp-json\/wp\/v2\/comments?post=40417"}],"version-history":[{"count":242,"href":"https:\/\/venaziel.de\/fr\/wp-json\/wp\/v2\/pages\/40417\/revisions"}],"predecessor-version":[{"id":78211,"href":"https:\/\/venaziel.de\/fr\/wp-json\/wp\/v2\/pages\/40417\/revisions\/78211"}],"up":[{"embeddable":true,"href":"https:\/\/venaziel.de\/fr\/wp-json\/wp\/v2\/pages\/40854"}],"wp:featuredmedia":[{"embeddable":true,"href":"https:\/\/venaziel.de\/fr\/wp-json\/wp\/v2\/media\/40218"}],"wp:attachment":[{"href":"https:\/\/venaziel.de\/fr\/wp-json\/wp\/v2\/media?parent=40417"}],"curies":[{"name":"wp","href":"https:\/\/api.w.org\/{rel}","templated":true}]}}