{"id":40436,"date":"2024-10-10T10:25:53","date_gmt":"2024-10-10T10:25:53","guid":{"rendered":"https:\/\/venaziel.de\/chronische-venoese-insuffizienz-cvi\/"},"modified":"2026-04-07T13:32:20","modified_gmt":"2026-04-07T13:32:20","slug":"chronische-venoese-insuffizienz-cvi","status":"publish","type":"page","link":"https:\/\/venaziel.de\/fr\/phlebologie\/chronische-venoese-insuffizienz-cvi\/","title":{"rendered":"IVC&nbsp;: causes, diagnostic et options de traitement modernes"},"content":{"rendered":"<p><span style=\"font-weight: 400;\">Cet article vous explique comment diagnostiquer l&rsquo;IVC, quelles sont les options de traitement disponibles et pourquoi les m\u00e9thodes modernes telles que VenaSeal (colle pour veines) occupent une place importante en phl\u00e9bologie. Il explique \u00e9galement comment la maladie est li\u00e9e aux varices (varicose) et quelles mesures pr\u00e9ventives les personnes concern\u00e9es peuvent prendre.<\/span><\/p>\n<p>&nbsp;<\/p>\n<h2><span style=\"font-weight: 400;\">Causes de l\u2019insuffisance veineuse chronique (IVC)<\/span><\/h2>\n<p><span style=\"font-weight: 400;\">Les causes de l&rsquo;IVC sont multiples et r\u00e9sultent g\u00e9n\u00e9ralement d&rsquo;une combinaison de facteurs g\u00e9n\u00e9tiques et d&rsquo;influences ext\u00e9rieures. Les principaux facteurs de risque sont les suivants :<\/span><\/p>\n<ul>\n<li style=\"font-weight: 400;\" aria-level=\"1\"><b>Pr\u00e9disposition g\u00e9n\u00e9tique&nbsp;: <\/b><span style=\"font-weight: 400;\">Une pr\u00e9disposition familiale augmente le risque de d\u00e9velopper une IVC. Les personnes ayant des parents au premier degr\u00e9 qui souffrent de <a href=\"https:\/\/venaziel.de\/venenzentrum-leistungen\/krampfadern-entfernen\/\">varices<\/a> ou d&rsquo;autres maladies veineuses ont un risque significativement plus \u00e9lev\u00e9 d&rsquo;\u00eatre \u00e9galement touch\u00e9es.<\/span><\/li>\n<li style=\"font-weight: 400;\" aria-level=\"1\"><b>Station debout ou assise prolong\u00e9e&nbsp;: <\/b><span style=\"font-weight: 400;\">Les professions qui exigent de rester debout ou assis longtemps favorisent la stagnation du sang dans les jambes. Le retour veineux est rendu plus difficile, ce qui entra\u00eene une surcharge chronique des veines.<\/span><\/li>\n<li style=\"font-weight: 400;\" aria-level=\"1\"><b>Surpoids&nbsp;:<\/b> <span style=\"font-weight: 400;\">Le surpoids exerce une pression suppl\u00e9mentaire sur les veines des jambes et favorise le d\u00e9veloppement d\u2019une insuffisance veineuse chronique.<\/span><\/li>\n<li style=\"font-weight: 400;\" aria-level=\"1\"><b>Grossesse&nbsp;: <\/b><span style=\"font-weight: 400;\">Pendant la grossesse, les changements hormonaux et la pression du f\u0153tus en croissance sur les veines entra\u00eenent une augmentation de la charge sur le syst\u00e8me veineux. Cela peut entra\u00eener une IVC temporaire ou \u00e0 long terme.<\/span><\/li>\n<li style=\"font-weight: 400;\" aria-level=\"1\"><b>\u00c2ge&nbsp;:<\/b> <span style=\"font-weight: 400;\">Avec l\u2019\u00e2ge, l\u2019\u00e9lasticit\u00e9 des parois veineuses diminue, ce qui augmente la probabilit\u00e9 d\u2019une insuffisance valvulaire veineuse et donc d\u2019une IVC.<\/span><\/li>\n<\/ul>\n<p>&nbsp;<\/p>\n<h2><span style=\"font-weight: 400;\">Relation entre l\u2019IVC et la varicose (varices)<\/span><\/h2>\n<p><span style=\"font-weight: 400;\">Il existe un lien \u00e9troit entre l&rsquo;IVC et le d\u00e9veloppement des varices, \u00e9galement appel\u00e9es varicose. Les varices sont caus\u00e9es par le reflux du sang dans les veines superficielles, ce qui entra\u00eene leur dilatation. Dans le cas de la varicose tronculaire, les veines plus importantes, en particulier la veine saph\u00e8ne magna ou la veine saph\u00e8ne parva, sont touch\u00e9es. Ces veines jouent un r\u00f4le essentiel dans le transport du sang vers le c\u0153ur. Une varicose non trait\u00e9e peut aggraver l&rsquo;IVC et entra\u00eener des complications plus graves, telles que des modifications cutan\u00e9es, des ulc\u00e8res veineux ou une thrombose veineuse profonde.<\/span><\/p>\n<p>&nbsp;<\/p>\n<h2><span style=\"font-weight: 400;\">Classification de l\u2019IVC selon la CEAP<\/span><\/h2>\n<p><span style=\"font-weight: 400;\">Pour mieux \u00e9valuer la gravit\u00e9 de l&rsquo;IVC et les structures anatomiques touch\u00e9es, on utilise la classification CEAP. Elle repose sur quatre crit\u00e8res&nbsp;: la pr\u00e9sentation clinique (C), l&rsquo;\u00e9tiologie (E), l&rsquo;anatomie (A) et la physiopathologie (P). Cette classification permet de documenter avec pr\u00e9cision l&rsquo;\u00e9tat des veines et l&rsquo;\u00e9volution de la maladie.<\/span><\/p>\n<h3><span style=\"font-weight: 400;\">C \u2013 Pr\u00e9sentation clinique (Clinical)<\/span><\/h3>\n<ul>\n<li><span style=\"font-weight: 400;\">C0&nbsp;: Aucun signe visible ou palpable de maladie veineuse.<\/span><\/li>\n<li><span style=\"font-weight: 400;\">C1&nbsp;: T\u00e9langiectasies et veines r\u00e9ticulaires.<\/span><\/li>\n<li><span style=\"font-weight: 400;\">C2&nbsp;: Varices (varicose), veines sinueuses visibles.<\/span><\/li>\n<li><span style=\"font-weight: 400;\">C3&nbsp;: \u0152d\u00e8mes (gonflements) qui indiquent un trouble de la fonction veineuse.<\/span><\/li>\n<li><span style=\"font-weight: 400;\">C4a&nbsp;: Modifications cutan\u00e9es telles que la pigmentation et l\u2019ecz\u00e9ma.<\/span><\/li>\n<li><span style=\"font-weight: 400;\">C4b&nbsp;: Modifications cutan\u00e9es avanc\u00e9es, notamment la lipodermatoscl\u00e9rose et l\u2019atrophie blanche.<\/span><\/li>\n<li><span style=\"font-weight: 400;\">C5&nbsp;: Ulc\u00e8res veineux cicatris\u00e9s.<\/span><\/li>\n<li><span style=\"font-weight: 400;\">C6&nbsp;: Ulc\u00e8res veineux actifs et ouverts.<\/span><\/li>\n<\/ul>\n<h3><span style=\"font-weight: 400;\">E \u2013 \u00c9tiologie (Etiological)<\/span><\/h3>\n<ul>\n<li><span style=\"font-weight: 400;\">Ep&nbsp;: Insuffisance veineuse primaire sans cause identifiable.<\/span><\/li>\n<li><span style=\"font-weight: 400;\">Es&nbsp;: Insuffisance veineuse secondaire due \u00e0 une thrombose veineuse profonde ant\u00e9rieure ou \u00e0 d\u2019autres maladies veineuses.<\/span><\/li>\n<li><span style=\"font-weight: 400;\">Ec&nbsp;: Maladie veineuse cong\u00e9nitale.<\/span><\/li>\n<\/ul>\n<h3><span style=\"font-weight: 400;\">A \u2013 Anatomie (Anatomical)<\/span><\/h3>\n<ul>\n<li><span style=\"font-weight: 400;\">As&nbsp;: Les veines superficielles sont touch\u00e9es.<\/span><\/li>\n<li><span style=\"font-weight: 400;\">Ad&nbsp;: Les veines profondes sont touch\u00e9es.<\/span><\/li>\n<li><span style=\"font-weight: 400;\">Ap&nbsp;: Les veines perforantes (liaison entre les veines profondes et superficielles) sont touch\u00e9es.<\/span><\/li>\n<\/ul>\n<h3><span style=\"font-weight: 400;\">P \u2013 Physiopathologie (Pathophysiological)<\/span><\/h3>\n<ul>\n<li><span style=\"font-weight: 400;\">Pr&nbsp;: Reflux (reflux du sang d\u00fb \u00e0 des valvules veineuses d\u00e9fectueuses).<\/span><\/li>\n<li><span style=\"font-weight: 400;\">Po&nbsp;: Obstruction (r\u00e9tr\u00e9cissement ou occlusion des veines).<\/span><\/li>\n<\/ul>\n<p><span style=\"font-weight: 400;\">La classification CEAP permet de saisir syst\u00e9matiquement la maladie et de choisir le traitement appropri\u00e9 pour la gravit\u00e9 respective de l\u2019IVC.<\/span><\/p>\n<p>&nbsp;<\/p>\n<h2><span style=\"font-weight: 400;\">Diagnostic de l\u2019IVC<\/span><\/h2>\n<p><span style=\"font-weight: 400;\">Un diagnostic complet de l&rsquo;insuffisance veineuse chronique est essentiel pour d\u00e9terminer avec pr\u00e9cision l&rsquo;\u00e9tendue de la maladie et planifier une th\u00e9rapie appropri\u00e9e. La <a href=\"https:\/\/venaziel.de\/fr\/phlebologie\/\">phl\u00e9bologie moderne<\/a> propose diff\u00e9rents proc\u00e9d\u00e9s diagnostiques qui permettent une \u00e9valuation pr\u00e9cise de la fonction veineuse.<\/span><\/p>\n<h3><span style=\"font-weight: 400;\">1. Examen clinique et anamn\u00e8se<\/span><\/h3>\n<p><span style=\"font-weight: 400;\">La premi\u00e8re \u00e9tape du diagnostic de l&rsquo;IVC est une anamn\u00e8se d\u00e9taill\u00e9e, au cours de laquelle le phl\u00e9bologue interroge le patient sur les sympt\u00f4mes, les pr\u00e9dispositions familiales et les facteurs de risque possibles. L&rsquo;attention se porte particuli\u00e8rement sur les troubles typiques tels que les gonflements, la sensation de lourdeur dans les jambes, les douleurs, les crampes ou les modifications cutan\u00e9es. L&rsquo;examen clinique suit, au cours duquel le m\u00e9decin examine les signes visibles tels que les varices, les modifications cutan\u00e9es ou les ulc\u00e8res.<\/span><\/p>\n<h3><span style=\"font-weight: 400;\">2. \u00c9chographie duplex (\u00e9chographie)<\/span><\/h3>\n<p><span style=\"font-weight: 400;\">L&rsquo;\u00e9chographie duplex est l&rsquo;outil de diagnostic le plus important dans le diagnostic de l&rsquo;IVC. Il s&rsquo;agit d&rsquo;une combinaison d&rsquo;ultrasons et de la technologie Doppler, qui permet de visualiser la structure des veines et le flux sanguin en temps r\u00e9el. L&rsquo;\u00e9chographie permet d&rsquo;\u00e9valuer avec pr\u00e9cision les valvules veineuses et de montrer s&rsquo;il y a un reflux du sang (reflux). Cette m\u00e9thode est non invasive, indolore et permet une analyse d\u00e9taill\u00e9e des veines superficielles et profondes.<\/span><\/p>\n<p><picture class=\"wp-picture-7059\" style=\"display: contents;\"><source type=\"image\/avif\" srcset=\"https:\/\/venaziel.de\/wp-content\/uploads\/2024\/10\/doppler-sonography-cvi-jpg.avif 1200w, https:\/\/venaziel.de\/wp-content\/uploads\/2024\/10\/doppler-sonography-cvi-250x167-jpg.avif 250w, https:\/\/venaziel.de\/wp-content\/uploads\/2024\/10\/doppler-sonography-cvi-1024x683-jpg.avif 1024w, https:\/\/venaziel.de\/wp-content\/uploads\/2024\/10\/doppler-sonography-cvi-768x512-jpg.avif 768w\" sizes=\"(max-width: 1200px) 100vw, 1200px\"><img data-dominant-color=\"83918e\" data-has-transparency=\"false\" style=\"--dominant-color: #83918e;\" decoding=\"async\" class=\"lazyload alignnone size-full wp-image-7059 not-transparent\" src=\"https:\/\/venaziel.de\/wp-content\/uploads\/2024\/10\/doppler-sonography-cvi.jpg\" data-orig-src=\"https:\/\/venaziel.de\/wp-content\/uploads\/2024\/10\/doppler-sonography-cvi.jpg\" alt=\"Leg vascular doppler in standing position in clinic-cvi\" width=\"1200\" height=\"800\" title=\"\" srcset=\"data:image\/svg+xml,%3Csvg%20xmlns%3D%27http%3A%2F%2Fwww.w3.org%2F2000%2Fsvg%27%20width%3D%271200%27%20height%3D%27800%27%20viewBox%3D%270%200%201200%20800%27%3E%3Crect%20width%3D%271200%27%20height%3D%27800%27%20fill-opacity%3D%220%22%2F%3E%3C%2Fsvg%3E\" data-srcset=\"https:\/\/venaziel.de\/wp-content\/uploads\/2024\/10\/doppler-sonography-cvi-200x133.jpg 200w, https:\/\/venaziel.de\/wp-content\/uploads\/2024\/10\/doppler-sonography-cvi-250x167.jpg 250w, https:\/\/venaziel.de\/wp-content\/uploads\/2024\/10\/doppler-sonography-cvi-400x267.jpg 400w, https:\/\/venaziel.de\/wp-content\/uploads\/2024\/10\/doppler-sonography-cvi-600x400.jpg 600w, https:\/\/venaziel.de\/wp-content\/uploads\/2024\/10\/doppler-sonography-cvi-768x512.jpg 768w, https:\/\/venaziel.de\/wp-content\/uploads\/2024\/10\/doppler-sonography-cvi-800x533.jpg 800w, https:\/\/venaziel.de\/wp-content\/uploads\/2024\/10\/doppler-sonography-cvi-1024x683.jpg 1024w, https:\/\/venaziel.de\/wp-content\/uploads\/2024\/10\/doppler-sonography-cvi.jpg 1200w\" data-sizes=\"auto\" data-orig-sizes=\"(max-width: 1200px) 100vw, 1200px\" \/><\/picture><\/p>\n<h3><span style=\"font-weight: 400;\">3. Rh\u00e9or\u00e9ographie par r\u00e9flexion de la lumi\u00e8re (RRL)<\/span><\/h3>\n<p><span style=\"font-weight: 400;\">La photopl\u00e9thysmographie est une m\u00e9thode de mesure du retour veineux dans les jambes. De la lumi\u00e8re infrarouge est dirig\u00e9e sur la peau afin de d\u00e9tecter le flux sanguin dans les veines superficielles. Cette m\u00e9thode est particuli\u00e8rement utile pour \u00e9valuer l&rsquo;\u00e9tat fonctionnel des valvules veineuses et d\u00e9terminer la gravit\u00e9 de l&rsquo;IVC.<\/span><\/p>\n<h3><span style=\"font-weight: 400;\">4. Phl\u00e9bographie<\/span><\/h3>\n<p><span style=\"font-weight: 400;\">La phl\u00e9bographie est utilis\u00e9e dans les cas plus complexes d&rsquo;IVC, en particulier lorsqu&rsquo;il existe une suspicion de thrombose veineuse profonde. Dans ce cas, un produit de contraste est inject\u00e9 dans les veines afin de rendre leur trajet et d&rsquo;\u00e9ventuels r\u00e9tr\u00e9cissements ou occlusions visibles sur les radiographies. Cette m\u00e9thode est moins souvent utilis\u00e9e, car l&rsquo;\u00e9chographie duplex fournit des informations suffisantes dans la plupart des cas.<\/span><\/p>\n<h3><span style=\"font-weight: 400;\">5. Mesure de la pression veineuse<\/span><\/h3>\n<p><span style=\"font-weight: 400;\">La mesure de la pression veineuse est une autre m\u00e9thode d&rsquo;\u00e9valuation de la gravit\u00e9 de l&rsquo;IVC. Dans ce cas, la pression dans les veines est mesur\u00e9e avant et apr\u00e8s une compression afin de d\u00e9terminer le bon fonctionnement des valvules veineuses et la normalit\u00e9 du retour veineux.<\/span><\/p>\n<p>&nbsp;<\/p>\n<h2><span style=\"font-weight: 400;\">M\u00e9thodes de traitement modernes de l\u2019IVC<\/span><\/h2>\n<p><span style=\"font-weight: 400;\">Le traitement de l&rsquo;insuffisance veineuse chronique a fortement \u00e9volu\u00e9 ces derni\u00e8res ann\u00e9es. Gr\u00e2ce \u00e0 des proc\u00e9d\u00e9s modernes et mini-invasifs, il est aujourd&rsquo;hui possible de traiter efficacement l&rsquo;IVC sans qu&rsquo;il soit n\u00e9cessaire de recourir \u00e0 des op\u00e9rations complexes. Les principales m\u00e9thodes de traitement sont les suivantes&nbsp;:<\/span><\/p>\n<h3><span style=\"font-weight: 400;\">1. Th\u00e9rapie de compression<\/span><\/h3>\n<p><span style=\"font-weight: 400;\">La th\u00e9rapie par compression est la pierre angulaire de tout traitement de l&rsquo;IVC. Elle agit en portant des bas ou des bandages de compression qui exercent une pression sur les veines et favorisent le retour du sang vers le c\u0153ur. La th\u00e9rapie par compression est particuli\u00e8rement efficace aux premiers stades de l&rsquo;IVC, mais elle peut \u00e9galement \u00eatre utilis\u00e9e en association avec d&rsquo;autres m\u00e9thodes de traitement aux stades avanc\u00e9s.<\/span><\/p>\n<h3><span style=\"font-weight: 400;\">2. VenaSeal (colle vasculaire)<\/span><\/h3>\n<p><span style=\"font-weight: 400;\"><a href=\"https:\/\/www.medtronic.com\/de-de\/patienten\/produkte-therapien\/krampfadern-behandeln\/therapien-von-medtronic\/venaseal-closure-system.html\" target=\"_blank\" rel=\"noopener\">VenaSeal<\/a> est une proc\u00e9dure innovante et mini-invasive pour le traitement de l\u2019IVC et des varices tronculaires, bas\u00e9e sur l\u2019application d\u2019un adh\u00e9sif m\u00e9dical sp\u00e9cial. Dans cette m\u00e9thode, la colle veineuse est inject\u00e9e dans la veine malade \u00e0 l\u2019aide d\u2019une fine sonde de cath\u00e9ter, o\u00f9 elle colle les parois de la veine et la ferme. Le flux sanguin est ensuite d\u00e9tourn\u00e9 par des veines saines. <a href=\"https:\/\/venaziel.de\/venenzentrum-leistungen\/venenkleber-venaseal\/\">VenaSeal est particuli\u00e8rement doux<\/a>, car aucune chaleur ou produit chimique n\u2019est utilis\u00e9 et aucun bas de contention n\u2019est n\u00e9cessaire apr\u00e8s l\u2019intervention. Les patients peuvent g\u00e9n\u00e9ralement reprendre leurs activit\u00e9s normales le jour m\u00eame. La m\u00e9thode est consid\u00e9r\u00e9e comme l\u2019un des traitements les plus efficaces et les plus confortables de l\u2019IVC.<\/span><\/p>\n<p><picture class=\"wp-picture-5821\" style=\"display: contents;\"><source type=\"image\/avif\" srcset=\"https:\/\/venaziel.de\/wp-content\/uploads\/2024\/09\/VenaSeal-for-krampfadern-behandlung.1-jpg.avif 1200w, https:\/\/venaziel.de\/wp-content\/uploads\/2024\/09\/VenaSeal-for-krampfadern-behandlung.1-250x167-jpg.avif 250w, https:\/\/venaziel.de\/wp-content\/uploads\/2024\/09\/VenaSeal-for-krampfadern-behandlung.1-1024x683-jpg.avif 1024w, https:\/\/venaziel.de\/wp-content\/uploads\/2024\/09\/VenaSeal-for-krampfadern-behandlung.1-768x512-jpg.avif 768w\" sizes=\"(max-width: 1200px) 100vw, 1200px\"><img data-dominant-color=\"c3bdc3\" data-has-transparency=\"false\" style=\"--dominant-color: #c3bdc3;\" decoding=\"async\" class=\"lazyload alignnone size-full wp-image-5821 not-transparent\" src=\"https:\/\/venaziel.de\/wp-content\/uploads\/2024\/09\/VenaSeal-for-krampfadern-behandlung.1.jpg\" data-orig-src=\"https:\/\/venaziel.de\/wp-content\/uploads\/2024\/09\/VenaSeal-for-krampfadern-behandlung.1.jpg\" alt=\"VenaSeal-for-krampfadern-behandlung\" width=\"1200\" height=\"800\" title=\"\" srcset=\"data:image\/svg+xml,%3Csvg%20xmlns%3D%27http%3A%2F%2Fwww.w3.org%2F2000%2Fsvg%27%20width%3D%271200%27%20height%3D%27800%27%20viewBox%3D%270%200%201200%20800%27%3E%3Crect%20width%3D%271200%27%20height%3D%27800%27%20fill-opacity%3D%220%22%2F%3E%3C%2Fsvg%3E\" data-srcset=\"https:\/\/venaziel.de\/wp-content\/uploads\/2024\/09\/VenaSeal-for-krampfadern-behandlung.1-200x133.jpg 200w, https:\/\/venaziel.de\/wp-content\/uploads\/2024\/09\/VenaSeal-for-krampfadern-behandlung.1-250x167.jpg 250w, https:\/\/venaziel.de\/wp-content\/uploads\/2024\/09\/VenaSeal-for-krampfadern-behandlung.1-400x267.jpg 400w, https:\/\/venaziel.de\/wp-content\/uploads\/2024\/09\/VenaSeal-for-krampfadern-behandlung.1-600x400.jpg 600w, https:\/\/venaziel.de\/wp-content\/uploads\/2024\/09\/VenaSeal-for-krampfadern-behandlung.1-768x512.jpg 768w, https:\/\/venaziel.de\/wp-content\/uploads\/2024\/09\/VenaSeal-for-krampfadern-behandlung.1-800x533.jpg 800w, https:\/\/venaziel.de\/wp-content\/uploads\/2024\/09\/VenaSeal-for-krampfadern-behandlung.1-1024x683.jpg 1024w, https:\/\/venaziel.de\/wp-content\/uploads\/2024\/09\/VenaSeal-for-krampfadern-behandlung.1.jpg 1200w\" data-sizes=\"auto\" data-orig-sizes=\"(max-width: 1200px) 100vw, 1200px\" \/><\/picture><\/p>\n<h3><span style=\"font-weight: 400;\">3. Ablation par radiofr\u00e9quence (ARF)<\/span><\/h3>\n<p><span style=\"font-weight: 400;\">L&rsquo;ablation par radiofr\u00e9quence est un proc\u00e9d\u00e9 mini-invasif dans lequel une sonde \u00e0 cath\u00e9ter est introduite dans la veine touch\u00e9e. Des ondes \u00e0 haute fr\u00e9quence chauffent la veine de l&rsquo;int\u00e9rieur, ce qui entra\u00eene une occlusion contr\u00f4l\u00e9e. L&rsquo;ablation par radiofr\u00e9quence est particuli\u00e8rement douce, car elle est moins douloureuse que la th\u00e9rapie au laser et permet un temps de r\u00e9cup\u00e9ration rapide. La m\u00e9thode est adapt\u00e9e aux patients atteints de varicose et d&rsquo;insuffisance veineuse chronique.<\/span><\/p>\n<h3><span style=\"font-weight: 400;\">4. Th\u00e9rapie endoveineuse au laser (EVLT)<\/span><\/h3>\n<p><span style=\"font-weight: 400;\">La th\u00e9rapie endoveineuse au laser est une autre m\u00e9thode mini-invasive de traitement des varices et de l&rsquo;IVC. Dans ce cas, un laser est introduit dans la veine touch\u00e9e, qui ferme la veine par la chaleur. L&rsquo;avantage de cette m\u00e9thode r\u00e9side dans sa pr\u00e9cision et la gu\u00e9rison rapide des patients. Elle est souvent utilis\u00e9e en association avec d&rsquo;autres proc\u00e9d\u00e9s, en particulier lorsque des veines plus importantes sont touch\u00e9es.<\/span><\/p>\n<h3><span style=\"font-weight: 400;\">5. Scl\u00e9roth\u00e9rapie<\/span><\/h3>\n<p><span style=\"font-weight: 400;\">La scl\u00e9roth\u00e9rapie est souvent utilis\u00e9e pour le <a href=\"https:\/\/venaziel.de\/fr\/phlebologie\/behandlung-von-besenreisern\/\">traitement des petites veines ou des varicosit\u00e9s<\/a>. Dans cette proc\u00e9dure, une solution sp\u00e9ciale est inject\u00e9e dans la veine affect\u00e9e, ce qui provoque une inflammation de la paroi veineuse. Cela ferme la veine et d\u00e9tourne le flux sanguin vers des veines saines. La scl\u00e9roth\u00e9rapie est particuli\u00e8rement efficace dans le traitement des petites veines et peut \u00eatre utilis\u00e9e en combinaison avec d\u2019autres proc\u00e9dures pour traiter les varices plus importantes.<\/span><\/p>\n<p>&nbsp;<\/p>\n<h2><span style=\"font-weight: 400;\">Pr\u00e9vention et changements de style de vie<\/span><\/h2>\n<p><span style=\"font-weight: 400;\">La pr\u00e9vention joue un r\u00f4le d\u00e9cisif dans la pr\u00e9vention ou le ralentissement de la progression de l&rsquo;insuffisance veineuse chronique. Les personnes ayant une pr\u00e9disposition g\u00e9n\u00e9tique ou des facteurs de risque devraient particuli\u00e8rement faire attention \u00e0 leurs veines et modifier leur mode de vie.<\/span><\/p>\n<h3><span style=\"font-weight: 400;\">1. Exercice r\u00e9gulier<\/span><\/h3>\n<p><span style=\"font-weight: 400;\">Une activit\u00e9 physique r\u00e9guli\u00e8re favorise la circulation sanguine et emp\u00eache le sang de stagner dans les jambes. Les sports d&rsquo;endurance tels que la marche, la natation ou le cyclisme sont particuli\u00e8rement efficaces, car ils activent les muscles du mollet et favorisent le retour veineux. Les personnes qui doivent rester assises ou debout longtemps devraient faire des pauses r\u00e9guli\u00e8res pour bouger.<\/span><\/p>\n<h3><span style=\"font-weight: 400;\">2. Gestion du poids<\/span><\/h3>\n<p><span style=\"font-weight: 400;\">Le surpoids augmente la pression sur les veines et favorise le d\u00e9veloppement d&rsquo;une IVC. Un poids corporel sain contribue \u00e0 r\u00e9duire la pression sur le syst\u00e8me veineux et \u00e0 diminuer le risque de complications.<\/span><\/p>\n<h3><span style=\"font-weight: 400;\">3. Mouvements des jambes pendant les longues p\u00e9riodes assises ou debout<\/span><\/h3>\n<p><span style=\"font-weight: 400;\">S&rsquo;il est impossible d&rsquo;\u00e9viter de rester assis ou debout longtemps, il convient de faire des exercices simples pour les jambes afin de favoriser la circulation sanguine. Le fait de sur\u00e9lever les jambes pendant les pauses ou de faire tourner les pieds aide \u00e0 \u00e9viter les gonflements et \u00e0 am\u00e9liorer le retour veineux.<\/span><\/p>\n<h3><span style=\"font-weight: 400;\">4. \u00c9viter les v\u00eatements serr\u00e9s<\/span><\/h3>\n<p><span style=\"font-weight: 400;\">Les v\u00eatements serr\u00e9s au niveau des jambes ou de la taille peuvent entraver la circulation sanguine et doivent \u00eatre \u00e9vit\u00e9s. Les v\u00eatements amples favorisent la circulation sanguine et r\u00e9duisent le risque de gonflements et de troubles.<\/span><\/p>\n<h3><span style=\"font-weight: 400;\">5. Arr\u00eat du tabac<\/span><\/h3>\n<p><span style=\"font-weight: 400;\">Le tabagisme nuit non seulement \u00e0 la sant\u00e9 des poumons et du c\u0153ur, mais d\u00e9t\u00e9riore \u00e9galement la circulation sanguine et augmente le risque de thrombose. L&rsquo;arr\u00eat du tabac peut ralentir la progression de l&rsquo;IVC et r\u00e9duire le risque de complications graves.<\/span><\/p>\n<h2><span style=\"font-weight: 400;\">Conclusion<\/span><\/h2>\n<p><span style=\"font-weight: 400;\">L&rsquo;insuffisance veineuse chronique est une maladie tr\u00e8s r\u00e9pandue et souvent sous-estim\u00e9e qui, si elle n&rsquo;est pas trait\u00e9e, peut entra\u00eener des complications graves telles que des ulc\u00e8res veineux. Gr\u00e2ce \u00e0 des proc\u00e9d\u00e9s de traitement modernes tels que VenaSeal (colle pour veines), l&rsquo;ablation par radiofr\u00e9quence et la th\u00e9rapie endoveineuse au laser, les patients peuvent aujourd&rsquo;hui \u00eatre trait\u00e9s efficacement et en douceur. Le diagnostic et le traitement pr\u00e9coces sont essentiels pour stopper la progression de la maladie et am\u00e9liorer la qualit\u00e9 de vie. VenaZiel propose des possibilit\u00e9s de traitement innovantes et sur mesure afin de prendre en charge de mani\u00e8re optimale les patients atteints d&rsquo;IVC et de varicose.<\/span><\/p>\n<p>&nbsp;<\/p>\n","protected":false},"excerpt":{"rendered":"<p>L&rsquo;insuffisance veineuse chronique (IVC) est une affection courante du syst\u00e8me veineux qui touche des millions de personnes dans le monde. Elle est due \u00e0 un fonctionnement inad\u00e9quat des valvules veineuses, qui emp\u00eachent normalement le reflux du sang des jambes vers le c\u0153ur. Cependant, lorsque ces valvules d\u00e9faille, le sang stagne dans les veines des jambes, ce qui entra\u00eene une augmentation de la pression, un gonflement et des dommages \u00e0 long terme tels que des varices (varicose), des alt\u00e9rations cutan\u00e9es et m\u00eame des ulc\u00e8res veineux.<\/p>\n<p>L&rsquo;IVC se d\u00e9veloppe insidieusement et n&rsquo;est souvent reconnue qu&rsquo;\u00e0 des stades ult\u00e9rieurs, lorsque des sympt\u00f4mes tels que des gonflements, des douleurs ou des varices visibles apparaissent d\u00e9j\u00e0. Les personnes qui m\u00e8nent une vie s\u00e9dentaire ou qui doivent rester debout longtemps pour des raisons professionnelles sont particuli\u00e8rement touch\u00e9es. Comme la maladie est chronique, son \u00e9volution s\u2019aggrave constamment sans traitement. Un diagnostic pr\u00e9coce et une th\u00e9rapie appropri\u00e9e sont essentiels pour am\u00e9liorer la qualit\u00e9 de vie des personnes concern\u00e9es et pr\u00e9venir des complications graves.<\/p>\n","protected":false},"author":1,"featured_media":40163,"parent":40827,"menu_order":0,"comment_status":"closed","ping_status":"closed","template":"","meta":{"footnotes":""},"class_list":["post-40436","page","type-page","status-publish","has-post-thumbnail","hentry"],"_links":{"self":[{"href":"https:\/\/venaziel.de\/fr\/wp-json\/wp\/v2\/pages\/40436","targetHints":{"allow":["GET"]}}],"collection":[{"href":"https:\/\/venaziel.de\/fr\/wp-json\/wp\/v2\/pages"}],"about":[{"href":"https:\/\/venaziel.de\/fr\/wp-json\/wp\/v2\/types\/page"}],"author":[{"embeddable":true,"href":"https:\/\/venaziel.de\/fr\/wp-json\/wp\/v2\/users\/1"}],"replies":[{"embeddable":true,"href":"https:\/\/venaziel.de\/fr\/wp-json\/wp\/v2\/comments?post=40436"}],"version-history":[{"count":3,"href":"https:\/\/venaziel.de\/fr\/wp-json\/wp\/v2\/pages\/40436\/revisions"}],"predecessor-version":[{"id":50326,"href":"https:\/\/venaziel.de\/fr\/wp-json\/wp\/v2\/pages\/40436\/revisions\/50326"}],"up":[{"embeddable":true,"href":"https:\/\/venaziel.de\/fr\/wp-json\/wp\/v2\/pages\/40827"}],"wp:featuredmedia":[{"embeddable":true,"href":"https:\/\/venaziel.de\/fr\/wp-json\/wp\/v2\/media\/40163"}],"wp:attachment":[{"href":"https:\/\/venaziel.de\/fr\/wp-json\/wp\/v2\/media?parent=40436"}],"curies":[{"name":"wp","href":"https:\/\/api.w.org\/{rel}","templated":true}]}}