{"id":40466,"date":"2024-07-14T13:07:25","date_gmt":"2024-07-14T13:07:25","guid":{"rendered":"https:\/\/venaziel.de\/impressum\/"},"modified":"2026-04-08T16:33:00","modified_gmt":"2026-04-08T16:33:00","slug":"impressum","status":"publish","type":"page","link":"https:\/\/venaziel.de\/fr\/impressum\/","title":{"rendered":"Mentions l\u00e9gales"},"content":{"rendered":"<p><div class=\"fusion-fullwidth fullwidth-box fusion-builder-row-1 fusion-flex-container has-pattern-background has-mask-background nonhundred-percent-fullwidth non-hundred-percent-height-scrolling\" style=\"--awb-border-radius-top-left:0px;--awb-border-radius-top-right:0px;--awb-border-radius-bottom-right:0px;--awb-border-radius-bottom-left:0px;--awb-min-height:180px;--awb-flex-wrap:wrap;\" ><div class=\"fusion-builder-row fusion-row fusion-flex-align-items-flex-start fusion-flex-content-wrap\" style=\"max-width:78%;margin-left: calc(-4% \/ 2 );margin-right: calc(-4% \/ 2 );\"><div class=\"fusion-layout-column fusion_builder_column fusion-builder-column-0 fusion_builder_column_1_1 1_1 fusion-flex-column\" style=\"--awb-bg-size:cover;--awb-width-large:100%;--awb-margin-top-large:10px;--awb-spacing-right-large:1.92%;--awb-margin-bottom-large:15px;--awb-spacing-left-large:1.92%;--awb-width-medium:100%;--awb-order-medium:0;--awb-spacing-right-medium:1.92%;--awb-spacing-left-medium:1.92%;--awb-width-small:100%;--awb-order-small:0;--awb-spacing-right-small:1.92%;--awb-spacing-left-small:1.92%;\"><div class=\"fusion-column-wrapper fusion-column-has-shadow fusion-flex-justify-content-flex-start fusion-content-layout-column\"><div class=\"fusion-title title fusion-title-1 fusion-sep-none fusion-title-center fusion-title-text fusion-title-size-one\" style=\"--awb-text-color:#ffffff;--awb-margin-top:20px;--awb-margin-bottom:20px;--awb-margin-top-small:10px;--awb-margin-right-small:0px;--awb-margin-bottom-small:10px;--awb-margin-left-small:0px;--awb-font-size:60px;\"><h1 class=\"fusion-title-heading title-heading-center awb-gradient-text fusion-responsive-typography-calculated\" style=\"font-family:&quot;Poppins&quot;;font-style:normal;font-weight:300;margin:0;letter-spacing:-0.012em;text-transform:var(--awb-typography1-text-transform);background-color:var(--awb-color8);background-image:linear-gradient(157deg, var(--awb-color8) 30%,var(--awb-color6) 100%);font-size:1em;--fontSize:60;line-height:1.5;\">Mentions l\u00e9gales<\/h1><\/div><div class=\"fusion-separator\" style=\"align-self: center;margin-left: auto;margin-right: auto;width:100%;max-width:1000px;\"><div class=\"fusion-separator-border sep-shadow\" style=\"--awb-height:20px;--awb-amount:20px;background:radial-gradient(ellipse at 50% -50% , hsla(var(--awb-color8-h),var(--awb-color8-s),calc( var(--awb-color8-l) + 73% ),var(--awb-color8-a)) 0px, rgba(255, 255, 255, 0) 80%) repeat scroll 0 0 rgba(0, 0, 0, 0);background:-webkit-radial-gradient(ellipse at 50% -50% , hsla(var(--awb-color8-h),var(--awb-color8-s),calc( var(--awb-color8-l) + 73% ),var(--awb-color8-a)) 0px, rgba(255, 255, 255, 0) 80%) repeat scroll 0 0 rgba(0, 0, 0, 0);background:-moz-radial-gradient(ellipse at 50% -50% , hsla(var(--awb-color8-h),var(--awb-color8-s),calc( var(--awb-color8-l) + 73% ),var(--awb-color8-a)) 0px, rgba(255, 255, 255, 0) 80%) repeat scroll 0 0 rgba(0, 0, 0, 0);background:-o-radial-gradient(ellipse at 50% -50% , hsla(var(--awb-color8-h),var(--awb-color8-s),calc( var(--awb-color8-l) + 73% ),var(--awb-color8-a)) 0px, rgba(255, 255, 255, 0) 80%) repeat scroll 0 0 rgba(0, 0, 0, 0);\"><\/div><\/div><\/div><\/div><\/div><\/div><div class=\"fusion-fullwidth fullwidth-box fusion-builder-row-2 fusion-flex-container nonhundred-percent-fullwidth non-hundred-percent-height-scrolling\" style=\"--awb-border-radius-top-left:0px;--awb-border-radius-top-right:0px;--awb-border-radius-bottom-right:0px;--awb-border-radius-bottom-left:0px;--awb-flex-wrap:wrap;\" ><div class=\"fusion-builder-row fusion-row fusion-flex-align-items-flex-start fusion-flex-content-wrap\" style=\"max-width:78%;margin-left: calc(-4% \/ 2 );margin-right: calc(-4% \/ 2 );\"><div class=\"fusion-layout-column fusion_builder_column fusion-builder-column-1 fusion_builder_column_1_1 1_1 fusion-flex-column\" style=\"--awb-padding-top:30px;--awb-padding-bottom:40px;--awb-bg-size:cover;--awb-width-large:100%;--awb-margin-top-large:0px;--awb-spacing-right-large:1.92%;--awb-margin-bottom-large:0px;--awb-spacing-left-large:1.92%;--awb-width-medium:100%;--awb-spacing-right-medium:1.92%;--awb-spacing-left-medium:1.92%;--awb-width-small:100%;--awb-spacing-right-small:1.92%;--awb-spacing-left-small:1.92%;\"><div class=\"fusion-column-wrapper fusion-flex-justify-content-flex-start fusion-content-layout-column\"><div class=\"fusion-text fusion-text-1\"><div class=\"wpb_text_column wpb_content_element \">\n<p>&nbsp;<\/p>\n<p>&nbsp;<\/p>\n<div class=\"wpb_wrapper\">\n<p><strong data-start=\"76\" data-end=\"104\">VenaZiel Berlin MVZ GmbH<\/strong><br data-start=\"104\" data-end=\"107\">Centre de commerce international (IHZ)<br data-start=\"143\" data-end=\"146\">Friedrichstra\u00dfe 95<br data-start=\"164\" data-end=\"167\">10117 Berlin-Mitte<\/p>\n<p>T\u00e9l.&nbsp;: <a href=\"tel:+493025299482\">(030) 252 99 482<\/a><br \/>E-mail&nbsp;: <a href=\"mailto:hallo@venaziel.de\">hallo@venaziel.de<\/a><br \/>Internet&nbsp;: <a href=\"https:\/\/venaziel.de\/fr\/\">venaziel.de<\/a><\/p>\n<p>&nbsp;<\/p>\n<\/div>\n<\/div>\n<div class=\"divider-wrap\" data-alignment=\"default\">\n<h3 class=\"divider\">Directeurs g\u00e9n\u00e9raux habilit\u00e9s \u00e0 repr\u00e9senter&nbsp;:<\/h3>\n<p class=\"divider\">Dr. Hamidreza Mahoozi (adresse comme ci-dessus)<\/p>\n<p data-path-to-node=\"15,1\">Registre du commerce : Tribunal d&rsquo;enregistrement : Amtsgericht Charlottenburg<br \/>Num\u00e9ro d&rsquo;enregistrement : HRB 255640<br \/>Num\u00e9ro d&rsquo;identification fiscale : DE452895096<\/p>\n<p>&nbsp;<\/p>\n<\/div>\n<h3 class=\"vc_custom_heading fusion-responsive-typography-calculated\" style=\"--fontsize: 30; line-height: 1.4;\" data-fontsize=\"30\" data-lineheight=\"42px\">Responsable du contenu de la page d\u2019accueil conform\u00e9ment au \u00a7 55 alin\u00e9a 2 du trait\u00e9 d\u2019\u00c9tat sur la radiodiffusion :<\/h3>\n<div class=\"wpb_text_column wpb_content_element \">\n<div class=\"wpb_wrapper\">\n<p>Dr. Hamidreza Mahoozi (adresse comme ci-dessus)<\/p>\n<\/div>\n<\/div>\n<div class=\"divider-wrap\" data-alignment=\"default\">\n<div class=\"divider\">&nbsp;<\/div>\n<\/div>\n<h3 class=\"vc_custom_heading fusion-responsive-typography-calculated\" style=\"--fontsize: 30; line-height: 1.4;\" data-fontsize=\"30\" data-lineheight=\"42px\">Titre professionnel&nbsp;:<\/h3>\n<div class=\"wpb_text_column wpb_content_element \">\n<div class=\"wpb_wrapper\">\n<p>Sp\u00e9cialiste en chirurgie g\u00e9n\u00e9rale et chirurgie thoracique<\/p>\n<\/div>\n<\/div>\n<div class=\"divider-wrap\" data-alignment=\"default\">\n<div class=\"divider\">&nbsp;<\/div>\n<\/div>\n<h3 class=\"vc_custom_heading fusion-responsive-typography-calculated\" style=\"--fontsize: 30; line-height: 1.4;\" data-fontsize=\"30\" data-lineheight=\"42px\">Chambre comp\u00e9tente&nbsp;:<\/h3>\n<div class=\"wpb_text_column wpb_content_element \">\n<div class=\"wpb_wrapper\">\n<p>Chambre des m\u00e9decins de Berlin<\/p>\n<\/div>\n<\/div>\n<div class=\"divider-wrap\" data-alignment=\"default\">\n<div class=\"divider\">&nbsp;<\/div>\n<\/div>\n<h3 class=\"vc_custom_heading fusion-responsive-typography-calculated\" style=\"--fontsize: 30; line-height: 1.4;\" data-fontsize=\"30\" data-lineheight=\"42px\">Autorit\u00e9 de surveillance comp\u00e9tente&nbsp;:<\/h3>\n<div class=\"wpb_text_column wpb_content_element \">\n<div class=\"wpb_wrapper\">\n<p>Bezirksamt Mitte<\/p>\n<\/div>\n<\/div>\n<div class=\"divider-wrap\" data-alignment=\"default\">\n<div class=\"divider\">&nbsp;<\/div>\n<\/div>\n<h3 class=\"vc_custom_heading fusion-responsive-typography-calculated\" style=\"--fontsize: 30; line-height: 1.4;\" data-fontsize=\"30\" data-lineheight=\"42px\">Loi sur les professions de la sant\u00e9<\/h3>\n<div class=\"wpb_text_column wpb_content_element \">\n<div class=\"wpb_wrapper\">\n<p>dans la version de la publication du 16 avril 1987 (BGBl. I p. 1225), modifi\u00e9e en dernier lieu par l\u2019ordonnance du 31 octobre 2006 (BGBl. I p. 2407) BGBl. III\/FNA 2123-1<\/p>\n<\/div>\n<\/div>\n<div class=\"divider-wrap\" data-alignment=\"default\">\n<div class=\"divider\">&nbsp;<\/div>\n<\/div>\n<h3 class=\"vc_custom_heading fusion-responsive-typography-calculated\" style=\"--fontsize: 30; line-height: 1.4;\" data-fontsize=\"30\" data-lineheight=\"42px\">Code de d\u00e9ontologie m\u00e9dicale<\/h3>\n<div class=\"wpb_text_column wpb_content_element \">\n<div class=\"wpb_wrapper\">\n<p>du 20&nbsp;octobre 1979 (BZB 12\/1979, p.&nbsp;51), modifi\u00e9 en dernier lieu par les statuts modificatifs du 11&nbsp;mars 2002 (BZB 4\/2002, p.&nbsp;88 et suiv.).<\/p>\n<\/div>\n<\/div>\n<div class=\"divider-wrap\" data-alignment=\"default\">\n<div class=\"divider\">&nbsp;<\/div>\n<\/div>\n<h3 class=\"vc_custom_heading fusion-responsive-typography-calculated\" style=\"--fontsize: 30; line-height: 1.4;\" data-fontsize=\"30\" data-lineheight=\"42px\">R\u00e9f\u00e9rences et liens&nbsp;:<\/h3>\n<div class=\"wpb_text_column wpb_content_element \">\n<div class=\"wpb_wrapper\">\n<p>En cas de renvois directs ou indirects \u00e0 des sites web externes (\u00ab&nbsp;hyperliens&nbsp;\u00bb) qui ne rel\u00e8vent pas de la responsabilit\u00e9 du Internationales Handelszentrum (IHZ) Dr.&nbsp;Hamidreza Mahoozi, une obligation de responsabilit\u00e9 entrerait en vigueur exclusivement dans le cas o\u00f9 le Internationales Handelszentrum (IHZ) Dr.&nbsp;Hamidreza Mahoozi aurait connaissance des contenus et qu\u2019il lui serait techniquement possible et raisonnable d\u2019emp\u00eacher l\u2019utilisation en cas de contenus ill\u00e9gaux.<\/p>\n<p>Le Centre de commerce international (IHZ) Dr. Hamidreza Mahoozi d\u00e9clare express\u00e9ment par la pr\u00e9sente qu\u2019au moment de la cr\u00e9ation des liens, aucun contenu ill\u00e9gal n\u2019\u00e9tait identifiable sur les pages \u00e0 relier. Le Centre de commerce international (IHZ) Dr. Hamidreza Mahoozi n\u2019a aucune influence sur la conception actuelle et future, les contenus ou la paternit\u00e9 des pages li\u00e9es\/associ\u00e9es. Par cons\u00e9quent, le Centre de commerce international (IHZ) Dr. Hamidreza Mahoozi se distancie express\u00e9ment par la pr\u00e9sente de tous les contenus de toutes les pages li\u00e9es\/associ\u00e9es qui ont \u00e9t\u00e9 modifi\u00e9s apr\u00e8s la cr\u00e9ation du lien. Cette constatation s\u2019applique \u00e0 tous les liens et renvois plac\u00e9s dans le cadre de sa propre offre Internet.<\/p>\n<\/div>\n<\/div>\n<div class=\"divider-wrap\" data-alignment=\"default\">\n<div class=\"divider\">&nbsp;<\/div>\n<\/div>\n<h3 class=\"vc_custom_heading fusion-responsive-typography-calculated\" style=\"--fontsize: 30; line-height: 1.4;\" data-fontsize=\"30\" data-lineheight=\"42px\">Droit d\u2019auteur et droit des marques&nbsp;:<\/h3>\n<div class=\"wpb_text_column wpb_content_element \">\n<div class=\"wpb_wrapper\">\n<p>Toutes les marques et marques commerciales mentionn\u00e9es dans le cadre de l\u2019offre Internet et \u00e9ventuellement prot\u00e9g\u00e9es par des tiers sont soumises sans restriction aux dispositions du droit des marques en vigueur et aux droits de propri\u00e9t\u00e9 des propri\u00e9taires enregistr\u00e9s respectifs. Le droit d\u2019auteur pour les objets publi\u00e9s et cr\u00e9\u00e9s par l\u2019auteur lui-m\u00eame reste la propri\u00e9t\u00e9 exclusive de l\u2019auteur des pages. La reproduction ou l\u2019utilisation de tels graphiques, documents sonores, s\u00e9quences vid\u00e9o et textes dans d\u2019autres publications \u00e9lectroniques ou imprim\u00e9es n\u2019est pas autoris\u00e9e sans l\u2019accord expr\u00e8s de l\u2019auteur.<\/p>\n<\/div>\n<\/div>\n<div class=\"divider-wrap\" data-alignment=\"default\">\n<div class=\"divider\">&nbsp;<\/div>\n<\/div>\n<h3 class=\"vc_custom_heading fusion-responsive-typography-calculated\" style=\"--fontsize: 30; line-height: 1.4;\" data-fontsize=\"30\" data-lineheight=\"42px\">Saisie de donn\u00e9es personnelles ou commerciales&nbsp;:<\/h3>\n<div class=\"wpb_text_column wpb_content_element \">\n<div class=\"wpb_wrapper\">\n<p>Dans la mesure o\u00f9 il existe une possibilit\u00e9 d\u2019entrer des donn\u00e9es personnelles ou commerciales (adresses e-mail, noms, adresses) dans le cadre de l\u2019offre Internet, la divulgation de ces donn\u00e9es par l\u2019utilisateur se fait sur une base express\u00e9ment volontaire. L\u2019utilisation de tous les services propos\u00e9s est \u00e9galement autoris\u00e9e sans indication de telles donn\u00e9es ou en indiquant des donn\u00e9es anonymis\u00e9es ou un pseudonyme. L\u2019utilisation par des tiers des donn\u00e9es de contact publi\u00e9es dans le cadre des mentions l\u00e9gales ou d\u2019indications comparables, telles que les adresses postales, les num\u00e9ros de t\u00e9l\u00e9phone et de fax ainsi que les adresses e-mail, pour l\u2019envoi d\u2019informations non express\u00e9ment demand\u00e9es, n\u2019est pas autoris\u00e9e.<\/p>\n<\/div>\n<\/div>\n<\/div><\/div><\/div><\/div><\/div><\/p>\n","protected":false},"excerpt":{"rendered":"","protected":false},"author":1,"featured_media":0,"parent":0,"menu_order":0,"comment_status":"closed","ping_status":"closed","template":"","meta":{"footnotes":""},"class_list":["post-40466","page","type-page","status-publish","hentry"],"_links":{"self":[{"href":"https:\/\/venaziel.de\/fr\/wp-json\/wp\/v2\/pages\/40466","targetHints":{"allow":["GET"]}}],"collection":[{"href":"https:\/\/venaziel.de\/fr\/wp-json\/wp\/v2\/pages"}],"about":[{"href":"https:\/\/venaziel.de\/fr\/wp-json\/wp\/v2\/types\/page"}],"author":[{"embeddable":true,"href":"https:\/\/venaziel.de\/fr\/wp-json\/wp\/v2\/users\/1"}],"replies":[{"embeddable":true,"href":"https:\/\/venaziel.de\/fr\/wp-json\/wp\/v2\/comments?post=40466"}],"version-history":[{"count":197,"href":"https:\/\/venaziel.de\/fr\/wp-json\/wp\/v2\/pages\/40466\/revisions"}],"predecessor-version":[{"id":73617,"href":"https:\/\/venaziel.de\/fr\/wp-json\/wp\/v2\/pages\/40466\/revisions\/73617"}],"wp:attachment":[{"href":"https:\/\/venaziel.de\/fr\/wp-json\/wp\/v2\/media?parent=40466"}],"curies":[{"name":"wp","href":"https:\/\/api.w.org\/{rel}","templated":true}]}}