{"id":40786,"date":"2024-06-27T15:03:25","date_gmt":"2024-06-27T15:03:25","guid":{"rendered":"https:\/\/venaziel.de\/besenreiser-entfernen\/"},"modified":"2026-04-27T18:47:15","modified_gmt":"2026-04-27T18:47:15","slug":"besenreiser-entfernen","status":"publish","type":"page","link":"https:\/\/venaziel.de\/fr\/venenzentrum\/besenreiser-entfernen\/","title":{"rendered":"\u00c9limination des varicosit\u00e9s"},"content":{"rendered":"<div class=\"fusion-fullwidth fullwidth-box fusion-builder-row-1 fusion-flex-container has-pattern-background has-mask-background nonhundred-percent-fullwidth non-hundred-percent-height-scrolling\" style=\"--awb-border-radius-top-left:0px;--awb-border-radius-top-right:0px;--awb-border-radius-bottom-right:0px;--awb-border-radius-bottom-left:0px;--awb-padding-right:0px;--awb-padding-left:0px;--awb-flex-wrap:wrap;\" ><div class=\"fusion-builder-row fusion-row fusion-flex-align-items-flex-start fusion-flex-content-wrap\" style=\"max-width:78%;margin-left: calc(-4% \/ 2 );margin-right: calc(-4% \/ 2 );\"><div class=\"fusion-layout-column fusion_builder_column fusion-builder-column-0 fusion_builder_column_1_1 1_1 fusion-flex-column\" style=\"--awb-bg-size:cover;--awb-width-large:100%;--awb-margin-top-large:0px;--awb-spacing-right-large:0%;--awb-margin-bottom-large:20px;--awb-spacing-left-large:0%;--awb-width-medium:100%;--awb-order-medium:0;--awb-spacing-right-medium:1.92%;--awb-spacing-left-medium:1.92%;--awb-width-small:100%;--awb-order-small:0;--awb-spacing-right-small:1.92%;--awb-spacing-left-small:1.92%;\"><div class=\"fusion-column-wrapper fusion-column-has-shadow fusion-flex-justify-content-flex-start fusion-content-layout-column\"><div class=\"fusion-text fusion-text-1\" style=\"--awb-text-font-family:&quot;Poppins&quot;;--awb-text-font-style:normal;--awb-text-font-weight:300;\"><h2 id=\"toc_Was_sind_Besenreiser\" class=\"vc_custom_heading vc_custom_1675781184501 fusion-responsive-typography-calculated\" style=\"--fontsize: 35; line-height: 1.28;\" data-fontsize=\"35\" data-lineheight=\"44.8px\">Que sont les varicosit\u00e9s ?<\/h2>\n<div class=\"nectar-responsive-text absatz font_size_desktop_16px font_line_height_1-5\">\n<p>Les varicosit\u00e9s sont de minuscules et fines veinules dont la couleur varie et que vous pouvez voir directement sous la surface de la peau. Elles sont violettes, bleues, roses ou rouges et ressemblent g\u00e9n\u00e9ralement \u00e0 une toile d&rsquo;araign\u00e9e et peuvent \u00eatre plates ou l\u00e9g\u00e8rement sur\u00e9lev\u00e9es au toucher. <\/p>\n<p>Comme les varices, les varicosit\u00e9s peuvent s&rsquo;accompagner de douleurs au visage, aux mains et aux membres. Dans notre centre veineux, nous vous aidons \u00e0 traiter les varicosit\u00e9s \u00e0 Berlin. <\/p>\n<\/div>\n<\/div><div class=\"fusion-image-element \" style=\"--awb-aspect-ratio:16 \/ 9;--awb-caption-title-font-family:var(--h2_typography-font-family);--awb-caption-title-font-weight:var(--h2_typography-font-weight);--awb-caption-title-font-style:var(--h2_typography-font-style);--awb-caption-title-size:var(--h2_typography-font-size);--awb-caption-title-transform:var(--h2_typography-text-transform);--awb-caption-title-line-height:var(--h2_typography-line-height);--awb-caption-title-letter-spacing:var(--h2_typography-letter-spacing);\"><span class=\" fusion-imageframe imageframe-dropshadow imageframe-1 hover-type-none has-aspect-ratio\" style=\"border-radius:10px;-webkit-box-shadow: 3px 3px 7px var(--awb-color3);box-shadow: 3px 3px 7px var(--awb-color3);\"><img decoding=\"async\" width=\"1024\" height=\"427\" alt=\"Traitement des varicosit\u00e9s Berlin, clinique veineuse, phl\u00e9bologie, th\u00e9rapie au laser, microschium\" title=\"human-skin-with-spider-veins-treatment-in-friedrichstrasse-berlin-veincenter\" src=\"https:\/\/venaziel.de\/wp-content\/uploads\/2024\/07\/human-skin-with-spider-veins-treatment-in-friedrichstrasse-berlin-veincenter.jpg\" data-orig-src=\"https:\/\/venaziel.de\/wp-content\/uploads\/2024\/07\/human-skin-with-spider-veins-treatment-in-friedrichstrasse-berlin-veincenter-1024x427.jpg\" class=\"lazyload img-responsive wp-image-40790 img-with-aspect-ratio\" data-parent-fit=\"cover\" data-parent-container=\".fusion-image-element\" srcset=\"data:image\/svg+xml,%3Csvg%20xmlns%3D%27http%3A%2F%2Fwww.w3.org%2F2000%2Fsvg%27%20width%3D%271200%27%20height%3D%27500%27%20viewBox%3D%270%200%201200%20500%27%3E%3Crect%20width%3D%271200%27%20height%3D%27500%27%20fill-opacity%3D%220%22%2F%3E%3C%2Fsvg%3E\" data-srcset=\"https:\/\/venaziel.de\/wp-content\/uploads\/2024\/07\/human-skin-with-spider-veins-treatment-in-friedrichstrasse-berlin-veincenter-200x83.jpg 200w, https:\/\/venaziel.de\/wp-content\/uploads\/2024\/07\/human-skin-with-spider-veins-treatment-in-friedrichstrasse-berlin-veincenter-400x167.jpg 400w, https:\/\/venaziel.de\/wp-content\/uploads\/2024\/07\/human-skin-with-spider-veins-treatment-in-friedrichstrasse-berlin-veincenter-600x250.jpg 600w, https:\/\/venaziel.de\/wp-content\/uploads\/2024\/07\/human-skin-with-spider-veins-treatment-in-friedrichstrasse-berlin-veincenter-800x333.jpg 800w, https:\/\/venaziel.de\/wp-content\/uploads\/2024\/07\/human-skin-with-spider-veins-treatment-in-friedrichstrasse-berlin-veincenter.jpg 1200w\" data-sizes=\"auto\" data-orig-sizes=\"(max-width: 1024px) 100vw, (max-width: 676px) 100vw, 1024px\" \/><\/span><\/div><div class=\"fusion-text fusion-text-2\" style=\"--awb-text-font-family:&quot;Poppins&quot;;--awb-text-font-style:normal;--awb-text-font-weight:300;\"><h2 id=\"toc_Wie_entstehen_Besenreiser\" class=\"vc_custom_heading vc_custom_1706535026197\" style=\"--fontsize: 35; line-height: 1.28;\" data-fontsize=\"35\" data-lineheight=\"44.8px\">Comment se forment les varicosit\u00e9s ?<\/h2>\n<div class=\"nectar-responsive-text absatz font_size_desktop_16px font_line_height_1-5\">\n<p>On les appelle ainsi parce qu&rsquo;elles nous rappellent les toiles d&rsquo;araign\u00e9es. On trouve parfois dans les descriptions qu&rsquo;elles ressemblent aussi \u00e0 du marbre. <\/p>\n<p><strong>Emplacement<br \/>\n<\/strong>Elles apparaissent g\u00e9n\u00e9ralement dans les jambes, parfois aussi dans la poitrine, le visage ou les mains.<\/p>\n<p><strong>Causes<br \/>\n<\/strong>Les varicosit\u00e9s dans les jambes, les mains et le visage sont caus\u00e9es par des valves malsaines dans les veines d&rsquo;alimentation, ce qui permet au sang de refluer au lieu de remonter vers le c\u0153ur. Une partie de ce sang accumul\u00e9 peut entra\u00eener des \u00ab impasses \u00bb non fonctionnelles \u2013 des veines qui apparaissent sous la surface de la peau sous forme de varicosit\u00e9s. <\/p>\n<p><strong>Origine<br \/>\n<\/strong>Beaucoup d&rsquo;entre nous rencontreront \u00e0 un moment donn\u00e9 des probl\u00e8mes de sant\u00e9 veineuse, qui sont g\u00e9n\u00e9ralement h\u00e9r\u00e9ditaires. Si vos parents ou grands-parents avaient des varicosit\u00e9s, vous \u00eates plus susceptible d&rsquo;en d\u00e9velopper \u00e9galement. Une grossesse ou un emploi qui exige de rester debout pendant de longues p\u00e9riodes peut aggraver la maladie ou augmenter le risque. C&rsquo;est pourquoi nous sommes heureux de vous informer sur le traitement.   <\/p>\n<p>Un certain nombre de facteurs exposent les personnes \u00e0 un risque plus \u00e9lev\u00e9 de d\u00e9velopper des varicosit\u00e9s.<\/p>\n<\/div>\n<\/div><div class=\"fusion-image-element \" style=\"--awb-aspect-ratio:16 \/ 9;--awb-margin-bottom:20px;--awb-caption-title-font-family:var(--h2_typography-font-family);--awb-caption-title-font-weight:var(--h2_typography-font-weight);--awb-caption-title-font-style:var(--h2_typography-font-style);--awb-caption-title-size:var(--h2_typography-font-size);--awb-caption-title-transform:var(--h2_typography-text-transform);--awb-caption-title-line-height:var(--h2_typography-line-height);--awb-caption-title-letter-spacing:var(--h2_typography-letter-spacing);\"><span class=\" fusion-imageframe imageframe-dropshadow imageframe-2 hover-type-none has-aspect-ratio\" style=\"border-radius:10px;-webkit-box-shadow: 3px 3px 7px var(--awb-color3);box-shadow: 3px 3px 7px var(--awb-color3);\"><img decoding=\"async\" width=\"1200\" height=\"600\" alt=\"Traitement de la thrombose, insuffisance veineuse chronique Berlin, gonflement des jambes, jambes lourdes, op\u00e9ration des varices, traitement veineux mini-invasif\" title=\"the-disease-spider-veins-and-varicose-veins-on-a-young-womans-legs-veincenter-berlin-venaziel\" src=\"https:\/\/venaziel.de\/wp-content\/uploads\/2024\/07\/the-disease-spider-veins-and-varicose-veins-on-a-young-womans-legs-veincenter-berlin-venaziel.jpg\" data-orig-src=\"https:\/\/venaziel.de\/wp-content\/uploads\/2024\/07\/the-disease-spider-veins-and-varicose-veins-on-a-young-womans-legs-veincenter-berlin-venaziel.jpg\" class=\"lazyload img-responsive wp-image-40792 img-with-aspect-ratio\" data-parent-fit=\"cover\" data-parent-container=\".fusion-image-element\" srcset=\"data:image\/svg+xml,%3Csvg%20xmlns%3D%27http%3A%2F%2Fwww.w3.org%2F2000%2Fsvg%27%20width%3D%271200%27%20height%3D%27600%27%20viewBox%3D%270%200%201200%20600%27%3E%3Crect%20width%3D%271200%27%20height%3D%27600%27%20fill-opacity%3D%220%22%2F%3E%3C%2Fsvg%3E\" data-srcset=\"https:\/\/venaziel.de\/wp-content\/uploads\/2024\/07\/the-disease-spider-veins-and-varicose-veins-on-a-young-womans-legs-veincenter-berlin-venaziel-200x100.jpg 200w, https:\/\/venaziel.de\/wp-content\/uploads\/2024\/07\/the-disease-spider-veins-and-varicose-veins-on-a-young-womans-legs-veincenter-berlin-venaziel-400x200.jpg 400w, https:\/\/venaziel.de\/wp-content\/uploads\/2024\/07\/the-disease-spider-veins-and-varicose-veins-on-a-young-womans-legs-veincenter-berlin-venaziel-600x300.jpg 600w, https:\/\/venaziel.de\/wp-content\/uploads\/2024\/07\/the-disease-spider-veins-and-varicose-veins-on-a-young-womans-legs-veincenter-berlin-venaziel-800x400.jpg 800w, https:\/\/venaziel.de\/wp-content\/uploads\/2024\/07\/the-disease-spider-veins-and-varicose-veins-on-a-young-womans-legs-veincenter-berlin-venaziel.jpg 1200w\" data-sizes=\"auto\" data-orig-sizes=\"(max-width: 1024px) 100vw, (max-width: 676px) 100vw, 1200px\" \/><\/span><\/div><div class=\"fusion-text fusion-text-3\"><h2 id=\"toc_Faktoren_fur_die_Entwicklung_von_Besenreisern_in_Berlin\" class=\"vc_custom_heading vc_custom_1706535146336 fusion-responsive-typography-calculated\" style=\"--fontsize: 35; line-height: 1.28;\" data-fontsize=\"35\" data-lineheight=\"44.8px\">Facteurs de d\u00e9veloppement des varicosit\u00e9s :<\/h2>\n<div class=\"nectar-responsive-text absatz font_size_desktop_16px font_line_height_1-5\">\n<p><strong>Ob\u00e9sit\u00e9<br \/>\n<\/strong>Un poids suppl\u00e9mentaire exerce une pression suppl\u00e9mentaire sur les veines.<\/p>\n<p><strong>\u00c2ge<br \/>\n<\/strong>Bien que les varicosit\u00e9s ne surviennent pas seulement chez les personnes \u00e2g\u00e9es, la maladie progresse avec le temps. En effet, les valves veineuses subissent une plus grande usure avec le temps. Cela rend la circulation sanguine plus difficile et peut entra\u00eener une accumulation de sang.  <\/p>\n<p><strong>Grossesse<br \/>\n<\/strong>Pour soutenir un b\u00e9b\u00e9 pendant la grossesse, le volume sanguin double presque, ce qui entra\u00eene une dilatation des veines et \u00e9ventuellement des varicosit\u00e9s.<\/p>\n<p><strong>G\u00e9n\u00e9tique<br \/>\n<\/strong>La probabilit\u00e9 de d\u00e9velopper des varicosit\u00e9s augmente si d&rsquo;autres membres de la famille en souffrent.<\/p>\n<p><strong>Mode de vie s\u00e9dentaire<br \/>\n<\/strong>Rester assis ou debout pendant de longues p\u00e9riodes limite la circulation sanguine et peut entra\u00eener une accumulation de sang.<\/p>\n<p><strong>Sexe<br \/>\n<\/strong>En raison des changements hormonaux que les femmes subissent fr\u00e9quemment pendant la grossesse et la m\u00e9nopause, les varicosit\u00e9s sont plus fr\u00e9quentes chez les femmes.<\/p>\n<\/div>\n<\/div><div class=\"fusion-image-element \" style=\"--awb-aspect-ratio:16 \/ 9;--awb-margin-bottom:20px;--awb-caption-title-font-family:var(--h2_typography-font-family);--awb-caption-title-font-weight:var(--h2_typography-font-weight);--awb-caption-title-font-style:var(--h2_typography-font-style);--awb-caption-title-size:var(--h2_typography-font-size);--awb-caption-title-transform:var(--h2_typography-text-transform);--awb-caption-title-line-height:var(--h2_typography-line-height);--awb-caption-title-letter-spacing:var(--h2_typography-letter-spacing);\"><span class=\" fusion-imageframe imageframe-dropshadow imageframe-3 hover-type-none has-aspect-ratio\" style=\"border-radius:10px;-webkit-box-shadow: 3px 3px 7px var(--awb-color3);box-shadow: 3px 3px 7px var(--awb-color3);\"><img decoding=\"async\" width=\"1024\" height=\"700\" alt=\"Veines en toile d&#039;araign\u00e9e Causes, sympt\u00f4mes, diagnostic, centre veineux, spider veins, besenreisern\" title=\"Besenseiserimaging-bild-venenzentrum-bahandlung\" src=\"https:\/\/venaziel.de\/wp-content\/uploads\/2024\/07\/Besenseiserimaging-bild-venenzentrum-bahandlung.jpg\" data-orig-src=\"https:\/\/venaziel.de\/wp-content\/uploads\/2024\/07\/Besenseiserimaging-bild-venenzentrum-bahandlung-1024x700.jpg\" class=\"lazyload img-responsive wp-image-40793 img-with-aspect-ratio\" data-parent-fit=\"cover\" data-parent-container=\".fusion-image-element\" srcset=\"data:image\/svg+xml,%3Csvg%20xmlns%3D%27http%3A%2F%2Fwww.w3.org%2F2000%2Fsvg%27%20width%3D%271200%27%20height%3D%27820%27%20viewBox%3D%270%200%201200%20820%27%3E%3Crect%20width%3D%271200%27%20height%3D%27820%27%20fill-opacity%3D%220%22%2F%3E%3C%2Fsvg%3E\" data-srcset=\"https:\/\/venaziel.de\/wp-content\/uploads\/2024\/07\/Besenseiserimaging-bild-venenzentrum-bahandlung-200x137.jpg 200w, https:\/\/venaziel.de\/wp-content\/uploads\/2024\/07\/Besenseiserimaging-bild-venenzentrum-bahandlung-400x273.jpg 400w, https:\/\/venaziel.de\/wp-content\/uploads\/2024\/07\/Besenseiserimaging-bild-venenzentrum-bahandlung-600x410.jpg 600w, https:\/\/venaziel.de\/wp-content\/uploads\/2024\/07\/Besenseiserimaging-bild-venenzentrum-bahandlung-800x547.jpg 800w, https:\/\/venaziel.de\/wp-content\/uploads\/2024\/07\/Besenseiserimaging-bild-venenzentrum-bahandlung.jpg 1200w\" data-sizes=\"auto\" data-orig-sizes=\"(max-width: 1024px) 100vw, (max-width: 676px) 100vw, 1024px\" \/><\/span><\/div><div class=\"fusion-text fusion-text-4\"><h2 id=\"toc_Besenreiser_vorbeugen_in_Berlin\" class=\"vc_custom_heading vc_custom_1706535340228\" style=\"--fontsize: 35; line-height: 1.28;\" data-fontsize=\"35\" data-lineheight=\"44.8px\">Pr\u00e9venir les varicosit\u00e9s<\/h2>\n<div class=\"nectar-responsive-text absatz font_size_desktop_16px font_line_height_1-5\">\n<p>Certains facteurs de risque de varicosit\u00e9s ne peuvent \u00eatre \u00e9vit\u00e9s. Cependant, vous pouvez pr\u00e9venir avec les conseils suivants : <\/p>\n<p><strong>Exercice<br \/>\n<\/strong>L&rsquo;exercice favorise une circulation sanguine saine. M\u00eame quelque chose d&rsquo;aussi simple que la marche peut am\u00e9liorer la sant\u00e9 veineuse. <\/p>\n<p><strong>Alimentation \u00e9quilibr\u00e9e<br \/>\n<\/strong>Une alimentation riche en fibres, pauvre en sel, pauvre en aliments transform\u00e9s et en sucre peut am\u00e9liorer la sant\u00e9 veineuse.<\/p>\n<p><strong>Changer de position<br \/>\n<\/strong>\u00c9vitez de rester assis, debout ou assis trop longtemps. Changez de position plus souvent ou faites une courte promenade. <\/p>\n<p><strong>Sur\u00e9lever les jambes<br \/>\n<\/strong>Sur\u00e9lever les jambes au-dessus du c\u0153ur favorise la circulation sanguine dans les veines en soulageant la pression et le stress.<\/p>\n<p><strong>Bas de contention<\/strong><br \/>\nLes <a href=\"https:\/\/www.medi.de\/produkte\/kompressionsstruempfe\/\" target=\"_blank\" rel=\"noopener\">bas de contention<\/a> peuvent favoriser la circulation sanguine et r\u00e9duire la pression dans les veines. Ils sont particuli\u00e8rement utiles pour les activit\u00e9s qui exigent de rester debout ou assis pendant de longues p\u00e9riodes.<\/p>\n<\/div>\n<\/div><div class=\"fusion-image-element \" style=\"--awb-aspect-ratio:16 \/ 9;--awb-object-position:50% 49%;--awb-caption-title-font-family:var(--h2_typography-font-family);--awb-caption-title-font-weight:var(--h2_typography-font-weight);--awb-caption-title-font-style:var(--h2_typography-font-style);--awb-caption-title-size:var(--h2_typography-font-size);--awb-caption-title-transform:var(--h2_typography-text-transform);--awb-caption-title-line-height:var(--h2_typography-line-height);--awb-caption-title-letter-spacing:var(--h2_typography-letter-spacing);\"><span class=\" fusion-imageframe imageframe-dropshadow imageframe-4 hover-type-none has-aspect-ratio\" style=\"border-radius:10px;-webkit-box-shadow: 3px 3px 7px var(--awb-color3);box-shadow: 3px 3px 7px var(--awb-color3);\"><img decoding=\"async\" width=\"1024\" height=\"427\" alt=\"R\u00e9seau veineux sur les jambes, examen des veines, \u00e9chographie Doppler, phl\u00e9bologue, besenreisern\" title=\"painful-varicose-and-spider-veins-on-womans-legs-removing-in-berlin-clinic-venaziel\" src=\"https:\/\/venaziel.de\/wp-content\/uploads\/2024\/07\/painful-varicose-and-spider-veins-on-womans-legs-removing-in-berlin-clinic-venaziel.jpg\" data-orig-src=\"https:\/\/venaziel.de\/wp-content\/uploads\/2024\/07\/painful-varicose-and-spider-veins-on-womans-legs-removing-in-berlin-clinic-venaziel-1024x427.jpg\" class=\"lazyload img-responsive wp-image-40791 img-with-aspect-ratio\" data-parent-fit=\"cover\" data-parent-container=\".fusion-image-element\" srcset=\"data:image\/svg+xml,%3Csvg%20xmlns%3D%27http%3A%2F%2Fwww.w3.org%2F2000%2Fsvg%27%20width%3D%271200%27%20height%3D%27500%27%20viewBox%3D%270%200%201200%20500%27%3E%3Crect%20width%3D%271200%27%20height%3D%27500%27%20fill-opacity%3D%220%22%2F%3E%3C%2Fsvg%3E\" data-srcset=\"https:\/\/venaziel.de\/wp-content\/uploads\/2024\/07\/painful-varicose-and-spider-veins-on-womans-legs-removing-in-berlin-clinic-venaziel-200x83.jpg 200w, https:\/\/venaziel.de\/wp-content\/uploads\/2024\/07\/painful-varicose-and-spider-veins-on-womans-legs-removing-in-berlin-clinic-venaziel-400x167.jpg 400w, https:\/\/venaziel.de\/wp-content\/uploads\/2024\/07\/painful-varicose-and-spider-veins-on-womans-legs-removing-in-berlin-clinic-venaziel-600x250.jpg 600w, https:\/\/venaziel.de\/wp-content\/uploads\/2024\/07\/painful-varicose-and-spider-veins-on-womans-legs-removing-in-berlin-clinic-venaziel-800x333.jpg 800w, https:\/\/venaziel.de\/wp-content\/uploads\/2024\/07\/painful-varicose-and-spider-veins-on-womans-legs-removing-in-berlin-clinic-venaziel.jpg 1200w\" data-sizes=\"auto\" data-orig-sizes=\"(max-width: 1024px) 100vw, (max-width: 676px) 100vw, 1024px\" \/><\/span><\/div><div class=\"fusion-text fusion-text-5\"><h2 id=\"toc_Besenreisern_entfernen_in_Berlin\" class=\"vc_custom_heading vc_custom_1706535389352\" style=\"--fontsize: 35; line-height: 1.28;\" data-fontsize=\"35\" data-lineheight=\"44.8px\">\u00c9liminer les varicosit\u00e9s<\/h2>\n<div class=\"nectar-responsive-text absatz font_size_desktop_16px font_line_height_1-5\">\n<p>Certains de nos patients recherchent un traitement pour une am\u00e9lioration esth\u00e9tique, d&rsquo;autres souhaitent soulager leur douleur. La bonne nouvelle est que les varicosit\u00e9s et leur cause sous-jacente peuvent \u00eatre bien trait\u00e9es au <a href=\"https:\/\/venaziel.de\/fr\/kontakt\/\">VenaZiel Venenzentrum \u00e0 Berlin<\/a>. <\/p>\n<p>Les traitements des varicosit\u00e9s sont effectu\u00e9s en cabinet. Chaque visite au cabinet dure moins d&rsquo;une heure. Pour le traitement des varicosit\u00e9s, le traitement \u00e0 la microschium, dans lequel un fournisseur qualifi\u00e9 injecte une solution sp\u00e9ciale dans la veine, la fermant ainsi. Apr\u00e8s avoir scell\u00e9 ces veines, le sang est redirig\u00e9 vers les veines avec des valves fonctionnant correctement.   <\/p>\n<\/div>\n<\/div><div class=\"fusion-text fusion-text-6\"><h2 id=\"toc_Mogliche_Komplikationen\" class=\"fusion-responsive-typography-calculated\" style=\"--fontsize: 35; line-height: 1.28;\" data-fontsize=\"35\" data-lineheight=\"44.8px\">Complications possibles<\/h2>\n<p>Changements de couleur de la peau : Taches brun\u00e2tres pr\u00e8s de la zone trait\u00e9e. Il peut falloir plusieurs mois (voire jusqu&rsquo;\u00e0 un an) pour qu&rsquo;elles s&rsquo;estompent. <\/p>\n<p>Avez-vous un risque accru de troubles circulatoires des vaisseaux sanguins des jambes ou d&rsquo;accident vasculaire c\u00e9r\u00e9bral ou de crise cardiaque ?<\/p>\n<p>Soup\u00e7onnez-vous des varices ou avez-vous d\u00e9j\u00e0 re\u00e7u un diagnostic correspondant ?<\/p>\n<p>Gr\u00e2ce \u00e0 un diagnostic vasculaire approfondi, les probl\u00e8mes peuvent \u00eatre d\u00e9tect\u00e9s \u00e0 un stade pr\u00e9coce et les maladies secondaires graves peuvent encore \u00eatre \u00e9vit\u00e9es.<\/p>\n<\/div><div class=\"fusion-image-element \" style=\"--awb-aspect-ratio:16 \/ 9;--awb-object-position:100% 54%;--awb-caption-title-font-family:var(--h2_typography-font-family);--awb-caption-title-font-weight:var(--h2_typography-font-weight);--awb-caption-title-font-style:var(--h2_typography-font-style);--awb-caption-title-size:var(--h2_typography-font-size);--awb-caption-title-transform:var(--h2_typography-text-transform);--awb-caption-title-line-height:var(--h2_typography-line-height);--awb-caption-title-letter-spacing:var(--h2_typography-letter-spacing);\"><span class=\" fusion-imageframe imageframe-dropshadow imageframe-5 hover-type-none has-aspect-ratio\" style=\"border-radius:10px;-webkit-box-shadow: 3px 3px 7px var(--awb-color3);box-shadow: 3px 3px 7px var(--awb-color3);\"><img decoding=\"async\" width=\"1024\" height=\"512\" alt=\"Veines en toile d&#039;araign\u00e9e et varices, maladies veineuses, options de traitement, venaziel\" title=\"blue-red-Spider-veins-of-small-vessels-on-the-skin-removing-and-treating-in-venaziel-venenzentrum\" src=\"https:\/\/venaziel.de\/wp-content\/uploads\/2024\/07\/blue-red-Spider-veins-of-small-vessels-on-the-skin-removing-and-treating-in-venaziel-venenzentrum.jpg\" data-orig-src=\"https:\/\/venaziel.de\/wp-content\/uploads\/2024\/07\/blue-red-Spider-veins-of-small-vessels-on-the-skin-removing-and-treating-in-venaziel-venenzentrum-1024x512.jpg\" class=\"lazyload img-responsive wp-image-40788 img-with-aspect-ratio\" data-parent-fit=\"cover\" data-parent-container=\".fusion-image-element\" srcset=\"data:image\/svg+xml,%3Csvg%20xmlns%3D%27http%3A%2F%2Fwww.w3.org%2F2000%2Fsvg%27%20width%3D%271200%27%20height%3D%27600%27%20viewBox%3D%270%200%201200%20600%27%3E%3Crect%20width%3D%271200%27%20height%3D%27600%27%20fill-opacity%3D%220%22%2F%3E%3C%2Fsvg%3E\" data-srcset=\"https:\/\/venaziel.de\/wp-content\/uploads\/2024\/07\/blue-red-Spider-veins-of-small-vessels-on-the-skin-removing-and-treating-in-venaziel-venenzentrum-200x100.jpg 200w, https:\/\/venaziel.de\/wp-content\/uploads\/2024\/07\/blue-red-Spider-veins-of-small-vessels-on-the-skin-removing-and-treating-in-venaziel-venenzentrum-400x200.jpg 400w, https:\/\/venaziel.de\/wp-content\/uploads\/2024\/07\/blue-red-Spider-veins-of-small-vessels-on-the-skin-removing-and-treating-in-venaziel-venenzentrum-600x300.jpg 600w, https:\/\/venaziel.de\/wp-content\/uploads\/2024\/07\/blue-red-Spider-veins-of-small-vessels-on-the-skin-removing-and-treating-in-venaziel-venenzentrum-800x400.jpg 800w, https:\/\/venaziel.de\/wp-content\/uploads\/2024\/07\/blue-red-Spider-veins-of-small-vessels-on-the-skin-removing-and-treating-in-venaziel-venenzentrum.jpg 1200w\" data-sizes=\"auto\" data-orig-sizes=\"(max-width: 1024px) 100vw, (max-width: 676px) 100vw, 1024px\" \/><\/span><\/div><\/div><\/div><\/div><\/div>\n","protected":false},"excerpt":{"rendered":"<p>Bienvenue chez VenaZiel \u2013 votre centre veineux \u00e0 Berlin pour le traitement des varicosit\u00e9s<\/p>\n<p>Les varicosit\u00e9s sont de petites veines visibles sous la peau qui peuvent non seulement \u00eatre esth\u00e9tiquement g\u00eanantes, mais aussi indiquer une faiblesse veineuse. Chez VenaZiel, nous comprenons l&rsquo;importance de jambes saines et belles pour votre bien-\u00eatre.<br \/>\nNos experts du centre veineux de Berlin vous offrent des conseils complets et des m\u00e9thodes th\u00e9rapeutiques ultramodernes pour traiter efficacement les varicosit\u00e9s. Nous vous informons sur les causes, les facteurs de risque et les possibilit\u00e9s de pr\u00e9vention, afin que vous puissiez profiter de jambes belles et saines \u00e0 long terme.<br \/>\nD\u00e9couvrez comment nous am\u00e9liorons votre sant\u00e9 veineuse et \u00e9liminons en douceur les varicosit\u00e9s gr\u00e2ce \u00e0 des technologies avanc\u00e9es et une approche holistique.  <\/p>\n","protected":false},"author":1,"featured_media":40789,"parent":40854,"menu_order":0,"comment_status":"closed","ping_status":"closed","template":"","meta":{"footnotes":""},"class_list":["post-40786","page","type-page","status-publish","has-post-thumbnail","hentry"],"_links":{"self":[{"href":"https:\/\/venaziel.de\/fr\/wp-json\/wp\/v2\/pages\/40786","targetHints":{"allow":["GET"]}}],"collection":[{"href":"https:\/\/venaziel.de\/fr\/wp-json\/wp\/v2\/pages"}],"about":[{"href":"https:\/\/venaziel.de\/fr\/wp-json\/wp\/v2\/types\/page"}],"author":[{"embeddable":true,"href":"https:\/\/venaziel.de\/fr\/wp-json\/wp\/v2\/users\/1"}],"replies":[{"embeddable":true,"href":"https:\/\/venaziel.de\/fr\/wp-json\/wp\/v2\/comments?post=40786"}],"version-history":[{"count":377,"href":"https:\/\/venaziel.de\/fr\/wp-json\/wp\/v2\/pages\/40786\/revisions"}],"predecessor-version":[{"id":78883,"href":"https:\/\/venaziel.de\/fr\/wp-json\/wp\/v2\/pages\/40786\/revisions\/78883"}],"up":[{"embeddable":true,"href":"https:\/\/venaziel.de\/fr\/wp-json\/wp\/v2\/pages\/40854"}],"wp:featuredmedia":[{"embeddable":true,"href":"https:\/\/venaziel.de\/fr\/wp-json\/wp\/v2\/media\/40789"}],"wp:attachment":[{"href":"https:\/\/venaziel.de\/fr\/wp-json\/wp\/v2\/media?parent=40786"}],"curies":[{"name":"wp","href":"https:\/\/api.w.org\/{rel}","templated":true}]}}