{"id":40893,"date":"2024-10-15T14:05:08","date_gmt":"2024-10-15T14:05:08","guid":{"rendered":"https:\/\/venaziel.de\/phlebologie\/ulcus-cruris-cvi\/"},"modified":"2026-05-12T04:14:58","modified_gmt":"2026-05-12T04:14:58","slug":"ulcus-cruris-cvi","status":"publish","type":"page","link":"https:\/\/venaziel.de\/fr\/phlebologie\/ulcus-cruris-cvi\/","title":{"rendered":"Ulcus cruris &#8211; Causes, lien avec l&rsquo;IVC et approches th\u00e9rapeutiques compl\u00e8tes"},"content":{"rendered":"<h2><span style=\"font-weight: 400;\">Qu\u2019est-ce qu\u2019un ulc\u00e8re de jambe&nbsp;?<\/span><\/h2>\n<p><span style=\"font-weight: 400;\">L&rsquo;<\/span><b>ulc\u00e8re de jambe<\/b><span style=\"font-weight: 400;\">  est une plaie chronique de la jambe qui cicatrise difficilement et qui est g\u00e9n\u00e9ralement due \u00e0 une perturbation de la circulation sanguine. Dans environ 80 % des cas, il s&rsquo;agit d&rsquo;un  <\/span><b>Ulcus cruris veineux<\/b><span style=\"font-weight: 400;\">, caus\u00e9 par des troubles de la circulation veineuse. D&rsquo;autres formes, comme le  <\/span><b>Ulcus cruris art\u00e9riosum<\/b><span style=\"font-weight: 400;\"> (d\u00fb \u00e0 des troubles art\u00e9riels) ou l&rsquo;<\/span><b>Ulcus cruris mixtum<\/b><span style=\"font-weight: 400;\"> (une combinaison de causes veineuses et art\u00e9rielles), apparaissent \u00e9galement, mais sont plus rares.<\/span><\/p>\n<h2><span style=\"font-weight: 400;\">Bases anatomiques<\/span><\/h2>\n<p><span style=\"font-weight: 400;\">La circulation sanguine dans les jambes fonctionne gr\u00e2ce \u00e0 un r\u00e9seau de veines superficielles et profondes qui transportent le sang contre la gravit\u00e9 vers le c\u0153ur. Si les  <\/span><b>valvules veineuses<\/b><span style=\"font-weight: 400;\">  ne se ferment pas correctement, le sang peut refluer et s&rsquo;accumuler dans les veines. Cet \u00e9tat est appel\u00e9  <\/span><b>insuffisance veineuse<\/b><span style=\"font-weight: 400;\"> et entra\u00eene une augmentation chronique de la pression dans les veines, ce qui peut finalement conduire \u00e0 un ulc\u00e8re de jambe.<\/span><\/p>\n<h2><span style=\"font-weight: 400;\">Causes de l&rsquo;ulc\u00e8re de jambe veineux<\/span><\/h2>\n<p><span style=\"font-weight: 400;\">La principale cause d&rsquo;un <\/span><b>ulc\u00e8re de jambe veineux<\/b><span style=\"font-weight: 400;\"> est l&rsquo;<\/span><a href=\"https:\/\/venaziel.de\/fr\/phlebologie\/chronische-venoese-insuffizienz-cvi\/\"><b>insuffisance veineuse chronique (IVC)<\/b><\/a><span style=\"font-weight: 400;\">, une affection dans laquelle les valvules veineuses perdent leur fonction et le sang n&rsquo;est plus transport\u00e9 efficacement vers le c\u0153ur. La stagnation persistante du sang dans les veines des jambes entra\u00eene une distension permanente des parois veineuses et endommage les tissus environnants. Les principaux facteurs de risque sont les suivants :<\/span><\/p>\n<ul>\n<li style=\"font-weight: 400;\" aria-level=\"1\"><a href=\"https:\/\/venaziel.de\/venenzentrum-leistungen\/krampfadern-entfernen\/\"><b>Varices (varicose)<\/b><\/a><span style=\"font-weight: 400;\"> : Ces veines dilat\u00e9es emp\u00eachent la bonne circulation du sang et augmentent la pression dans les veines.<\/span><\/li>\n<li style=\"font-weight: 400;\" aria-level=\"1\"><b>Insuffisance veineuse chronique (IVC)<\/b><span style=\"font-weight: 400;\"> : La principale cause de l&rsquo;ulc\u00e8re de jambe veineux, caus\u00e9e par des dysfonctionnements des valvules veineuses.<\/span><\/li>\n<li style=\"font-weight: 400;\" aria-level=\"1\"><b>Thrombose veineuse profonde (TVP)<\/b><span style=\"font-weight: 400;\"> : Une thrombose ant\u00e9rieure dans les veines profondes peut endommager durablement les valvules veineuses et entra\u00eener un reflux veineux.<\/span><\/li>\n<li style=\"font-weight: 400;\" aria-level=\"1\"><b>Surpoids<\/b><span style=\"font-weight: 400;\"> : Un poids corporel excessif augmente la pression sur les veines des jambes, ce qui entrave le retour veineux.<\/span><\/li>\n<li style=\"font-weight: 400;\" aria-level=\"1\"><b>Station debout ou assise prolong\u00e9e<\/b><span style=\"font-weight: 400;\"> : Les groupes professionnels qui passent de longues p\u00e9riodes dans une m\u00eame position ont un risque accru d&rsquo;IVC et d&rsquo;ulc\u00e8re de jambe.<\/span><\/li>\n<\/ul>\n<h2><span style=\"font-weight: 400;\">Qu&rsquo;est-ce que l&rsquo;insuffisance veineuse chronique (IVC) ?<\/span><\/h2>\n<p><span style=\"font-weight: 400;\">L&rsquo;<\/span><b>insuffisance veineuse chronique (IVC)<\/b><span style=\"font-weight: 400;\"> est une maladie veineuse chronique dans laquelle les <\/span><b>valvules veineuses<\/b><span style=\"font-weight: 400;\">  dans la jambe ne fonctionnent plus correctement. Le sang ne retourne plus efficacement vers le c\u0153ur et stagne dans les veines, ce qui peut entra\u00eener \u00e0 long terme des  <\/span><b>gonflements<\/b><span style=\"font-weight: 400;\">, des <\/span><b>modifications cutan\u00e9es<\/b><span style=\"font-weight: 400;\"> et des <\/span><b>ulc\u00e8res<\/b><span style=\"font-weight: 400;\"> comme l&rsquo;<\/span><b>ulc\u00e8re de jambe<\/b><span style=\"font-weight: 400;\">  . L&rsquo;IVC est \u00e9valu\u00e9e \u00e0 l&rsquo;aide de la  <\/span><b>classification CEAP<\/b><span style=\"font-weight: 400;\"> :<\/span><\/p>\n<ul>\n<li style=\"font-weight: 400;\" aria-level=\"1\"><b>C1<\/b><span style=\"font-weight: 400;\"> : <a href=\"https:\/\/venaziel.de\/venenzentrum-leistungen\/besenreiser-entfernen\/\">Varicosit\u00e9s<\/a> ou veines r\u00e9ticulaires<\/span><\/li>\n<li style=\"font-weight: 400;\" aria-level=\"1\"><b>C2<\/b><span style=\"font-weight: 400;\"> : Varices visibles<\/span><\/li>\n<li style=\"font-weight: 400;\" aria-level=\"1\"><b>C3<\/b><span style=\"font-weight: 400;\"> : Gonflements (\u0153d\u00e8mes) dans les jambes<\/span><\/li>\n<li style=\"font-weight: 400;\" aria-level=\"1\"><b>C4a<\/b><span style=\"font-weight: 400;\"> : Modifications cutan\u00e9es telles que des troubles pigmentaires et des ecz\u00e9mas<\/span><\/li>\n<li style=\"font-weight: 400;\" aria-level=\"1\"><b>C4b<\/b><span style=\"font-weight: 400;\"> : Durcissement des tissus (lipodermatoscl\u00e9rose)<\/span><\/li>\n<li style=\"font-weight: 400;\" aria-level=\"1\"><b>C5<\/b><span style=\"font-weight: 400;\"> : Ulc\u00e8re de jambe cicatris\u00e9<\/span><\/li>\n<li style=\"font-weight: 400;\" aria-level=\"1\"><b>C6<\/b><span style=\"font-weight: 400;\"> : Ulc\u00e8re de jambe actif et ouvert<\/span><\/li>\n<\/ul>\n<p><span style=\"font-weight: 400;\">Le traitement de l&rsquo;IVC est essentiel pour pr\u00e9venir l&rsquo;apparition d&rsquo;un ulc\u00e8re de jambe ou pour gu\u00e9rir une plaie existante.<\/span><\/p>\n<p><picture class=\"wp-picture-7054\" style=\"display: contents;\"><source type=\"image\/avif\" srcset=\"https:\/\/venaziel.de\/wp-content\/uploads\/2024\/10\/cvi-Chronische-Venose-Insuffizienz-jpg.avif 1200w, https:\/\/venaziel.de\/wp-content\/uploads\/2024\/10\/cvi-Chronische-Venose-Insuffizienz-250x167-jpg.avif 250w, https:\/\/venaziel.de\/wp-content\/uploads\/2024\/10\/cvi-Chronische-Venose-Insuffizienz-1024x683-jpg.avif 1024w, https:\/\/venaziel.de\/wp-content\/uploads\/2024\/10\/cvi-Chronische-Venose-Insuffizienz-768x512-jpg.avif 768w\" sizes=\"(max-width: 1200px) 100vw, 1200px\"><img data-dominant-color=\"a19181\" data-has-transparency=\"false\" style=\"--dominant-color: #a19181;\" decoding=\"async\" class=\"lazyload alignnone size-full wp-image-7054 not-transparent\" src=\"https:\/\/venaziel.de\/wp-content\/uploads\/2024\/10\/cvi-Chronische-Venose-Insuffizienz.jpg\" data-orig-src=\"https:\/\/venaziel.de\/wp-content\/uploads\/2024\/10\/cvi-Chronische-Venose-Insuffizienz.jpg\" alt=\"cvi-chronique-veineuse-insuffisance-phl\u00e9bologue-doppler-\u00e9chographie-des-veines-cvi-ulc\u00e8re-cruris\" width=\"1200\" height=\"800\" title=\"\" srcset=\"data:image\/svg+xml,%3Csvg%20xmlns%3D%27http%3A%2F%2Fwww.w3.org%2F2000%2Fsvg%27%20width%3D%271200%27%20height%3D%27800%27%20viewBox%3D%270%200%201200%20800%27%3E%3Crect%20width%3D%271200%27%20height%3D%27800%27%20fill-opacity%3D%220%22%2F%3E%3C%2Fsvg%3E\" data-srcset=\"https:\/\/venaziel.de\/wp-content\/uploads\/2024\/10\/cvi-Chronische-Venose-Insuffizienz-200x133.jpg 200w, https:\/\/venaziel.de\/wp-content\/uploads\/2024\/10\/cvi-Chronische-Venose-Insuffizienz-250x167.jpg 250w, https:\/\/venaziel.de\/wp-content\/uploads\/2024\/10\/cvi-Chronische-Venose-Insuffizienz-400x267.jpg 400w, https:\/\/venaziel.de\/wp-content\/uploads\/2024\/10\/cvi-Chronische-Venose-Insuffizienz-600x400.jpg 600w, https:\/\/venaziel.de\/wp-content\/uploads\/2024\/10\/cvi-Chronische-Venose-Insuffizienz-768x512.jpg 768w, https:\/\/venaziel.de\/wp-content\/uploads\/2024\/10\/cvi-Chronische-Venose-Insuffizienz-800x533.jpg 800w, https:\/\/venaziel.de\/wp-content\/uploads\/2024\/10\/cvi-Chronische-Venose-Insuffizienz-1024x683.jpg 1024w, https:\/\/venaziel.de\/wp-content\/uploads\/2024\/10\/cvi-Chronische-Venose-Insuffizienz.jpg 1200w\" data-sizes=\"auto\" data-orig-sizes=\"(max-width: 1200px) 100vw, 1200px\" \/><\/picture><\/p>\n<h2><span style=\"font-weight: 400;\">Ulc\u00e8re de jambe en relation avec d&rsquo;autres maladies<\/span><\/h2>\n<p><span style=\"font-weight: 400;\">Bien que l&rsquo;<\/span><b>IVC<\/b><span style=\"font-weight: 400;\"> soit la principale cause de l&rsquo;<\/span><b>ulc\u00e8re de jambe veineux<\/b><span style=\"font-weight: 400;\">, il existe plusieurs autres maladies qui peuvent influencer l&rsquo;apparition ou la gu\u00e9rison d&rsquo;un ulc\u00e8re de jambe :<\/span><\/p>\n<ul>\n<li style=\"font-weight: 400;\" aria-level=\"1\"><b>Diab\u00e8te sucr\u00e9<\/b><span style=\"font-weight: 400;\"> : En raison des mauvaises conditions de circulation sanguine et des troubles de la cicatrisation en cas de diab\u00e8te, les personnes concern\u00e9es sont plus susceptibles de d\u00e9velopper des plaies chroniques.<\/span><\/li>\n<li style=\"font-weight: 400;\" aria-level=\"1\"><b>Art\u00e9riopathie oblit\u00e9rante (AOMI)<\/b><span style=\"font-weight: 400;\"> : Les patients souffrant de troubles de la circulation art\u00e9rielle d\u00e9veloppent plus fr\u00e9quemment un <\/span><b>ulc\u00e8re de jambe art\u00e9riosum<\/b><span style=\"font-weight: 400;\">, qui est caus\u00e9 par un manque d&rsquo;oxyg\u00e8ne dans les tissus.<\/span><\/li>\n<li style=\"font-weight: 400;\" aria-level=\"1\"><b>Polyarthrite rhumato\u00efde<\/b><span style=\"font-weight: 400;\"> : Les inflammations chroniques affaiblissent les tissus et peuvent entra\u00eener l&rsquo;apparition d&rsquo;ulc\u00e8res.<\/span><\/li>\n<li style=\"font-weight: 400;\" aria-level=\"1\"><b>Insuffisance cardiaque<\/b><span style=\"font-weight: 400;\"> : Les patients souffrant d&rsquo;insuffisance cardiaque chronique ont tendance \u00e0 avoir des gonflements et des accumulations de liquide dans les jambes, ce qui favorise l&rsquo;apparition d&rsquo;un ulc\u00e8re de jambe.<\/span><\/li>\n<\/ul>\n<h2><span style=\"font-weight: 400;\">Comment se d\u00e9roule le traitement de l&rsquo;ulc\u00e8re de jambe veineux ?<\/span><\/h2>\n<p><span style=\"font-weight: 400;\">Le traitement d&rsquo;un <\/span><b>ulc\u00e8re de jambe veineux<\/b><span style=\"font-weight: 400;\">  n\u00e9cessite une approche globale et \u00e0 long terme, qui s&rsquo;attaque \u00e0 la fois aux causes de la maladie et \u00e0 la plaie elle-m\u00eame. Les principales approches th\u00e9rapeutiques comprennent la  <\/span><b>th\u00e9rapie de compression<\/b><span style=\"font-weight: 400;\">, les soins modernes des plaies, les interventions chirurgicales et les proc\u00e9dures innovantes telles que <\/span><b>VenaSeal<\/b><span style=\"font-weight: 400;\"> et l&rsquo;<\/span><a href=\"https:\/\/www.medtronic.com\/de-de\/fachkreise\/therapien-prozeduren\/wirbelsaulenchirurgie-orthopadie\/rf-ablation-bei-knochentumoren.html\" target=\"_blank\" rel=\"noopener\"><b>ablation par radiofr\u00e9quence<\/b><\/a><span style=\"font-weight: 400;\">.<\/span><\/p>\n<h3><span style=\"font-weight: 400;\">1. Th\u00e9rapie de compression<\/span><\/h3>\n<p>La th\u00e9rapie de compression est la base du traitement des ulc\u00e8res veineux de la jambe. Elle am\u00e9liore le retour veineux et diminue la pression dans les veines, ce qui favorise la cicatrisation de la plaie. \u00c0 cette fin, on utilise des bandages \u00e9lastiques ou des bas de compression m\u00e9dicaux. Les m\u00e9thodes courantes comprennent :<\/p>\n<ul>\n<li style=\"font-weight: 400;\" aria-level=\"1\"><b>Bandages \u00e0 allongement court<\/b><span style=\"font-weight: 400;\"> : Ceux-ci offrent une pression \u00e9lev\u00e9e au repos et une pression plus faible en mouvement, ce qui est particuli\u00e8rement utile en cas de plaies aigu\u00ebs.<\/span><\/li>\n<li style=\"font-weight: 400;\" aria-level=\"1\"><b>Bas de contention m\u00e9dicaux<\/b><span style=\"font-weight: 400;\"> : Ceux-ci doivent souvent \u00eatre port\u00e9s \u00e0 long terme afin d&rsquo;\u00e9viter une nouvelle apparition de l&rsquo;ulc\u00e8re de jambe.<\/span><\/li>\n<\/ul>\n<h3><span style=\"font-weight: 400;\">2. Soins des plaies<\/span><\/h3>\n<p><span style=\"font-weight: 400;\">Les soins modernes des plaies jouent un r\u00f4le d\u00e9cisif dans le traitement de l&rsquo;ulc\u00e8re de la jambe. Un(e)  <\/span><b>nettoyage de la plaie<\/b><span style=\"font-weight: 400;\"> minutieux et l&rsquo;utilisation de <\/span><b>pansements sp\u00e9ciaux<\/b><span style=\"font-weight: 400;\">  favorisent la gu\u00e9rison. Les mat\u00e9riaux fr\u00e9quemment utilis\u00e9s comprennent :<\/span><\/p>\n<ul>\n<li style=\"font-weight: 400;\" aria-level=\"1\"><b>Pansements hydrocollo\u00efdes<\/b><span style=\"font-weight: 400;\"> : Ceux-ci maintiennent la plaie humide et favorisent la formation de nouveaux tissus.<\/span><\/li>\n<li style=\"font-weight: 400;\" aria-level=\"1\"><b>Pansements antimicrobiens<\/b><span style=\"font-weight: 400;\"> : Ceux-ci sont utiles lorsque la plaie est infect\u00e9e ou qu&rsquo;il existe un risque \u00e9lev\u00e9 d&rsquo;infection.<\/span><\/li>\n<\/ul>\n<h3><span style=\"font-weight: 400;\">3. VenaSeal : Une m\u00e9thode de traitement mini-invasive<\/span><\/h3>\n<p><b>VenaSeal<\/b><span style=\"font-weight: 400;\">  est l&rsquo;un des traitements les plus modernes et efficaces pour \u00e9liminer les varices et am\u00e9liorer la circulation veineuse. Dans cette proc\u00e9dure, un(e)  <\/span><b>colle biologique<\/b><span style=\"font-weight: 400;\">  m\u00e9dical(e) sp\u00e9cial(e) est inject\u00e9(e) dans la veine malade, ce qui obstrue la veine affect\u00e9e et emp\u00eache le reflux du sang. Cette technique mini-invasive ne n\u00e9cessite pas d&rsquo;anesth\u00e9sie, est pratiquement indolore et permet un retour rapide aux activit\u00e9s normales. <\/span><a href=\"https:\/\/venaziel.de\/venenzentrum-leistungen\/venenkleber-venaseal\/\"><b>VenaSeal<\/b><\/a><span style=\"font-weight: 400;\"> est particuli\u00e8rement avantageux car il ne n\u00e9cessite pas l&rsquo;utilisation de chaleur ou de grandes incisions, ce qui r\u00e9duit le risque de complications postop\u00e9ratoires.<\/span><\/p>\n<h3><span style=\"font-weight: 400;\">4. Ablation par radiofr\u00e9quence (RFA)<\/span><\/h3>\n<p><span style=\"font-weight: 400;\">L&rsquo;<\/span><b>ablation par radiofr\u00e9quence<\/b><span style=\"font-weight: 400;\">  est une autre m\u00e9thode moderne et efficace pour traiter les varices, qui contribuent \u00e0 la formation d&rsquo;un ulc\u00e8re de la jambe. Une fine sonde est introduite dans la veine affect\u00e9e, qui \u00e9met des ondes radio \u00e0 haute fr\u00e9quence. Ces ondes chauffent et obstruent la veine, ce qui redirige le flux sanguin vers des veines saines. Cette proc\u00e9dure est mini-invasive, ne n\u00e9cessite qu&rsquo;une anesth\u00e9sie locale et permet une gu\u00e9rison rapide.<\/span><\/p>\n<h3><span style=\"font-weight: 400;\">5. Traitement chirurgical<\/span><\/h3>\n<p><span style=\"font-weight: 400;\">Dans les cas avanc\u00e9s, une intervention chirurgicale peut \u00eatre n\u00e9cessaire, en particulier lorsque les mesures conservatrices ne suffisent pas. Les proc\u00e9dures chirurgicales comprennent :<\/span><\/p>\n<ul>\n<li style=\"font-weight: 400;\" aria-level=\"1\"><b>Op\u00e9rations des veines<\/b><span style=\"font-weight: 400;\"> : Ablation ou scl\u00e9rose des veines malades afin d&rsquo;am\u00e9liorer le flux sanguin.<\/span><\/li>\n<li style=\"font-weight: 400;\" aria-level=\"1\"><b>Greffes de peau<\/b><span style=\"font-weight: 400;\"> : En cas de grandes plaies, une greffe de peau peut \u00eatre n\u00e9cessaire pour fermer la plaie et favoriser la gu\u00e9rison.<\/span><\/li>\n<\/ul>\n<h2><span style=\"font-weight: 400;\">Pr\u00e9vention et suivi<\/span><\/h2>\n<p><span style=\"font-weight: 400;\">L&rsquo;\u00e9vitement des facteurs de risque et un suivi cons\u00e9quent sont essentiels pour \u00e9viter une nouvelle apparition d&rsquo;un <\/span><b>ulc\u00e8re de jambe<\/b><span style=\"font-weight: 400;\">  . Ceci comprend&nbsp;:<\/span><\/p>\n<ul>\n<li style=\"font-weight: 400;\" aria-level=\"1\"><b>Exercice physique r\u00e9gulier<\/b><span style=\"font-weight: 400;\"> : Favorise la circulation sanguine et r\u00e9duit le risque de congestion veineuse.<\/span><\/li>\n<li style=\"font-weight: 400;\" aria-level=\"1\"><b>Perte de poids<\/b><span style=\"font-weight: 400;\"> : Le surpoids sollicite les veines des jambes et augmente le risque d&rsquo;IVC.<\/span><\/li>\n<li style=\"font-weight: 400;\" aria-level=\"1\"><b>Port de bas de contention<\/b><span style=\"font-weight: 400;\"> : Ceux-ci doivent \u00eatre port\u00e9s \u00e0 vie afin d&rsquo;\u00e9viter une nouvelle apparition de la maladie.<\/span><\/li>\n<\/ul>\n<h2><span style=\"font-weight: 400;\">Conclusion<\/span><\/h2>\n<p><span style=\"font-weight: 400;\">Le traitement de l&rsquo;<\/span><b>ulc\u00e8re de jambe veineux<\/b><span style=\"font-weight: 400;\"> n\u00e9cessite une th\u00e9rapie holistique adapt\u00e9e individuellement, qui comprend \u00e0 la fois des approches conservatrices et des approches mini-invasives modernes telles que <\/span><b>VenaSeal<\/b><span style=\"font-weight: 400;\"> et l&rsquo;<\/span><b>ablation par radiofr\u00e9quence<\/b><span style=\"font-weight: 400;\">  comprend. Un traitement pr\u00e9coce de la  <\/span><b>insuffisance veineuse chronique<\/b><span style=\"font-weight: 400;\"> est la cl\u00e9 pour \u00e9viter des complications graves. <a href=\"https:\/\/venaziel.de\/fr\/kontakt\/\">Les patients doivent en outre \u00eatre r\u00e9guli\u00e8rement surveill\u00e9s par un m\u00e9decin<\/a> et, si n\u00e9cessaire, des mesures pr\u00e9ventives doivent \u00eatre prises afin de minimiser le risque d&rsquo;une nouvelle apparition.<\/span><\/p>\n<p>&nbsp;<\/p>\n","protected":false},"excerpt":{"rendered":"<p>L\u2019ulc\u00e8re de jambe, souvent appel\u00e9 \u00ab&nbsp;jambe ouverte&nbsp;\u00bb, est une plaie chronique qui touche g\u00e9n\u00e9ralement la partie inf\u00e9rieure de la jambe. Ces plaies difficiles \u00e0 gu\u00e9rir sont l\u2019une des complications les plus fr\u00e9quentes chez les patients atteints d\u2019insuffisance veineuse chronique (IVC). L\u2019ulc\u00e8re de jambe est une maladie grave qui entra\u00eene des limitations importantes de la qualit\u00e9 de vie. Dans cet article, vous apprendrez tout ce qu\u2019il faut savoir sur les causes de l\u2019ulc\u00e8re veineux de la jambe, le lien avec l\u2019IVC, le lien avec d\u2019autres maladies ainsi que les m\u00e9thodes th\u00e9rapeutiques modernes les plus r\u00e9centes telles que VenaSeal, l\u2019ablation par radiofr\u00e9quence et d\u2019autres approches th\u00e9rapeutiques.   <\/p>\n","protected":false},"author":1,"featured_media":40839,"parent":40827,"menu_order":0,"comment_status":"closed","ping_status":"closed","template":"","meta":{"footnotes":""},"class_list":["post-40893","page","type-page","status-publish","has-post-thumbnail","hentry"],"_links":{"self":[{"href":"https:\/\/venaziel.de\/fr\/wp-json\/wp\/v2\/pages\/40893","targetHints":{"allow":["GET"]}}],"collection":[{"href":"https:\/\/venaziel.de\/fr\/wp-json\/wp\/v2\/pages"}],"about":[{"href":"https:\/\/venaziel.de\/fr\/wp-json\/wp\/v2\/types\/page"}],"author":[{"embeddable":true,"href":"https:\/\/venaziel.de\/fr\/wp-json\/wp\/v2\/users\/1"}],"replies":[{"embeddable":true,"href":"https:\/\/venaziel.de\/fr\/wp-json\/wp\/v2\/comments?post=40893"}],"version-history":[{"count":2,"href":"https:\/\/venaziel.de\/fr\/wp-json\/wp\/v2\/pages\/40893\/revisions"}],"predecessor-version":[{"id":45951,"href":"https:\/\/venaziel.de\/fr\/wp-json\/wp\/v2\/pages\/40893\/revisions\/45951"}],"up":[{"embeddable":true,"href":"https:\/\/venaziel.de\/fr\/wp-json\/wp\/v2\/pages\/40827"}],"wp:featuredmedia":[{"embeddable":true,"href":"https:\/\/venaziel.de\/fr\/wp-json\/wp\/v2\/media\/40839"}],"wp:attachment":[{"href":"https:\/\/venaziel.de\/fr\/wp-json\/wp\/v2\/media?parent=40893"}],"curies":[{"name":"wp","href":"https:\/\/api.w.org\/{rel}","templated":true}]}}