{"id":40928,"date":"2024-07-04T13:07:50","date_gmt":"2024-07-04T13:07:50","guid":{"rendered":"https:\/\/venaziel.de\/venenzentrum\/microschaum\/"},"modified":"2026-04-21T16:07:47","modified_gmt":"2026-04-21T16:07:47","slug":"microschaum","status":"publish","type":"page","link":"https:\/\/venaziel.de\/fr\/venenzentrum\/microschaum\/","title":{"rendered":"Th\u00e9rapie \u00e0 la micro-mousse"},"content":{"rendered":"<div class=\"fusion-fullwidth fullwidth-box fusion-builder-row-1 fusion-flex-container has-pattern-background has-mask-background nonhundred-percent-fullwidth non-hundred-percent-height-scrolling\" style=\"--awb-border-radius-top-left:0px;--awb-border-radius-top-right:0px;--awb-border-radius-bottom-right:0px;--awb-border-radius-bottom-left:0px;--awb-padding-right:0px;--awb-padding-left:0px;--awb-flex-wrap:wrap;\" ><div class=\"fusion-builder-row fusion-row fusion-flex-align-items-flex-start fusion-flex-content-wrap\" style=\"max-width:78%;margin-left: calc(-4% \/ 2 );margin-right: calc(-4% \/ 2 );\"><div class=\"fusion-layout-column fusion_builder_column fusion-builder-column-0 fusion_builder_column_1_1 1_1 fusion-flex-column\" style=\"--awb-bg-size:cover;--awb-width-large:100%;--awb-margin-top-large:0px;--awb-spacing-right-large:0%;--awb-margin-bottom-large:20px;--awb-spacing-left-large:0%;--awb-width-medium:100%;--awb-order-medium:0;--awb-spacing-right-medium:1.92%;--awb-spacing-left-medium:1.92%;--awb-width-small:100%;--awb-order-small:0;--awb-spacing-right-small:1.92%;--awb-spacing-left-small:1.92%;\"><div class=\"fusion-column-wrapper fusion-column-has-shadow fusion-flex-justify-content-flex-start fusion-content-layout-column\"><div class=\"fusion-text fusion-text-1\" style=\"--awb-text-font-family:&quot;Poppins&quot;;--awb-text-font-style:normal;--awb-text-font-weight:300;\"><h2 id=\"behandlung\" class=\"vc_custom_heading vc_custom_1675771010154\">Microscl\u00e9rose (ou traitement par mousse)<\/h2>\n<div class=\"nectar-responsive-text absatz font_size_desktop_16px font_line_height_1-5\">\n<p>La th\u00e9rapie \u00e0 la micro-mousse \/ scl\u00e9rose veineuse est une m\u00e9thode de traitement des varices utilis\u00e9e depuis plusieurs centaines d&rsquo;ann\u00e9es.<\/p>\n<p>Les varices sont des veines dilat\u00e9es ou obstru\u00e9es (dans le jargon m\u00e9dical, on les appelle varices). Une caract\u00e9ristique typique est la pr\u00e9sence de protub\u00e9rances serpentiformes ou ramifi\u00e9es qui se distinguent clairement de la peau, souvent avec formation de n\u0153uds. Les varices se manifestent surtout sur les jambes. Cela est d\u00fb au fait que les veines des jambes doivent travailler le plus contre la gravit\u00e9 pour pomper le sang vers le c\u0153ur.   <\/p>\n<p>Dans de rares cas, elles peuvent \u00e9galement appara\u00eetre sur d&rsquo;autres parties du corps. Les varices ne sont pas seulement un probl\u00e8me esth\u00e9tique, elles peuvent \u00e9galement provoquer des jambes lourdes et douloureuses, ainsi que des maladies secondaires. Il est donc d\u2019autant plus important de les reconna\u00eetre et de les traiter pr\u00e9cocement.<\/p>\n<\/div>\n<\/div><div class=\"fusion-image-element \" style=\"--awb-aspect-ratio:16 \/ 9;--awb-margin-bottom:20px;--awb-caption-title-font-family:var(--h2_typography-font-family);--awb-caption-title-font-weight:var(--h2_typography-font-weight);--awb-caption-title-font-style:var(--h2_typography-font-style);--awb-caption-title-size:var(--h2_typography-font-size);--awb-caption-title-transform:var(--h2_typography-text-transform);--awb-caption-title-line-height:var(--h2_typography-line-height);--awb-caption-title-letter-spacing:var(--h2_typography-letter-spacing);\"><span class=\" fusion-imageframe imageframe-dropshadow imageframe-1 hover-type-none has-aspect-ratio\" style=\"border-radius:10px;-webkit-box-shadow: 3px 3px 7px var(--awb-color3);box-shadow: 3px 3px 7px var(--awb-color3);\"><img decoding=\"async\" width=\"1024\" height=\"597\" alt=\"D\u00e9couvrez nos m\u00e9thodes modernes de traitement des varices \u00e0 Berlin, notamment VenaSeal, la th\u00e9rapie au laser et la microscl\u00e9rose\" title=\"microschaum-behandlung-venaziel-berlin-venenzentrum\" src=\"https:\/\/venaziel.de\/wp-content\/uploads\/2024\/07\/mikroschaum-behandlung-venaziel-berlin-venenzentrum.jpg\" data-orig-src=\"https:\/\/venaziel.de\/wp-content\/uploads\/2024\/07\/mikroschaum-behandlung-venaziel-berlin-venenzentrum-1024x597.jpg\" class=\"lazyload img-responsive wp-image-40219 img-with-aspect-ratio\" data-parent-fit=\"cover\" data-parent-container=\".fusion-image-element\" srcset=\"data:image\/svg+xml,%3Csvg%20xmlns%3D%27http%3A%2F%2Fwww.w3.org%2F2000%2Fsvg%27%20width%3D%271200%27%20height%3D%27700%27%20viewBox%3D%270%200%201200%20700%27%3E%3Crect%20width%3D%271200%27%20height%3D%27700%27%20fill-opacity%3D%220%22%2F%3E%3C%2Fsvg%3E\" data-srcset=\"https:\/\/venaziel.de\/wp-content\/uploads\/2024\/07\/mikroschaum-behandlung-venaziel-berlin-venenzentrum-200x117.jpg 200w, https:\/\/venaziel.de\/wp-content\/uploads\/2024\/07\/mikroschaum-behandlung-venaziel-berlin-venenzentrum-400x233.jpg 400w, https:\/\/venaziel.de\/wp-content\/uploads\/2024\/07\/mikroschaum-behandlung-venaziel-berlin-venenzentrum-600x350.jpg 600w, https:\/\/venaziel.de\/wp-content\/uploads\/2024\/07\/mikroschaum-behandlung-venaziel-berlin-venenzentrum-800x467.jpg 800w, https:\/\/venaziel.de\/wp-content\/uploads\/2024\/07\/mikroschaum-behandlung-venaziel-berlin-venenzentrum.jpg 1200w\" data-sizes=\"auto\" data-orig-sizes=\"(max-width: 1024px) 100vw, (max-width: 676px) 100vw, 1024px\" \/><\/span><\/div><div class=\"fusion-text fusion-text-2\" style=\"--awb-text-font-family:&quot;Poppins&quot;;--awb-text-font-style:normal;--awb-text-font-weight:300;\"><h2 id=\"varizen\" class=\"vc_custom_heading vc_custom_1677082653651\">Scl\u00e9roth\u00e9rapie des varices \u00e0 la micro-mousse<\/h2>\n<div class=\"nectar-responsive-text absatz font_size_desktop_16px font_line_height_1-5\">\n<p>Des substances qui irritent la paroi veineuse et sont cens\u00e9es l\u2019endommager d\u00e9lib\u00e9r\u00e9ment sont inject\u00e9es dans le vaisseau lors de la scl\u00e9roth\u00e9rapie. Il en r\u00e9sulte une occlusion (thrombose) ou directement un collage des parois vasculaires. Depuis quelques ann\u00e9es, l\u2019occlusion des veines n\u2019est plus seulement pratiqu\u00e9e par l\u2019injection d\u2019agents scl\u00e9rosants liquides, mais de plus en plus par l\u2019utilisation de mousse ou de \u00ab microschume \u00bb.<\/p>\n<p>L\u2019agent scl\u00e9rosant que nous utilisons est le seul m\u00e9dicament autoris\u00e9 avec l\u2019efficacit\u00e9 la plus \u00e9lev\u00e9e et le taux de complications le plus faible lors de la scl\u00e9rose des varices. Ce produit est un m\u00e9dicament \u00e0 base d\u2019alcool \u00e0 diff\u00e9rentes concentrations de 0,25 % \u00e0 3 %. Plus le diam\u00e8tre de la veine \u00e0 traiter est grand, plus la concentration du m\u00e9dicament n\u00e9cessaire est \u00e9lev\u00e9e. Un micro-mousse sp\u00e9cialement fabriqu\u00e9 (l\u2019agent scl\u00e9rosant est transform\u00e9 en mousse avec de l\u2019air) est introduit dans la veine malade sous contr\u00f4le \u00e9chographique via une petite canule.<\/p>\n<\/div>\n<\/div><div class=\"fusion-image-element \" style=\"--awb-aspect-ratio:16 \/ 9;--awb-margin-bottom:20px;--awb-caption-title-font-family:var(--h2_typography-font-family);--awb-caption-title-font-weight:var(--h2_typography-font-weight);--awb-caption-title-font-style:var(--h2_typography-font-style);--awb-caption-title-size:var(--h2_typography-font-size);--awb-caption-title-transform:var(--h2_typography-text-transform);--awb-caption-title-line-height:var(--h2_typography-line-height);--awb-caption-title-letter-spacing:var(--h2_typography-letter-spacing);\"><span class=\" fusion-imageframe imageframe-dropshadow imageframe-2 hover-type-none has-aspect-ratio\" style=\"border-radius:10px;-webkit-box-shadow: 3px 3px 7px var(--awb-color3);box-shadow: 3px 3px 7px var(--awb-color3);\"><img decoding=\"async\" width=\"1000\" height=\"974\" title=\"venaziel-untersuchung-krampfadern-mikroschaum-behandlungen\" src=\"https:\/\/venaziel.de\/wp-content\/uploads\/2024\/07\/venaziel-untersuchung-krampfadern-mikroschaum-behandlungen.jpg\" data-orig-src=\"https:\/\/venaziel.de\/wp-content\/uploads\/2024\/07\/venaziel-untersuchung-krampfadern-mikroschaum-behandlungen.jpg\" class=\"lazyload img-responsive wp-image-40930 img-with-aspect-ratio\" data-parent-fit=\"cover\" data-parent-container=\".fusion-image-element\" srcset=\"data:image\/svg+xml,%3Csvg%20xmlns%3D%27http%3A%2F%2Fwww.w3.org%2F2000%2Fsvg%27%20width%3D%271000%27%20height%3D%27974%27%20viewBox%3D%270%200%201000%20974%27%3E%3Crect%20width%3D%271000%27%20height%3D%27974%27%20fill-opacity%3D%220%22%2F%3E%3C%2Fsvg%3E\" data-srcset=\"https:\/\/venaziel.de\/wp-content\/uploads\/2024\/07\/venaziel-untersuchung-krampfadern-mikroschaum-behandlungen-200x195.jpg 200w, https:\/\/venaziel.de\/wp-content\/uploads\/2024\/07\/venaziel-untersuchung-krampfadern-mikroschaum-behandlungen-400x390.jpg 400w, https:\/\/venaziel.de\/wp-content\/uploads\/2024\/07\/venaziel-untersuchung-krampfadern-mikroschaum-behandlungen-600x584.jpg 600w, https:\/\/venaziel.de\/wp-content\/uploads\/2024\/07\/venaziel-untersuchung-krampfadern-mikroschaum-behandlungen-800x779.jpg 800w, https:\/\/venaziel.de\/wp-content\/uploads\/2024\/07\/venaziel-untersuchung-krampfadern-mikroschaum-behandlungen.jpg 1000w\" data-sizes=\"auto\" data-orig-sizes=\"(max-width: 1024px) 100vw, (max-width: 676px) 100vw, 1000px\" data-orig- alt=\"\"><\/span><\/div><div class=\"fusion-text fusion-text-3\"><p>Cette m\u00e9thode permet de contr\u00f4ler pr\u00e9cis\u00e9ment la quantit\u00e9 d\u2019agent scl\u00e9rosant. Ainsi, le r\u00e9sultat de l\u2019occlusion est nettement meilleur qu\u2019apr\u00e8s la scl\u00e9roth\u00e9rapie liquide traditionnelle ou la scl\u00e9roth\u00e9rapie saline, d\u00e9crite \u00e0 plusieurs reprises dans certains m\u00e9dias, qui n\u2019a qu\u2019un taux de r\u00e9ussite de seulement 13 %.<\/p>\n<p>Entre-temps, votre&nbsp;<a href=\"https:\/\/venaziel.de\/fr\/kontakt\/\">Le centre veineux de Berlin<\/a> travaille \u00e9galement au perfectionnement de la m\u00e9thode par l\u2019ajout de substances adh\u00e9sives st\u00e9riles. Celles-ci augmentent d\u2019une part l\u2019efficacit\u00e9, et r\u00e9duisent d\u2019autre part la formation de pigmentation. Afin d\u2019am\u00e9liorer davantage les r\u00e9sultats apr\u00e8s le traitement, les patients devraient ensuite porter des bas de contention de classe II pendant la journ\u00e9e pendant 10 \u00e0 14 jours.<\/p>\n<p>Les douches quotidiennes, le sport et toute activit\u00e9 professionnelle sont possibles sans restrictions. En r\u00e8gle g\u00e9n\u00e9rale, tous peuvent&nbsp;<a href=\"https:\/\/venaziel.de\/venenzentrum-leistungen\/krampfadern-entfernen\/\">varices \u00e0 Berlin<\/a> peuvent \u00eatre scl\u00e9ros\u00e9es avec de la micro-mousse.<\/p>\n<\/div><div class=\"fusion-image-element \" style=\"--awb-aspect-ratio:16 \/ 9;--awb-caption-title-font-family:var(--h2_typography-font-family);--awb-caption-title-font-weight:var(--h2_typography-font-weight);--awb-caption-title-font-style:var(--h2_typography-font-style);--awb-caption-title-size:var(--h2_typography-font-size);--awb-caption-title-transform:var(--h2_typography-text-transform);--awb-caption-title-line-height:var(--h2_typography-line-height);--awb-caption-title-letter-spacing:var(--h2_typography-letter-spacing);\"><span class=\" fusion-imageframe imageframe-dropshadow imageframe-3 hover-type-none has-aspect-ratio\" style=\"border-radius:10px;-webkit-box-shadow: 3px 3px 7px var(--awb-color3);box-shadow: 3px 3px 7px var(--awb-color3);\"><img decoding=\"async\" width=\"1000\" height=\"798\" title=\"venaziel-untersuchung-krampfadern-mikroschaum-berlin-Germany\" src=\"https:\/\/venaziel.de\/wp-content\/uploads\/2024\/07\/venaziel-untersuchung-krampfadern-mikroschaum-berlin-Germany.jpg\" data-orig-src=\"https:\/\/venaziel.de\/wp-content\/uploads\/2024\/07\/venaziel-untersuchung-krampfadern-mikroschaum-berlin-Germany.jpg\" class=\"lazyload img-responsive wp-image-40931 img-with-aspect-ratio\" data-parent-fit=\"cover\" data-parent-container=\".fusion-image-element\" srcset=\"data:image\/svg+xml,%3Csvg%20xmlns%3D%27http%3A%2F%2Fwww.w3.org%2F2000%2Fsvg%27%20width%3D%271000%27%20height%3D%27798%27%20viewBox%3D%270%200%201000%20798%27%3E%3Crect%20width%3D%271000%27%20height%3D%27798%27%20fill-opacity%3D%220%22%2F%3E%3C%2Fsvg%3E\" data-srcset=\"https:\/\/venaziel.de\/wp-content\/uploads\/2024\/07\/venaziel-untersuchung-krampfadern-mikroschaum-berlin-Germany-200x160.jpg 200w, https:\/\/venaziel.de\/wp-content\/uploads\/2024\/07\/venaziel-untersuchung-krampfadern-mikroschaum-berlin-Germany-400x319.jpg 400w, https:\/\/venaziel.de\/wp-content\/uploads\/2024\/07\/venaziel-untersuchung-krampfadern-mikroschaum-berlin-Germany-600x479.jpg 600w, https:\/\/venaziel.de\/wp-content\/uploads\/2024\/07\/venaziel-untersuchung-krampfadern-mikroschaum-berlin-Germany-800x638.jpg 800w, https:\/\/venaziel.de\/wp-content\/uploads\/2024\/07\/venaziel-untersuchung-krampfadern-mikroschaum-berlin-Germany.jpg 1000w\" data-sizes=\"auto\" data-orig-sizes=\"(max-width: 1024px) 100vw, (max-width: 676px) 100vw, 1000px\" data-orig- alt=\"\"><\/span><\/div><div class=\"fusion-text fusion-text-4\"><h2 id=\"vorbeugung\" class=\"vc_custom_heading vc_custom_1675758601348\">Complications et pr\u00e9vention apr\u00e8s scl\u00e9rose des varices<\/h2>\n<div class=\"nectar-responsive-text absatz font_size_desktop_16px font_line_height_1-5\">\n<div class=\"wpb_text_column wpb_content_element \">\n<div class=\"wpb_wrapper\">\n<p>Apr\u00e8s chaque traitement (stripping, radiofr\u00e9quence, laser, micro-mousse) des varices, il existe une possibilit\u00e9 de r\u00e9cidive, de varices r\u00e9cidivantes. La dur\u00e9e d\u00e9pend du patient, de la pr\u00e9cision de la clarification et \u00e9galement de la m\u00e9thode lors de la premi\u00e8re intervention. C\u2019est pourquoi il est important de faire des examens de contr\u00f4le r\u00e9guliers tous les un \u00e0 deux ans, m\u00eame apr\u00e8s une scl\u00e9roth\u00e9rapie, et de prendre des mesures pr\u00e9ventives (suffisamment d\u2019exercice et de sports d\u2019endurance, comme le jogging, le v\u00e9lo ou la natation).<\/p>\n<p>L\u2019une des complications les plus fr\u00e9quentes apr\u00e8s la scl\u00e9rose d\u2019une varice est le d\u00e9veloppement de taches brun\u00e2tres et de durcissements au niveau de l\u2019ancienne veine. Ceci est une cons\u00e9quence de la scl\u00e9roth\u00e9rapie et peut durer plusieurs semaines. D\u2019autres cons\u00e9quences th\u00e9oriques sont le d\u00e9veloppement d\u2019une thrombose veineuse profonde (risque inf\u00e9rieur \u00e0 1 %) ou l\u2019apparition d\u2019inflammations dans la zone de la veine trait\u00e9e.<\/p>\n<p>Des scintillations ou des bronchospasmes sont survenus dans 0,21 % des cas. Chez les patients migraineux, outre la planification th\u00e9rapeutique exacte, le respect imp\u00e9ratif des quantit\u00e9s de mousse prescrites est n\u00e9cessaire. Il en va de m\u00eame pour les patients qui pr\u00e9sentent une connexion de court-circuit entre l\u2019oreillette gauche et l\u2019oreillette droite. Une th\u00e9rapie sous m\u00e9dication anticoagulante est en revanche possible. En cas de grossesse, la scl\u00e9rose \u00e0 la mousse est \u00e9vit\u00e9e.<\/p>\n<p>La faiblesse vasculaire est souvent h\u00e9r\u00e9ditaire. D\u2019autres facteurs qui ont un effet n\u00e9gatif sur la circulation sanguine peuvent favoriser l\u2019apparition de varices. Il s\u2019agit par exemple des activit\u00e9s debout ou assises, du surpoids, de la consommation de nicotine, des grossesses ou de la th\u00e9rapie hormonale.<\/p>\n<\/div>\n<\/div>\n<\/div>\n<\/div><div class=\"fusion-image-element \" style=\"--awb-aspect-ratio:16 \/ 9;--awb-margin-bottom:20px;--awb-caption-title-font-family:var(--h2_typography-font-family);--awb-caption-title-font-weight:var(--h2_typography-font-weight);--awb-caption-title-font-style:var(--h2_typography-font-style);--awb-caption-title-size:var(--h2_typography-font-size);--awb-caption-title-transform:var(--h2_typography-text-transform);--awb-caption-title-line-height:var(--h2_typography-line-height);--awb-caption-title-letter-spacing:var(--h2_typography-letter-spacing);\"><span class=\" fusion-imageframe imageframe-dropshadow imageframe-4 hover-type-none has-aspect-ratio\" style=\"border-radius:10px;-webkit-box-shadow: 3px 3px 7px var(--awb-color3);box-shadow: 3px 3px 7px var(--awb-color3);\"><img decoding=\"async\" width=\"1024\" height=\"492\" title=\"phlebogoe-performing-an-ultrasound-on-the-patient-for-spider-vein-diagnosis-berlin-clinic\" src=\"https:\/\/venaziel.de\/wp-content\/uploads\/2024\/07\/phlebogoe-performing-an-ultrasound-on-the-patient-for-spider-vein-diagnosis-berlin-clinic.jpg\" data-orig-src=\"https:\/\/venaziel.de\/wp-content\/uploads\/2024\/07\/phlebogoe-performing-an-ultrasound-on-the-patient-for-spider-vein-diagnosis-berlin-clinic-1024x492.jpg\" class=\"lazyload img-responsive wp-image-40419 img-with-aspect-ratio\" data-parent-fit=\"cover\" data-parent-container=\".fusion-image-element\" srcset=\"data:image\/svg+xml,%3Csvg%20xmlns%3D%27http%3A%2F%2Fwww.w3.org%2F2000%2Fsvg%27%20width%3D%271200%27%20height%3D%27576%27%20viewBox%3D%270%200%201200%20576%27%3E%3Crect%20width%3D%271200%27%20height%3D%27576%27%20fill-opacity%3D%220%22%2F%3E%3C%2Fsvg%3E\" data-srcset=\"https:\/\/venaziel.de\/wp-content\/uploads\/2024\/07\/phlebogoe-performing-an-ultrasound-on-the-patient-for-spider-vein-diagnosis-berlin-clinic-200x96.jpg 200w, https:\/\/venaziel.de\/wp-content\/uploads\/2024\/07\/phlebogoe-performing-an-ultrasound-on-the-patient-for-spider-vein-diagnosis-berlin-clinic-400x192.jpg 400w, https:\/\/venaziel.de\/wp-content\/uploads\/2024\/07\/phlebogoe-performing-an-ultrasound-on-the-patient-for-spider-vein-diagnosis-berlin-clinic-600x288.jpg 600w, https:\/\/venaziel.de\/wp-content\/uploads\/2024\/07\/phlebogoe-performing-an-ultrasound-on-the-patient-for-spider-vein-diagnosis-berlin-clinic-800x384.jpg 800w, https:\/\/venaziel.de\/wp-content\/uploads\/2024\/07\/phlebogoe-performing-an-ultrasound-on-the-patient-for-spider-vein-diagnosis-berlin-clinic.jpg 1200w\" data-sizes=\"auto\" data-orig-sizes=\"(max-width: 1024px) 100vw, (max-width: 676px) 100vw, 1024px\" alt=\"\"><\/span><\/div><div class=\"fusion-text fusion-text-5\"><h2 id=\"vorteile\" class=\"vc_custom_heading vc_custom_1675758612179\">Avantages de l&rsquo;application de micro-mousse<\/h2>\n<div class=\"nectar-responsive-text absatz font_size_desktop_16px font_line_height_1-5\">\n<ol>\n<li aria-level=\"1\">enti\u00e8rement ambulatoire avec un confort \u00e9lev\u00e9 pour le patient<\/li>\n<li aria-level=\"1\">sans incision ni anesth\u00e9sie<\/li>\n<li aria-level=\"1\">particuli\u00e8rement doux (contrairement aux interventions chirurgicales, la th\u00e9rapie \u00e0 la micro-mousse \u00e0 Berlin ne laisse aucune cicatrice)<\/li>\n<li aria-level=\"1\">presque indolore (\u00e0 l&rsquo;exception d&rsquo;une courte piq\u00fbre)<\/li>\n<li aria-level=\"1\">efficace et \u00e0 action rapide<\/li>\n<li aria-level=\"1\">avec un potentiel de risque nettement plus faible<\/li>\n<li aria-level=\"1\">une incapacit\u00e9 de travail n&rsquo;est pas \u00e0 pr\u00e9voir dans la plupart des cas<\/li>\n<li aria-level=\"1\">\u00e9conomique<\/li>\n<\/ol>\n<\/div>\n<div class=\"wpb_text_column wpb_content_element \">\n<div class=\"wpb_wrapper\">\n<p>Avec les m\u00e9thodes connues de la th\u00e9rapie endoveineuse par radiofr\u00e9quence\/laser et le collage par VenaSeal (colle veineuse), la scl\u00e9rose \u00e0 la mousse est une autre m\u00e9thode simple et douce.<\/p>\n<\/div>\n<\/div>\n<\/div><\/div><\/div><\/div><\/div>\n","protected":false},"excerpt":{"rendered":"<p>D\u00e9couvrez comment traiter et faire retirer efficacement les varicosit\u00e9s et les varices \u00e0 Berlin. Apprenez-en davantage sur les causes, les facteurs de risque et les possibilit\u00e9s de pr\u00e9vention de ces petites veines visibles sous la peau. Nos experts du centre veineux de Berlin vous offrent des conseils complets et des m\u00e9thodes th\u00e9rapeutiques ultramodernes pour am\u00e9liorer votre sant\u00e9 veineuse et soulager vos sympt\u00f4mes. Prenez rendez-vous d\u00e8s aujourd\u2019hui et b\u00e9n\u00e9ficiez de conseils professionnels&nbsp;!<\/p>\n","protected":false},"author":1,"featured_media":40931,"parent":40854,"menu_order":0,"comment_status":"closed","ping_status":"closed","template":"","meta":{"footnotes":""},"class_list":["post-40928","page","type-page","status-publish","has-post-thumbnail","hentry"],"_links":{"self":[{"href":"https:\/\/venaziel.de\/fr\/wp-json\/wp\/v2\/pages\/40928","targetHints":{"allow":["GET"]}}],"collection":[{"href":"https:\/\/venaziel.de\/fr\/wp-json\/wp\/v2\/pages"}],"about":[{"href":"https:\/\/venaziel.de\/fr\/wp-json\/wp\/v2\/types\/page"}],"author":[{"embeddable":true,"href":"https:\/\/venaziel.de\/fr\/wp-json\/wp\/v2\/users\/1"}],"replies":[{"embeddable":true,"href":"https:\/\/venaziel.de\/fr\/wp-json\/wp\/v2\/comments?post=40928"}],"version-history":[{"count":198,"href":"https:\/\/venaziel.de\/fr\/wp-json\/wp\/v2\/pages\/40928\/revisions"}],"predecessor-version":[{"id":77478,"href":"https:\/\/venaziel.de\/fr\/wp-json\/wp\/v2\/pages\/40928\/revisions\/77478"}],"up":[{"embeddable":true,"href":"https:\/\/venaziel.de\/fr\/wp-json\/wp\/v2\/pages\/40854"}],"wp:featuredmedia":[{"embeddable":true,"href":"https:\/\/venaziel.de\/fr\/wp-json\/wp\/v2\/media\/40931"}],"wp:attachment":[{"href":"https:\/\/venaziel.de\/fr\/wp-json\/wp\/v2\/media?parent=40928"}],"curies":[{"name":"wp","href":"https:\/\/api.w.org\/{rel}","templated":true}]}}