{"id":41051,"date":"2024-09-13T15:28:44","date_gmt":"2024-09-13T15:28:44","guid":{"rendered":"https:\/\/venaziel.de\/proctologie\/analfistel\/"},"modified":"2026-04-09T05:53:56","modified_gmt":"2026-04-09T05:53:56","slug":"analfistel","status":"publish","type":"page","link":"https:\/\/venaziel.de\/fr\/proctologie\/analfistel\/","title":{"rendered":"Fistule anale"},"content":{"rendered":"<h2><b>Qu&rsquo;est-ce qu&rsquo;une fistule anale&nbsp;? <\/b><\/h2>\n<p><span style=\"font-weight: 400;\">Une fistule anale est une connexion anormale et inflammatoire qui se forme entre le canal anal et la peau. Dans la plupart des cas, elle r\u00e9sulte d&rsquo;un abc\u00e8s anal non trait\u00e9. L&rsquo;abc\u00e8s est caus\u00e9 par une infection, souvent due \u00e0 un blocage des glandes du canal anal. La formation d&rsquo;une fistule permet aux s\u00e9cr\u00e9tions telles que le pus, le sang et les tissus inflammatoires de s&rsquo;\u00e9chapper du canal fistuleux interne vers l&rsquo;ext\u00e9rieur. Cela peut entra\u00eener une inflammation et des douleurs persistantes. <\/span><\/p>\n<p><span style=\"font-weight: 400;\">Il existe diff\u00e9rents types de fistules anales, qui se distinguent par leur emplacement et leur \u00e9volution&nbsp;: <\/span><\/p>\n<ul>\n<li><b>Fistule intersphinct\u00e9rienne<\/b><span style=\"font-weight: 400;\">&nbsp;: Cette fistule passe entre le sphincter interne et externe et est la forme la plus courante.<\/span> <\/li>\n<li><b>Fistule transsphinct\u00e9rienne<\/b><span style=\"font-weight: 400;\">&nbsp;: Cette fistule traverse \u00e0 la fois le sphincter interne et externe et n\u00e9cessite g\u00e9n\u00e9ralement un traitement plus complexe.<\/span> <\/li>\n<li><b>Fistule extrasphinct\u00e9rienne<\/b><span style=\"font-weight: 400;\">&nbsp;: Celle-ci se situe au-dessus des sphincters et a souvent une \u00e9volution longue et complexe. Elle peut \u00eatre caus\u00e9e par une infection plus grave, comme chez les patients atteints de la maladie de Crohn. <\/span><\/li>\n<\/ul>\n<p><span style=\"font-weight: 400;\">La formation d&rsquo;une fistule anale peut s&rsquo;\u00e9tendre sur plusieurs mois, voire plusieurs ann\u00e9es. Elle passe souvent inaper\u00e7ue pendant longtemps, surtout si elle commence par un petit abc\u00e8s superficiel. Cependant, sans traitement ad\u00e9quat, un syst\u00e8me complexe de canaux fistuleux peut se d\u00e9velopper, ce qui complique le traitement. <\/span><\/p>\n<h2><b>Bases anatomiques <\/b><\/h2>\n<p><span style=\"font-weight: 400;\">La compr\u00e9hension des structures anatomiques autour du canal anal est essentielle pour comprendre les fistules anales. Le canal anal est travers\u00e9 par des glandes qui sont responsables de la r\u00e9gulation de l&rsquo;humidit\u00e9 et de la protection du canal anal. Si l&rsquo;une de ces glandes est infect\u00e9e ou bloqu\u00e9e, un abc\u00e8s peut se d\u00e9velopper, ce qui, dans le <\/span><\/p>\n<p><span style=\"font-weight: 400;\">pire des cas, conduit \u00e0 une fistule. \u00c9tant donn\u00e9 que le canal anal est entour\u00e9 de plusieurs couches de muscles, notamment les sphincters interne et externe, le trajet de la fistule peut passer \u00e0 travers ou autour de ces muscles. <\/span><\/p>\n<h2><b>Causes et facteurs de risque <\/b><\/h2>\n<p><span style=\"font-weight: 400;\">L&rsquo;apparition de fistules anales peut \u00eatre favoris\u00e9e par divers facteurs et affections pr\u00e9existantes. Dans la plupart des cas, la cause est une infection bact\u00e9rienne qui entra\u00eene un abc\u00e8s anal. Si un tel abc\u00e8s n&rsquo;est pas trait\u00e9 \u00e0 temps, une fistule se d\u00e9veloppe \u00e0 partir de l&rsquo;accumulation de pus et de tissus enflamm\u00e9s. Il existe cependant \u00e9galement une multitude d&rsquo;autres causes et facteurs de risque&nbsp;: <\/span><\/p>\n<h3><b>Causes primaires <\/b><\/h3>\n<ol>\n<li><b>Abc\u00e8s anaux<\/b><span style=\"font-weight: 400;\">&nbsp;: La cause la plus fr\u00e9quente de l&rsquo;apparition de fistules anales. Celles-ci se produisent lorsque les glandes anales sont infect\u00e9es par des bact\u00e9ries. Si l&rsquo;abc\u00e8s se propage dans les couches tissulaires plus profondes du canal anal, une fistule peut se former. <\/span><\/li>\n<li><b>Maladies inflammatoires chroniques de l\u2019intestin (MICI)<\/b><span style=\"font-weight: 400;\">&nbsp;: Les maladies telles que la maladie de Crohn et la colite ulc\u00e9reuse sont souvent associ\u00e9es \u00e0 la formation de fistules anales. Chez les patients atteints de la maladie de Crohn, jusqu&rsquo;\u00e0 30&nbsp;% des personnes concern\u00e9es d\u00e9veloppent des fistules p\u00e9rianales, car l&rsquo;inflammation profonde des tissus endommage la muqueuse de l&rsquo;intestin et du canal anal. <\/span><\/li>\n<li><b>Infections anales<\/b><span style=\"font-weight: 400;\">&nbsp;: Les infections caus\u00e9es par des maladies sexuellement transmissibles, telles que la chlamydia ou la syphilis, peuvent \u00e9galement entra\u00eener des l\u00e9sions du canal anal et favoriser la formation d&rsquo;une fistule.<\/span> <\/li>\n<\/ol>\n<h3><b>Causes secondaires et facteurs de risque <\/b><\/h3>\n<ul>\n<li><b>L\u00e9sions traumatiques<\/b><span style=\"font-weight: 400;\">&nbsp;: Les interventions chirurgicales ou les blessures de la r\u00e9gion anale peuvent entra\u00eener la formation de fistules. Un abc\u00e8s postop\u00e9ratoire peut par exemple se transformer en fistule anale. <\/span><\/li>\n<li><b>\u00c9tats d&rsquo;immunosuppression<\/b><span style=\"font-weight: 400;\">&nbsp;: Les patients dont le syst\u00e8me immunitaire est affaibli, comme en cas de VIH ou apr\u00e8s une transplantation d&rsquo;organe, ont un risque accru de d\u00e9velopper une infection pouvant entra\u00eener la formation d&rsquo;une fistule.<\/span> <\/li>\n<li><b>Pr\u00e9disposition g\u00e9n\u00e9tique<\/b><span style=\"font-weight: 400;\">&nbsp;: Il existe des indications selon lesquelles des facteurs g\u00e9n\u00e9tiques peuvent jouer un r\u00f4le dans le d\u00e9veloppement des fistules anales, en particulier chez les patients atteints de maladies inflammatoires chroniques de l&rsquo;intestin.<\/span> <\/li>\n<\/ul>\n<h2><b>Sympt\u00f4mes et troubles <\/b><\/h2>\n<p><span style=\"font-weight: 400;\">Les sympt\u00f4mes d&rsquo;une fistule anale varient en fonction de la gravit\u00e9 et de l&rsquo;\u00e9volution de la maladie. Alors que certains patients ne pr\u00e9sentent que de l\u00e9gers troubles, d&rsquo;autres souffrent de douleurs chroniques et d&rsquo;infections r\u00e9currentes. Les sympt\u00f4mes les plus fr\u00e9quents sont les suivants&nbsp;:<\/span><\/p>\n<ol>\n<li><b>Douleurs dans la r\u00e9gion anale<\/b><span style=\"font-weight: 400;\">&nbsp;: Celles-ci se produisent g\u00e9n\u00e9ralement en position assise, en marchant ou pendant la d\u00e9f\u00e9cation. Les douleurs peuvent \u00eatre aigu\u00ebs ou sourdes et s&rsquo;intensifient souvent pendant la d\u00e9f\u00e9cation. <\/span><\/li>\n<li><b>S\u00e9cr\u00e9tion de pus ou de sang<\/b><span style=\"font-weight: 400;\">&nbsp;: Un signe caract\u00e9ristique d&rsquo;une fistule anale est l&rsquo;\u00e9coulement de pus ou de sang par un orifice dans la peau pr\u00e8s de l&rsquo;anus. Cet \u00e9coulement peut \u00eatre intermittent et entra\u00eener des odeurs d\u00e9sagr\u00e9ables. <\/span><\/li>\n<li><b>Gonflements et rougeurs<\/b><span style=\"font-weight: 400;\">&nbsp;: Un gonflement inflammatoire ou une rougeur dans la r\u00e9gion anale indique une infection active ou un abc\u00e8s.<\/span> <\/li>\n<li><b>D\u00e9mangeaisons et irritations<\/b><span style=\"font-weight: 400;\">&nbsp;: La s\u00e9cr\u00e9tion constante de pus et de liquide peut entra\u00eener une irritation de la peau et de fortes d\u00e9mangeaisons.<\/span> <\/li>\n<li><b>Fi\u00e8vre occasionnelle et sensation g\u00e9n\u00e9rale de malaise<\/b><span style=\"font-weight: 400;\">&nbsp;: En cas d&rsquo;inflammation grave ou chronique, il peut y avoir de la fi\u00e8vre, des frissons et une sensation g\u00e9n\u00e9rale de malaise.<\/span> <\/li>\n<\/ol>\n<p><span style=\"font-weight: 400;\">De nombreux patients font \u00e9tat d&rsquo;une sensation de pression constante et d\u00e9sagr\u00e9able dans la r\u00e9gion anale, caus\u00e9e par l&rsquo;inflammation et le gonflement. Ces troubles peuvent devenir chroniques si la fistule n&rsquo;est pas trait\u00e9e. <\/span><\/p>\n<h2><b>Diagnostic d&rsquo;une fistule anale <\/b><\/h2>\n<p><span style=\"font-weight: 400;\">Le diagnostic d&rsquo;une fistule anale commence par une anamn\u00e8se approfondie et un examen physique r\u00e9alis\u00e9 par un sp\u00e9cialiste en <a href=\"https:\/\/venaziel.de\/fr\/proctologie\/\">proctologie<\/a>. Le m\u00e9decin examinera la r\u00e9gion anale et recherchera des signes d&rsquo;une ouverture externe de la fistule ou des processus inflammatoires. \u00c9tant donn\u00e9 que les fistules anales se situent souvent profond\u00e9ment dans les tissus, des mesures diagnostiques suppl\u00e9mentaires sont n\u00e9cessaires pour d\u00e9terminer avec pr\u00e9cision le trajet de la fistule. <\/span><\/p>\n<h3><b>1. Examen clinique <\/b><\/h3>\n<p><span style=\"font-weight: 400;\">Lors de l&rsquo;examen physique, le m\u00e9decin recherchera des signes visibles de fistule. Il peut s&rsquo;agir d&rsquo;un petit orifice pr\u00e8s de l&rsquo;anus, d&rsquo;o\u00f9 s&rsquo;\u00e9coule du pus ou du liquide. Souvent, le m\u00e9decin palpe le canal fistuleux pour d\u00e9terminer s&rsquo;il existe une connexion avec le canal anal. <\/span><\/p>\n<h3><b>2. Proc\u00e9dures d&rsquo;imagerie <\/b><\/h3>\n<p><span style=\"font-weight: 400;\">\u00c9tant donn\u00e9 que de nombreuses fistules ont des \u00e9volutions complexes, les proc\u00e9dures d&rsquo;imagerie sont essentielles pour d\u00e9terminer l&#8217;emplacement exact et le trajet de la fistule. <\/span><\/p>\n<ul>\n<li><b>\u00c9chographie endoanale<\/b><span style=\"font-weight: 400;\">&nbsp;: L&rsquo;\u00e9chographie fournit des informations d\u00e9taill\u00e9es sur le trajet de la fistule par rapport aux sphincters. Cette m\u00e9thode est particuli\u00e8rement utile pour d\u00e9terminer si la fistule traverse le sphincter et quelle m\u00e9thode op\u00e9ratoire doit \u00eatre envisag\u00e9e. <\/span><\/li>\n<li><b>Imagerie par r\u00e9sonance magn\u00e9tique (IRM)<\/b><span style=\"font-weight: 400;\">&nbsp;: L&rsquo;IRM est la m\u00e9thode d&rsquo;imagerie la plus pr\u00e9cise pour cartographier le trajet de la fistule, en particulier dans le cas de fistules complexes ou extra-sphinct\u00e9riennes. Elle permet au m\u00e9decin de visualiser l&rsquo;ensemble du canal fistuleux et les \u00e9ventuelles fistules secondaires. <\/span><\/li>\n<li><b>Fistulographie avec produit de contraste<\/b><span style=\"font-weight: 400;\">&nbsp;: Dans de rares cas, un produit de contraste est inject\u00e9 dans la fistule afin de rendre le trajet de la fistule visible sur une radiographie. Ceci est principalement utilis\u00e9 pour les fistules tr\u00e8s profondes.<\/span><\/li>\n<\/ul>\n<h3><b>3. Sondage de la fistule <\/b><\/h3>\n<p><span style=\"font-weight: 400;\">Dans certains cas, le m\u00e9decin peut introduire une sonde dans le canal fistuleux lors d&rsquo;une courte op\u00e9ration afin de v\u00e9rifier son trajet. Cette m\u00e9thode est surtout utilis\u00e9e dans le cadre du traitement chirurgical, afin d&rsquo;ouvrir et de traiter compl\u00e8tement la fistule. <\/span><\/p>\n<h2><b>Options de traitement <\/b><\/h2>\n<p><span style=\"font-weight: 400;\">Le traitement des fistules anales d\u00e9pend du type et de la gravit\u00e9 de la fistule. Alors que les fistules plus petites et simples peuvent souvent \u00eatre trait\u00e9es de mani\u00e8re conservatrice, les fistules plus compliqu\u00e9es ou plus profondes n\u00e9cessitent des interventions chirurgicales. Il existe diff\u00e9rentes approches qui peuvent \u00eatre utilis\u00e9es de mani\u00e8re aussi bien conservatrice qu&rsquo;op\u00e9ratoire. <\/span><\/p>\n<h3><b>1. Approches th\u00e9rapeutiques conservatrices <\/b><\/h3>\n<p><span style=\"font-weight: 400;\">Dans certains cas, les fistules anales peuvent \u00eatre trait\u00e9es de mani\u00e8re conservatrice, en particulier si la fistule est petite et ne provoque pas de troubles importants&nbsp;: <\/span><\/p>\n<ul>\n<li><b>Changement de r\u00e9gime alimentaire<\/b><span style=\"font-weight: 400;\">&nbsp;: Une alimentation riche en fibres peut ramollir les selles et r\u00e9duire la pression sur le canal anal, ce qui entra\u00eene un soulagement des sympt\u00f4mes.<\/span> <\/li>\n<li><b>Applications topiques et bains de si\u00e8ge<\/b><span style=\"font-weight: 400;\">&nbsp;: Les bains de si\u00e8ge avec des additifs antiseptiques ou anti-inflammatoires peuvent aider \u00e0 soulager les sympt\u00f4mes et \u00e0 r\u00e9duire l&rsquo;inflammation.<\/span> <\/li>\n<li><b>Antibiotiques et analg\u00e9siques<\/b><span style=\"font-weight: 400;\">&nbsp;: En cas d&rsquo;inflammation aigu\u00eb ou d&rsquo;infection, des antibiotiques peuvent \u00eatre administr\u00e9s pour ma\u00eetriser l&rsquo;infection.<\/span> <\/li>\n<\/ul>\n<h3><b>2. Proc\u00e9dures chirurgicales <\/b><\/h3>\n<p><span style=\"font-weight: 400;\">Cependant, la plupart des fistules anales n\u00e9cessitent un traitement chirurgical afin d&rsquo;\u00e9liminer compl\u00e8tement la fistule et de favoriser le processus de gu\u00e9rison. Les proc\u00e9dures les plus courantes sont les suivantes&nbsp;: <\/span><\/p>\n<ul>\n<li><b>Fistulotomie<\/b><span style=\"font-weight: 400;\">&nbsp;: Il s&rsquo;agit de l&rsquo;op\u00e9ration la plus fr\u00e9quemment pratiqu\u00e9e pour les fistules simples. Le canal fistuleux est fendu et laiss\u00e9 ouvert afin de gu\u00e9rir de l&rsquo;int\u00e9rieur vers l&rsquo;ext\u00e9rieur. Cette m\u00e9thode est particuli\u00e8rement efficace pour les fistules inter-sphinct\u00e9riennes simples. <\/span><\/li>\n<li><b>Proc\u00e9dure de Seton<\/b><span style=\"font-weight: 400;\">&nbsp;: Dans le cas de fistules complexes ou trans-sphinct\u00e9riennes, un s\u00e9ton (un fil \u00e9lastique) est introduit dans le canal fistuleux afin de permettre un drainage continu et de favoriser la gu\u00e9rison. Le s\u00e9ton peut soit rester l\u00e2che, soit \u00eatre resserr\u00e9 lentement afin de fermer progressivement le canal fistuleux. <\/span><\/li>\n<li><b>Proc\u00e9dure de lambeau d&rsquo;avancement<\/b><span style=\"font-weight: 400;\">&nbsp;: Dans cette technique, la fistule est enlev\u00e9e et l&rsquo;ouverture est ferm\u00e9e avec un lambeau de tissu sain. Cette m\u00e9thode est particuli\u00e8rement adapt\u00e9e aux fistules complexes ou \u00e0 celles qui traversent le sphincter, car elle prot\u00e8ge l&rsquo;int\u00e9grit\u00e9 des sphincters. <\/span><\/li>\n<li><b>VAAFT (Video-Assisted Anal Fistula Treatment)<\/b><span style=\"font-weight: 400;\">&nbsp;: Il s&rsquo;agit d&rsquo;une m\u00e9thode mini-invasive dans laquelle une cam\u00e9ra est introduite dans le canal fistuleux pour examiner le canal fistuleux<\/span> <\/li>\n<\/ul>\n<p><span style=\"font-weight: 400;\">de l&rsquo;int\u00e9rieur et de la traiter avec un instrument sp\u00e9cial. Cette m\u00e9thode a l&rsquo;avantage d&rsquo;\u00eatre tr\u00e8s pr\u00e9cise et de pr\u00e9server les tissus. <\/span><\/p>\n<h3><b>3. Technologies modernes <\/b><\/h3>\n<p><span style=\"font-weight: 400;\">Outre les proc\u00e9dures op\u00e9ratoires classiques, il existe \u00e9galement des techniques innovantes et mini-invasives qui sont utilis\u00e9es dans le traitement des fistules anales&nbsp;: <\/span><\/p>\n<ul>\n<li><b>Th\u00e9rapie au laser<\/b><span style=\"font-weight: 400;\">&nbsp;: Dans cette m\u00e9thode, un laser est utilis\u00e9 pour fermer le canal fistuleux de l&rsquo;int\u00e9rieur. L&rsquo;avantage de cette m\u00e9thode r\u00e9side dans son caract\u00e8re mini-invasif et dans la rapidit\u00e9 de la gu\u00e9rison. <\/span><\/li>\n<li><b>Th\u00e9rapie par cellules souches<\/b><span style=\"font-weight: 400;\">&nbsp;: Dans le traitement moderne des fistules, les cellules souches sont de plus en plus utilis\u00e9es pour favoriser la gu\u00e9rison des tissus et r\u00e9duire le risque de r\u00e9cidive. Cette m\u00e9thode est principalement utilis\u00e9e chez les patients atteints de maladies inflammatoires chroniques de l&rsquo;intestin. <\/span><\/li>\n<\/ul>\n<h2><b>Risques et complications <\/b><\/h2>\n<p><span style=\"font-weight: 400;\">Bien que le traitement chirurgical des fistules anales soit g\u00e9n\u00e9ralement couronn\u00e9 de succ\u00e8s, certains <a href=\"https:\/\/de.wikipedia.org\/wiki\/Analfistel#Symptome\" target=\"_blank\" rel=\"noopener\">risques et complications<\/a> peuvent survenir. Les plus fr\u00e9quents sont les suivants&nbsp;: <\/span><\/p>\n<ul>\n<li><b>Incontinence postop\u00e9ratoire<\/b><span style=\"font-weight: 400;\">&nbsp;: Chez certains patients, en particulier lorsque le canal fistuleux traverse le sphincter externe, il peut y avoir une l\u00e9sion du sphincter, ce qui peut entra\u00eener une incontinence f\u00e9cale dans de rares cas.<\/span> <\/li>\n<li><b>R\u00e9cidives<\/b><span style=\"font-weight: 400;\">&nbsp;: L&rsquo;un des plus grands d\u00e9fis dans le traitement des fistules anales est le risque de r\u00e9apparition. M\u00eame apr\u00e8s une op\u00e9ration r\u00e9ussie, une nouvelle fistule peut se former dans certains cas, en particulier si la fistule est complexe ou n&rsquo;a pas \u00e9t\u00e9 compl\u00e8tement enlev\u00e9e. <\/span><\/li>\n<li><b>Troubles de la cicatrisation<\/b><span style=\"font-weight: 400;\">&nbsp;: Dans de rares cas, une cicatrisation retard\u00e9e ou perturb\u00e9e peut survenir, en particulier chez les patients dont le syst\u00e8me immunitaire est affaibli ou qui souffrent de maladies inflammatoires chroniques.<\/span> <\/li>\n<\/ul>\n<h2><b>Pronostic et perspectives de gu\u00e9rison <\/b><\/h2>\n<p><span style=\"font-weight: 400;\">Le pronostic apr\u00e8s le traitement d&rsquo;une fistule anale est g\u00e9n\u00e9ralement bon, en particulier si la fistule est diagnostiqu\u00e9e et trait\u00e9e pr\u00e9cocement. Pour les fistules simples qui ont \u00e9t\u00e9 trait\u00e9es chirurgicalement, le taux de gu\u00e9rison est sup\u00e9rieur \u00e0 90&nbsp;%. La plupart des patients peuvent reprendre leurs activit\u00e9s normales apr\u00e8s quelques semaines. Les chances de gu\u00e9rison d\u00e9pendent cependant fortement de la m\u00e9thode de traitement choisie et de la complexit\u00e9 de la fistule. <\/span><\/p>\n<p><span style=\"font-weight: 400;\">Chez les patients atteints de maladies inflammatoires chroniques de l&rsquo;intestin ou de fistules complexes, le pronostic peut \u00eatre moins favorable et le risque de r\u00e9cidive est plus \u00e9lev\u00e9. Un suivi et un contr\u00f4le r\u00e9guliers par le m\u00e9decin traitant sont indispensables dans ces cas afin d&rsquo;\u00e9viter une r\u00e9apparition.<\/span><\/p>\n<p>&nbsp;<\/p>\n<h2><b>Pr\u00e9vention des fistules anales <\/b><\/h2>\n<p><span style=\"font-weight: 400;\">La pr\u00e9vention des fistules anales commence par la pr\u00e9vention des abc\u00e8s anaux et autres processus inflammatoires dans la r\u00e9gion anale. Voici quelques mesures qui peuvent r\u00e9duire le risque de formation de fistules&nbsp;: <\/span><\/p>\n<ol>\n<li><b>Alimentation riche en fibres<\/b><span style=\"font-weight: 400;\">&nbsp;: Une alimentation riche en fibres favorise une digestion saine et r\u00e9duit le risque de constipation, ce qui peut entra\u00eener une pression accrue dans le canal anal.<\/span> <\/li>\n<li><b>Apport hydrique suffisant<\/b><span style=\"font-weight: 400;\">&nbsp;: Un apport hydrique suffisant maintient les selles molles et facilite la d\u00e9f\u00e9cation, ce qui r\u00e9duit la pression sur le canal anal.<\/span> <\/li>\n<li><b>Exercice r\u00e9gulier<\/b><span style=\"font-weight: 400;\">&nbsp;: L&rsquo;activit\u00e9 physique favorise la circulation sanguine dans tout le corps, y compris dans la r\u00e9gion anale, et peut ainsi soutenir la sant\u00e9 des glandes anales.<\/span> <\/li>\n<li><b>Bonne hygi\u00e8ne<\/b><span style=\"font-weight: 400;\">&nbsp;: Un nettoyage r\u00e9gulier et doux de la r\u00e9gion anale peut r\u00e9duire le risque d&rsquo;infection et de formation de fistule qui en r\u00e9sulte.<\/span> <\/li>\n<\/ol>\n<p><span style=\"font-weight: 400;\">Les patients atteints de maladies inflammatoires chroniques de l&rsquo;intestin doivent particuli\u00e8rement veiller \u00e0 l&rsquo;hygi\u00e8ne de leur r\u00e9gion anale et consulter r\u00e9guli\u00e8rement leur m\u00e9decin afin de d\u00e9tecter et de traiter les inflammations \u00e0 un stade pr\u00e9coce. <\/span><\/p>\n<h2><b>Fistule anale et maladies apparent\u00e9es <\/b><\/h2>\n<p><span style=\"font-weight: 400;\">Les fistules anales apparaissent souvent en relation avec d&rsquo;autres maladies proctologiques. Il est important de conna\u00eetre les diff\u00e9rences entre ces maladies afin de garantir un diagnostic et un traitement corrects&nbsp;: <\/span><\/p>\n<ul>\n<li><b>H\u00e9morro\u00efdes<\/b><span style=\"font-weight: 400;\">&nbsp;: Bien que les h\u00e9morro\u00efdes et les fistules anales puissent provoquer des sympt\u00f4mes similaires tels que des douleurs et des saignements, il s&rsquo;agit de deux maladies diff\u00e9rentes. Les h\u00e9morro\u00efdes sont des vaisseaux sanguins gonfl\u00e9s dans la r\u00e9gion anale, tandis que les fistules anales sont des connexions inflammatoires. Les deux maladies peuvent cependant survenir simultan\u00e9ment et n\u00e9cessitent un traitement cibl\u00e9. <\/span><\/li>\n<li><b>Abc\u00e8s anaux<\/b><span style=\"font-weight: 400;\">&nbsp;: Un abc\u00e8s anal est la cause la plus fr\u00e9quente d&rsquo;une fistule anale. Alors que l&rsquo;abc\u00e8s repr\u00e9sente une accumulation de pus dans les tissus, la fistule est le canal permanent qui se forme \u00e0 la suite de l&rsquo;abc\u00e8s. Il est important de traiter un abc\u00e8s \u00e0 temps afin d&rsquo;\u00e9viter la formation d&rsquo;une fistule. <\/span><\/li>\n<li><b>Maladie de Crohn<\/b><span style=\"font-weight: 400;\">&nbsp;: Les patients atteints de la maladie de Crohn ont un risque accru de d\u00e9velopper des fistules anales en raison de l&rsquo;inflammation profonde des tissus qui accompagne cette maladie intestinale chronique. Le traitement des fistules chez les patients atteints de la maladie de Crohn n\u00e9cessite souvent des th\u00e9rapies anti-inflammatoires sp\u00e9ciales afin de contr\u00f4ler la maladie sous-jacente. <\/span><\/li>\n<\/ul>\n<h2><b>Conclusion <\/b><\/h2>\n<p><span style=\"font-weight: 400;\">Les fistules anales sont une maladie douloureuse et p\u00e9nible qui n\u00e9cessite un diagnostic pr\u00e9cis et un traitement cibl\u00e9. Gr\u00e2ce \u00e0 la m\u00e9decine moderne <\/span><\/p>\n<p><span style=\"font-weight: 400;\">les technologies et les proc\u00e9dures chirurgicales, les perspectives de gu\u00e9rison sont toutefois bonnes pour la plupart des patients. Un diagnostic et un traitement pr\u00e9coces sont la cl\u00e9 d&rsquo;une gu\u00e9rison r\u00e9ussie et de la pr\u00e9vention des complications. Les patients doivent consulter un <a href=\"https:\/\/venaziel.de\/fr\/uber-venaziel-mvz\/\">proctologue<\/a> d\u00e8s les premiers signes d&rsquo;une fistule anale afin de garantir un traitement rapide. Gr\u00e2ce \u00e0 un mode de vie sain et \u00e0 des contr\u00f4les m\u00e9dicaux r\u00e9guliers, la plupart des patients peuvent minimiser le risque de d\u00e9velopper une fistule anale.<\/span><\/p>\n","protected":false},"excerpt":{"rendered":"<p>Les fistules anales, \u00e9galement connues sous le nom de fistules p\u00e9rianales, sont des connexions inflammatoires qui relient le canal anal \u00e0 la peau externe. Cette maladie est non seulement douloureuse et p\u00e9nible, mais peut \u00e9galement entra\u00eener des complications graves si elle n&rsquo;est pas trait\u00e9e \u00e0 temps. \u00c9tant donn\u00e9 que les fistules anales sont souvent confondues avec d&rsquo;autres maladies proctologiques telles que les abc\u00e8s anaux et les h\u00e9morro\u00efdes, un diagnostic pr\u00e9cis est indispensable. Dans ce guide complet, nous examinerons en d\u00e9tail les causes, les sympt\u00f4mes, les m\u00e9thodes de diagnostic, les approches th\u00e9rapeutiques et les strat\u00e9gies de pr\u00e9vention des fistules anales. Cet article vise \u00e0 aider aussi bien les patients que les professionnels \u00e0 mieux comprendre cette maladie et \u00e0 montrer quelles sont les possibilit\u00e9s th\u00e9rapeutiques modernes disponibles. <\/p>\n","protected":false},"author":1,"featured_media":41054,"parent":40153,"menu_order":0,"comment_status":"closed","ping_status":"closed","template":"","meta":{"footnotes":""},"class_list":["post-41051","page","type-page","status-publish","has-post-thumbnail","hentry"],"_links":{"self":[{"href":"https:\/\/venaziel.de\/fr\/wp-json\/wp\/v2\/pages\/41051","targetHints":{"allow":["GET"]}}],"collection":[{"href":"https:\/\/venaziel.de\/fr\/wp-json\/wp\/v2\/pages"}],"about":[{"href":"https:\/\/venaziel.de\/fr\/wp-json\/wp\/v2\/types\/page"}],"author":[{"embeddable":true,"href":"https:\/\/venaziel.de\/fr\/wp-json\/wp\/v2\/users\/1"}],"replies":[{"embeddable":true,"href":"https:\/\/venaziel.de\/fr\/wp-json\/wp\/v2\/comments?post=41051"}],"version-history":[{"count":2,"href":"https:\/\/venaziel.de\/fr\/wp-json\/wp\/v2\/pages\/41051\/revisions"}],"predecessor-version":[{"id":55802,"href":"https:\/\/venaziel.de\/fr\/wp-json\/wp\/v2\/pages\/41051\/revisions\/55802"}],"up":[{"embeddable":true,"href":"https:\/\/venaziel.de\/fr\/wp-json\/wp\/v2\/pages\/40153"}],"wp:featuredmedia":[{"embeddable":true,"href":"https:\/\/venaziel.de\/fr\/wp-json\/wp\/v2\/media\/41054"}],"wp:attachment":[{"href":"https:\/\/venaziel.de\/fr\/wp-json\/wp\/v2\/media?parent=41051"}],"curies":[{"name":"wp","href":"https:\/\/api.w.org\/{rel}","templated":true}]}}