{"id":41202,"date":"2024-09-24T08:24:15","date_gmt":"2024-09-24T08:24:15","guid":{"rendered":"https:\/\/venaziel.de\/proctologie\/haemorrhoiden\/"},"modified":"2026-04-19T14:17:38","modified_gmt":"2026-04-19T14:17:38","slug":"haemorrhoiden","status":"publish","type":"page","link":"https:\/\/venaziel.de\/fr\/proctologie\/haemorrhoiden\/","title":{"rendered":"H\u00e9morro\u00efdes : sympt\u00f4mes, causes et m\u00e9thodes de traitement mini-invasives"},"content":{"rendered":"<h2><span style=\"font-weight: 400;\">Que sont les h\u00e9morro\u00efdes ?<\/span><\/h2>\n<p><span style=\"font-weight: 400;\">Les h\u00e9morro\u00efdes sont des coussinets vasculaires situ\u00e9s dans le rectum, form\u00e9s d&rsquo;un r\u00e9seau dense de vaisseaux sanguins et de tissu conjonctif. Ces coussinets vasculaires sont importants. Ils aident \u00e0 r\u00e9guler pr\u00e9cis\u00e9ment le sphincter. Nous avons ainsi le contr\u00f4le total de la d\u00e9f\u00e9cation. Il est important de savoir que tout le monde a des h\u00e9morro\u00efdes. Elles deviennent un probl\u00e8me lorsqu&rsquo;elles grossissent ou s&rsquo;enflamment.<\/span><\/p>\n<p>&nbsp;<\/p>\n<h3><span style=\"font-weight: 400;\">H\u00e9morro\u00efdes internes vs. externes<\/span><\/h3>\n<p><b>H\u00e9morro\u00efdes internes<\/b><span style=\"font-weight: 400;\">  se forment au-dessus de la \u00ab linea dentata \u00bb, une limite anatomique dans le canal anal. Elles sont recouvertes de muqueuse et g\u00e9n\u00e9ralement indolores aux premiers stades. Ce type d&rsquo;h\u00e9morro\u00efdes ne provoque g\u00e9n\u00e9ralement de douleur que lorsqu&rsquo;elles sortent par l&rsquo;anus. Cela se produit \u00e0 un stade avanc\u00e9 ou en cas de thrombose.<\/span><\/p>\n<p><b>H\u00e9morro\u00efdes externes<\/b><span style=\"font-weight: 400;\">  en revanche, se forment sous la linea dentata et sont recouvertes de peau normale. Elles sont souvent plus douloureuses, car cette zone contient plus de r\u00e9cepteurs de la douleur. Les h\u00e9morro\u00efdes externes sont souvent visibles. Elles se manifestent par des nodules douloureux et gonfl\u00e9s autour de l&rsquo;anus. Cela se produit surtout lorsque des caillots sanguins se forment.<\/span><\/p>\n<h3>Les quatre stades de la maladie h\u00e9morro\u00efdaire :<\/h3>\n<p>Grade 1&nbsp;: Les nodules hypertrophi\u00e9s restent dans le canal anal. Des saignements l\u00e9gers surviennent souvent.<br \/>\nGrade 2&nbsp;: Les gonflements sortent vers l&rsquo;ext\u00e9rieur pendant la d\u00e9f\u00e9cation, mais se r\u00e9tractent d&rsquo;eux-m\u00eames.<br \/>\nGrade 3&nbsp;: Les nodules fortement hypertrophi\u00e9s sortent vers l&rsquo;ext\u00e9rieur et doivent \u00eatre repouss\u00e9s manuellement.<br \/>\nGrade 4&nbsp;: Les gonflements <strong data-start=\"325\" data-end=\"347\">fortement hypertrophi\u00e9s<\/strong> restent en permanence \u00e0 l&rsquo;ext\u00e9rieur de l&rsquo;anus. Ils ne peuvent plus \u00eatre repouss\u00e9s. Cela peut entra\u00eener de graves probl\u00e8mes tels que des thromboses ou des incarc\u00e9rations.<\/p>\n<h2><span style=\"font-weight: 400;\">Causes<\/span><\/h2>\n<p>La cause exacte des h\u00e9morro\u00efdes est souvent multifactorielle, c&rsquo;est-\u00e0-dire qu&rsquo;il existe plusieurs facteurs de risque qui peuvent contribuer \u00e0 leur apparition. L&rsquo;hypertrophie des coussinets vasculaires dans le rectum joue un r\u00f4le important. Elle aide \u00e0 \u00e9tanch\u00e9ifier le canal anal. Voici les causes les plus fr\u00e9quentes&nbsp;:<\/p>\n<ol>\n<li style=\"font-weight: 400;\" aria-level=\"1\"><span style=\"font-weight: 400;\"><strong>Pression accrue dans l&rsquo;abdomen&nbsp;:<\/strong> Des efforts de pouss\u00e9e fr\u00e9quents et importants lors de la d\u00e9f\u00e9cation peuvent faire gonfler les h\u00e9morro\u00efdes. Cela se produit souvent en cas de constipation. Cela exerce une pression suppl\u00e9mentaire sur les veines du rectum, ce qui favorise la formation d&rsquo;h\u00e9morro\u00efdes.<\/span><\/li>\n<li style=\"font-weight: 400;\" aria-level=\"1\"><b>Grossesse&nbsp;: <\/b><span style=\"font-weight: 400;\">Les femmes enceintes sont particuli\u00e8rement susceptibles de souffrir d&rsquo;h\u00e9morro\u00efdes. Pendant la grossesse, l&rsquo;ut\u00e9rus s&rsquo;agrandit et exerce une pression sur les veines de la r\u00e9gion pelvienne. Les hormones comme la progest\u00e9rone aident \u00e0 d\u00e9tendre les parois des vaisseaux sanguins. Cela peut favoriser l&rsquo;apparition d&rsquo;h\u00e9morro\u00efdes. De nombreuses femmes d\u00e9veloppent des h\u00e9morro\u00efdes pendant la grossesse ou directement apr\u00e8s l&rsquo;accouchement.<\/span><\/li>\n<li style=\"font-weight: 400;\" aria-level=\"1\"><b>Pr\u00e9disposition g\u00e9n\u00e9tique :<\/b><span style=\"font-weight: 400;\">  Les personnes dont les h\u00e9morro\u00efdes sont fr\u00e9quentes dans la famille ont un risque plus \u00e9lev\u00e9 d&rsquo;\u00eatre elles-m\u00eames touch\u00e9es. Une pr\u00e9disposition g\u00e9n\u00e9tique peut entra\u00eener une fragilisation des parois veineuses, qui se dilatent plus rapidement.<\/span><\/li>\n<li style=\"font-weight: 400;\" aria-level=\"1\"><b>Alimentation&nbsp;:<\/b><span style=\"font-weight: 400;\">  Une alimentation pauvre en fibres entra\u00eene souvent une constipation et des selles dures, ce qui augmente le risque d&rsquo;h\u00e9morro\u00efdes. Les fibres contribuent \u00e0 ramollir les selles et \u00e0 r\u00e9guler l&rsquo;activit\u00e9 intestinale. Un manque de fibres peut donc entra\u00eener des probl\u00e8mes de d\u00e9f\u00e9cation.<\/span><\/li>\n<li style=\"font-weight: 400;\" aria-level=\"1\"><b>Surpoids et manque d&rsquo;exercice :<\/b><span style=\"font-weight: 400;\">  Les personnes en surpoids ont un risque plus \u00e9lev\u00e9 de d\u00e9velopper des h\u00e9morro\u00efdes, car le poids corporel suppl\u00e9mentaire augmente la pression sur les veines de la r\u00e9gion pelvienne et anale. Le manque d&rsquo;exercice aggrave la situation, car l&rsquo;activit\u00e9 physique favorise le retour veineux et am\u00e9liore la circulation sanguine dans la r\u00e9gion rectale.<\/span><\/li>\n<li style=\"font-weight: 400;\" aria-level=\"1\"><b>Diarrh\u00e9e chronique :<\/b><span style=\"font-weight: 400;\"> Une diarrh\u00e9e fr\u00e9quente peut \u00e9galement contribuer \u00e0 l&rsquo;apparition d&rsquo;h\u00e9morro\u00efdes, car la pression constante sur l&rsquo;anus peut entra\u00eener une irritation des veines.<\/span><\/li>\n<\/ol>\n<p>&nbsp;<\/p>\n<h2><span style=\"font-weight: 400;\">Sympt\u00f4mes<\/span><\/h2>\n<p><span style=\"font-weight: 400;\">Les sympt\u00f4mes des h\u00e9morro\u00efdes varient en fonction de la gravit\u00e9 et du type d&rsquo;h\u00e9morro\u00efdes. Les signes typiques sont les suivants&nbsp;:<\/span><\/p>\n<ol>\n<li style=\"font-weight: 400;\" aria-level=\"1\"><span style=\"font-weight: 400;\"><strong>Saignements&nbsp;:<\/strong> La pr\u00e9sence de sang rouge clair sur le papier toilette ou dans les selles est souvent un premier signe d&rsquo;h\u00e9morro\u00efdes. Cela vaut particuli\u00e8rement pour les h\u00e9morro\u00efdes internes. Le saignement peut \u00eatre minime, mais dans certains cas, il peut \u00eatre massif, ce qui peut entra\u00eener une an\u00e9mie.<\/span><\/li>\n<li style=\"font-weight: 400;\" aria-level=\"1\"><b>Douleurs et inconfort :  <\/b><span style=\"font-weight: 400;\">Les h\u00e9morro\u00efdes externes sont g\u00e9n\u00e9ralement plus douloureuses que les internes. Les thromboses, caus\u00e9es par la formation d&rsquo;un caillot sanguin dans les h\u00e9morro\u00efdes, sont particuli\u00e8rement douloureuses. Les douleurs peuvent \u00eatre lancinantes et persistantes, et s&rsquo;aggraver en cas de position assise prolong\u00e9e ou d&rsquo;effort physique.<\/span><\/li>\n<li style=\"font-weight: 400;\" aria-level=\"1\"><b>D\u00e9mangeaisons et br\u00fblures :  <\/b><span style=\"font-weight: 400;\">Ces sympt\u00f4mes apparaissent fr\u00e9quemment lorsque les h\u00e9morro\u00efdes sont irrit\u00e9es ou enflamm\u00e9es. L&rsquo;\u00e9coulement de mucus peut entra\u00eener des irritations cutan\u00e9es et de fortes d\u00e9mangeaisons autour de l&rsquo;anus.<\/span><\/li>\n<li style=\"font-weight: 400;\" aria-level=\"1\"><b>Gonflements :<\/b><span style=\"font-weight: 400;\">  Les h\u00e9morro\u00efdes externes peuvent \u00eatre palpables sous forme de nodules ou de bosses gonfl\u00e9es autour de l&rsquo;anus. Ces gonflements peuvent \u00eatre sensibles au toucher et s&rsquo;aggraver pendant la d\u00e9f\u00e9cation.<\/span><\/li>\n<li style=\"font-weight: 400;\" aria-level=\"1\"><strong>Sensation de vidange incompl\u00e8te de l&rsquo;intestin&nbsp;:<\/strong> Les patients atteints d&rsquo;h\u00e9morro\u00efdes avanc\u00e9es ont souvent l&rsquo;impression de ne pas pouvoir vider compl\u00e8tement leurs intestins. Cela entra\u00eene des passages fr\u00e9quents aux toilettes et une pouss\u00e9e accrue, ce qui sollicite davantage les h\u00e9morro\u00efdes.<\/li>\n<\/ol>\n<p>&nbsp;<\/p>\n<h2><span style=\"font-weight: 400;\">Diagnostic<\/span><\/h2>\n<p>Le diagnostic des h\u00e9morro\u00efdes est g\u00e9n\u00e9ralement simple. Il repose sur l&rsquo;anamn\u00e8se, l&rsquo;examen physique et quelques tests.<\/p>\n<ol>\n<li style=\"font-weight: 400;\" aria-level=\"1\"><b>Anamn\u00e8se :<\/b><span style=\"font-weight: 400;\">  La premi\u00e8re \u00e9tape du diagnostic est un recueil d\u00e9taill\u00e9 des ant\u00e9c\u00e9dents m\u00e9dicaux. Le m\u00e9decin posera des questions sur les sympt\u00f4mes, les habitudes de d\u00e9f\u00e9cation et les \u00e9ventuels facteurs d\u00e9clencheurs. Une attention particuli\u00e8re est \u00e9galement accord\u00e9e aux pr\u00e9dispositions familiales et aux facteurs li\u00e9s au mode de vie.<\/span><\/li>\n<li style=\"font-weight: 400;\" aria-level=\"1\"><b>Examen physique :  <\/b><span style=\"font-weight: 400;\">Une inspection de la r\u00e9gion anale permet au m\u00e9decin de d\u00e9tecter des h\u00e9morro\u00efdes externes ou d&rsquo;autres anomalies. La palpation (examen tactile) de l&rsquo;anus et du rectum permet de d\u00e9terminer la taille et la position des h\u00e9morro\u00efdes.<\/span><\/li>\n<li style=\"font-weight: 400;\" aria-level=\"1\"><b>Proctoscopie :<\/b><span style=\"font-weight: 400;\">  \u00c0 l&rsquo;aide d&rsquo;un proctoscope, le m\u00e9decin peut examiner le canal anal interne et \u00e9valuer l&rsquo;\u00e9tat des h\u00e9morro\u00efdes internes. Le proctoscope est un instrument \u00e9troit en forme de tube. Il est introduit dans l&rsquo;anus. Cela permet de voir directement les h\u00e9morro\u00efdes. Cet examen est g\u00e9n\u00e9ralement indolore et ne dure que quelques minutes.<\/span><\/li>\n<li style=\"font-weight: 400;\" aria-level=\"1\"><b>Rectoscopie&nbsp;: <\/b><span style=\"font-weight: 400;\">Si d&rsquo;autres examens sont n\u00e9cessaires, notamment en cas de pr\u00e9sence de sang dans les selles, une rectoscopie peut \u00eatre r\u00e9alis\u00e9e. Il s&rsquo;agit d&rsquo;un examen de la partie inf\u00e9rieure du rectum \u00e0 l&rsquo;aide d&rsquo;un endoscope flexible.<\/span><\/li>\n<li style=\"font-weight: 400;\" aria-level=\"1\"><b>Coloscopie :<\/b><span style=\"font-weight: 400;\">  Chez les patients pr\u00e9sentant des saignements persistants ou en cas de suspicion d&rsquo;autres probl\u00e8mes intestinaux, une coloscopie peut \u00eatre n\u00e9cessaire. Cet examen permet de v\u00e9rifier l&rsquo;ensemble du c\u00f4lon \u00e0 la recherche d&rsquo;anomalies.<\/span><\/li>\n<li style=\"font-weight: 400;\" aria-level=\"1\"><span style=\"font-weight: 400;\"><strong>Diagnostics diff\u00e9rentiels&nbsp;:<\/strong> Il est important de distinguer les h\u00e9morro\u00efdes des autres affections. Il s&rsquo;agit notamment des fissures anales, des fistules, des abc\u00e8s et des carcinomes du rectum ou de l&rsquo;anus. Un examen approfondi est donc indispensable pour \u00e9tablir un diagnostic correct et mettre en place un traitement appropri\u00e9.<\/span><\/li>\n<\/ol>\n<p><strong>Remarque&nbsp;:<\/strong> L&rsquo;examen ne dure g\u00e9n\u00e9ralement que quelques minutes et est bien tol\u00e9r\u00e9 par la plupart des patients. La dur\u00e9e exacte peut toutefois varier en fonction de la m\u00e9thode et des particularit\u00e9s individuelles.<\/p>\n<p>&nbsp;<\/p>\n<h2><span style=\"font-weight: 400;\">M\u00e9thodes de traitement modernes<\/span><\/h2>\n<p><span style=\"font-weight: 400;\">Le <a href=\"https:\/\/de.wikipedia.org\/wiki\/H%C3%A4morrhoiden#Behandlung\" target=\"_blank\" rel=\"noopener\">traitement des h\u00e9morro\u00efdes<\/a> d\u00e9pend de la gravit\u00e9 des sympt\u00f4mes et du stade de la maladie. Au <a href=\"https:\/\/venaziel.de\/fr\/proctologie\/\">centre de proctologie VenaZiel<\/a>, nous proposons de nombreuses options de traitement modernes. Il s&rsquo;agit notamment d&rsquo;approches conservatrices et d&rsquo;interventions chirurgicales, qui sont particuli\u00e8rement efficaces en cas d&rsquo;h\u00e9morro\u00efdes hypertrophi\u00e9es.<\/span><\/p>\n<h3><span style=\"font-weight: 400;\">M\u00e9thodes de traitement conservatrices<\/span><\/h3>\n<ol>\n<li style=\"font-weight: 400;\" aria-level=\"1\"><b>Changement d&rsquo;alimentation :<\/b><span style=\"font-weight: 400;\">  Une alimentation riche en fibres est essentielle pour \u00e9viter les h\u00e9morro\u00efdes et leurs sympt\u00f4mes. Les aliments tels que les fruits, les l\u00e9gumes, les c\u00e9r\u00e9ales compl\u00e8tes et les l\u00e9gumineuses favorisent l&rsquo;activit\u00e9 intestinale et facilitent la d\u00e9f\u00e9cation.<\/span><\/li>\n<li style=\"font-weight: 400;\" aria-level=\"1\"><b>Apport de liquide :<\/b><span style=\"font-weight: 400;\"> Boire suffisamment d&rsquo;eau est essentiel pour maintenir les selles molles et \u00e9viter la constipation.<\/span><\/li>\n<li style=\"font-weight: 400;\" aria-level=\"1\"><span style=\"font-weight: 400;\"><span style=\"font-weight: 400;\"><strong>Traitement m\u00e9dicamenteux&nbsp;:<\/strong><\/span><\/span> Il existe de nombreuses pommades, suppositoires et cr\u00e8mes disponibles sans ou sur ordonnance. Ils aident \u00e0 soulager les h\u00e9morro\u00efdes et peuvent att\u00e9nuer les sympt\u00f4mes \u00e0 court terme. Ils contiennent souvent des substances anti-inflammatoires telles que des corticost\u00e9ro\u00efdes ou des analg\u00e9siques, qui aident \u00e0 r\u00e9duire les d\u00e9mangeaisons, les douleurs et les gonflements.<\/li>\n<li style=\"font-weight: 400;\" aria-level=\"1\"><strong>Veinotoniques&nbsp;:<\/strong> Ces m\u00e9dicaments renforcent les parois veineuses. Ils am\u00e9liorent le retour du sang. Cela aide \u00e0 r\u00e9duire les h\u00e9morro\u00efdes.<\/li>\n<li style=\"font-weight: 400;\" aria-level=\"1\"><b>Ramollisseurs de selles :<\/b><span style=\"font-weight: 400;\"> Ces substances aident \u00e0 ramollir les selles et \u00e0 r\u00e9duire la pression.<\/span><\/li>\n<\/ol>\n<h3><span style=\"font-weight: 400;\">Proc\u00e9d\u00e9s mini-invasifs<\/span><\/h3>\n<ol>\n<li style=\"font-weight: 400;\" aria-level=\"1\"><b>Ligature \u00e9lastique :<\/b><span style=\"font-weight: 400;\">  Cette m\u00e9thode est utilis\u00e9e pour les h\u00e9morro\u00efdes internes. Un petit \u00e9lastique est plac\u00e9 autour de la base des h\u00e9morro\u00efdes afin de couper l&rsquo;apport sanguin. En quelques jours, les h\u00e9morro\u00efdes r\u00e9tr\u00e9cissent et tombent. Le traitement est indolore et ne n\u00e9cessite pas d&rsquo;anesth\u00e9sie.<\/span><\/li>\n<li style=\"font-weight: 400;\" aria-level=\"1\"><b>Scl\u00e9roth\u00e9rapie :  <\/b><span style=\"font-weight: 400;\">Lors de la scl\u00e9roth\u00e9rapie, une solution scl\u00e9rosante est inject\u00e9e directement dans les h\u00e9morro\u00efdes, ce qui fait r\u00e9tr\u00e9cir les tissus. Cette m\u00e9thode est particuli\u00e8rement efficace pour les h\u00e9morro\u00efdes au stade initial.<\/span><\/li>\n<li style=\"font-weight: 400;\" aria-level=\"1\"><b>Photocoagulation infrarouge :  <\/b><span style=\"font-weight: 400;\">Un faisceau infrarouge est utilis\u00e9 pour chauffer et scl\u00e9roser le tissu des h\u00e9morro\u00efdes. Cette m\u00e9thode est bien adapt\u00e9e aux petites h\u00e9morro\u00efdes et ne n\u00e9cessite qu&rsquo;une courte p\u00e9riode de convalescence.<\/span><\/li>\n<li style=\"font-weight: 400;\" aria-level=\"1\"><span style=\"font-weight: 400;\"><strong>Ligature des art\u00e8res h\u00e9morro\u00efdales (HAL-RAR)&nbsp;:<\/strong> Cette nouvelle proc\u00e9dure vise \u00e0 stopper l&rsquo;apport sanguin aux h\u00e9morro\u00efdes. Cela se fait en ligaturant les art\u00e8res concern\u00e9es. L&rsquo;intervention est r\u00e9alis\u00e9e sous anesth\u00e9sie locale et est mini-invasive.<\/span><\/li>\n<\/ol>\n<h3><span style=\"font-weight: 400;\">Traitement chirurgical<\/span><\/h3>\n<ol>\n<li style=\"font-weight: 400;\" aria-level=\"1\"><b>H\u00e9morro\u00efdectomie :<\/b><span style=\"font-weight: 400;\">  En cas d&rsquo;h\u00e9morro\u00efdes avanc\u00e9es, notamment de grade&nbsp;3 et&nbsp;4, une ablation chirurgicale peut \u00eatre n\u00e9cessaire. L&rsquo;h\u00e9morro\u00efdectomie est l&rsquo;intervention chirurgicale classique qui consiste \u00e0 retirer compl\u00e8tement les h\u00e9morro\u00efdes. La p\u00e9riode de convalescence peut durer plusieurs semaines, mais les r\u00e9sultats sont durables.<\/span><\/li>\n<li style=\"font-weight: 400;\" aria-level=\"1\"><span style=\"font-weight: 400;\"><strong>H\u00e9morro\u00efdopexie par agrafage&nbsp;:<\/strong> Cette m\u00e9thode moderne utilise un appareil d&rsquo;agrafage sp\u00e9cial. Il retire le tissu h\u00e9morro\u00efdaire et fixe la zone restante vers le haut. Cette technique est moins douloureuse qu&rsquo;une h\u00e9morro\u00efdectomie traditionnelle et permet une gu\u00e9rison plus rapide.<\/span><\/li>\n<li style=\"font-weight: 400;\" aria-level=\"1\"><b>Traitement au laser :  <\/b><span style=\"font-weight: 400;\">L&rsquo;utilisation de lasers pour l&rsquo;ablation des h\u00e9morro\u00efdes est l&rsquo;une des techniques les plus r\u00e9centes et les plus avanc\u00e9es. Le laser cr\u00e9e des coupes pr\u00e9cises sans endommager les tissus environnants. Cela entra\u00eene moins de douleurs et une gu\u00e9rison plus rapide.<\/span><\/li>\n<\/ol>\n<p>&nbsp;<\/p>\n<h2><span style=\"font-weight: 400;\">Pr\u00e9vention des h\u00e9morro\u00efdes<\/span><\/h2>\n<p><span style=\"font-weight: 400;\">La pr\u00e9vention des h\u00e9morro\u00efdes est importante. Cela permet d&rsquo;\u00e9viter les sympt\u00f4mes d\u00e9sagr\u00e9ables. De plus, le risque de rechute apr\u00e8s un traitement r\u00e9ussi est r\u00e9duit. Voici quelques conseils de pr\u00e9vention&nbsp;:<\/span><\/p>\n<ol>\n<li style=\"font-weight: 400;\" aria-level=\"1\"><strong>Alimentation riche en fibres&nbsp;:<\/strong> Mangez des aliments riches en fibres. Il s&rsquo;agit notamment des fruits, des l\u00e9gumes, des c\u00e9r\u00e9ales compl\u00e8tes et des l\u00e9gumineuses. Ces aliments am\u00e9liorent la sant\u00e9 de votre intestin. De plus, ils aident \u00e0 pr\u00e9venir la constipation.<\/li>\n<li style=\"font-weight: 400;\" aria-level=\"1\"><strong>Boire suffisamment de liquide&nbsp;:<\/strong> Buvez au moins 2&nbsp;litres d&rsquo;eau par jour. Cela permet de garder les selles molles et de pr\u00e9venir la constipation.<\/li>\n<li style=\"font-weight: 400;\" aria-level=\"1\"><b>Exercice r\u00e9gulier :<\/b><span style=\"font-weight: 400;\">  L&rsquo;activit\u00e9 physique favorise l&rsquo;activit\u00e9 intestinale et am\u00e9liore la circulation sanguine. D\u00e9j\u00e0 30&nbsp;minutes d&rsquo;exercice par jour peuvent r\u00e9duire consid\u00e9rablement le risque d&rsquo;h\u00e9morro\u00efdes.<\/span><\/li>\n<li style=\"font-weight: 400;\" aria-level=\"1\"><b>\u00c9viter de pousser fortement :<\/b><span style=\"font-weight: 400;\">  Prenez votre temps pour aller \u00e0 la selle et \u00e9vitez de pousser fortement. Un passage aux toilettes d\u00e9tendu et r\u00e9gulier est important.<\/span><\/li>\n<li style=\"font-weight: 400;\" aria-level=\"1\"><strong>\u00c9viter de rester assis longtemps&nbsp;:<\/strong> Les longues p\u00e9riodes en position assise, en particulier sur les toilettes, doivent \u00eatre \u00e9vit\u00e9es. Elles augmentent la pression sur les veines anales.<\/li>\n<\/ol>\n<p>&nbsp;<\/p>\n<h2><span style=\"font-weight: 400;\">Complications en cas de non-traitement<\/span><\/h2>\n<p><span style=\"font-weight: 400;\">Les h\u00e9morro\u00efdes non trait\u00e9es peuvent entra\u00eener des complications graves, notamment :<\/span><\/p>\n<ol>\n<li style=\"font-weight: 400;\" aria-level=\"1\"><b>Thromboses :<\/b><span style=\"font-weight: 400;\">  Les h\u00e9morro\u00efdes externes peuvent devenir douloureuses en raison de caillots sanguins (thromboses). Ces thromboses peuvent entra\u00eener de fortes\u80bf\u80c0 et des douleurs aigu\u00ebs. Dans certains cas, l&rsquo;ablation chirurgicale du caillot est n\u00e9cessaire.<\/span><\/li>\n<li style=\"font-weight: 400;\" aria-level=\"1\"><b>An\u00e9mie :  <\/b><span style=\"font-weight: 400;\">Les saignements prolong\u00e9s dus aux h\u00e9morro\u00efdes peuvent entra\u00eener une an\u00e9mie. C&rsquo;est un risque surtout chez les patients \u00e2g\u00e9s.<\/span><\/li>\n<li style=\"font-weight: 400;\" aria-level=\"1\"><span style=\"font-weight: 400;\"><strong>Incarc\u00e9ration&nbsp;:<\/strong> Si les h\u00e9morro\u00efdes sortent par l&rsquo;anus et sont pi\u00e9g\u00e9es, les tissus peuvent mourir. Cela peut entra\u00eener une infection grave. Cet \u00e9tat n\u00e9cessite une intervention m\u00e9dicale imm\u00e9diate.<\/span><\/li>\n<\/ol>\n<p>&nbsp;<\/p>\n<h2><span style=\"font-weight: 400;\">Guide du patient : Quand consulter un m\u00e9decin ?<\/span><\/h2>\n<p><span style=\"font-weight: 400;\">Si vous pr\u00e9sentez les sympt\u00f4mes mentionn\u00e9s ci-dessus ou si vous constatez des saignements, vous devriez consulter un proctologue. En particulier en cas de saignements persistants ou importants, de douleurs aigu\u00ebs ou de modifications des habitudes de d\u00e9f\u00e9cation, un examen m\u00e9dical est indispensable. Le diagnostic et le traitement pr\u00e9coces des h\u00e9morro\u00efdes peuvent r\u00e9duire consid\u00e9rablement le risque de complications.<\/span><\/p>\n<p>&nbsp;<\/p>\n<h2><span style=\"font-weight: 400;\">R\u00e9sum\u00e9<\/span><\/h2>\n<p><span style=\"font-weight: 400;\">Les h\u00e9morro\u00efdes sont une affection fr\u00e9quente, mais souvent mal comprise, qui touche de nombreuses personnes. Bien qu&rsquo;elles soient d\u00e9sagr\u00e9ables, elles peuvent \u00eatre trait\u00e9es efficacement gr\u00e2ce \u00e0 un diagnostic pr\u00e9coce et \u00e0 une th\u00e9rapie moderne. Au <a href=\"https:\/\/venaziel.de\/fr\/kontakt\/\">VenaZiel Berlin MVZ<\/a>, nous proposons de nombreuses options de traitement. Celles-ci sont adapt\u00e9es aux besoins de nos patients. Notre objectif est de vous aider \u00e0 vivre une vie sans troubles.<\/span><\/p>\n","protected":false},"excerpt":{"rendered":"<p>Les h\u00e9morro\u00efdes sont une affection fr\u00e9quente et souvent taboue qui touche de nombreuses personnes au cours de leur vie. Malgr\u00e9 le fait qu&rsquo;il s&rsquo;agisse d&rsquo;une maladie tr\u00e8s r\u00e9pandue qui touche aussi bien les hommes que les femmes, de nombreux patients h\u00e9sitent \u00e0 parler de leurs troubles. Cette r\u00e9ticence conduit souvent \u00e0 un diagnostic trop tardif ou \u00e0 un traitement inappropri\u00e9 des h\u00e9morro\u00efdes.<\/p>\n<p>Le VenaZiel Venenzentrum Berlin s&rsquo;est donn\u00e9 pour mission d&rsquo;aider les personnes concern\u00e9es gr\u00e2ce \u00e0 des m\u00e9thodes de traitement modernes et douces. Dans cet article, nous vous fournirons des informations d\u00e9taill\u00e9es sur les h\u00e9morro\u00efdes, leurs causes, leurs sympt\u00f4mes et les derni\u00e8res possibilit\u00e9s th\u00e9rapeutiques. Gr\u00e2ce \u00e0 une information compl\u00e8te, nous esp\u00e9rons dissiper la peur des patients face au traitement et leur ouvrir la voie vers une vie sans troubles.<\/p>\n","protected":false},"author":1,"featured_media":41052,"parent":40153,"menu_order":0,"comment_status":"closed","ping_status":"closed","template":"","meta":{"footnotes":""},"class_list":["post-41202","page","type-page","status-publish","has-post-thumbnail","hentry"],"_links":{"self":[{"href":"https:\/\/venaziel.de\/fr\/wp-json\/wp\/v2\/pages\/41202","targetHints":{"allow":["GET"]}}],"collection":[{"href":"https:\/\/venaziel.de\/fr\/wp-json\/wp\/v2\/pages"}],"about":[{"href":"https:\/\/venaziel.de\/fr\/wp-json\/wp\/v2\/types\/page"}],"author":[{"embeddable":true,"href":"https:\/\/venaziel.de\/fr\/wp-json\/wp\/v2\/users\/1"}],"replies":[{"embeddable":true,"href":"https:\/\/venaziel.de\/fr\/wp-json\/wp\/v2\/comments?post=41202"}],"version-history":[{"count":2,"href":"https:\/\/venaziel.de\/fr\/wp-json\/wp\/v2\/pages\/41202\/revisions"}],"predecessor-version":[{"id":47721,"href":"https:\/\/venaziel.de\/fr\/wp-json\/wp\/v2\/pages\/41202\/revisions\/47721"}],"up":[{"embeddable":true,"href":"https:\/\/venaziel.de\/fr\/wp-json\/wp\/v2\/pages\/40153"}],"wp:featuredmedia":[{"embeddable":true,"href":"https:\/\/venaziel.de\/fr\/wp-json\/wp\/v2\/media\/41052"}],"wp:attachment":[{"href":"https:\/\/venaziel.de\/fr\/wp-json\/wp\/v2\/media?parent=41202"}],"curies":[{"name":"wp","href":"https:\/\/api.w.org\/{rel}","templated":true}]}}