{"id":41348,"date":"2025-03-25T13:16:14","date_gmt":"2025-03-25T13:16:14","guid":{"rendered":"https:\/\/venaziel.de\/phlebologie\/krampfadern-bei-hitze\/"},"modified":"2026-04-21T16:08:02","modified_gmt":"2026-04-21T16:08:02","slug":"krampfadern-bei-hitze","status":"publish","type":"page","link":"https:\/\/venaziel.de\/fr\/phlebologie\/krampfadern-bei-hitze\/","title":{"rendered":"Varices et chaleur&nbsp;: 7&nbsp;conseils pour des jambes saines en \u00e9t\u00e9"},"content":{"rendered":"<h2><strong>Que sont les varices&nbsp;?<\/strong><\/h2>\n<p>Les varices sont des veines dilat\u00e9es et sinueuses de mani\u00e8re permanente, qui apparaissent fr\u00e9quemment sur les jambes. Elles sont dues \u00e0 une faiblesse des parois veineuses et\/ou des valvules veineuses. Normalement, ces valvules assurent le retour du sang des veines des jambes vers le c\u0153ur.<\/p>\n<p>En cas de dysfonctionnement, le sang stagne dans les jambes, ce qui entra\u00eene une dilatation des veines.<\/p>\n<p>Les varices sont l&rsquo;une des affections chroniques les plus fr\u00e9quentes en Allemagne. Des \u00e9tudes montrent que de nombreuses personnes ont des varices. Environ 50 % des femmes de plus de 30 ans sont concern\u00e9es. Chez les hommes, ce chiffre est d&rsquo;environ 25 %. Ces informations proviennent de la Soci\u00e9t\u00e9 allemande de phl\u00e9bologie.<\/p>\n<h2><strong>Comment la chaleur affecte-t-elle les veines&nbsp;?<\/strong><\/h2>\n<h3><strong>1. Dilatation des vaisseaux sanguins<\/strong><\/h3>\n<p>En cas de temp\u00e9ratures \u00e9lev\u00e9es, le corps dilate les vaisseaux sanguins. Il peut ainsi \u00e9vacuer l&rsquo;exc\u00e8s de chaleur par la peau. Cependant, cela a des r\u00e9percussions sur la fonction veineuse :<\/p>\n<ul>\n<li>Les parois des vaisseaux se rel\u00e2chent davantage.<\/li>\n<li>Les valvules veineuses ne peuvent plus se fermer correctement.<\/li>\n<li>Le retour veineux est perturb\u00e9.<\/li>\n<li>Il y a une congestion sanguine dans les veines des jambes.<\/li>\n<\/ul>\n<h3><strong>2. Augmentation de la perm\u00e9abilit\u00e9 des parois vasculaires<\/strong><\/h3>\n<p>La chaleur fait que du liquide s&rsquo;\u00e9chappe des vaisseaux vers les tissus. Cela entra\u00eene :<\/p>\n<ul>\n<li>Une r\u00e9tention d\u2019eau (\u0153d\u00e8mes) dans les jambes<\/li>\n<li>Une sensation de tension, des gonflements, des douleurs<\/li>\n<li>Une pression sur les tissus environnants<\/li>\n<\/ul>\n<h3><strong>3. Diminution de l\u2019activit\u00e9 physique en cas de temp\u00e9ratures \u00e9lev\u00e9es<\/strong><\/h3>\n<p>Les temp\u00e9ratures \u00e9lev\u00e9es entra\u00eenent souvent une inactivit\u00e9&nbsp;: nous bougeons moins, nous \u00e9vitons les promenades ou les activit\u00e9s sportives.<\/p>\n<p>Le probl\u00e8me est que la pompe musculaire veineuse ne fonctionne pas assez bien. Cette pompe aide \u00e0 ramener le sang des jambes vers le c\u0153ur. En cas de varices dues \u00e0 la chaleur, le sang stagne encore plus, ce qui aggrave les sympt\u00f4mes.<\/p>\n<p>Le probl\u00e8me est que la pompe musculaire veineuse ne fonctionne pas assez bien. Cette pompe aide \u00e0 ramener le sang des jambes vers le c\u0153ur. Le sang stagne encore plus.<\/p>\n<p><picture class=\"wp-picture-8425\" style=\"display: contents;\"><source type=\"image\/avif\" srcset=\"https:\/\/venaziel.de\/wp-content\/uploads\/2025\/01\/obese-guy-suffer-vein-problems-like-varicose-veins-and-need-treatment-for-sexual-health-1024x565-jpg.avif 1024w, https:\/\/venaziel.de\/wp-content\/uploads\/2025\/01\/obese-guy-suffer-vein-problems-like-varicose-veins-and-need-treatment-for-sexual-health-250x138-jpg.avif 250w, https:\/\/venaziel.de\/wp-content\/uploads\/2025\/01\/obese-guy-suffer-vein-problems-like-varicose-veins-and-need-treatment-for-sexual-health-768x424-jpg.avif 768w, https:\/\/venaziel.de\/wp-content\/uploads\/2025\/01\/obese-guy-suffer-vein-problems-like-varicose-veins-and-need-treatment-for-sexual-health-jpg.avif 1200w\" sizes=\"(max-width: 986px) 100vw, 986px\"><img data-dominant-color=\"6f7781\" data-has-transparency=\"false\" style=\"--dominant-color: #6f7781;\" decoding=\"async\" class=\"lazyload alignnone wp-image-8425 not-transparent\" src=\"https:\/\/venaziel.de\/wp-content\/uploads\/2025\/01\/obese-guy-suffer-vein-problems-like-varicose-veins-and-need-treatment-for-sexual-health.jpg\" data-orig-src=\"https:\/\/venaziel.de\/wp-content\/uploads\/2025\/01\/obese-guy-suffer-vein-problems-like-varicose-veins-and-need-treatment-for-sexual-health.jpg\" alt=\"Un homme en surpoids souffre de probl\u00e8mes veineux tels que des varices et a besoin d\u2019un traitement pour sa sant\u00e9 sexuelle - varices et chaleur\" width=\"986\" height=\"544\" title=\"\" srcset=\"data:image\/svg+xml,%3Csvg%20xmlns%3D%27http%3A%2F%2Fwww.w3.org%2F2000%2Fsvg%27%20width%3D%27986%27%20height%3D%27544%27%20viewBox%3D%270%200%20986%20544%27%3E%3Crect%20width%3D%27986%27%20height%3D%27544%27%20fill-opacity%3D%220%22%2F%3E%3C%2Fsvg%3E\" data-srcset=\"https:\/\/venaziel.de\/wp-content\/uploads\/2025\/01\/obese-guy-suffer-vein-problems-like-varicose-veins-and-need-treatment-for-sexual-health-200x110.jpg 200w, https:\/\/venaziel.de\/wp-content\/uploads\/2025\/01\/obese-guy-suffer-vein-problems-like-varicose-veins-and-need-treatment-for-sexual-health-250x138.jpg 250w, https:\/\/venaziel.de\/wp-content\/uploads\/2025\/01\/obese-guy-suffer-vein-problems-like-varicose-veins-and-need-treatment-for-sexual-health-400x221.jpg 400w, https:\/\/venaziel.de\/wp-content\/uploads\/2025\/01\/obese-guy-suffer-vein-problems-like-varicose-veins-and-need-treatment-for-sexual-health-600x331.jpg 600w, https:\/\/venaziel.de\/wp-content\/uploads\/2025\/01\/obese-guy-suffer-vein-problems-like-varicose-veins-and-need-treatment-for-sexual-health-768x424.jpg 768w, https:\/\/venaziel.de\/wp-content\/uploads\/2025\/01\/obese-guy-suffer-vein-problems-like-varicose-veins-and-need-treatment-for-sexual-health-800x441.jpg 800w, https:\/\/venaziel.de\/wp-content\/uploads\/2025\/01\/obese-guy-suffer-vein-problems-like-varicose-veins-and-need-treatment-for-sexual-health-1024x565.jpg 1024w, https:\/\/venaziel.de\/wp-content\/uploads\/2025\/01\/obese-guy-suffer-vein-problems-like-varicose-veins-and-need-treatment-for-sexual-health.jpg 1200w\" data-sizes=\"auto\" data-orig-sizes=\"(max-width: 986px) 100vw, 986px\" \/><\/picture><\/p>\n<h3><strong>4. Manque de liquide<\/strong><\/h3>\n<p>En \u00e9t\u00e9, le corps perd du liquide par la transpiration. Si l&rsquo;on ne boit pas suffisamment, le sang s&rsquo;\u00e9paissit (la densit\u00e9 h\u00e9matologique augmente), ce qui complique encore le retour veineux. La viscosit\u00e9 du sang augmente, la vitesse d&rsquo;\u00e9coulement diminue, ce qui cr\u00e9e un risque accru de thrombose.<\/p>\n<h2><strong>Sympt\u00f4mes typiques des varices en cas de chaleur<\/strong><\/h2>\n<p>Les troubles suivants apparaissent plus fr\u00e9quemment en \u00e9t\u00e9 ou s\u2019aggravent&nbsp;:<\/p>\n<ul>\n<li>Jambes lourdes et fatigu\u00e9es<\/li>\n<li>Sensation de tension et de pression dans les mollets<\/li>\n<\/ul>\n<p>Gonflements des chevilles (\u0153d\u00e8mes) et des jambes, surtout le soir<\/p>\n<ul>\n<li>D\u00e9mangeaisons sur le bas des jambes<\/li>\n<li>Pr\u00e9sence de t\u00e9langiectasies ou de varices visibles<\/li>\n<li>Crampes nocturnes dans les mollets<\/li>\n<li>Douleurs en position assise ou debout prolong\u00e9e<\/li>\n<\/ul>\n<h2><strong>Qui est particuli\u00e8rement expos\u00e9&nbsp;?<\/strong><\/h2>\n<p>Les groupes suivants pr\u00e9sentent un risque accru de souffrir de troubles variqueux accrus en \u00e9t\u00e9&nbsp;:<\/p>\n<ul>\n<li>Les personnes ayant d\u00e9j\u00e0 re\u00e7u un diagnostic de varices ou d\u2019IVC<\/li>\n<li>Les personnes exer\u00e7ant une activit\u00e9 professionnelle en position debout ou assise (par exemple, vendeurs, soignants, employ\u00e9s de bureau)<\/li>\n<li>Les personnes \u00e2g\u00e9es (\u00e0 partir de 60&nbsp;ans)<\/li>\n<li>Les personnes en surpoids<\/li>\n<li>Les femmes enceintes<\/li>\n<li>Les personnes ayant des ant\u00e9c\u00e9dents familiaux<\/li>\n<li>Les patient(e)s pr\u00e9sentant des changements hormonaux (par exemple, en cas de prise de pr\u00e9parations \u00e0 base d\u2019\u0153strog\u00e8nes)<\/li>\n<\/ul>\n<h2><strong>7&nbsp;conseils pour des jambes saines en \u00e9t\u00e9<\/strong><\/h2>\n<h3><strong>1. Int\u00e9grer l\u2019activit\u00e9 physique \u2013 m\u00eame en cas de chaleur<\/strong><\/h3>\n<p>L&rsquo;activit\u00e9 physique r\u00e9guli\u00e8re est la cl\u00e9 de la sant\u00e9 veineuse. Une promenade quotidienne de 30 minutes le matin ou le soir active d\u00e9j\u00e0 la pompe musculaire. Les sports id\u00e9aux sont :<\/p>\n<ul>\n<li>La natation (la pression de l\u2019eau soutient les veines)<\/li>\n<li>Le cyclisme<\/li>\n<li>La marche nordique<\/li>\n<li>Le yoga ou la gymnastique veineuse<\/li>\n<\/ul>\n<p><picture class=\"wp-picture-8429\" style=\"display: contents;\"><source type=\"image\/avif\" srcset=\"https:\/\/venaziel.de\/wp-content\/uploads\/2025\/01\/young-sporty-man-jogging-through-city-streets-for-healthy-veins-and-sexual-health-sexuelle-gesundheit-in-berlin-1024x517-jpg.avif 1024w, https:\/\/venaziel.de\/wp-content\/uploads\/2025\/01\/young-sporty-man-jogging-through-city-streets-for-healthy-veins-and-sexual-health-sexuelle-gesundheit-in-berlin-768x388-jpg.avif 768w, https:\/\/venaziel.de\/wp-content\/uploads\/2025\/01\/young-sporty-man-jogging-through-city-streets-for-healthy-veins-and-sexual-health-sexuelle-gesundheit-in-berlin-jpg.avif 1200w\" sizes=\"(max-width: 940px) 100vw, 940px\"><img data-dominant-color=\"87756b\" data-has-transparency=\"false\" style=\"--dominant-color: #87756b;\" decoding=\"async\" class=\"lazyload alignnone wp-image-8429 not-transparent\" src=\"https:\/\/venaziel.de\/wp-content\/uploads\/2025\/01\/young-sporty-man-jogging-through-city-streets-for-healthy-veins-and-sexual-health-sexuelle-gesundheit-in-berlin.jpg\" data-orig-src=\"https:\/\/venaziel.de\/wp-content\/uploads\/2025\/01\/young-sporty-man-jogging-through-city-streets-for-healthy-veins-and-sexual-health-sexuelle-gesundheit-in-berlin.jpg\" alt=\"Un jeune homme sportif fait son jogging dans les rues de Berlin pour des veines saines et une bonne sant\u00e9 sexuelle - varices et chaleur en \u00e9t\u00e9\" width=\"940\" height=\"475\" title=\"\" srcset=\"data:image\/svg+xml,%3Csvg%20xmlns%3D%27http%3A%2F%2Fwww.w3.org%2F2000%2Fsvg%27%20width%3D%27940%27%20height%3D%27475%27%20viewBox%3D%270%200%20940%20475%27%3E%3Crect%20width%3D%27940%27%20height%3D%27475%27%20fill-opacity%3D%220%22%2F%3E%3C%2Fsvg%3E\" data-srcset=\"https:\/\/venaziel.de\/wp-content\/uploads\/2025\/01\/young-sporty-man-jogging-through-city-streets-for-healthy-veins-and-sexual-health-sexuelle-gesundheit-in-berlin-200x101.jpg 200w, https:\/\/venaziel.de\/wp-content\/uploads\/2025\/01\/young-sporty-man-jogging-through-city-streets-for-healthy-veins-and-sexual-health-sexuelle-gesundheit-in-berlin-250x126.jpg 250w, https:\/\/venaziel.de\/wp-content\/uploads\/2025\/01\/young-sporty-man-jogging-through-city-streets-for-healthy-veins-and-sexual-health-sexuelle-gesundheit-in-berlin-400x202.jpg 400w, https:\/\/venaziel.de\/wp-content\/uploads\/2025\/01\/young-sporty-man-jogging-through-city-streets-for-healthy-veins-and-sexual-health-sexuelle-gesundheit-in-berlin-540x272.jpg 540w, https:\/\/venaziel.de\/wp-content\/uploads\/2025\/01\/young-sporty-man-jogging-through-city-streets-for-healthy-veins-and-sexual-health-sexuelle-gesundheit-in-berlin-600x303.jpg 600w, https:\/\/venaziel.de\/wp-content\/uploads\/2025\/01\/young-sporty-man-jogging-through-city-streets-for-healthy-veins-and-sexual-health-sexuelle-gesundheit-in-berlin-768x388.jpg 768w, https:\/\/venaziel.de\/wp-content\/uploads\/2025\/01\/young-sporty-man-jogging-through-city-streets-for-healthy-veins-and-sexual-health-sexuelle-gesundheit-in-berlin-800x404.jpg 800w, https:\/\/venaziel.de\/wp-content\/uploads\/2025\/01\/young-sporty-man-jogging-through-city-streets-for-healthy-veins-and-sexual-health-sexuelle-gesundheit-in-berlin-1024x517.jpg 1024w, https:\/\/venaziel.de\/wp-content\/uploads\/2025\/01\/young-sporty-man-jogging-through-city-streets-for-healthy-veins-and-sexual-health-sexuelle-gesundheit-in-berlin.jpg 1200w\" data-sizes=\"auto\" data-orig-sizes=\"(max-width: 940px) 100vw, 940px\" \/><\/picture><\/p>\n<h3><strong>2. Boire beaucoup \u2013 au moins 2 \u00e0 2,5&nbsp;litres par jour<\/strong><\/h3>\n<p>Un apport suffisant de liquide maintient le sang fluide et am\u00e9liore le retour veineux. Les boissons id\u00e9ales sont :<\/p>\n<ul>\n<li>L\u2019eau<\/li>\n<li>Les infusions ou les th\u00e9s aux fruits non sucr\u00e9s<\/li>\n<li>Les jus de fruits dilu\u00e9s<\/li>\n<\/ul>\n<p>\u00c9vitez l\u2019alcool, car il a un effet vasodilatateur.<\/p>\n<p><picture class=\"wp-picture-9079\" style=\"display: contents;\"><source type=\"image\/avif\" srcset=\"https:\/\/venaziel.de\/wp-content\/uploads\/2025\/02\/young-sports-man-making-break-and-drinking-water-after-long-sitting-or-standing-to-reduce-risk-of-krampfadern-1024x535-jpg.avif 1024w, https:\/\/venaziel.de\/wp-content\/uploads\/2025\/02\/young-sports-man-making-break-and-drinking-water-after-long-sitting-or-standing-to-reduce-risk-of-krampfadern-250x131-jpg.avif 250w, https:\/\/venaziel.de\/wp-content\/uploads\/2025\/02\/young-sports-man-making-break-and-drinking-water-after-long-sitting-or-standing-to-reduce-risk-of-krampfadern-768x401-jpg.avif 768w, https:\/\/venaziel.de\/wp-content\/uploads\/2025\/02\/young-sports-man-making-break-and-drinking-water-after-long-sitting-or-standing-to-reduce-risk-of-krampfadern-jpg.avif 1200w\" sizes=\"(max-width: 938px) 100vw, 938px\"><img data-dominant-color=\"766964\" data-has-transparency=\"false\" style=\"--dominant-color: #766964;\" decoding=\"async\" class=\"lazyload alignnone wp-image-9079 not-transparent\" src=\"https:\/\/venaziel.de\/wp-content\/uploads\/2025\/02\/young-sports-man-making-break-and-drinking-water-after-long-sitting-or-standing-to-reduce-risk-of-krampfadern.jpg\" data-orig-src=\"https:\/\/venaziel.de\/wp-content\/uploads\/2025\/02\/young-sports-man-making-break-and-drinking-water-after-long-sitting-or-standing-to-reduce-risk-of-krampfadern.jpg\" alt=\"Jeune sportif faisant une pause et buvant de l\u2019eau apr\u00e8s une longue p\u00e9riode assise ou debout pour r\u00e9duire le risque de varices - krampfadern bei hitze\" width=\"938\" height=\"490\" title=\"\" srcset=\"data:image\/svg+xml,%3Csvg%20xmlns%3D%27http%3A%2F%2Fwww.w3.org%2F2000%2Fsvg%27%20width%3D%27938%27%20height%3D%27490%27%20viewBox%3D%270%200%20938%20490%27%3E%3Crect%20width%3D%27938%27%20height%3D%27490%27%20fill-opacity%3D%220%22%2F%3E%3C%2Fsvg%3E\" data-srcset=\"https:\/\/venaziel.de\/wp-content\/uploads\/2025\/02\/young-sports-man-making-break-and-drinking-water-after-long-sitting-or-standing-to-reduce-risk-of-krampfadern-200x105.jpg 200w, https:\/\/venaziel.de\/wp-content\/uploads\/2025\/02\/young-sports-man-making-break-and-drinking-water-after-long-sitting-or-standing-to-reduce-risk-of-krampfadern-250x131.jpg 250w, https:\/\/venaziel.de\/wp-content\/uploads\/2025\/02\/young-sports-man-making-break-and-drinking-water-after-long-sitting-or-standing-to-reduce-risk-of-krampfadern-400x209.jpg 400w, https:\/\/venaziel.de\/wp-content\/uploads\/2025\/02\/young-sports-man-making-break-and-drinking-water-after-long-sitting-or-standing-to-reduce-risk-of-krampfadern-600x314.jpg 600w, https:\/\/venaziel.de\/wp-content\/uploads\/2025\/02\/young-sports-man-making-break-and-drinking-water-after-long-sitting-or-standing-to-reduce-risk-of-krampfadern-768x401.jpg 768w, https:\/\/venaziel.de\/wp-content\/uploads\/2025\/02\/young-sports-man-making-break-and-drinking-water-after-long-sitting-or-standing-to-reduce-risk-of-krampfadern-800x418.jpg 800w, https:\/\/venaziel.de\/wp-content\/uploads\/2025\/02\/young-sports-man-making-break-and-drinking-water-after-long-sitting-or-standing-to-reduce-risk-of-krampfadern-1024x535.jpg 1024w, https:\/\/venaziel.de\/wp-content\/uploads\/2025\/02\/young-sports-man-making-break-and-drinking-water-after-long-sitting-or-standing-to-reduce-risk-of-krampfadern.jpg 1200w\" data-sizes=\"auto\" data-orig-sizes=\"(max-width: 938px) 100vw, 938px\" \/><\/picture><\/p>\n<h3><strong>3. Sur\u00e9lever les jambes<\/strong><\/h3>\n<p>Sur\u00e9lever les jambes plusieurs fois par jour pendant 15 \u00e0 20 minutes \u2013 au-dessus du niveau du c\u0153ur. Cela r\u00e9duit la pression veineuse et favorise le retour veineux.<\/p>\n<p>Conseil&nbsp;: utilisez un petit tabouret au bureau ou placez un coussin sous les jambes lorsque vous regardez la t\u00e9l\u00e9vision.<\/p>\n<h3><strong>4. Douches froides et applications Kneipp<\/strong><\/h3>\n<p>L&rsquo;eau froide stimule les veines et entra\u00eene une vasoconstriction. Cela contrecarre les gonflements et renforce les parois des vaisseaux.<\/p>\n<ul>\n<li>Douches altern\u00e9es froides et chaudes<\/li>\n<li>Douches froides des jambes (par exemple, selon la m\u00e9thode Kneipp)<\/li>\n<li>Marche dans l\u2019eau<\/li>\n<\/ul>\n<h3><strong>5. Porter des bas de contention<\/strong><\/h3>\n<p>Les bas de contention modernes sont fabriqu\u00e9s dans des mat\u00e9riaux respirants et sont agr\u00e9ables \u00e0 porter m\u00eame en \u00e9t\u00e9. Ils :<\/p>\n<ul>\n<li>R\u00e9duisent les gonflements<\/li>\n<li>Soutiennent la pompe musculaire<\/li>\n<li>Favorisent le retour veineux<\/li>\n<\/ul>\n<p>Chez VenaZiel Berlin, vous recevrez des bas de contention adapt\u00e9s individuellement \u2013 \u00e9galement dans des designs \u00e0 la mode.<\/p>\n<h3><strong>6. \u00c9viter le soleil et la chaleur<\/strong><\/h3>\n<p>\u00c9vitez les s\u00e9jours prolong\u00e9s en plein soleil. Portez des v\u00eatements amples et clairs et profitez des endroits ombrag\u00e9s. La chaleur du soleil favorise la dilatation des vaisseaux et donc les sympt\u00f4mes.<\/p>\n<h3><strong>7. Consulter un sp\u00e9cialiste des veines \u00e0 un stade pr\u00e9coce<\/strong><\/h3>\n<p>N&rsquo;attendez pas que la douleur apparaisse. Un diagnostic pr\u00e9coce \u2013 par exemple par \u00e9chographie duplex \u2013 peut pr\u00e9venir des complications ult\u00e9rieures telles que les thromboses ou les jambes ouvertes. Le centre veineux VenaZiel Berlin propose un diagnostic complet r\u00e9alis\u00e9 par des m\u00e9decins sp\u00e9cialistes exp\u00e9riment\u00e9s.<\/p>\n<h2><strong>Options th\u00e9rapeutiques modernes \u2013 r\u00e9alisables toute l\u2019ann\u00e9e<\/strong><\/h2>\n<p>M\u00eame en \u00e9t\u00e9, des th\u00e9rapies modernes peuvent \u00eatre r\u00e9alis\u00e9es, car elles sont g\u00e9n\u00e9ralement ambulatoires, mini-invasives et rapidement efficaces&nbsp;:<\/p>\n<h3><strong><a href=\"https:\/\/venaziel.de\/fr\/phlebologie\/krampfadern-bei-hitze\/\">VenaSeal<\/a> (<a href=\"https:\/\/www.medtronic.com\/de-de\/patienten\/produkte-therapien\/krampfadern-behandeln\/therapien-von-medtronic\/venaseal-closure-system.html\" target=\"_blank\" rel=\"noopener\">colle veineuse<\/a>)<\/strong><\/h3>\n<ul>\n<li>Proc\u00e9d\u00e9 doux sans chaleur<\/li>\n<li>Pas besoin de porter des bas de contention<\/li>\n<li>De nouveau mobile imm\u00e9diatement<\/li>\n<\/ul>\n<p><strong>Ablation par radiofr\u00e9quence (<a href=\"https:\/\/venaziel.de\/venenzentrum-leistungen\/krampfadern-behandlungen\/\">RFA<\/a>)<\/strong><\/p>\n<ul>\n<li>Proc\u00e9d\u00e9 de fermeture thermique avec cath\u00e9ter<\/li>\n<li>Anesth\u00e9sie locale, r\u00e9alisable en ambulatoire<\/li>\n<li>Quasiment aucune douleur, courte p\u00e9riode de convalescence<\/li>\n<\/ul>\n<h3><strong>Th\u00e9rapie endoveineuse au laser (<a href=\"https:\/\/venaziel.de\/venenzentrum-leistungen\/krampfadern-behandlungen\/\">EVLA<\/a>)<\/strong><\/h3>\n<ul>\n<li>Le laser ferme la veine de l\u2019int\u00e9rieur<\/li>\n<li>Particuli\u00e8rement adapt\u00e9 en cas de varices tronculaires<\/li>\n<li>Tr\u00e8s haut taux de r\u00e9ussite<\/li>\n<\/ul>\n<h3><strong>Scl\u00e9roth\u00e9rapie \u00e0 la mousse (<a href=\"https:\/\/venaziel.de\/venenzentrum-leistungen\/krampfadern-behandlungen\/\">scl\u00e9roth\u00e9rapie<\/a>)<\/strong><\/h3>\n<ul>\n<li>Id\u00e9al pour les petites branches lat\u00e9rales et les t\u00e9langiectasies<\/li>\n<li>M\u00e9thode cosm\u00e9tique efficace<\/li>\n<li>Plusieurs s\u00e9ances possibles<\/li>\n<\/ul>\n<h2><strong>Pourquoi VenaZiel Berlin&nbsp;?<\/strong><\/h2>\n<p>Le VenaZiel Venenzentrum Berlin MVZ GmbH est sp\u00e9cialis\u00e9 dans le diagnostic et le traitement des maladies veineuses. Notre \u00e9quipe exp\u00e9riment\u00e9e de phl\u00e9bologues et de chirurgiens vasculaires vous propose :<\/p>\n<ul>\n<li>Un diagnostic ultramoderne (y compris l\u2019\u00e9chographie duplex)<\/li>\n<li>Un conseil personnalis\u00e9 et une planification th\u00e9rapeutique<\/li>\n<li>Toutes les m\u00e9thodes endoveineuses modernes dans la maison<\/li>\n<li>Des op\u00e9rations ambulatoires dans notre propre centre op\u00e9ratoire climatis\u00e9<\/li>\n<li>Un suivi et une th\u00e9rapie de compression sur mesure<\/li>\n<\/ul>\n<h2><strong>Conclusion<\/strong><\/h2>\n<p>En \u00e9t\u00e9, les varices dues \u00e0 la chaleur s&rsquo;aggravent pour plusieurs raisons. La chaleur fait grossir les veines. Si l&rsquo;on ne boit pas assez, le sang devient plus \u00e9pais. De plus, on bouge moins, ce qui affaiblit les muscles qui pompent le sang vers le c\u0153ur.<\/p>\n<p>Cela entra\u00eene une augmentation des sympt\u00f4mes tels que les gonflements, les douleurs et la fatigue dans les jambes.<\/p>\n<p>Avec les bonnes mesures \u2013 activit\u00e9 physique, compression, hydratation, applications de froid \u2013 il est possible d&rsquo;att\u00e9nuer de nombreux troubles. Agir \u00e0 temps permet de pr\u00e9venir les complications et de profiter de l&rsquo;\u00e9t\u00e9 en toute s\u00e9r\u00e9nit\u00e9.<\/p>\n<p>Le centre veineux VenaZiel Berlin se tient \u00e0 vos c\u00f4t\u00e9s en tant que partenaire comp\u00e9tent.<\/p>\n<p>Prendre rendez-vous maintenant&nbsp;: <a href=\"http:\/\/www.venaziel.de\/kontakt\" target=\"_blank\" rel=\"noopener noreferrer\">www.venaziel.de<\/a><\/p>\n<h3><strong>Sources et r\u00e9f\u00e9rences scientifiques<\/strong><\/h3>\n<ol>\n<li>Rabe E. et al. (2016). Recommandations pour le diagnostic et le traitement des maladies veineuses chroniques. Soci\u00e9t\u00e9 allemande de phl\u00e9bologie<\/li>\n<li>Nicolaides A. et al. (2014). Management of chronic venous disorders. International Angiology<\/li>\n<li>Eberhardt RT, Raffetto JD. (2014). Chronic venous insufficiency. Circulation<\/li>\n<li>Gloviczki P. et al. (2011). The care of patients with varicose veins. Journal of Vascular Surgery<\/li>\n<li>O\u2019Donnell TF et al. (2017). Guidelines of the American Venous Forum. Journal of Vascular Surgery: Venous and Lymphatic Disorders<\/li>\n<li>Kneipp-Bund e.V. (2022). Hydroth\u00e9rapie et sant\u00e9 veineuse<\/li>\n<li>Partsch H. (2003). Compression therapy of the legs. Phlebology<\/li>\n<li>Mosti G. et al. (2012). Compression therapy efficacy. European Journal of Vascular and Endovascular Surgery<\/li>\n<li>Manz F. et al. (2002). Hydration status in the general population. European Journal of Clinical Nutrition<\/li>\n<li>Ziegler S. (2019). Maladies veineuses et varices dues \u00e0 la chaleur \u2013 Physiopathologie et options th\u00e9rapeutiques. Phlebologie aktuell<\/li>\n<\/ol>\n","protected":false},"excerpt":{"rendered":"<p>En \u00e9t\u00e9, de nombreuses personnes se plaignent de jambes lourdes et gonfl\u00e9es, notamment en raison des varices dues \u00e0 la chaleur. Beaucoup ont des varices visibles et des douleurs dans les jambes. Les personnes atteintes d&rsquo;insuffisance veineuse chronique (IVC) ou de varices ont souvent plus de probl\u00e8mes en \u00e9t\u00e9. Les temp\u00e9ratures chaudes aggravent leurs sympt\u00f4mes. Les personnes ayant des ant\u00e9c\u00e9dents familiaux de maladies veineuses sont \u00e9galement concern\u00e9es. Mais quelle en est la raison ? Pourquoi les varices s&rsquo;aggravent-elles avec la chaleur, et que peut-on faire pour y rem\u00e9dier ?<\/p>\n<p>Dans cet article, nous expliquons le lien entre la chaleur et les probl\u00e8mes veineux. Nous montrons les sympt\u00f4mes et les risques les plus fr\u00e9quents. De plus, nous vous donnons sept conseils utiles pour la pr\u00e9vention et le traitement. Ces conseils sont bas\u00e9s sur de nouvelles connaissances m\u00e9dicales et des m\u00e9thodes de traitement modernes propos\u00e9es au VenaZiel Venenzentrum Berlin.<\/p>\n","protected":false},"author":1,"featured_media":40459,"parent":40827,"menu_order":0,"comment_status":"closed","ping_status":"closed","template":"","meta":{"footnotes":""},"class_list":["post-41348","page","type-page","status-publish","has-post-thumbnail","hentry"],"_links":{"self":[{"href":"https:\/\/venaziel.de\/fr\/wp-json\/wp\/v2\/pages\/41348","targetHints":{"allow":["GET"]}}],"collection":[{"href":"https:\/\/venaziel.de\/fr\/wp-json\/wp\/v2\/pages"}],"about":[{"href":"https:\/\/venaziel.de\/fr\/wp-json\/wp\/v2\/types\/page"}],"author":[{"embeddable":true,"href":"https:\/\/venaziel.de\/fr\/wp-json\/wp\/v2\/users\/1"}],"replies":[{"embeddable":true,"href":"https:\/\/venaziel.de\/fr\/wp-json\/wp\/v2\/comments?post=41348"}],"version-history":[{"count":1,"href":"https:\/\/venaziel.de\/fr\/wp-json\/wp\/v2\/pages\/41348\/revisions"}],"predecessor-version":[{"id":46574,"href":"https:\/\/venaziel.de\/fr\/wp-json\/wp\/v2\/pages\/41348\/revisions\/46574"}],"up":[{"embeddable":true,"href":"https:\/\/venaziel.de\/fr\/wp-json\/wp\/v2\/pages\/40827"}],"wp:featuredmedia":[{"embeddable":true,"href":"https:\/\/venaziel.de\/fr\/wp-json\/wp\/v2\/media\/40459"}],"wp:attachment":[{"href":"https:\/\/venaziel.de\/fr\/wp-json\/wp\/v2\/media?parent=41348"}],"curies":[{"name":"wp","href":"https:\/\/api.w.org\/{rel}","templated":true}]}}