{"id":41450,"date":"2025-04-17T15:06:23","date_gmt":"2025-04-17T15:06:23","guid":{"rendered":"https:\/\/venaziel.de\/leistenbruch-operationspflichtig\/"},"modified":"2026-04-22T14:57:47","modified_gmt":"2026-04-22T14:57:47","slug":"leistenbruch-operationspflichtig","status":"publish","type":"page","link":"https:\/\/venaziel.de\/fr\/hernien-wissenszentrum\/leistenbruch-operationspflichtig\/","title":{"rendered":"Une hernie inguinale n\u00e9cessite-t-elle toujours une op\u00e9ration ?"},"content":{"rendered":"<h2><b>Traitement conservateur : hernie inguinale sans op\u00e9ration ?<\/b><\/h2>\n<p><span style=\"font-weight: 400;\">Par <\/span><i><span style=\"font-weight: 400;\">traitement conservateur<\/span><\/i><span style=\"font-weight: 400;\">  en m\u00e9decine, on entend une approche th\u00e9rapeutique non chirurgicale. Dans le contexte de la hernie inguinale, cela signifie concr\u00e8tement :  <\/span><b>attendre et observer<\/b><span style=\"font-weight: 400;\">  au lieu d&rsquo;op\u00e9rer, tant qu&rsquo;il n&rsquo;y a pas de sympt\u00f4mes alarmants. Cette strat\u00e9gie est souvent  <\/span><i><span style=\"font-weight: 400;\">appel\u00e9e surveillance active<\/span><\/i><span style=\"font-weight: 400;\"> et est surtout envisag\u00e9e pour les <\/span><b>petites hernies inguinales asymptomatiques<\/b><span style=\"font-weight: 400;\">.<\/span><\/p>\n<p><span style=\"font-weight: 400;\">Important \u00e0 savoir : une hernie inguinale <\/span><i><span style=\"font-weight: 400;\">ne gu\u00e9rit pas spontan\u00e9ment<\/span><\/i><span style=\"font-weight: 400;\">. La br\u00e8che herniaire ne se refermera jamais spontan\u00e9ment. Un traitement conservateur ne vise donc pas \u00e0 \u00ab gu\u00e9rir \u00bb la hernie, mais simplement \u00e0 d\u00e9terminer le bon moment pour une op\u00e9ration \u2013 ou, dans le meilleur des cas, \u00e0 \u00e9pargner au patient une intervention pendant un certain temps, tant que la hernie ne lui cause pas de probl\u00e8mes.  <\/span><b>La proc\u00e9dure dans la strat\u00e9gie d&rsquo;observation<\/b><span style=\"font-weight: 400;\">  se d\u00e9roule g\u00e9n\u00e9ralement de telle sorte que des examens de contr\u00f4le ont lieu \u00e0 intervalles r\u00e9guliers. Votre m\u00e9decin v\u00e9rifiera si la hernie a grossi, si de nouveaux sympt\u00f4mes sont apparus ou s&rsquo;il existe des signes d&rsquo;\u00e9tranglement imminent. Il vous sera conseill\u00e9 d&rsquo;\u00eatre attentif \u00e0 votre corps et de consulter imm\u00e9diatement en cas de changement. <\/span><\/p>\n<p><span style=\"font-weight: 400;\">Pour qui cette approche attentiste est-elle envisageable ? Des \u00e9tudes et des exp\u00e9riences montrent qu&rsquo;elle est surtout valable pour  <\/span><i><span style=\"font-weight: 400;\">les patients masculins avec une premi\u00e8re petite hernie inguinale sans sympt\u00f4mes<\/span><\/i><span style=\"font-weight: 400;\">  est une option acceptable. Surtout chez les hommes \u00e2g\u00e9s ou gravement atteints de maladies pr\u00e9existantes, il peut \u00eatre judicieux d&rsquo;attendre d&rsquo;abord, car chez eux, une intervention imm\u00e9diate sous anesth\u00e9sie g\u00e9n\u00e9rale pourrait \u00eatre plus risqu\u00e9e. La condition pr\u00e9alable est toutefois que le patient soit bien inform\u00e9, se fasse examiner r\u00e9guli\u00e8rement et soit pr\u00eat \u00e0 se faire op\u00e9rer d\u00e8s les premiers signes de troubles. <\/span><\/p>\n<p><b>Chez les femmes<\/b><span style=\"font-weight: 400;\">, une attitude attentiste est en revanche <\/span><b>rarement recommand\u00e9e<\/b><span style=\"font-weight: 400;\">  \u2013 ici, les m\u00e9decins conseillent plut\u00f4t une op\u00e9ration pr\u00e9coce, m\u00eame si la hernie inguinale ne provoque pas encore de sympt\u00f4mes. La raison : dans la r\u00e9gion inguinale des femmes, il ne s&rsquo;agit pas rarement d&rsquo;une hernie crurale (f\u00e9morale) plut\u00f4t qu&rsquo;inguinale. Celle-ci est plus difficile \u00e0 diagnostiquer, mais a une tendance nettement plus \u00e9lev\u00e9e \u00e0 l&rsquo;\u00e9tranglement (jusqu&rsquo;\u00e0 30 % des cas). Par s\u00e9curit\u00e9, on passe donc g\u00e9n\u00e9ralement directement \u00e0 la chirurgie chez les femmes afin de ne prendre aucun risque inutile.   Chez les enfants \u00e9galement, la retenue n&rsquo;est pas de mise \u2013  <\/span><b>une hernie inguinale chez l&rsquo;enfant est pratiquement toujours op\u00e9r\u00e9e rapidement<\/b><span style=\"font-weight: 400;\">, car elle ne gu\u00e9rit pas d&rsquo;elle-m\u00eame et le risque d&rsquo;\u00e9tranglement est particuli\u00e8rement \u00e9lev\u00e9 chez les jeunes patients.<\/span><\/p>\n<p><span style=\"font-weight: 400;\">Un <\/span><b>traitement conservateur<\/b><span style=\"font-weight: 400;\">  au sens strict (par exemple par des m\u00e9dicaments ou des aides externes) n&rsquo;existe pas pour la hernie inguinale. Autrefois, on prescrivait des bandages herniaires : des dispositifs de type ceinture qui exercent une pression externe sur la hernie pour emp\u00eacher la saillie des tissus. On sait aujourd&rsquo;hui que de tels bandages sont peu utiles et peuvent m\u00eame \u00eatre nocifs. La pression permanente peut affaiblir la musculature de la paroi abdominale, ce qui aggrave le probl\u00e8me \u00e0 long terme.   C&rsquo;est pourquoi les bandages herniaires sont aujourd&rsquo;hui  <\/span><b>ne sont plus utilis\u00e9s<\/b><span style=\"font-weight: 400;\">. La seule mesure \u00ab conservatrice \u00bb judicieuse est donc l&rsquo;observation susmentionn\u00e9e dans des cas s\u00e9lectionn\u00e9s \u2013 combin\u00e9e \u00e0 quelques ajustements de style de vie : Si vous avez une hernie inguinale, mais que vous n&rsquo;\u00eates pas encore op\u00e9r\u00e9(e), vous devriez \u00e9viter les efforts physiques intenses autant que possible, surveiller votre poids et faire tout votre possible pour ne pas augmenter la pression intra-abdominale (par exemple, traiter la constipation chronique, tousser avec pr\u00e9caution, etc.). Ainsi, vous pouvez contribuer \u00e0 ce que la hernie ne s&rsquo;agrandisse pas inutilement. <\/span><\/p>\n<h2><b>Hernie inguinale symptomatique vs. asymptomatique<\/b><\/h2>\n<p><span style=\"font-weight: 400;\">Un facteur d\u00e9cisif pour \u00e9valuer si une hernie inguinale n\u00e9cessite une op\u00e9ration est <\/span><b>vos sympt\u00f4mes<\/b><span style=\"font-weight: 400;\">. On distingue grossi\u00e8rement :<\/span><\/p>\n<ul>\n<li style=\"font-weight: 400;\" aria-level=\"1\"><b>Hernie inguinale asymptomatique :<\/b><span style=\"font-weight: 400;\">  La hernie ne provoque ni douleur ni limitation perceptible. Peut-\u00eatre avez-vous d\u00e9couvert par hasard une petite saillie qui ne vous cause par ailleurs aucune g\u00eane. Dans ce cas \u2013 comme d\u00e9crit plus haut \u2013 on peut d&rsquo;abord attendre en concertation avec le m\u00e9decin.  Vous n&rsquo;avez pas besoin de vous faire op\u00e9rer imm\u00e9diatement,  <\/span><b>tant que la hernie reste vraiment indolore et inchang\u00e9e<\/b><span style=\"font-weight: 400;\"> . N\u00e9anmoins, m\u00eame une hernie asymptomatique doit \u00eatre prise au s\u00e9rieux : elle ne dispara\u00eet pas d&rsquo;elle-m\u00eame et, chez 3 patients sur 4, des sympt\u00f4mes apparaissent en quelques ann\u00e9es ou la hernie s&rsquo;agrandit, ce qui rend alors une op\u00e9ration n\u00e9cessaire.  Cela signifie que vous  <\/span><i><span style=\"font-weight: 400;\">gagnez du temps<\/span><\/i><span style=\"font-weight: 400;\">, mais il est probable que la th\u00e9rapie conservatrice ne soit pas durable.<\/span><\/li>\n<li style=\"font-weight: 400;\" aria-level=\"1\"><b>Hernie inguinale symptomatique :<\/b><span style=\"font-weight: 400;\">  Ici, la hernie cause des troubles \u2013 que ce soit une douleur lancinante, une sensation de pression ou de corps \u00e9tranger, ou m\u00eame des douleurs plus fortes lors de mouvements et d&rsquo;efforts. Au plus tard \u00e0 ce stade, vous devriez s\u00e9rieusement envisager une op\u00e9ration.  <\/span><b>Les douleurs sont un signal clair<\/b><span style=\"font-weight: 400;\"> que la hernie affecte votre corps. L&rsquo;op\u00e9ration est alors indiqu\u00e9e pour vous lib\u00e9rer en toute s\u00e9curit\u00e9 des troubles\u200b <\/span><span style=\"font-weight: 400;\">.<\/span><span style=\"font-weight: 400;\">  et pour pr\u00e9venir d&rsquo;autres dommages. Une hernie inguinale symptomatique limite souvent aussi la qualit\u00e9 de vie (on \u00e9vite le sport ou le port de charges lourdes par peur des douleurs), c&rsquo;est pourquoi une op\u00e9ration \u00e0 temps apporte g\u00e9n\u00e9ralement une nette am\u00e9lioration au quotidien. <\/span><\/li>\n<\/ul>\n<p><span style=\"font-weight: 400;\">Outre les douleurs, il existe d&rsquo;autres circonstances qui peuvent rendre une hernie inguinale <\/span><i><span style=\"font-weight: 400;\">fonctionnellement<\/span><\/i><span style=\"font-weight: 400;\">  peuvent rendre l&rsquo;intervention pertinente \u2013 par exemple si la saillie devient tr\u00e8s volumineuse et g\u00eanante, m\u00eame si elle n&rsquo;est pas douloureuse. Chez les hommes, une hernie importante qui descend jusque dans le scrotum (hernie inguino-scrotale) peut poser des probl\u00e8mes, par exemple pour la marche ou l&rsquo;ajustement des v\u00eatements. Dans ce cas \u00e9galement, on conseillera plut\u00f4t l&rsquo;op\u00e9ration avant que la situation ne se d\u00e9t\u00e9riore. <\/span><\/p>\n<h2><b>Quand une hernie inguinale est-elle dangereuse ?<\/b><\/h2>\n<p><span style=\"font-weight: 400;\">Une hernie inguinale en soi n&rsquo;est g\u00e9n\u00e9ralement pas mortelle au d\u00e9but. <\/span><b>Elle devient dangereuse lorsqu&rsquo;il y a un \u00e9tranglement.<\/b><span style=\"font-weight: 400;\"> Par \u00e9tranglement (m\u00e9dicalement <\/span><i><span style=\"font-weight: 400;\">incarc\u00e9ration<\/span><\/i><span style=\"font-weight: 400;\">), on entend que, par exemple, une anse intestinale est coinc\u00e9e dans le sac herniaire et ne retourne plus dans la cavit\u00e9 abdominale. Cela entra\u00eene une strangulation de l&rsquo;apport sanguin de la partie intestinale concern\u00e9e. <\/span><b>Signes d&rsquo;alarme typiques<\/b><span style=\"font-weight: 400;\">  sont : des douleurs tr\u00e8s fortes et soudaines dans l&rsquo;aine, une protub\u00e9rance durcie et douloureuse \u00e0 la pression qui ne peut plus \u00eatre repouss\u00e9e, \u00e9ventuellement accompagn\u00e9e de naus\u00e9es, de vomissements ou d&rsquo;un ventre gonfl\u00e9 (signes d&rsquo;une occlusion intestinale)\u200b. L&rsquo;endroit \u00e9trangl\u00e9 peut \u00e9galement rougir et \u00eatre surchauff\u00e9. Dans une telle situation, chaque minute compte, car sans op\u00e9ration rapide, la mort de l&rsquo;intestin \u00e9trangl\u00e9 menace\u200b.   <\/span><b>Une hernie inguinale \u00e9trangl\u00e9e est une urgence\u200b<\/b><span style=\"font-weight: 400;\"> qui doit \u00eatre op\u00e9r\u00e9e imm\u00e9diatement.<\/span><\/p>\n<p><span style=\"font-weight: 400;\">Heureusement, un \u00e9tranglement aussi dangereux ne se produit pas pour chaque hernie inguinale. Mais les statistiques montrent que plus une hernie reste non trait\u00e9e longtemps, plus la probabilit\u00e9 cumulative qu&rsquo;une telle urgence survienne un jour est \u00e9lev\u00e9e.  Le caract\u00e8re particuli\u00e8rement insidieux est qu&rsquo;un \u00e9tranglement  <\/span><i><span style=\"font-weight: 400;\">sans grand avertissement<\/span><\/i><span style=\"font-weight: 400;\">  puisse se produire \u2013 m\u00eame une hernie qui n&rsquo;a jamais caus\u00e9 de douleurs auparavant peut soudainement s&rsquo;\u00e9trangler. C&rsquo;est pourquoi les patients qui attendent l&rsquo;op\u00e9ration doivent toujours \u00eatre inform\u00e9s, faire attention \u00e0 ces signes et se rendre imm\u00e9diatement \u00e0 l&rsquo;h\u00f4pital. <\/span><\/p>\n<p><span style=\"font-weight: 400;\">Globalement, les experts estiment le risque d&rsquo;\u00e9tranglement par an \u00e0 environ 1 \u00e0 3 % pour une hernie inguinale. Chez les femmes, ce risque est nettement plus \u00e9lev\u00e9 (jusqu&rsquo;\u00e0 30 % comme mentionn\u00e9 plus haut) en raison des hernies crurales plus fr\u00e9quentes, c&rsquo;est pourquoi on n&rsquo;attend pas dans ce cas.  Comme r\u00e8gle g\u00e9n\u00e9rale, on peut dire :  <\/span><b>Tant que la hernie reste sans probl\u00e8me, elle n&rsquo;est pas imm\u00e9diatement dangereuse \u2013 mais elle repr\u00e9sente un danger latent<\/b><span style=\"font-weight: 400;\"> qui persiste ind\u00e9finiment tant que la hernie est pr\u00e9sente. C&rsquo;est pourquoi la recommandation est la suivante : une hernie inguinale qui n&rsquo;est pas op\u00e9r\u00e9e doit au moins faire l&rsquo;objet d&rsquo;une surveillance \u00e9troite, et la personne concern\u00e9e doit conna\u00eetre les sympt\u00f4mes d&rsquo;alerte.  En cas d&rsquo;\u00e9tranglement, la r\u00e8gle suivante s&rsquo;applique sans exception :  <\/span><b>op\u00e9ration imm\u00e9diate !\u200b<\/b><\/p>\n<h2><b>Une \u00e9valuation m\u00e9dicale individuelle est importante<\/b><\/h2>\n<p><span style=\"font-weight: 400;\">La question de savoir si une hernie inguinale doit \u00eatre op\u00e9r\u00e9e ou non (pour l&rsquo;instant) ne peut pas \u00eatre r\u00e9pondue de mani\u00e8re g\u00e9n\u00e9rale pour tous les cas. <\/span><b>Chaque patient est diff\u00e9rent<\/b><span style=\"font-weight: 400;\">, et c&rsquo;est pourquoi la d\u00e9cision doit toujours \u00eatre prise individuellement par une \u00e9valuation m\u00e9dicale. Un chirurgien exp\u00e9riment\u00e9 tiendra compte de la taille et de la position de la hernie, de vos troubles, mais aussi de votre \u00e2ge, de votre situation de vie et de vos maladies concomitantes. Il discutera avec vous du niveau de votre risque personnel de complication et de la complexit\u00e9 d&rsquo;une \u00e9ventuelle op\u00e9ration.  <\/span><\/p>\n<p><span style=\"font-weight: 400;\">Dans certaines situations, la recommandation est claire :<\/span><\/p>\n<ul>\n<li style=\"font-weight: 400;\" aria-level=\"1\"><b>Chez les enfants :<\/b><span style=\"font-weight: 400;\"> les hernies inguinales chez l&rsquo;enfant sont pratiquement toujours op\u00e9r\u00e9es rapidement afin d&rsquo;\u00e9viter les complications\u200b.<\/span><\/li>\n<li style=\"font-weight: 400;\" aria-level=\"1\"><b>Chez les femmes :<\/b><span style=\"font-weight: 400;\"> ici aussi, les m\u00e9decins conseillent presque toujours l&rsquo;op\u00e9ration, car il existe souvent une hernie crurale \u00e0 risque \u00e9lev\u00e9 qui doit \u00eatre trait\u00e9e de toute urgence\u200b.<\/span><\/li>\n<li style=\"font-weight: 400;\" aria-level=\"1\"><b>En cas d&rsquo;\u00e9tranglement aigu :<\/b><span style=\"font-weight: 400;\"> ind\u00e9pendamment de l&rsquo;\u00e2ge ou du sexe, il faut op\u00e9rer imm\u00e9diatement, comme expliqu\u00e9 ci-dessus\u200b.<\/span><\/li>\n<\/ul>\n<p><span style=\"font-weight: 400;\">Dans d&rsquo;autres cas, la d\u00e9cision rel\u00e8ve davantage du pouvoir discr\u00e9tionnaire : un quinquag\u00e9naire robuste avec une petite hernie asymptomatique pourrait encore vivre sans troubles pendant un certain temps \u2013 mais on lui expliquera que l&rsquo;op\u00e9ration est probablement imminente t\u00f4t ou tard. Un octog\u00e9naire cardiaque avec une petite hernie, en revanche, voudra peut-\u00eatre s&rsquo;en sortir sans op\u00e9ration aussi longtemps que possible et recevra le feu vert du m\u00e9decin,  <\/span><b>tant que la hernie reste calme<\/b><span style=\"font-weight: 400;\">.<\/span><\/p>\n<p><span style=\"font-weight: 400;\">Dans tous les cas, demandez conseil \u00e0 votre m\u00e9decin de mani\u00e8re approfondie. <\/span><b>Posez toutes les questions<\/b><span style=\"font-weight: 400;\"> que vous avez : Quel est mon risque si j&rsquo;attends ? Quels sont les avantages et les risques de l&rsquo;op\u00e9ration dans mon cas ? Ensemble, vous pourrez alors prendre une d\u00e9cision \u00e9clair\u00e9e. De nombreux patients sont soulag\u00e9s d&rsquo;apprendre que l&rsquo;op\u00e9ration de la hernie inguinale est aujourd&rsquo;hui une intervention de routine et qu&rsquo;elle se d\u00e9roule en toute s\u00e9curit\u00e9 entre des mains exp\u00e9riment\u00e9es.    Les techniques modernes, telles que celles pratiqu\u00e9es au centre des hernies VenaZiel \u00e0 Berlin, permettent souvent une  <\/span><b>op\u00e9ration ambulatoire<\/b><span style=\"font-weight: 400;\">  avec un temps de r\u00e9cup\u00e9ration court. Si votre m\u00e9decin vous conseille donc une op\u00e9ration, vous pouvez avoir confiance que c&rsquo;est le moyen le plus s\u00fbr de r\u00e9soudre votre probl\u00e8me. <\/span><\/p>\n<h2><b>Conclusion<\/b><\/h2>\n<p><b>Une hernie inguinale ne n\u00e9cessite pas toujours une op\u00e9ration imm\u00e9diate<\/b><span style=\"font-weight: 400;\"> , mais on ne s&rsquo;en d\u00e9barrasse durablement que par une op\u00e9ration. Les petites hernies sans sympt\u00f4mes peuvent \u00eatre observ\u00e9es pendant un certain temps sous contr\u00f4le m\u00e9dical, mais il n&rsquo;y a pas de gu\u00e9rison spontan\u00e9e. Au plus tard lorsque des douleurs apparaissent, que la hernie grossit ou que des complications menacent, le moment de l&rsquo;op\u00e9ration est venu.   La limite entre \u00ab pouvoir attendre \u00bb et \u00ab devoir op\u00e9rer \u00bb est atteinte lorsqu&rsquo;une hernie inguinale  <\/span><b>devient dangereuse<\/b><span style=\"font-weight: 400;\">  \u2013 notamment en raison du risque d&rsquo;\u00e9tranglement\u200b. Il y a alors un besoin urgent d&rsquo;agir. <\/span><\/p>\n<p><span style=\"font-weight: 400;\">En cas de doute, il est pr\u00e9f\u00e9rable de consulter une fois de plus le sp\u00e9cialiste. Lors d&rsquo;un entretien avec un sp\u00e9cialiste \u2013 par exemple dans notre  <\/span><b>centre de la hernie VenaZiel \u00e0 Berlin<\/b><span style=\"font-weight: 400;\"> \u2013 il est plus facile de d\u00e9terminer quel traitement est le bon pour <\/span><i><span style=\"font-weight: 400;\">vous<\/span><\/i><span style=\"font-weight: 400;\">  . Notre recommandation est toujours bas\u00e9e sur votre bien-\u00eatre :  <\/span><b>observation conservatrice<\/b><span style=\"font-weight: 400;\">, tant qu&rsquo;elle est justifiable, ou une <\/span><b>op\u00e9ration de la hernie inguinale<\/b><span style=\"font-weight: 400;\">, si elle est n\u00e9cessaire. Quoi qu&rsquo;il en soit, nous sommes \u00e0 vos c\u00f4t\u00e9s avec expertise et exp\u00e9rience afin que vous puissiez prendre la meilleure d\u00e9cision pour votre sant\u00e9. Chaque patient et chaque hernie est individuel \u2013 faites-vous donc conseiller personnellement et faites confiance \u00e0 l&rsquo;\u00e9valuation m\u00e9dicale. Votre sant\u00e9 est la priorit\u00e9 absolue, et ensemble, nous trouverons le bon chemin.   <\/span><\/p>\n<p><span style=\"font-weight: 400;\"> <\/span><\/p>\n<h2><b>FAQ \u2013 Questions fr\u00e9quentes sur le th\u00e8me \u00ab Hernie inguinale &amp; op\u00e9ration \u00bb<\/b><\/h2>\n<h3><b>Faut-il op\u00e9rer toute hernie inguinale ?<\/b><\/h3>\n<p style=\"padding-left: 40px;\"><span style=\"font-weight: 400;\">Non, une hernie inguinale ne n\u00e9cessite pas toujours une op\u00e9ration imm\u00e9diate. Les petites hernies asymptomatiques peuvent d&rsquo;abord \u00eatre observ\u00e9es chez les patients stables. Une d\u00e9cision m\u00e9dicale individuelle est toutefois indispensable.  <\/span><\/p>\n<h3><b>Quand une hernie inguinale peut-elle \u00eatre observ\u00e9e au lieu d&rsquo;\u00eatre op\u00e9r\u00e9e ?<\/b><\/h3>\n<p style=\"padding-left: 40px;\"><span style=\"font-weight: 400;\">Si la hernie est petite, elle ne cause pas de douleurs. Elle survient chez les hommes. Dans ce cas, le m\u00e9decin peut l&rsquo;observer r\u00e9guli\u00e8rement. Chez les femmes, les enfants ou en cas de hernies plus importantes, une op\u00e9ration est toutefois g\u00e9n\u00e9ralement conseill\u00e9e.   <\/span><\/p>\n<h3><b>Quel est le danger de ne pas faire op\u00e9rer une hernie inguinale ?<\/b><\/h3>\n<p style=\"padding-left: 40px;\"><span style=\"font-weight: 400;\">Tant qu&rsquo;il n&rsquo;y a pas d&rsquo;\u00e9tranglement, une hernie inguinale n&rsquo;est pas dangereuse \u00e0 court terme. \u00c0 long terme, il existe toutefois un risque d&rsquo;\u00e9tranglement, qui constitue alors une urgence m\u00e9dicale. C&rsquo;est pourquoi une surveillance m\u00e9dicale \u00e9troite est importante.  <\/span><\/p>\n<h3><b>Existe-t-il des alternatives \u00e0 l&rsquo;op\u00e9ration en cas de hernie inguinale ?<\/b><\/h3>\n<p style=\"padding-left: 40px;\"><span style=\"font-weight: 400;\">Il n&rsquo;existe pas de v\u00e9ritable th\u00e9rapie conservatrice. Les bandages herniaires utilis\u00e9s auparavant sont aujourd&rsquo;hui consid\u00e9r\u00e9s comme d\u00e9pass\u00e9s. La seule alternative \u00e0 l&rsquo;op\u00e9ration est ce que l&rsquo;on appelle le \u00ab Watchful Waiting \u00bb en cas de petites hernies asymptomatiques \u2013 toujours sous contr\u00f4le m\u00e9dical.  <\/span><\/p>\n<h3><b>Que signifie \u00ab \u00e9tranglement \u00bb en cas de hernie inguinale ?<\/b><\/h3>\n<p style=\"padding-left: 40px;\"><span style=\"font-weight: 400;\">Un \u00e9tranglement se produit lorsqu&rsquo;un organe, g\u00e9n\u00e9ralement une anse intestinale, est coinc\u00e9 dans le sac herniaire. Il n&rsquo;est alors plus irrigu\u00e9. C&rsquo;est une urgence qui doit \u00eatre op\u00e9r\u00e9e imm\u00e9diatement, car sinon des tissus peuvent mourir.  <\/span><\/p>\n<h3><b>Pourquoi op\u00e8re-t-on presque toujours chez les femmes ?<\/b><\/h3>\n<p style=\"padding-left: 40px;\"><span style=\"font-weight: 400;\">Chez les femmes, il existe plus souvent une hernie crurale, qui pr\u00e9sente un risque d&rsquo;\u00e9tranglement nettement plus \u00e9lev\u00e9. C&rsquo;est pourquoi les sp\u00e9cialistes conseillent une op\u00e9ration pr\u00e9coce, m\u00eame si la hernie ne cause d&rsquo;abord aucun trouble. <\/span><\/p>\n","protected":false},"excerpt":{"rendered":"<p>De nombreux patients ayant re\u00e7u le diagnostic de hernie inguinale se posent la question : une hernie inguinale doit-elle vraiment toujours \u00eatre op\u00e9r\u00e9e ? Existe-t-il des cas o\u00f9 l&rsquo;on peut renoncer \u00e0 une op\u00e9ration ? La r\u00e9ponse courte est : toute hernie inguinale ne doit pas \u00eatre op\u00e9r\u00e9e imm\u00e9diatement. Mais une hernie ne peut \u00eatre gu\u00e9rie durablement que par une op\u00e9ration. Dans cet article, nous expliquons quand on peut observer une hernie inguinale sans op\u00e9ration. Nous montrons \u00e9galement quand une op\u00e9ration est n\u00e9cessaire.      Vous apprendrez de quoi il d\u00e9pend si une op\u00e9ration est n\u00e9cessaire, quels types de hernies inguinales il existe (par exemple, petites asymptomatiques vs. plus grandes avec sympt\u00f4mes) et pourquoi une \u00e9valuation m\u00e9dicale individuelle est toujours importante \u00e0 la fin. Nous examinons \u00e9galement quand une hernie inguinale devient dangereuse et qu&rsquo;il n&rsquo;y a plus de temps pour un traitement conservateur. L&rsquo;objectif est de donner aux profanes m\u00e9dicaux un aper\u00e7u clair et fond\u00e9. Pour ce faire, nous utilisons les conseils de notre centre de la hernie VenaZiel \u00e0 Berlin.   <\/p>\n","protected":false},"author":1,"featured_media":41451,"parent":43024,"menu_order":0,"comment_status":"closed","ping_status":"closed","template":"","meta":{"footnotes":""},"class_list":["post-41450","page","type-page","status-publish","has-post-thumbnail","hentry"],"_links":{"self":[{"href":"https:\/\/venaziel.de\/fr\/wp-json\/wp\/v2\/pages\/41450","targetHints":{"allow":["GET"]}}],"collection":[{"href":"https:\/\/venaziel.de\/fr\/wp-json\/wp\/v2\/pages"}],"about":[{"href":"https:\/\/venaziel.de\/fr\/wp-json\/wp\/v2\/types\/page"}],"author":[{"embeddable":true,"href":"https:\/\/venaziel.de\/fr\/wp-json\/wp\/v2\/users\/1"}],"replies":[{"embeddable":true,"href":"https:\/\/venaziel.de\/fr\/wp-json\/wp\/v2\/comments?post=41450"}],"version-history":[{"count":4,"href":"https:\/\/venaziel.de\/fr\/wp-json\/wp\/v2\/pages\/41450\/revisions"}],"predecessor-version":[{"id":59282,"href":"https:\/\/venaziel.de\/fr\/wp-json\/wp\/v2\/pages\/41450\/revisions\/59282"}],"up":[{"embeddable":true,"href":"https:\/\/venaziel.de\/fr\/wp-json\/wp\/v2\/pages\/43024"}],"wp:featuredmedia":[{"embeddable":true,"href":"https:\/\/venaziel.de\/fr\/wp-json\/wp\/v2\/media\/41451"}],"wp:attachment":[{"href":"https:\/\/venaziel.de\/fr\/wp-json\/wp\/v2\/media?parent=41450"}],"curies":[{"name":"wp","href":"https:\/\/api.w.org\/{rel}","templated":true}]}}