{"id":42676,"date":"2024-10-09T14:54:53","date_gmt":"2024-10-09T14:54:53","guid":{"rendered":"https:\/\/venaziel.de\/bewertung\/"},"modified":"2026-04-07T13:34:57","modified_gmt":"2026-04-07T13:34:57","slug":"bewertung","status":"publish","type":"page","link":"https:\/\/venaziel.de\/fr\/bewertung\/","title":{"rendered":"Votre exp\u00e9rience avec nous"},"content":{"rendered":"<p><div class=\"fusion-fullwidth fullwidth-box fusion-builder-row-1 fusion-flex-container has-pattern-background has-mask-background nonhundred-percent-fullwidth non-hundred-percent-height-scrolling\" style=\"--awb-border-radius-top-left:0px;--awb-border-radius-top-right:0px;--awb-border-radius-bottom-right:0px;--awb-border-radius-bottom-left:0px;--awb-min-height:180px;--awb-flex-wrap:wrap;\" ><div class=\"fusion-builder-row fusion-row fusion-flex-align-items-flex-start fusion-flex-content-wrap\" style=\"max-width:78%;margin-left: calc(-4% \/ 2 );margin-right: calc(-4% \/ 2 );\"><div class=\"fusion-layout-column fusion_builder_column fusion-builder-column-0 fusion_builder_column_1_1 1_1 fusion-flex-column\" style=\"--awb-bg-size:cover;--awb-width-large:100%;--awb-margin-top-large:10px;--awb-spacing-right-large:1.92%;--awb-margin-bottom-large:15px;--awb-spacing-left-large:1.92%;--awb-width-medium:100%;--awb-order-medium:0;--awb-spacing-right-medium:1.92%;--awb-spacing-left-medium:1.92%;--awb-width-small:100%;--awb-order-small:0;--awb-spacing-right-small:1.92%;--awb-spacing-left-small:1.92%;\"><div class=\"fusion-column-wrapper fusion-column-has-shadow fusion-flex-justify-content-flex-start fusion-content-layout-column\"><div class=\"fusion-title title fusion-title-1 fusion-sep-none fusion-title-center fusion-title-text fusion-title-size-one\" style=\"--awb-text-color:#ffffff;--awb-margin-top:20px;--awb-margin-bottom:20px;--awb-margin-top-small:10px;--awb-margin-right-small:0px;--awb-margin-bottom-small:10px;--awb-margin-left-small:0px;--awb-font-size:40px;\"><h1 class=\"fusion-title-heading title-heading-center awb-gradient-text fusion-responsive-typography-calculated\" style=\"font-family:&quot;Poppins&quot;;font-style:normal;font-weight:300;margin:0;letter-spacing:-0.012em;text-transform:var(--awb-typography1-text-transform);background-color:var(--awb-color8);background-image:linear-gradient(157deg, var(--awb-color8) 30%,var(--awb-color6) 100%);font-size:1em;--fontSize:40;line-height:1.2;\">Partagez votre exp\u00e9rience avec nous&nbsp;!<\/h1><\/div><div class=\"fusion-separator\" style=\"align-self: center;margin-left: auto;margin-right: auto;margin-top:10px;margin-bottom:20px;width:100%;max-width:1000px;\"><div class=\"fusion-separator-border sep-shadow\" style=\"--awb-height:20px;--awb-amount:20px;background:radial-gradient(ellipse at 50% -50% , hsla(var(--awb-color8-h),var(--awb-color8-s),calc( var(--awb-color8-l) + 73% ),var(--awb-color8-a)) 0px, rgba(255, 255, 255, 0) 80%) repeat scroll 0 0 rgba(0, 0, 0, 0);background:-webkit-radial-gradient(ellipse at 50% -50% , hsla(var(--awb-color8-h),var(--awb-color8-s),calc( var(--awb-color8-l) + 73% ),var(--awb-color8-a)) 0px, rgba(255, 255, 255, 0) 80%) repeat scroll 0 0 rgba(0, 0, 0, 0);background:-moz-radial-gradient(ellipse at 50% -50% , hsla(var(--awb-color8-h),var(--awb-color8-s),calc( var(--awb-color8-l) + 73% ),var(--awb-color8-a)) 0px, rgba(255, 255, 255, 0) 80%) repeat scroll 0 0 rgba(0, 0, 0, 0);background:-o-radial-gradient(ellipse at 50% -50% , hsla(var(--awb-color8-h),var(--awb-color8-s),calc( var(--awb-color8-l) + 73% ),var(--awb-color8-a)) 0px, rgba(255, 255, 255, 0) 80%) repeat scroll 0 0 rgba(0, 0, 0, 0);\"><\/div><\/div><\/div><\/div><\/div><\/div><div class=\"fusion-fullwidth fullwidth-box fusion-builder-row-2 fusion-flex-container nonhundred-percent-fullwidth non-hundred-percent-height-scrolling\" style=\"--link_hover_color: #7a55aa;--link_color: #7a55aa;--awb-border-sizes-top:0px;--awb-border-sizes-bottom:0px;--awb-border-sizes-left:0px;--awb-border-sizes-right:0px;--awb-border-color:#f6f6f4;--awb-border-radius-top-left:0px;--awb-border-radius-top-right:0px;--awb-border-radius-bottom-right:0px;--awb-border-radius-bottom-left:0px;--awb-padding-top:25px;--awb-padding-right:0px;--awb-padding-bottom:26px;--awb-padding-left:0px;--awb-padding-top-small:45px;--awb-padding-bottom-small:0px;--awb-margin-top:0px;--awb-margin-bottom:0px;--awb-background-color:rgba(255,255,255,0.84);--awb-flex-wrap:wrap;\" ><div class=\"fusion-builder-row fusion-row fusion-flex-align-items-center fusion-flex-content-wrap\" style=\"max-width:81%;margin-left: calc(-8% \/ 2 );margin-right: calc(-8% \/ 2 );\"><div class=\"fusion-layout-column fusion_builder_column fusion-builder-column-1 fusion_builder_column_2_5 2_5 fusion-flex-column fusion-animated\" style=\"--awb-overflow:hidden;--awb-bg-size:cover;--awb-border-radius:20px 20px 20px 20px;--awb-width-large:40%;--awb-margin-top-large:0px;--awb-spacing-right-large:4.6%;--awb-margin-bottom-large:0px;--awb-spacing-left-large:9.2%;--awb-width-medium:50%;--awb-order-medium:0;--awb-spacing-right-medium:3.68%;--awb-spacing-left-medium:7.36%;--awb-width-small:100%;--awb-order-small:0;--awb-spacing-right-small:3.68%;--awb-margin-bottom-small:55px;--awb-spacing-left-small:3.68%;\" data-animationType=\"fadeInLeft\" data-animationDuration=\"1.3\" data-animationOffset=\"top-into-view\"><div class=\"fusion-column-wrapper fusion-column-has-shadow fusion-flex-justify-content-flex-start fusion-content-layout-column\"><div class=\"fusion-image-element \" style=\"--awb-caption-title-font-family:var(--h2_typography-font-family);--awb-caption-title-font-weight:var(--h2_typography-font-weight);--awb-caption-title-font-style:var(--h2_typography-font-style);--awb-caption-title-size:var(--h2_typography-font-size);--awb-caption-title-transform:var(--h2_typography-text-transform);--awb-caption-title-line-height:var(--h2_typography-line-height);--awb-caption-title-letter-spacing:var(--h2_typography-letter-spacing);\"><span class=\" fusion-imageframe imageframe-none imageframe-1 hover-type-none\"><picture class=\"lazyload wp-picture-40045\" style=\"display: contents;\"><source type=\"image\/avif\" srcset=\"data:image\/svg+xml,%3Csvg%20xmlns%3D%27http%3A%2F%2Fwww.w3.org%2F2000%2Fsvg%27%20width%3D%271200%27%20height%3D%27628%27%20viewBox%3D%270%200%201200%20628%27%3E%3Crect%20width%3D%271200%27%20height%3D%27628%27%20fill-opacity%3D%220%22%2F%3E%3C%2Fsvg%3E\" data-srcset=\"https:\/\/venaziel.de\/wp-content\/uploads\/2024\/07\/venaziel-medical-care-center-venen-kompetenzentrum-phlebologie-jpg.avif 1200w, https:\/\/venaziel.de\/wp-content\/uploads\/2024\/07\/venaziel-medical-care-center-venen-kompetenzentrum-phlebologie-250x131-jpg.avif 250w, https:\/\/venaziel.de\/wp-content\/uploads\/2024\/07\/venaziel-medical-care-center-venen-kompetenzentrum-phlebologie-1024x536-jpg.avif 1024w, https:\/\/venaziel.de\/wp-content\/uploads\/2024\/07\/venaziel-medical-care-center-venen-kompetenzentrum-phlebologie-768x402-jpg.avif 768w\" data-sizes=\"auto\" data-orig-sizes=\"(max-width: 1024px) 100vw, (max-width: 676px) 100vw, 600px\"><picture class=\"wp-picture-40045\" style=\"display: contents;\"><source type=\"image\/avif\" srcset=\"https:\/\/venaziel.de\/wp-content\/uploads\/2024\/07\/venaziel-medical-care-center-venen-kompetenzentrum-phlebologie-jpg.avif\"><img data-dominant-color=\"abbdb1\" data-has-transparency=\"false\" style=\"--dominant-color: #abbdb1;\" decoding=\"async\" width=\"1200\" height=\"628\" alt=\"vkz_logo-venaziel-phlebologie-berlin-Krampfadern-entfernung\" title=\"venaziel-medical-care-center-venen-kompetenzentrum-phlebologie\" src=\"https:\/\/venaziel.de\/wp-content\/uploads\/2024\/07\/venaziel-medical-care-center-venen-kompetenzentrum-phlebologie.jpg\" data-orig-src=\"https:\/\/venaziel.de\/wp-content\/uploads\/2024\/07\/venaziel-medical-care-center-venen-kompetenzentrum-phlebologie.jpg\" class=\"lazyload img-responsive wp-image-40045 not-transparent\" srcset=\"data:image\/svg+xml,%3Csvg%20xmlns%3D%27http%3A%2F%2Fwww.w3.org%2F2000%2Fsvg%27%20width%3D%271200%27%20height%3D%27628%27%20viewBox%3D%270%200%201200%20628%27%3E%3Crect%20width%3D%271200%27%20height%3D%27628%27%20fill-opacity%3D%220%22%2F%3E%3C%2Fsvg%3E\" data-srcset=\"https:\/\/venaziel.de\/wp-content\/uploads\/2024\/07\/venaziel-medical-care-center-venen-kompetenzentrum-phlebologie-200x105.jpg 200w, https:\/\/venaziel.de\/wp-content\/uploads\/2024\/07\/venaziel-medical-care-center-venen-kompetenzentrum-phlebologie-400x209.jpg 400w, https:\/\/venaziel.de\/wp-content\/uploads\/2024\/07\/venaziel-medical-care-center-venen-kompetenzentrum-phlebologie-600x314.jpg 600w, https:\/\/venaziel.de\/wp-content\/uploads\/2024\/07\/venaziel-medical-care-center-venen-kompetenzentrum-phlebologie-800x419.jpg 800w, https:\/\/venaziel.de\/wp-content\/uploads\/2024\/07\/venaziel-medical-care-center-venen-kompetenzentrum-phlebologie.jpg 1200w\" data-sizes=\"auto\" data-orig-sizes=\"(max-width: 1024px) 100vw, (max-width: 676px) 100vw, 600px\" \/><\/picture><\/picture><\/span><\/div><\/div><\/div><div class=\"fusion-layout-column fusion_builder_column fusion-builder-column-2 fusion_builder_column_3_5 3_5 fusion-flex-column fusion-animated\" style=\"--awb-bg-size:cover;--awb-width-large:60%;--awb-margin-top-large:0px;--awb-spacing-right-large:6.1333333333333%;--awb-margin-bottom-large:0px;--awb-spacing-left-large:3.0666666666667%;--awb-width-medium:50%;--awb-order-medium:0;--awb-spacing-right-medium:7.36%;--awb-spacing-left-medium:3.68%;--awb-width-small:100%;--awb-order-small:0;--awb-spacing-right-small:3.68%;--awb-spacing-left-small:3.68%;\" data-animationType=\"fadeInRight\" data-animationDuration=\"1.3\" data-animationOffset=\"top-into-view\"><div class=\"fusion-column-wrapper fusion-column-has-shadow fusion-flex-justify-content-flex-start fusion-content-layout-column\"><div class=\"fusion-title title fusion-title-2 fusion-sep-none fusion-title-center fusion-title-text fusion-title-size-two\" style=\"--awb-text-color:#111111;--awb-margin-top-small:0px;--awb-margin-right-small:0px;--awb-margin-bottom-small:25px;--awb-margin-left-small:0px;--awb-font-size:22px;\"><h2 class=\"fusion-title-heading title-heading-center fusion-responsive-typography-calculated\" style=\"font-family:&quot;Poppins&quot;;font-style:normal;font-weight:400;margin:0;letter-spacing:var(--awb-typography1-letter-spacing);text-transform:capitalize;font-size:1em;--fontSize:22;--minFontSize:22;line-height:1.4;\">Votre avis compte&nbsp;: aidez les autres \u00e0 trouver le bon chemin<\/h2><\/div><div class=\"fusion-text fusion-text-1 fusion-text-no-margin\" style=\"--awb-font-size:16px;--awb-line-height:1.8;--awb-letter-spacing:var(--awb-typography4-letter-spacing);--awb-text-transform:var(--awb-typography4-text-transform);--awb-text-color:#444444;--awb-margin-bottom:60px;--awb-text-font-family:&quot;Poppins&quot;;--awb-text-font-style:normal;--awb-text-font-weight:300;\"><p>Nous souhaitons nous assurer que chaque patient(e) re\u00e7oit les meilleurs soins possibles. Votre exp\u00e9rience peut aider d&rsquo;autres personnes qui sont encore \u00e0 la recherche du soutien appropri\u00e9.<\/p>\n<\/div><\/div><\/div><\/div><\/div><div class=\"fusion-fullwidth fullwidth-box fusion-builder-row-3 fusion-flex-container nonhundred-percent-fullwidth non-hundred-percent-height-scrolling\" style=\"--link_hover_color: #7a55aa;--link_color: #7a55aa;--awb-border-sizes-top:0px;--awb-border-sizes-bottom:0px;--awb-border-sizes-left:0px;--awb-border-sizes-right:0px;--awb-border-color:#f6f6f4;--awb-border-radius-top-left:20px;--awb-border-radius-top-right:20px;--awb-border-radius-bottom-right:20px;--awb-border-radius-bottom-left:20px;--awb-overflow:hidden;--awb-padding-top:55px;--awb-padding-right:0px;--awb-padding-bottom:47px;--awb-padding-left:0px;--awb-padding-top-small:45px;--awb-padding-bottom-small:0px;--awb-margin-top:0px;--awb-margin-bottom:0px;--awb-background-color:var(--awb-color2);--awb-flex-wrap:wrap;\" ><div class=\"fusion-builder-row fusion-row fusion-flex-align-items-center fusion-flex-content-wrap\" style=\"max-width:81%;margin-left: calc(-8% \/ 2 );margin-right: calc(-8% \/ 2 );\"><div class=\"fusion-layout-column fusion_builder_column fusion-builder-column-3 fusion_builder_column_3_5 3_5 fusion-flex-column fusion-animated\" style=\"--awb-bg-size:cover;--awb-width-large:60%;--awb-margin-top-large:0px;--awb-spacing-right-large:3.22%;--awb-margin-bottom-large:0px;--awb-spacing-left-large:3.0666666666667%;--awb-width-medium:50%;--awb-order-medium:0;--awb-spacing-right-medium:3.864%;--awb-spacing-left-medium:3.68%;--awb-width-small:100%;--awb-order-small:0;--awb-spacing-right-small:3.68%;--awb-spacing-left-small:3.68%;\" data-animationType=\"fadeInRight\" data-animationDuration=\"1.3\" data-animationOffset=\"top-into-view\"><div class=\"fusion-column-wrapper fusion-column-has-shadow fusion-flex-justify-content-flex-start fusion-content-layout-column\"><div class=\"fusion-text fusion-text-2 fusion-text-no-margin\" style=\"--awb-font-size:16px;--awb-line-height:1.8;--awb-letter-spacing:var(--awb-typography4-letter-spacing);--awb-text-transform:var(--awb-typography4-text-transform);--awb-text-color:#444444;--awb-margin-bottom:20px;--awb-text-font-family:&quot;Poppins&quot;;--awb-text-font-style:normal;--awb-text-font-weight:400;\"><p>En nous laissant un avis Google, vous offrez aux futurs patients un aper\u00e7u pr\u00e9cieux de notre cabinet et de nos services. Votre feedback honn\u00eate nous aide \u00e0 nous am\u00e9liorer constamment et renforce la confiance des personnes qui h\u00e9sitent encore \u00e0 franchir le pas.<\/p>\n<p>Cela ne prend que quelques minutes, mais l\u2019influence peut \u00eatre consid\u00e9rable.<\/p>\n<\/div><div ><a class=\"fusion-button button-flat button-large button-default fusion-button-default button-1 fusion-button-default-span fusion-button-default-type\" style=\"--button_text_transform:none;--button_typography-font-family:&quot;Poppins&quot;;--button_typography-font-style:normal;--button_typography-font-weight:400;\" target=\"_self\" href=\"https:\/\/g.page\/r\/CVd7zq2ONM9SEBM\/review\"><i class=\"fa-google fab awb-button__icon awb-button__icon--default button-icon-left\" aria-hidden=\"true\"><\/i><span class=\"fusion-button-text awb-button__text awb-button__text--default\">Partagez votre exp\u00e9rience<\/span><\/a><\/div><div class=\"fusion-text fusion-text-3 fusion-text-no-margin\" style=\"--awb-font-size:16px;--awb-line-height:1.8;--awb-letter-spacing:var(--awb-typography4-letter-spacing);--awb-text-transform:var(--awb-typography4-text-transform);--awb-text-color:#444444;--awb-margin-top:20px;--awb-margin-bottom:10px;--awb-text-font-family:&quot;Poppins&quot;;--awb-text-font-style:normal;--awb-text-font-weight:400;\"><p>Nous vous remercions de nous soutenir dans notre qu\u00eate d\u2019une excellente prise en charge des patients&nbsp;!<\/p>\n<\/div><\/div><\/div><div class=\"fusion-layout-column fusion_builder_column fusion-builder-column-4 fusion_builder_column_2_5 2_5 fusion-flex-column fusion-animated\" style=\"--awb-bg-size:cover;--awb-width-large:40%;--awb-margin-top-large:0px;--awb-spacing-right-large:4.37%;--awb-margin-bottom-large:0px;--awb-spacing-left-large:4.6%;--awb-width-medium:50%;--awb-order-medium:0;--awb-spacing-right-medium:3.496%;--awb-spacing-left-medium:3.68%;--awb-width-small:100%;--awb-order-small:0;--awb-spacing-right-small:3.68%;--awb-margin-bottom-small:55px;--awb-spacing-left-small:3.68%;\" data-animationType=\"fadeInLeft\" data-animationDuration=\"1.3\" data-animationOffset=\"top-into-view\"><div class=\"fusion-column-wrapper fusion-column-has-shadow fusion-flex-justify-content-flex-start fusion-content-layout-column\"><div class=\"fusion-image-element \" style=\"--awb-caption-title-font-family:var(--h2_typography-font-family);--awb-caption-title-font-weight:var(--h2_typography-font-weight);--awb-caption-title-font-style:var(--h2_typography-font-style);--awb-caption-title-size:var(--h2_typography-font-size);--awb-caption-title-transform:var(--h2_typography-text-transform);--awb-caption-title-line-height:var(--h2_typography-line-height);--awb-caption-title-letter-spacing:var(--h2_typography-letter-spacing);\"><span class=\" fusion-imageframe imageframe-none imageframe-2 hover-type-none\"><img decoding=\"async\" width=\"600\" height=\"600\" alt=\"venaziel-venenzentrum-berlin-mitte-friedrichstrasse-95-krampfadern-besenreisen-entfernen\" title=\"venaziel-berlin-mvz-friedrichstrasse-95-venenzentrum-2\" src=\"https:\/\/venaziel.de\/wp-content\/uploads\/2024\/07\/venaziel-berlin-mvz-friedrichstrasse-95-venenzentrum-2.jpg\" data-orig-src=\"https:\/\/venaziel.de\/wp-content\/uploads\/2024\/07\/venaziel-berlin-mvz-friedrichstrasse-95-venenzentrum-2.jpg\" class=\"lazyload img-responsive wp-image-42682\" srcset=\"data:image\/svg+xml,%3Csvg%20xmlns%3D%27http%3A%2F%2Fwww.w3.org%2F2000%2Fsvg%27%20width%3D%27600%27%20height%3D%27600%27%20viewBox%3D%270%200%20600%20600%27%3E%3Crect%20width%3D%27600%27%20height%3D%27600%27%20fill-opacity%3D%220%22%2F%3E%3C%2Fsvg%3E\" data-srcset=\"https:\/\/venaziel.de\/wp-content\/uploads\/2024\/07\/venaziel-berlin-mvz-friedrichstrasse-95-venenzentrum-2-200x200.jpg 200w, https:\/\/venaziel.de\/wp-content\/uploads\/2024\/07\/venaziel-berlin-mvz-friedrichstrasse-95-venenzentrum-2-400x400.jpg 400w, https:\/\/venaziel.de\/wp-content\/uploads\/2024\/07\/venaziel-berlin-mvz-friedrichstrasse-95-venenzentrum-2.jpg 600w\" data-sizes=\"auto\" data-orig-sizes=\"(max-width: 1024px) 100vw, (max-width: 676px) 100vw, 600px\" \/><\/span><\/div><\/div><\/div><\/div><\/div><\/p>\n","protected":false},"excerpt":{"rendered":"","protected":false},"author":1,"featured_media":0,"parent":0,"menu_order":0,"comment_status":"closed","ping_status":"closed","template":"","meta":{"footnotes":""},"class_list":["post-42676","page","type-page","status-publish","hentry"],"_links":{"self":[{"href":"https:\/\/venaziel.de\/fr\/wp-json\/wp\/v2\/pages\/42676","targetHints":{"allow":["GET"]}}],"collection":[{"href":"https:\/\/venaziel.de\/fr\/wp-json\/wp\/v2\/pages"}],"about":[{"href":"https:\/\/venaziel.de\/fr\/wp-json\/wp\/v2\/types\/page"}],"author":[{"embeddable":true,"href":"https:\/\/venaziel.de\/fr\/wp-json\/wp\/v2\/users\/1"}],"replies":[{"embeddable":true,"href":"https:\/\/venaziel.de\/fr\/wp-json\/wp\/v2\/comments?post=42676"}],"version-history":[{"count":88,"href":"https:\/\/venaziel.de\/fr\/wp-json\/wp\/v2\/pages\/42676\/revisions"}],"predecessor-version":[{"id":73143,"href":"https:\/\/venaziel.de\/fr\/wp-json\/wp\/v2\/pages\/42676\/revisions\/73143"}],"wp:attachment":[{"href":"https:\/\/venaziel.de\/fr\/wp-json\/wp\/v2\/media?parent=42676"}],"curies":[{"name":"wp","href":"https:\/\/api.w.org\/{rel}","templated":true}]}}