{"id":42685,"date":"2025-02-04T12:07:36","date_gmt":"2025-02-04T12:07:36","guid":{"rendered":"https:\/\/venaziel.de\/karriere\/dermatologie\/"},"modified":"2026-03-23T12:52:45","modified_gmt":"2026-03-23T12:52:45","slug":"dermatologie","status":"publish","type":"page","link":"https:\/\/venaziel.de\/fr\/karriere\/dermatologie\/","title":{"rendered":"Sp\u00e9cialiste en dermatologie"},"content":{"rendered":"<p><div class=\"fusion-fullwidth fullwidth-box fusion-builder-row-1 fusion-flex-container nonhundred-percent-fullwidth non-hundred-percent-height-scrolling\" style=\"--link_hover_color: #d21e36;--link_color: #d21e36;--awb-border-sizes-top:0px;--awb-border-sizes-bottom:0px;--awb-border-sizes-left:0px;--awb-border-sizes-right:0px;--awb-border-color:#d1d1d1;--awb-border-radius-top-left:0px;--awb-border-radius-top-right:0px;--awb-border-radius-bottom-right:0px;--awb-border-radius-bottom-left:0px;--awb-padding-top:40px;--awb-padding-right:30px;--awb-padding-bottom:40px;--awb-padding-left:30px;--awb-padding-top-medium:36px;--awb-padding-right-medium:0px;--awb-padding-bottom-medium:37px;--awb-padding-left-medium:0px;--awb-padding-top-small:13px;--awb-padding-right-small:0px;--awb-padding-bottom-small:0px;--awb-padding-left-small:0px;--awb-margin-top:0px;--awb-margin-bottom:0px;--awb-background-color:var(--awb-color2);--awb-flex-wrap:wrap;\" ><div class=\"fusion-builder-row fusion-row fusion-flex-align-items-stretch fusion-flex-content-wrap\" style=\"max-width:78%;margin-left: calc(-4% \/ 2 );margin-right: calc(-4% \/ 2 );\"><div class=\"fusion-layout-column fusion_builder_column fusion-builder-column-0 fusion_builder_column_3_5 3_5 fusion-flex-column fusion-flex-align-self-center fusion-animated\" style=\"--awb-bg-size:cover;--awb-width-large:60%;--awb-margin-top-large:0px;--awb-spacing-right-large:3.04%;--awb-margin-bottom-large:40px;--awb-spacing-left-large:3.2%;--awb-width-medium:50%;--awb-order-medium:0;--awb-spacing-right-medium:3.648%;--awb-margin-bottom-medium:60px;--awb-spacing-left-medium:0%;--awb-width-small:100%;--awb-order-small:1;--awb-spacing-right-small:1.92%;--awb-spacing-left-small:1.92%;\" data-animationType=\"fadeInLeft\" data-animationDuration=\"1.3\" data-animationOffset=\"top-into-view\"><div class=\"fusion-column-wrapper fusion-column-has-shadow fusion-flex-justify-content-flex-start fusion-content-layout-column\"><div class=\"fusion-title title fusion-title-1 fusion-sep-none fusion-title-text fusion-title-size-one\" style=\"--awb-text-color:var(--awb-custom_color_3);--awb-margin-top:10px;--awb-margin-bottom:30px;--awb-margin-top-small:10px;--awb-margin-right-small:0px;--awb-margin-bottom-small:10px;--awb-margin-left-small:0px;--awb-sep-color:#d1d1d1;--awb-font-size:30px;\"><h1 class=\"fusion-title-heading title-heading-left fusion-responsive-typography-calculated\" style=\"font-family:&quot;Poppins&quot;;font-style:normal;font-weight:500;margin:0;letter-spacing:;text-transform:var(--awb-typography1-text-transform);font-size:1em;--fontSize:30;line-height:1.2;\">Sp\u00e9cialiste en dermatologie (h\/f\/d)<\/h1><\/div><div class=\"fusion-text fusion-text-1 fusion-text-no-margin\" style=\"--awb-font-size:20px;--awb-line-height:1.7;--awb-letter-spacing:-0.35px;--awb-text-transform:var(--awb-typography4-text-transform);--awb-text-color:var(--awb-custom_color_4);--awb-text-font-family:&quot;Poppins&quot;;--awb-text-font-style:normal;--awb-text-font-weight:400;\"><p>VenaZiel Berlin MVZ GmbH<\/p>\n<\/div><\/div><\/div><div class=\"fusion-layout-column fusion_builder_column fusion-builder-column-1 fusion_builder_column_2_5 2_5 fusion-flex-column fusion-animated\" style=\"--awb-overflow:hidden;--awb-bg-size:cover;--awb-box-shadow:15px 15px 20px -20px var(--awb-custom_color_5);;--awb-border-radius:10px 10px 10px 10px;--awb-width-large:40%;--awb-margin-top-large:0px;--awb-spacing-right-large:4.8%;--awb-margin-bottom-large:0px;--awb-spacing-left-large:5.28%;--awb-width-medium:50%;--awb-order-medium:1;--awb-spacing-right-medium:3.84%;--awb-spacing-left-medium:4.224%;--awb-width-small:100%;--awb-order-small:0;--awb-spacing-right-small:0%;--awb-margin-bottom-small:36px;--awb-spacing-left-small:0%;\" data-animationType=\"fadeIn\" data-animationDuration=\"1.3\" data-animationOffset=\"top-into-view\"><div class=\"fusion-column-wrapper fusion-column-has-shadow fusion-flex-justify-content-flex-start fusion-content-layout-column\"><div class=\"fusion-image-element \" style=\"--awb-caption-title-color:#ffffff;--awb-caption-text-color:#ffffff;--awb-caption-text-size:16px;--awb-caption-text-transform:var(--awb-typography5-text-transform);--awb-caption-text-line-height:1.7;--awb-caption-text-letter-spacing:0px;--awb-caption-border-color:#ffffff;--awb-caption-overlay-color:#0058aa;--awb-caption-title-font-family:&quot;Noto Serif&quot;;--awb-caption-title-font-weight:400;--awb-caption-title-font-style:normal;--awb-caption-title-size:34px;--awb-caption-title-transform:var(--awb-typography1-text-transform);--awb-caption-title-line-height:1.2;--awb-caption-title-letter-spacing:-1px;--awb-caption-text-font-family:&quot;Roboto&quot;;--awb-caption-text-font-style:normal;--awb-caption-text-font-weight:400;\"><span class=\" fusion-imageframe imageframe-none imageframe-1 hover-type-none\" style=\"border-radius:4px;\"><picture class=\"lazyload wp-picture-42687\" style=\"display: contents;\"><source type=\"image\/avif\" srcset=\"data:image\/svg+xml,%3Csvg%20xmlns%3D%27http%3A%2F%2Fwww.w3.org%2F2000%2Fsvg%27%20width%3D%271200%27%20height%3D%27800%27%20viewBox%3D%270%200%201200%20800%27%3E%3Crect%20width%3D%271200%27%20height%3D%27800%27%20fill-opacity%3D%220%22%2F%3E%3C%2Fsvg%3E\" data-srcset=\"https:\/\/venaziel.de\/wp-content\/uploads\/2025\/02\/dermatologist-in-latex-gloves-holding-dermatoscope-berlin-heutkreb-jpg.avif 1200w, https:\/\/venaziel.de\/wp-content\/uploads\/2025\/02\/dermatologist-in-latex-gloves-holding-dermatoscope-berlin-heutkreb-250x167-jpg.avif 250w, https:\/\/venaziel.de\/wp-content\/uploads\/2025\/02\/dermatologist-in-latex-gloves-holding-dermatoscope-berlin-heutkreb-1024x683-jpg.avif 1024w, https:\/\/venaziel.de\/wp-content\/uploads\/2025\/02\/dermatologist-in-latex-gloves-holding-dermatoscope-berlin-heutkreb-768x512-jpg.avif 768w\" data-sizes=\"auto\" data-orig-sizes=\"(max-width: 1024px) 100vw, (max-width: 676px) 100vw, 600px\"><picture class=\"wp-picture-42687\" style=\"display: contents;\"><source type=\"image\/avif\" srcset=\"https:\/\/venaziel.de\/wp-content\/uploads\/2025\/02\/dermatologist-in-latex-gloves-holding-dermatoscope-berlin-heutkreb-jpg.avif\"><img data-dominant-color=\"b8a89d\" data-has-transparency=\"false\" style=\"--dominant-color: #b8a89d;\" decoding=\"async\" width=\"1200\" height=\"800\" alt=\"Dermatologue en gants de latex avec dermatoscope \u00e0 Berlin, examen de d\u00e9pistage du cancer de la peau, dermatologie, d\u00e9pistage cutan\u00e9, examen de pr\u00e9vention, pr\u00e9vention du cancer de la peau\" title=\"dermatologist-in-latex-gloves-holding-dermatoscope-berlin-heutkreb\" src=\"https:\/\/venaziel.de\/wp-content\/uploads\/2025\/02\/dermatologist-in-latex-gloves-holding-dermatoscope-berlin-heutkreb.jpg\" data-orig-src=\"https:\/\/venaziel.de\/wp-content\/uploads\/2025\/02\/dermatologist-in-latex-gloves-holding-dermatoscope-berlin-heutkreb.jpg\" class=\"lazyload img-responsive wp-image-42687 not-transparent\" srcset=\"data:image\/svg+xml,%3Csvg%20xmlns%3D%27http%3A%2F%2Fwww.w3.org%2F2000%2Fsvg%27%20width%3D%271200%27%20height%3D%27800%27%20viewBox%3D%270%200%201200%20800%27%3E%3Crect%20width%3D%271200%27%20height%3D%27800%27%20fill-opacity%3D%220%22%2F%3E%3C%2Fsvg%3E\" data-srcset=\"https:\/\/venaziel.de\/wp-content\/uploads\/2025\/02\/dermatologist-in-latex-gloves-holding-dermatoscope-berlin-heutkreb-200x133.jpg 200w, https:\/\/venaziel.de\/wp-content\/uploads\/2025\/02\/dermatologist-in-latex-gloves-holding-dermatoscope-berlin-heutkreb-400x267.jpg 400w, https:\/\/venaziel.de\/wp-content\/uploads\/2025\/02\/dermatologist-in-latex-gloves-holding-dermatoscope-berlin-heutkreb-600x400.jpg 600w, https:\/\/venaziel.de\/wp-content\/uploads\/2025\/02\/dermatologist-in-latex-gloves-holding-dermatoscope-berlin-heutkreb-800x533.jpg 800w, https:\/\/venaziel.de\/wp-content\/uploads\/2025\/02\/dermatologist-in-latex-gloves-holding-dermatoscope-berlin-heutkreb.jpg 1200w\" data-sizes=\"auto\" data-orig-sizes=\"(max-width: 1024px) 100vw, (max-width: 676px) 100vw, 600px\" \/><\/picture><\/picture><\/span><\/div><\/div><\/div><\/div><\/div><div class=\"fusion-fullwidth fullwidth-box fusion-builder-row-2 fusion-flex-container has-pattern-background has-mask-background nonhundred-percent-fullwidth non-hundred-percent-height-scrolling\" style=\"--awb-border-radius-top-left:0px;--awb-border-radius-top-right:0px;--awb-border-radius-bottom-right:0px;--awb-border-radius-bottom-left:0px;--awb-flex-wrap:wrap;\" ><div class=\"fusion-builder-row fusion-row fusion-flex-align-items-flex-start fusion-flex-content-wrap\" style=\"max-width:78%;margin-left: calc(-4% \/ 2 );margin-right: calc(-4% \/ 2 );\"><div class=\"fusion-layout-column fusion_builder_column fusion-builder-column-2 fusion_builder_column_1_1 1_1 fusion-flex-column\" style=\"--awb-bg-size:cover;--awb-width-large:100%;--awb-margin-top-large:51px;--awb-spacing-right-large:1.92%;--awb-margin-bottom-large:20px;--awb-spacing-left-large:1.92%;--awb-width-medium:100%;--awb-order-medium:0;--awb-spacing-right-medium:1.92%;--awb-spacing-left-medium:1.92%;--awb-width-small:100%;--awb-order-small:0;--awb-margin-top-small:40px;--awb-spacing-right-small:1.92%;--awb-spacing-left-small:1.92%;\"><div class=\"fusion-column-wrapper fusion-column-has-shadow fusion-flex-justify-content-flex-start fusion-content-layout-column\"><div class=\"fusion-text fusion-text-2\"><p>04.02.2025<\/p>\n<h2><strong>Votre carri\u00e8re dans un centre innovant pour la sant\u00e9 de la peau et des veines !<\/strong><\/h2>\n<p>Fa\u00e7onnez l&rsquo;avenir de la dermatologie avec nous !<\/p>\n<p>Le <strong>VenaZiel Berlin MVZ GmbH<\/strong> est synonyme de qualit\u00e9 sup\u00e9rieure en mati\u00e8re de diagnostic et de traitement des maladies veineuses, ainsi que des affections proctologiques et dermatologiques. Pour renforcer notre \u00e9quipe, nous recherchons d\u00e8s \u00e0 pr\u00e9sent une personne motiv\u00e9e et aimable :<\/p>\n<p>&#x27a1; <strong>Sp\u00e9cialiste en dermatologie (h\/f\/d)<\/strong><\/p>\n<h2><strong>Vos missions<\/strong><\/h2>\n<ul>\n<li>Diagnostic et traitement des maladies dermatologiques<\/li>\n<li>R\u00e9alisation d&rsquo;interventions dermatologiques et de traitements esth\u00e9tiques<\/li>\n<li>D\u00e9pistage du cancer de la peau et dermatologie op\u00e9ratoire<\/li>\n<li>\u00c9troite collaboration interdisciplinaire avec notre \u00e9quipe de phl\u00e9bologie et de proctologie<\/li>\n<li>Conseil aux patients sur les possibilit\u00e9s de pr\u00e9vention et de traitement<\/li>\n<li>Documentation et facturation selon EBM\/GO\u00c4<\/li>\n<\/ul>\n<h2><strong>Votre profil<\/strong><\/h2>\n<ul>\n<li>Reconnaissance de sp\u00e9cialiste en dermatologie<\/li>\n<li>Exp\u00e9rience en dermatologie phl\u00e9bologique souhaitable, mais pas obligatoire<\/li>\n<li>Plaisir \u00e0 travailler avec les patients et attitude empathique<\/li>\n<li>M\u00e9thode de travail structur\u00e9e et autonome<\/li>\n<li>Ma\u00eetrise de l&rsquo;utilisation des logiciels de cabinet et des applications num\u00e9riques<\/li>\n<\/ul>\n<h2><strong>Nous vous offrons<\/strong><\/h2>\n<ul>\n<li><strong>Missions vari\u00e9es :<\/strong> Travail dans un centre moderne avec des m\u00e9thodes de traitement innovantes<\/li>\n<li><strong>R\u00e9mun\u00e9ration attractive :<\/strong> R\u00e9mun\u00e9ration bas\u00e9e sur la performance et avantages suppl\u00e9mentaires<\/li>\n<li><strong>Formation continue :<\/strong> Formations r\u00e9guli\u00e8res et possibilit\u00e9s de d\u00e9veloppement<\/li>\n<li><strong>Flexibilit\u00e9 :<\/strong> Horaires de travail adapt\u00e9s \u00e0 la famille et ambiance de travail agr\u00e9able<\/li>\n<li><strong>Culture d&rsquo;\u00e9quipe :<\/strong> Collaboration au sein d&rsquo;une \u00e9quipe motiv\u00e9e et professionnelle<\/li>\n<\/ul>\n<h2><strong>\u00c0 propos de nous<\/strong><\/h2>\n<p>Le <strong>VenaZiel Berlin MVZ GmbH<\/strong> est un centre de r\u00e9f\u00e9rence pour la sant\u00e9 veineuse, la proctologie et la dermatologie. Gr\u00e2ce \u00e0 une technologie de pointe et \u00e0 une approche centr\u00e9e sur le patient, nous offrons des possibilit\u00e9s compl\u00e8tes de traitement et de th\u00e9rapie.<\/p>\n<h2><strong>Candidature<\/strong><\/h2>\n<p>Int\u00e9ress\u00e9(e) ? Alors, nous attendons votre candidature avec impatience ! Veuillez envoyer votre dossier complet (avec CV et certificats pertinents) par e-mail \u00e0 :<\/p>\n<p><strong>Dr Hamidreza Mahoozi<\/strong><\/p>\n<h5><strong>E-mail&nbsp;: <a href=\"mailto:karriere@venaziel.de\" target=\"_blank\" rel=\"noopener\">karriere@venaziel.de<\/a><\/strong><\/h5>\n<h5><strong>Objet : Candidature Dermatologie<\/strong><\/h5>\n<p>Pour toute question, n&rsquo;h\u00e9sitez pas \u00e0 nous contacter par t\u00e9l\u00e9phone au 030-25299482 \/ +49 30 25299479.<\/p>\n<p><strong>Rejoignez notre \u00e9quipe et fa\u00e7onnez avec nous l&rsquo;avenir de la sant\u00e9 de la peau et des veines !<\/strong><\/p>\n<\/div><\/div><\/div><\/div><\/div><div class=\"fusion-fullwidth fullwidth-box fusion-builder-row-3 fusion-flex-container has-pattern-background has-mask-background nonhundred-percent-fullwidth non-hundred-percent-height-scrolling\" style=\"--awb-border-radius-top-left:0px;--awb-border-radius-top-right:0px;--awb-border-radius-bottom-right:0px;--awb-border-radius-bottom-left:0px;--awb-flex-wrap:wrap;\" ><div class=\"fusion-builder-row fusion-row fusion-flex-align-items-flex-start fusion-flex-content-wrap\" style=\"max-width:78%;margin-left: calc(-4% \/ 2 );margin-right: calc(-4% \/ 2 );\"><div class=\"fusion-layout-column fusion_builder_column fusion-builder-column-3 fusion_builder_column_1_1 1_1 fusion-flex-column\" style=\"--awb-bg-size:cover;--awb-width-large:100%;--awb-margin-top-large:20px;--awb-spacing-right-large:1.92%;--awb-margin-bottom-large:20px;--awb-spacing-left-large:1.92%;--awb-width-medium:100%;--awb-order-medium:0;--awb-spacing-right-medium:1.92%;--awb-spacing-left-medium:1.92%;--awb-width-small:100%;--awb-order-small:0;--awb-spacing-right-small:1.92%;--awb-spacing-left-small:1.92%;\"><div class=\"fusion-column-wrapper fusion-column-has-shadow fusion-flex-justify-content-flex-start fusion-content-layout-column\"><div ><a class=\"fusion-button button-flat button-xlarge button-default fusion-button-default button-1 fusion-button-default-span fusion-button-default-type\" style=\"--button_text_transform:none;\" target=\"_self\" title=\"Postuler en ligne maintenant\" aria-label=\"Postuler en ligne maintenant\" role=\"button\" href=\"mailto:karriere@venaziel.de\"><span class=\"fusion-button-text awb-button__text awb-button__text--default\">Postuler en ligne maintenant<\/span><\/a><\/div><\/div><\/div><\/div><\/div><\/p>\n","protected":false},"excerpt":{"rendered":"","protected":false},"author":1,"featured_media":42687,"parent":42480,"menu_order":0,"comment_status":"closed","ping_status":"closed","template":"100-width.php","meta":{"footnotes":""},"class_list":["post-42685","page","type-page","status-publish","has-post-thumbnail","hentry"],"_links":{"self":[{"href":"https:\/\/venaziel.de\/fr\/wp-json\/wp\/v2\/pages\/42685","targetHints":{"allow":["GET"]}}],"collection":[{"href":"https:\/\/venaziel.de\/fr\/wp-json\/wp\/v2\/pages"}],"about":[{"href":"https:\/\/venaziel.de\/fr\/wp-json\/wp\/v2\/types\/page"}],"author":[{"embeddable":true,"href":"https:\/\/venaziel.de\/fr\/wp-json\/wp\/v2\/users\/1"}],"replies":[{"embeddable":true,"href":"https:\/\/venaziel.de\/fr\/wp-json\/wp\/v2\/comments?post=42685"}],"version-history":[{"count":38,"href":"https:\/\/venaziel.de\/fr\/wp-json\/wp\/v2\/pages\/42685\/revisions"}],"predecessor-version":[{"id":68787,"href":"https:\/\/venaziel.de\/fr\/wp-json\/wp\/v2\/pages\/42685\/revisions\/68787"}],"up":[{"embeddable":true,"href":"https:\/\/venaziel.de\/fr\/wp-json\/wp\/v2\/pages\/42480"}],"wp:featuredmedia":[{"embeddable":true,"href":"https:\/\/venaziel.de\/fr\/wp-json\/wp\/v2\/media\/42687"}],"wp:attachment":[{"href":"https:\/\/venaziel.de\/fr\/wp-json\/wp\/v2\/media?parent=42685"}],"curies":[{"name":"wp","href":"https:\/\/api.w.org\/{rel}","templated":true}]}}