{"id":42689,"date":"2024-07-25T13:29:04","date_gmt":"2024-07-25T13:29:04","guid":{"rendered":"https:\/\/venaziel.de\/cookie-policy-eu\/"},"modified":"2026-03-10T01:10:05","modified_gmt":"2026-03-10T01:10:05","slug":"cookie-policy-eu","status":"publish","type":"page","link":"https:\/\/venaziel.de\/fr\/cookie-policy-eu\/","title":{"rendered":"Politique relative aux cookies (UE)"},"content":{"rendered":"<div class=\"fusion-fullwidth fullwidth-box fusion-builder-row-1 fusion-flex-container nonhundred-percent-fullwidth non-hundred-percent-height-scrolling\" style=\"--awb-border-radius-top-left:0px;--awb-border-radius-top-right:0px;--awb-border-radius-bottom-right:0px;--awb-border-radius-bottom-left:0px;--awb-flex-wrap:wrap;\" ><div class=\"fusion-builder-row fusion-row fusion-flex-align-items-flex-start fusion-flex-content-wrap\" style=\"max-width:78%;margin-left: calc(-4% \/ 2 );margin-right: calc(-4% \/ 2 );\"><div class=\"fusion-layout-column fusion_builder_column fusion-builder-column-0 fusion_builder_column_1_1 1_1 fusion-flex-column\" style=\"--awb-bg-size:cover;--awb-width-large:100%;--awb-margin-top-large:0px;--awb-spacing-right-large:1.92%;--awb-margin-bottom-large:0px;--awb-spacing-left-large:1.92%;--awb-width-medium:100%;--awb-spacing-right-medium:1.92%;--awb-spacing-left-medium:1.92%;--awb-width-small:100%;--awb-spacing-right-small:1.92%;--awb-spacing-left-small:1.92%;\"><div class=\"fusion-column-wrapper fusion-flex-justify-content-flex-start fusion-content-layout-column\"><div class=\"fusion-text fusion-text-1\"><h1 style=\"text-align: center;\">Politique relative aux cookies de VenaZiel<\/h1>\n<h4>&nbsp;<\/h4>\n<h2>Introduction<\/h2>\n<p>La pr\u00e9sente politique relative aux cookies explique comment VenaZiel (\u00ab&nbsp;nous&nbsp;\u00bb, \u00ab&nbsp;notre&nbsp;\u00bb, \u00ab&nbsp;nos&nbsp;\u00bb) utilise des cookies et des technologies similaires pour vous offrir le meilleur service possible sur notre site web.<\/p>\n<h2>Que sont les cookies&nbsp;?<\/h2>\n<p>Les cookies sont de petits fichiers texte qui sont stock\u00e9s sur votre appareil lorsque vous visitez notre site web. Ils nous aident \u00e0 enregistrer vos pr\u00e9f\u00e9rences, \u00e0 am\u00e9liorer la fonctionnalit\u00e9 du site web et \u00e0 collecter des donn\u00e9es statistiques afin d&rsquo;optimiser nos services.<\/p>\n<h2>Types de cookies que nous utilisons<\/h2>\n<ol>\n<li>\n<p><strong>Cookies essentiels :<\/strong> Ces cookies sont n\u00e9cessaires au fonctionnement de notre site web. Sans ces cookies, certaines fonctions ne peuvent pas \u00eatre fournies.<\/p>\n<\/li>\n<li>\n<p><strong>Cookies fonctionnels&nbsp;:<\/strong> Ces cookies nous permettent d\u2019enregistrer vos pr\u00e9f\u00e9rences et de fournir des fonctions am\u00e9lior\u00e9es.<\/p>\n<\/li>\n<li>\n<p><strong>Cookies de performance :<\/strong> Ces cookies collectent des informations sur la mani\u00e8re dont les visiteurs utilisent notre site web. Ils nous aident \u00e0 am\u00e9liorer la performance de notre site web.<\/p>\n<\/li>\n<li>\n<p><strong>Cookies publicitaires :<\/strong> Ces cookies sont utilis\u00e9s pour afficher des publicit\u00e9s qui vous sont pertinentes. Ils emp\u00eachent \u00e9galement que les m\u00eames publicit\u00e9s ne soient affich\u00e9es trop souvent.<\/p>\n<\/li>\n<\/ol>\n<h2>Cookies tiers<\/h2>\n<p>Nous utilisons des cookies tiers de Google Analytics pour collecter des donn\u00e9es statistiques anonymes sur l&rsquo;utilisation de notre site web. Ces informations nous aident \u00e0 am\u00e9liorer l&rsquo;exp\u00e9rience utilisateur.<\/p>\n<h2>Consentement et gestion des cookies<\/h2>\n<p>Lors de votre premi\u00e8re visite sur notre site web, il vous sera demand\u00e9 d&rsquo;accepter l&rsquo;utilisation de cookies. Vous pouvez modifier vos param\u00e8tres de cookies \u00e0 tout moment ou retirer votre consentement en ajustant les param\u00e8tres de votre navigateur ou en utilisant notre lien de param\u00e8tres de cookies sur le site web.<\/p>\n<h2>Protection des donn\u00e9es<\/h2>\n<p>Votre vie priv\u00e9e est importante pour nous. Vous trouverez de plus amples informations sur la mani\u00e8re dont nous prot\u00e9geons et utilisons vos donn\u00e9es dans notre d\u00e9claration de confidentialit\u00e9.<\/p>\n<h2>Contact<\/h2>\n<p>Si vous avez des questions concernant cette politique relative aux cookies, vous pouvez nous contacter \u00e0 l\u2019adresse <a rel=\"noreferrer\">Marketing@venaziel.de<\/a>.<\/p>\n<h2>Modifications de cette politique relative aux cookies<\/h2>\n<p>Nous nous r\u00e9servons le droit de modifier cette politique en mati\u00e8re de cookies \u00e0 tout moment. Les modifications seront publi\u00e9es sur cette page. Veuillez consulter cette page r\u00e9guli\u00e8rement pour rester inform\u00e9.<\/p><\/p>\n<\/div><\/div><\/div><\/div><\/div>\n","protected":false},"excerpt":{"rendered":"","protected":false},"author":1,"featured_media":0,"parent":0,"menu_order":0,"comment_status":"closed","ping_status":"closed","template":"","meta":{"footnotes":""},"class_list":["post-42689","page","type-page","status-publish","hentry"],"_links":{"self":[{"href":"https:\/\/venaziel.de\/fr\/wp-json\/wp\/v2\/pages\/42689","targetHints":{"allow":["GET"]}}],"collection":[{"href":"https:\/\/venaziel.de\/fr\/wp-json\/wp\/v2\/pages"}],"about":[{"href":"https:\/\/venaziel.de\/fr\/wp-json\/wp\/v2\/types\/page"}],"author":[{"embeddable":true,"href":"https:\/\/venaziel.de\/fr\/wp-json\/wp\/v2\/users\/1"}],"replies":[{"embeddable":true,"href":"https:\/\/venaziel.de\/fr\/wp-json\/wp\/v2\/comments?post=42689"}],"version-history":[{"count":4,"href":"https:\/\/venaziel.de\/fr\/wp-json\/wp\/v2\/pages\/42689\/revisions"}],"predecessor-version":[{"id":45057,"href":"https:\/\/venaziel.de\/fr\/wp-json\/wp\/v2\/pages\/42689\/revisions\/45057"}],"wp:attachment":[{"href":"https:\/\/venaziel.de\/fr\/wp-json\/wp\/v2\/media?parent=42689"}],"curies":[{"name":"wp","href":"https:\/\/api.w.org\/{rel}","templated":true}]}}