{"id":42692,"date":"2025-01-02T15:22:46","date_gmt":"2025-01-02T15:22:46","guid":{"rendered":"https:\/\/venaziel.de\/karriere\/proktologe\/"},"modified":"2026-04-05T08:57:15","modified_gmt":"2026-04-05T08:57:15","slug":"proktologe","status":"publish","type":"page","link":"https:\/\/venaziel.de\/fr\/karriere\/proktologe\/","title":{"rendered":"Proctologue (H\/F\/D)"},"content":{"rendered":"<p><div class=\"fusion-fullwidth fullwidth-box fusion-builder-row-1 fusion-flex-container nonhundred-percent-fullwidth non-hundred-percent-height-scrolling\" style=\"--link_hover_color: #d21e36;--link_color: #d21e36;--awb-border-sizes-top:0px;--awb-border-sizes-bottom:0px;--awb-border-sizes-left:0px;--awb-border-sizes-right:0px;--awb-border-color:#d1d1d1;--awb-border-radius-top-left:0px;--awb-border-radius-top-right:0px;--awb-border-radius-bottom-right:0px;--awb-border-radius-bottom-left:0px;--awb-padding-top:33px;--awb-padding-right:30px;--awb-padding-bottom:37px;--awb-padding-left:30px;--awb-padding-top-medium:28px;--awb-padding-right-medium:0px;--awb-padding-bottom-medium:27px;--awb-padding-left-medium:0px;--awb-padding-top-small:13px;--awb-padding-right-small:0px;--awb-padding-bottom-small:0px;--awb-padding-left-small:0px;--awb-margin-top:0px;--awb-margin-bottom:0px;--awb-background-color:var(--awb-color2);--awb-flex-wrap:wrap;\" ><div class=\"fusion-builder-row fusion-row fusion-flex-align-items-stretch fusion-flex-content-wrap\" style=\"max-width:78%;margin-left: calc(-4% \/ 2 );margin-right: calc(-4% \/ 2 );\"><div class=\"fusion-layout-column fusion_builder_column fusion-builder-column-0 fusion_builder_column_3_5 3_5 fusion-flex-column fusion-flex-align-self-center fusion-animated\" style=\"--awb-bg-size:cover;--awb-width-large:60%;--awb-margin-top-large:0px;--awb-spacing-right-large:3.04%;--awb-margin-bottom-large:40px;--awb-spacing-left-large:3.2%;--awb-width-medium:50%;--awb-order-medium:0;--awb-spacing-right-medium:3.648%;--awb-margin-bottom-medium:60px;--awb-spacing-left-medium:0%;--awb-width-small:100%;--awb-order-small:1;--awb-spacing-right-small:1.92%;--awb-spacing-left-small:1.92%;\" data-animationType=\"fadeInLeft\" data-animationDuration=\"1.3\" data-animationOffset=\"top-into-view\"><div class=\"fusion-column-wrapper fusion-column-has-shadow fusion-flex-justify-content-flex-start fusion-content-layout-column\"><div class=\"fusion-title title fusion-title-1 fusion-sep-none fusion-title-text fusion-title-size-one\" style=\"--awb-text-color:var(--awb-custom_color_3);--awb-margin-top:10px;--awb-margin-bottom:30px;--awb-margin-top-small:10px;--awb-margin-right-small:0px;--awb-margin-bottom-small:10px;--awb-margin-left-small:0px;--awb-sep-color:#d1d1d1;--awb-font-size:32px;\"><h1 class=\"fusion-title-heading title-heading-left fusion-responsive-typography-calculated\" style=\"font-family:&quot;Poppins&quot;;font-style:normal;font-weight:600;margin:0;letter-spacing:;text-transform:var(--awb-typography1-text-transform);font-size:1em;--fontSize:32;line-height:1.2;\">Proctologue\/Proctologue (h\/f\/d)<\/h1><\/div><div class=\"fusion-text fusion-text-1 fusion-text-no-margin\" style=\"--awb-font-size:20px;--awb-line-height:1.7;--awb-letter-spacing:-0.35px;--awb-text-transform:var(--awb-typography4-text-transform);--awb-text-color:var(--awb-custom_color_4);--awb-text-font-family:&quot;Poppins&quot;;--awb-text-font-style:normal;--awb-text-font-weight:400;\"><p>VenaZiel Berlin MVZ GmbH<\/p>\n<\/div><\/div><\/div><div class=\"fusion-layout-column fusion_builder_column fusion-builder-column-1 fusion_builder_column_2_5 2_5 fusion-flex-column fusion-animated\" style=\"--awb-overflow:hidden;--awb-bg-size:cover;--awb-box-shadow:15px 15px 20px -20px var(--awb-custom_color_5);;--awb-border-radius:10px 0px 10px 10px;--awb-width-large:40%;--awb-margin-top-large:0px;--awb-spacing-right-large:4.8%;--awb-margin-bottom-large:0px;--awb-spacing-left-large:5.28%;--awb-width-medium:50%;--awb-order-medium:1;--awb-spacing-right-medium:3.84%;--awb-spacing-left-medium:4.224%;--awb-width-small:100%;--awb-order-small:0;--awb-spacing-right-small:0%;--awb-margin-bottom-small:36px;--awb-spacing-left-small:0%;\" data-animationType=\"fadeIn\" data-animationDuration=\"1.3\" data-animationOffset=\"top-into-view\"><div class=\"fusion-column-wrapper fusion-column-has-shadow fusion-flex-justify-content-flex-start fusion-content-layout-column\"><div class=\"fusion-image-element \" style=\"--awb-caption-title-color:#ffffff;--awb-caption-text-color:#ffffff;--awb-caption-text-size:16px;--awb-caption-text-transform:var(--awb-typography5-text-transform);--awb-caption-text-line-height:1.7;--awb-caption-text-letter-spacing:0px;--awb-caption-border-color:#ffffff;--awb-caption-overlay-color:#0058aa;--awb-caption-title-font-family:&quot;Noto Serif&quot;;--awb-caption-title-font-weight:400;--awb-caption-title-font-style:normal;--awb-caption-title-size:34px;--awb-caption-title-transform:var(--awb-typography1-text-transform);--awb-caption-title-line-height:1.2;--awb-caption-title-letter-spacing:-1px;--awb-caption-text-font-family:&quot;Roboto&quot;;--awb-caption-text-font-style:normal;--awb-caption-text-font-weight:400;\"><span class=\" fusion-imageframe imageframe-none imageframe-1 hover-type-none\" style=\"border-radius:4px;\"><picture class=\"lazyload wp-picture-39908\" style=\"display: contents;\"><source type=\"image\/avif\" srcset=\"data:image\/svg+xml,%3Csvg%20xmlns%3D%27http%3A%2F%2Fwww.w3.org%2F2000%2Fsvg%27%20width%3D%271200%27%20height%3D%27800%27%20viewBox%3D%270%200%201200%20800%27%3E%3Crect%20width%3D%271200%27%20height%3D%27800%27%20fill-opacity%3D%220%22%2F%3E%3C%2Fsvg%3E\" data-srcset=\"https:\/\/venaziel.de\/wp-content\/uploads\/2024\/12\/male-gynecologist-performing-hysteroscopy-procedure-proktologe-haemorrhoids-jpg.avif 1200w, https:\/\/venaziel.de\/wp-content\/uploads\/2024\/12\/male-gynecologist-performing-hysteroscopy-procedure-proktologe-haemorrhoids-1024x683-jpg.avif 1024w, https:\/\/venaziel.de\/wp-content\/uploads\/2024\/12\/male-gynecologist-performing-hysteroscopy-procedure-proktologe-haemorrhoids-768x512-jpg.avif 768w\" data-sizes=\"auto\" data-orig-sizes=\"(max-width: 1024px) 100vw, (max-width: 676px) 100vw, 600px\"><picture class=\"wp-picture-39908\" style=\"display: contents;\"><source type=\"image\/avif\" srcset=\"https:\/\/venaziel.de\/wp-content\/uploads\/2024\/12\/male-gynecologist-performing-hysteroscopy-procedure-proktologe-haemorrhoids-jpg.avif\"><img data-dominant-color=\"586f7a\" data-has-transparency=\"false\" style=\"--dominant-color: #586f7a;\" decoding=\"async\" width=\"1200\" height=\"800\" alt=\"Un gyn\u00e9cologue effectue une hyst\u00e9roscopie - Proctologue, traitement des h\u00e9morro\u00efdes \u00e0 Berlin\" title=\"male-gynecologist-performing-hysteroscopy-procedure-proktologe-haemorrhoids\" src=\"https:\/\/venaziel.de\/wp-content\/uploads\/2024\/12\/male-gynecologist-performing-hysteroscopy-procedure-proktologe-haemorrhoids.jpg\" data-orig-src=\"https:\/\/venaziel.de\/wp-content\/uploads\/2024\/12\/male-gynecologist-performing-hysteroscopy-procedure-proktologe-haemorrhoids.jpg\" class=\"lazyload img-responsive wp-image-39908 not-transparent\" srcset=\"data:image\/svg+xml,%3Csvg%20xmlns%3D%27http%3A%2F%2Fwww.w3.org%2F2000%2Fsvg%27%20width%3D%271200%27%20height%3D%27800%27%20viewBox%3D%270%200%201200%20800%27%3E%3Crect%20width%3D%271200%27%20height%3D%27800%27%20fill-opacity%3D%220%22%2F%3E%3C%2Fsvg%3E\" data-srcset=\"https:\/\/venaziel.de\/wp-content\/uploads\/2024\/12\/male-gynecologist-performing-hysteroscopy-procedure-proktologe-haemorrhoids-200x133.jpg 200w, https:\/\/venaziel.de\/wp-content\/uploads\/2024\/12\/male-gynecologist-performing-hysteroscopy-procedure-proktologe-haemorrhoids-400x267.jpg 400w, https:\/\/venaziel.de\/wp-content\/uploads\/2024\/12\/male-gynecologist-performing-hysteroscopy-procedure-proktologe-haemorrhoids-600x400.jpg 600w, https:\/\/venaziel.de\/wp-content\/uploads\/2024\/12\/male-gynecologist-performing-hysteroscopy-procedure-proktologe-haemorrhoids-800x533.jpg 800w, https:\/\/venaziel.de\/wp-content\/uploads\/2024\/12\/male-gynecologist-performing-hysteroscopy-procedure-proktologe-haemorrhoids.jpg 1200w\" data-sizes=\"auto\" data-orig-sizes=\"(max-width: 1024px) 100vw, (max-width: 676px) 100vw, 600px\" \/><\/picture><\/picture><\/span><\/div><\/div><\/div><\/div><\/div><div class=\"fusion-fullwidth fullwidth-box fusion-builder-row-2 fusion-flex-container has-pattern-background has-mask-background nonhundred-percent-fullwidth non-hundred-percent-height-scrolling\" style=\"--awb-border-radius-top-left:0px;--awb-border-radius-top-right:0px;--awb-border-radius-bottom-right:0px;--awb-border-radius-bottom-left:0px;--awb-flex-wrap:wrap;\" ><div class=\"fusion-builder-row fusion-row fusion-flex-align-items-flex-start fusion-flex-content-wrap\" style=\"max-width:78%;margin-left: calc(-4% \/ 2 );margin-right: calc(-4% \/ 2 );\"><div class=\"fusion-layout-column fusion_builder_column fusion-builder-column-2 fusion_builder_column_1_1 1_1 fusion-flex-column\" style=\"--awb-bg-size:cover;--awb-width-large:100%;--awb-margin-top-large:56px;--awb-spacing-right-large:1.92%;--awb-margin-bottom-large:20px;--awb-spacing-left-large:1.92%;--awb-width-medium:100%;--awb-order-medium:0;--awb-spacing-right-medium:1.92%;--awb-spacing-left-medium:1.92%;--awb-width-small:100%;--awb-order-small:0;--awb-spacing-right-small:1.92%;--awb-spacing-left-small:1.92%;\"><div class=\"fusion-column-wrapper fusion-column-has-shadow fusion-flex-justify-content-flex-start fusion-content-layout-column\"><div class=\"fusion-text fusion-text-2\"><p>02.01.2025<\/p>\n<h2><strong>Votre carri\u00e8re dans un centre innovant pour la sant\u00e9 veineuse !<\/strong><\/h2>\n<p>Fa\u00e7onnez l&rsquo;avenir de la sant\u00e9 veineuse avec nous !<\/p>\n<p>Le centre de comp\u00e9tences veineuses VenaZiel (VKZ) Berlin est synonyme de qualit\u00e9 sup\u00e9rieure en mati\u00e8re de diagnostic et de traitement des maladies veineuses ainsi que des affections proctologiques. Pour renforcer notre \u00e9quipe, nous recherchons d\u00e8s \u00e0 pr\u00e9sent une personne motiv\u00e9e et aimable :<\/p>\n<div><strong>&#x27a1; Proctologue (H\/F\/D)<\/strong><\/div>\n<h2><strong>Vos missions<\/strong><\/h2>\n<ul>\n<li>Diagnostic et traitement des affections de la r\u00e9gion anorectale (par exemple, h\u00e9morro\u00efdes, fissures anales, fistules anales, abc\u00e8s anaux).<\/li>\n<li>R\u00e9alisation de proc\u00e9dures conservatrices et mini-invasives modernes, y compris la th\u00e9rapie au laser et les approches th\u00e9rapeutiques innovantes.<\/li>\n<li>Conseil et traitement complets de nos patients avec une approche empathique et centr\u00e9e sur le patient.<\/li>\n<li>Collaboration avec une \u00e9quipe interdisciplinaire de m\u00e9decins sp\u00e9cialistes, d&rsquo;infirmiers et de th\u00e9rapeutes.<\/li>\n<li>Participation au d\u00e9veloppement et \u00e0 l&rsquo;introduction de proc\u00e9dures th\u00e9rapeutiques innovantes ainsi qu&rsquo;\u00e0 des projets scientifiques.<\/li>\n<\/ul>\n<h2><strong>Votre profil<\/strong><\/h2>\n<ul>\n<li>Formation de sp\u00e9cialiste \u0437\u0430\u0432\u0435\u0440\u0448\u0435\u043d\u0430 avec une sp\u00e9cialisation en proctologie, chirurgie ou gastro-ent\u00e9rologie.<\/li>\n<li>Exp\u00e9rience dans le diagnostic et le traitement des maladies proctologiques.<\/li>\n<li>Attitude orient\u00e9e vers le patient et empathique.<\/li>\n<li>Esprit d&rsquo;\u00e9quipe, comp\u00e9tences en communication et int\u00e9r\u00eat pour l&rsquo;application de proc\u00e9dures de traitement innovantes.<\/li>\n<li>Volont\u00e9 de se perfectionner continuellement et de participer \u00e0 des projets scientifiques (souhaitable, mais pas obligatoire).<\/li>\n<\/ul>\n<h2><strong>Nous vous offrons<\/strong><\/h2>\n<ul>\n<li><strong>Environnement de travail innovant :<\/strong> Acc\u00e8s \u00e0 une technologie de pointe et \u00e0 des m\u00e9thodes de traitement innovantes en proctologie.<\/li>\n<li><strong>Perspectives de carri\u00e8re :<\/strong> Possibilit\u00e9s de d\u00e9veloppement professionnel et personnel.<\/li>\n<li><strong>R\u00e9mun\u00e9ration attractive&nbsp;:<\/strong> R\u00e9mun\u00e9ration bas\u00e9e sur la performance et avantages suppl\u00e9mentaires.<\/li>\n<li><strong>Flexibilit\u00e9&nbsp;:<\/strong> \u00c9quilibre entre vie professionnelle et vie priv\u00e9e gr\u00e2ce \u00e0 des horaires de travail flexibles et des structures favorables \u00e0 la famille.<\/li>\n<li><strong>Culture d&rsquo;\u00e9quipe&nbsp;:<\/strong> Une \u00e9quipe motiv\u00e9e et interdisciplinaire avec des hi\u00e9rarchies horizontales.<\/li>\n<li><strong>Avantage de l&#8217;emplacement&nbsp;:<\/strong> Travailler au c\u0153ur de Berlin dans un cabinet dynamique et en pleine croissance.<\/li>\n<\/ul>\n<h2><strong>\u00c0 propos de nous<\/strong><\/h2>\n<p>Le centre de comp\u00e9tences veineuses VenaZiel Berlin est un centre de premier plan pour la sant\u00e9 veineuse et la proctologie. Gr\u00e2ce \u00e0 une technologie de pointe et \u00e0 une approche centr\u00e9e sur le patient, nous offrons des possibilit\u00e9s compl\u00e8tes de traitement et de th\u00e9rapie.<\/p>\n<h2><strong>Candidature<\/strong><\/h2>\n<p>Int\u00e9ress\u00e9(e) ? Alors, nous attendons votre candidature avec impatience ! Veuillez envoyer votre dossier complet (avec CV et certificats pertinents) par e-mail \u00e0 :<\/p>\n<p><strong>Dr Hamidreza Mahoozi<\/strong><\/p>\n<h5><strong>E-mail&nbsp;: <a href=\"mailto:karriere@venaziel.de\" target=\"_blank\" rel=\"noopener\">karriere@venaziel.de<\/a><\/strong><\/h5>\n<h5><strong>Objet : Candidature Proctologue<\/strong><\/h5>\n<p>Pour toute question, n&rsquo;h\u00e9sitez pas \u00e0 nous contacter par t\u00e9l\u00e9phone au 030-25299482 \/ +49 30 25299479.<\/p>\n<p>Rejoignez notre \u00e9quipe et fa\u00e7onnez avec nous l&rsquo;avenir de la proctologie !<\/p>\n<\/div><\/div><\/div><\/div><\/div><div class=\"fusion-fullwidth fullwidth-box fusion-builder-row-3 fusion-flex-container has-pattern-background has-mask-background nonhundred-percent-fullwidth non-hundred-percent-height-scrolling\" style=\"--awb-border-radius-top-left:0px;--awb-border-radius-top-right:0px;--awb-border-radius-bottom-right:0px;--awb-border-radius-bottom-left:0px;--awb-flex-wrap:wrap;\" ><div class=\"fusion-builder-row fusion-row fusion-flex-align-items-flex-start fusion-flex-content-wrap\" style=\"max-width:78%;margin-left: calc(-4% \/ 2 );margin-right: calc(-4% \/ 2 );\"><div class=\"fusion-layout-column fusion_builder_column fusion-builder-column-3 fusion_builder_column_1_1 1_1 fusion-flex-column\" style=\"--awb-bg-size:cover;--awb-width-large:100%;--awb-margin-top-large:20px;--awb-spacing-right-large:1.92%;--awb-margin-bottom-large:20px;--awb-spacing-left-large:1.92%;--awb-width-medium:100%;--awb-order-medium:0;--awb-spacing-right-medium:1.92%;--awb-spacing-left-medium:1.92%;--awb-width-small:100%;--awb-order-small:0;--awb-spacing-right-small:1.92%;--awb-spacing-left-small:1.92%;\"><div class=\"fusion-column-wrapper fusion-column-has-shadow fusion-flex-justify-content-flex-start fusion-content-layout-column\"><div ><a class=\"fusion-button button-flat button-xlarge button-default fusion-button-default button-1 fusion-button-default-span fusion-button-default-type\" style=\"--button_text_transform:none;\" target=\"_self\" title=\"Postuler en ligne maintenant\" aria-label=\"Postuler en ligne maintenant\" role=\"button\" href=\"mailto:karriere@venaziel.de\"><span class=\"fusion-button-text awb-button__text awb-button__text--default\">Postuler en ligne maintenant<\/span><\/a><\/div><\/div><\/div><\/div><\/div><\/p>\n","protected":false},"excerpt":{"rendered":"","protected":false},"author":1,"featured_media":0,"parent":42480,"menu_order":0,"comment_status":"closed","ping_status":"closed","template":"100-width.php","meta":{"footnotes":""},"class_list":["post-42692","page","type-page","status-publish","hentry"],"_links":{"self":[{"href":"https:\/\/venaziel.de\/fr\/wp-json\/wp\/v2\/pages\/42692","targetHints":{"allow":["GET"]}}],"collection":[{"href":"https:\/\/venaziel.de\/fr\/wp-json\/wp\/v2\/pages"}],"about":[{"href":"https:\/\/venaziel.de\/fr\/wp-json\/wp\/v2\/types\/page"}],"author":[{"embeddable":true,"href":"https:\/\/venaziel.de\/fr\/wp-json\/wp\/v2\/users\/1"}],"replies":[{"embeddable":true,"href":"https:\/\/venaziel.de\/fr\/wp-json\/wp\/v2\/comments?post=42692"}],"version-history":[{"count":89,"href":"https:\/\/venaziel.de\/fr\/wp-json\/wp\/v2\/pages\/42692\/revisions"}],"predecessor-version":[{"id":72642,"href":"https:\/\/venaziel.de\/fr\/wp-json\/wp\/v2\/pages\/42692\/revisions\/72642"}],"up":[{"embeddable":true,"href":"https:\/\/venaziel.de\/fr\/wp-json\/wp\/v2\/pages\/42480"}],"wp:attachment":[{"href":"https:\/\/venaziel.de\/fr\/wp-json\/wp\/v2\/media?parent=42692"}],"curies":[{"name":"wp","href":"https:\/\/api.w.org\/{rel}","templated":true}]}}