{"id":42695,"date":"2024-06-15T08:13:41","date_gmt":"2024-06-15T08:13:41","guid":{"rendered":"https:\/\/venaziel.de\/schwangerschaft\/"},"modified":"2026-03-14T19:49:10","modified_gmt":"2026-03-14T19:49:10","slug":"schwangerschaft","status":"publish","type":"page","link":"https:\/\/venaziel.de\/fr\/venenzentrum\/krampfadern-entfernen\/schwangerschaft\/","title":{"rendered":"Varices pendant la grossesse \u00e0 Berlin"},"content":{"rendered":"<div class=\"fusion-fullwidth fullwidth-box fusion-builder-row-1 fusion-flex-container has-pattern-background has-mask-background nonhundred-percent-fullwidth non-hundred-percent-height-scrolling\" style=\"--awb-border-radius-top-left:0px;--awb-border-radius-top-right:0px;--awb-border-radius-bottom-right:0px;--awb-border-radius-bottom-left:0px;--awb-padding-right:0px;--awb-padding-left:0px;--awb-flex-wrap:wrap;\" ><div class=\"fusion-builder-row fusion-row fusion-flex-align-items-flex-start fusion-flex-content-wrap\" style=\"max-width:78%;margin-left: calc(-4% \/ 2 );margin-right: calc(-4% \/ 2 );\"><div class=\"fusion-layout-column fusion_builder_column fusion-builder-column-0 fusion_builder_column_1_1 1_1 fusion-flex-column\" style=\"--awb-bg-size:cover;--awb-width-large:100%;--awb-margin-top-large:0px;--awb-spacing-right-large:0%;--awb-margin-bottom-large:20px;--awb-spacing-left-large:0%;--awb-width-medium:100%;--awb-order-medium:0;--awb-spacing-right-medium:1.92%;--awb-spacing-left-medium:1.92%;--awb-width-small:100%;--awb-order-small:0;--awb-spacing-right-small:1.92%;--awb-spacing-left-small:1.92%;\"><div class=\"fusion-column-wrapper fusion-column-has-shadow fusion-flex-justify-content-flex-start fusion-content-layout-column\"><div class=\"fusion-text fusion-text-1\" style=\"--awb-text-font-family:&quot;Poppins&quot;;--awb-text-font-style:normal;--awb-text-font-weight:300;\"><h2 class=\"vc_custom_heading vc_custom_1674068305649\">\u00c9viter les varices<\/h2>\n<div class=\"nectar-responsive-text font_size_desktop_16px font_line_height_1-7\">\n<p><strong>Il existe plusieurs fa\u00e7ons d&rsquo;\u00e9viter ou de r\u00e9duire les varices pendant la grossesse. Voici quelques conseils : <\/strong><\/p>\n<p>Exercice physique : Une activit\u00e9 physique r\u00e9guli\u00e8re comme la marche, la natation ou le v\u00e9lo peut aider \u00e0 am\u00e9liorer la circulation sanguine et \u00e0 pr\u00e9venir les varices \u00e0 Berlin.<br \/>\nPosture correcte : \u00c9vitez de rester assis ou debout pendant de longues p\u00e9riodes, car cela augmente la pression sur les veines. Essayez de sur\u00e9lever vos jambes lorsque vous \u00eates assis ou couch\u00e9 pour am\u00e9liorer la circulation sanguine.<br \/>\nBas de contention : Les bas de contention peuvent aider \u00e0 am\u00e9liorer la circulation sanguine et \u00e0 r\u00e9duire la pression sur les veines.<br \/>\nAlimentation saine : Une alimentation \u00e9quilibr\u00e9e avec beaucoup de fruits, de l\u00e9gumes et de fibres peut aider \u00e0 \u00e9viter la constipation et \u00e0 am\u00e9liorer la circulation sanguine.<br \/>\nContr\u00f4le du poids : Le surpoids peut augmenter la pression sur les veines, il est donc important de maintenir un poids sain pendant la grossesse. <\/p>\n<\/div>\n<\/div><div class=\"fusion-image-element \" style=\"--awb-aspect-ratio:16 \/ 9;--awb-object-position:33% 63%;--awb-caption-title-font-family:var(--h2_typography-font-family);--awb-caption-title-font-weight:var(--h2_typography-font-weight);--awb-caption-title-font-style:var(--h2_typography-font-style);--awb-caption-title-size:var(--h2_typography-font-size);--awb-caption-title-transform:var(--h2_typography-text-transform);--awb-caption-title-line-height:var(--h2_typography-line-height);--awb-caption-title-letter-spacing:var(--h2_typography-letter-spacing);\"><span class=\" fusion-imageframe imageframe-dropshadow imageframe-1 hover-type-none has-aspect-ratio\" style=\"border-radius:10px;-webkit-box-shadow: 3px 3px 7px var(--awb-color3);box-shadow: 3px 3px 7px var(--awb-color3);\"><img decoding=\"async\" width=\"1024\" height=\"683\" alt=\"\u00e9chographie-phl\u00e9bologie-scans-veines-sur-une-jambe-de-femme-varices-varicosit\u00e9s-enlever-berlin-venaziel\" title=\"\u00e9chographie-phl\u00e9bologue-scans-veines-sur-une-jambe-de-femme-varices-varicosit\u00e9s-enlever-berlin-venaziel\" src=\"https:\/\/venaziel.de\/wp-content\/uploads\/2024\/07\/ultrasound-phlebolog-scans-veins-on-a-woman-leg-krampfadern-besenreisen-entfernen-berlin-venaziel.jpg\" data-orig-src=\"https:\/\/venaziel.de\/wp-content\/uploads\/2024\/07\/ultrasound-phlebolog-scans-veins-on-a-woman-leg-krampfadern-besenreisen-entfernen-berlin-venaziel-1024x683.jpg\" class=\"lazyload img-responsive wp-image-40040 img-with-aspect-ratio\" data-parent-fit=\"cover\" data-parent-container=\".fusion-image-element\" srcset=\"data:image\/svg+xml,%3Csvg%20xmlns%3D%27http%3A%2F%2Fwww.w3.org%2F2000%2Fsvg%27%20width%3D%271200%27%20height%3D%27800%27%20viewBox%3D%270%200%201200%20800%27%3E%3Crect%20width%3D%271200%27%20height%3D%27800%27%20fill-opacity%3D%220%22%2F%3E%3C%2Fsvg%3E\" data-srcset=\"https:\/\/venaziel.de\/wp-content\/uploads\/2024\/07\/ultrasound-phlebolog-scans-veins-on-a-woman-leg-krampfadern-besenreisen-entfernen-berlin-venaziel-200x133.jpg 200w, https:\/\/venaziel.de\/wp-content\/uploads\/2024\/07\/ultrasound-phlebolog-scans-veins-on-a-woman-leg-krampfadern-besenreisen-entfernen-berlin-venaziel-400x267.jpg 400w, https:\/\/venaziel.de\/wp-content\/uploads\/2024\/07\/ultrasound-phlebolog-scans-veins-on-a-woman-leg-krampfadern-besenreisen-entfernen-berlin-venaziel-600x400.jpg 600w, https:\/\/venaziel.de\/wp-content\/uploads\/2024\/07\/ultrasound-phlebolog-scans-veins-on-a-woman-leg-krampfadern-besenreisen-entfernen-berlin-venaziel-800x533.jpg 800w, https:\/\/venaziel.de\/wp-content\/uploads\/2024\/07\/ultrasound-phlebolog-scans-veins-on-a-woman-leg-krampfadern-besenreisen-entfernen-berlin-venaziel.jpg 1200w\" data-sizes=\"auto\" data-orig-sizes=\"(max-width: 1024px) 100vw, (max-width: 676px) 100vw, 1024px\" \/><\/span><\/div><div class=\"fusion-text fusion-text-2\" style=\"--awb-text-font-family:&quot;Poppins&quot;;--awb-text-font-style:normal;--awb-text-font-weight:300;\"><h2 class=\"vc_custom_heading vc_custom_1678887698663\">Diagnostic<\/h2>\n<div class=\"nectar-responsive-text font_size_desktop_16px font_line_height_1-7\">\n<p>Si les varices pendant la grossesse \u00e0 Berlin deviennent tr\u00e8s inconfortables, prenez rendez-vous avec nos sp\u00e9cialistes pour un diagnostic et un traitement. Il existe aujourd&rsquo;hui diff\u00e9rentes options de traitement doux des varices pendant la grossesse. <\/p>\n<p>En g\u00e9n\u00e9ral, les varices pendant la grossesse sont trait\u00e9es par des mesures conservatrices, telles que :<\/p>\n<p>Porter des bas de contention pour am\u00e9liorer la circulation sanguine dans les veines et r\u00e9duire les gonflements<br \/>\nExercice physique et exercices r\u00e9guliers pour favoriser la circulation sanguine et am\u00e9liorer le flux sanguin<br \/>\n\u00c9viter de rester debout ou assis pendant de longues p\u00e9riodes afin d&rsquo;am\u00e9liorer la circulation sanguine et de r\u00e9duire la pression sur les veines<br \/>\nAdapter l&rsquo;alimentation pour assurer une hydratation suffisante et \u00e9viter la constipation<\/p>\n<\/div>\n<\/div><div class=\"fusion-image-element \" style=\"--awb-aspect-ratio:16 \/ 9;--awb-margin-bottom:20px;--awb-caption-title-font-family:var(--h2_typography-font-family);--awb-caption-title-font-weight:var(--h2_typography-font-weight);--awb-caption-title-font-style:var(--h2_typography-font-style);--awb-caption-title-size:var(--h2_typography-font-size);--awb-caption-title-transform:var(--h2_typography-text-transform);--awb-caption-title-line-height:var(--h2_typography-line-height);--awb-caption-title-letter-spacing:var(--h2_typography-letter-spacing);\"><span class=\" fusion-imageframe imageframe-dropshadow imageframe-2 hover-type-none has-aspect-ratio\" style=\"border-radius:10px;-webkit-box-shadow: 3px 3px 7px var(--awb-color3);box-shadow: 3px 3px 7px var(--awb-color3);\"><img decoding=\"async\" width=\"1024\" height=\"683\" title=\"pregnant-woman-visiting-vein-center-to-check-varicose-vein-for-treatment-berlin\" src=\"https:\/\/venaziel.de\/wp-content\/uploads\/2024\/07\/pregnant-woman-visiting-vein-center-to-check-varicose-vein-for-treatment-berlin.jpg\" data-orig-src=\"https:\/\/venaziel.de\/wp-content\/uploads\/2024\/07\/pregnant-woman-visiting-vein-center-to-check-varicose-vein-for-treatment-berlin-1024x683.jpg\" class=\"lazyload img-responsive wp-image-42699 img-with-aspect-ratio\" data-parent-fit=\"cover\" data-parent-container=\".fusion-image-element\" srcset=\"data:image\/svg+xml,%3Csvg%20xmlns%3D%27http%3A%2F%2Fwww.w3.org%2F2000%2Fsvg%27%20width%3D%271200%27%20height%3D%27800%27%20viewBox%3D%270%200%201200%20800%27%3E%3Crect%20width%3D%271200%27%20height%3D%27800%27%20fill-opacity%3D%220%22%2F%3E%3C%2Fsvg%3E\" data-srcset=\"https:\/\/venaziel.de\/wp-content\/uploads\/2024\/07\/pregnant-woman-visiting-vein-center-to-check-varicose-vein-for-treatment-berlin-200x133.jpg 200w, https:\/\/venaziel.de\/wp-content\/uploads\/2024\/07\/pregnant-woman-visiting-vein-center-to-check-varicose-vein-for-treatment-berlin-400x267.jpg 400w, https:\/\/venaziel.de\/wp-content\/uploads\/2024\/07\/pregnant-woman-visiting-vein-center-to-check-varicose-vein-for-treatment-berlin-600x400.jpg 600w, https:\/\/venaziel.de\/wp-content\/uploads\/2024\/07\/pregnant-woman-visiting-vein-center-to-check-varicose-vein-for-treatment-berlin-800x533.jpg 800w, https:\/\/venaziel.de\/wp-content\/uploads\/2024\/07\/pregnant-woman-visiting-vein-center-to-check-varicose-vein-for-treatment-berlin.jpg 1200w\" data-sizes=\"auto\" data-orig-sizes=\"(max-width: 1024px) 100vw, (max-width: 676px) 100vw, 1024px\" alt=\"\"><\/span><\/div><div class=\"fusion-text fusion-text-3\"><h2>Traitements m\u00e9dicaux<\/h2>\n<p><strong>Dans de rares cas, des traitements m\u00e9dicaux peuvent \u00e9galement \u00eatre n\u00e9cessaires, tels que :<\/strong><\/p>\n<p>1-Scl\u00e9roth\u00e9rapie, o\u00f9 une solution est inject\u00e9e dans la veine affect\u00e9e pour la fermer et rediriger le sang vers d&rsquo;autres veines<br \/>\n2-VenaSeal (colle pour veines), o\u00f9 la veine malade est coll\u00e9e. Le m\u00e9decin utilise le syst\u00e8me VenaSeal (colle pour veines) pour introduire une petite quantit\u00e9 d&rsquo;un adh\u00e9sif sp\u00e9cialement con\u00e7u dans la veine malade.<br \/>\nTraitement au laser, o\u00f9 une lumi\u00e8re laser est dirig\u00e9e sur la veine affect\u00e9e pour la fermer et rediriger le sang vers d&rsquo;autres veines<br \/>\nIl est important de noter que certaines m\u00e9thodes de traitement ne conviennent pas pendant la grossesse, comme les interventions chirurgicales ou certaines proc\u00e9dures m\u00e9dicales n\u00e9cessitant une anesth\u00e9sie. Il est donc important que vous discutiez avec nos sp\u00e9cialistes du centre veineux de Berlin des meilleures options pour votre situation individuelle.<\/p>\n<\/div><\/div><\/div><\/div><\/div>\n","protected":false},"excerpt":{"rendered":"<p>Bienvenue chez VenaZiel \u2013 votre centre sp\u00e9cialis\u00e9 dans le traitement des varices<\/p>\n<p>Les varices pendant la grossesse ne sont pas rares, car lut\u00e9rus en croissance augmente la pression sur les veines du bassin et des jambes. Les femmes qui avaient d\u00e9j\u00e0 des varices avant la grossesse sont expos\u00e9es \u00e0 un risque plus \u00e9lev\u00e9 den d\u00e9velopper davantage pendant la grossesse.<\/p>\n","protected":false},"author":1,"featured_media":42698,"parent":42738,"menu_order":0,"comment_status":"closed","ping_status":"closed","template":"","meta":{"footnotes":""},"class_list":["post-42695","page","type-page","status-publish","has-post-thumbnail","hentry"],"_links":{"self":[{"href":"https:\/\/venaziel.de\/fr\/wp-json\/wp\/v2\/pages\/42695","targetHints":{"allow":["GET"]}}],"collection":[{"href":"https:\/\/venaziel.de\/fr\/wp-json\/wp\/v2\/pages"}],"about":[{"href":"https:\/\/venaziel.de\/fr\/wp-json\/wp\/v2\/types\/page"}],"author":[{"embeddable":true,"href":"https:\/\/venaziel.de\/fr\/wp-json\/wp\/v2\/users\/1"}],"replies":[{"embeddable":true,"href":"https:\/\/venaziel.de\/fr\/wp-json\/wp\/v2\/comments?post=42695"}],"version-history":[{"count":6,"href":"https:\/\/venaziel.de\/fr\/wp-json\/wp\/v2\/pages\/42695\/revisions"}],"predecessor-version":[{"id":66220,"href":"https:\/\/venaziel.de\/fr\/wp-json\/wp\/v2\/pages\/42695\/revisions\/66220"}],"up":[{"embeddable":true,"href":"https:\/\/venaziel.de\/fr\/wp-json\/wp\/v2\/pages\/42738"}],"wp:featuredmedia":[{"embeddable":true,"href":"https:\/\/venaziel.de\/fr\/wp-json\/wp\/v2\/media\/42698"}],"wp:attachment":[{"href":"https:\/\/venaziel.de\/fr\/wp-json\/wp\/v2\/media?parent=42695"}],"curies":[{"name":"wp","href":"https:\/\/api.w.org\/{rel}","templated":true}]}}