{"id":42701,"date":"2025-01-02T10:03:54","date_gmt":"2025-01-02T10:03:54","guid":{"rendered":"https:\/\/venaziel.de\/karriere\/mfa\/"},"modified":"2026-04-17T16:41:30","modified_gmt":"2026-04-17T16:41:30","slug":"mfa","status":"publish","type":"page","link":"https:\/\/venaziel.de\/fr\/karriere\/mfa\/","title":{"rendered":"Assistant m\u00e9dical &#8211; AM"},"content":{"rendered":"<p><div class=\"fusion-fullwidth fullwidth-box fusion-builder-row-1 fusion-flex-container nonhundred-percent-fullwidth non-hundred-percent-height-scrolling\" style=\"--link_hover_color: #d21e36;--link_color: #d21e36;--awb-border-sizes-top:0px;--awb-border-sizes-bottom:0px;--awb-border-sizes-left:0px;--awb-border-sizes-right:0px;--awb-border-color:#d1d1d1;--awb-border-radius-top-left:0px;--awb-border-radius-top-right:0px;--awb-border-radius-bottom-right:0px;--awb-border-radius-bottom-left:0px;--awb-padding-top:40px;--awb-padding-right:30px;--awb-padding-bottom:40px;--awb-padding-left:30px;--awb-padding-top-medium:36px;--awb-padding-right-medium:0px;--awb-padding-bottom-medium:37px;--awb-padding-left-medium:0px;--awb-padding-top-small:13px;--awb-padding-right-small:0px;--awb-padding-bottom-small:0px;--awb-padding-left-small:0px;--awb-margin-top:0px;--awb-margin-bottom:0px;--awb-background-color:var(--awb-color2);--awb-flex-wrap:wrap;\" ><div class=\"fusion-builder-row fusion-row fusion-flex-align-items-stretch fusion-flex-content-wrap\" style=\"max-width:78%;margin-left: calc(-4% \/ 2 );margin-right: calc(-4% \/ 2 );\"><div class=\"fusion-layout-column fusion_builder_column fusion-builder-column-0 fusion_builder_column_3_5 3_5 fusion-flex-column fusion-flex-align-self-center fusion-animated\" style=\"--awb-bg-size:cover;--awb-width-large:60%;--awb-margin-top-large:0px;--awb-spacing-right-large:3.04%;--awb-margin-bottom-large:40px;--awb-spacing-left-large:3.2%;--awb-width-medium:50%;--awb-order-medium:0;--awb-spacing-right-medium:3.648%;--awb-margin-bottom-medium:60px;--awb-spacing-left-medium:0%;--awb-width-small:100%;--awb-order-small:1;--awb-spacing-right-small:1.92%;--awb-spacing-left-small:1.92%;\" data-animationType=\"fadeInLeft\" data-animationDuration=\"1.3\" data-animationOffset=\"top-into-view\"><div class=\"fusion-column-wrapper fusion-column-has-shadow fusion-flex-justify-content-flex-start fusion-content-layout-column\"><div class=\"fusion-title title fusion-title-1 fusion-sep-none fusion-title-text fusion-title-size-one\" style=\"--awb-text-color:var(--awb-custom_color_3);--awb-margin-top:10px;--awb-margin-bottom:30px;--awb-margin-top-small:10px;--awb-margin-right-small:0px;--awb-margin-bottom-small:10px;--awb-margin-left-small:0px;--awb-sep-color:#d1d1d1;--awb-font-size:32px;\"><h1 class=\"fusion-title-heading title-heading-left fusion-responsive-typography-calculated\" style=\"font-family:&quot;Poppins&quot;;font-style:normal;font-weight:500;margin:0;letter-spacing:;text-transform:var(--awb-typography1-text-transform);font-size:1em;--fontSize:32;line-height:1.2;\">Assistant(e) m\u00e9dical(e) (MFA) (h\/f\/d)<\/h1><\/div><div class=\"fusion-text fusion-text-1 fusion-text-no-margin\" style=\"--awb-font-size:20px;--awb-line-height:1.7;--awb-letter-spacing:-0.35px;--awb-text-transform:var(--awb-typography4-text-transform);--awb-text-color:var(--awb-custom_color_4);--awb-text-font-family:&quot;Poppins&quot;;--awb-text-font-style:normal;--awb-text-font-weight:400;\"><p>VenaZiel Centre de comp\u00e9tence en mati\u00e8re de veines (VKZ) Berlin<\/p>\n<\/div><\/div><\/div><div class=\"fusion-layout-column fusion_builder_column fusion-builder-column-1 fusion_builder_column_2_5 2_5 fusion-flex-column fusion-animated\" style=\"--awb-overflow:hidden;--awb-bg-size:cover;--awb-box-shadow:15px 15px 20px -20px var(--awb-custom_color_5);;--awb-border-radius:10px 10px 10px 10px;--awb-width-large:40%;--awb-margin-top-large:0px;--awb-spacing-right-large:4.8%;--awb-margin-bottom-large:0px;--awb-spacing-left-large:5.28%;--awb-width-medium:50%;--awb-order-medium:1;--awb-spacing-right-medium:3.84%;--awb-spacing-left-medium:4.224%;--awb-width-small:100%;--awb-order-small:0;--awb-spacing-right-small:0%;--awb-margin-bottom-small:36px;--awb-spacing-left-small:0%;\" data-animationType=\"fadeIn\" data-animationDuration=\"1.3\" data-animationOffset=\"top-into-view\"><div class=\"fusion-column-wrapper fusion-column-has-shadow fusion-flex-justify-content-flex-start fusion-content-layout-column\"><div class=\"fusion-image-element \" style=\"--awb-caption-title-color:#ffffff;--awb-caption-text-color:#ffffff;--awb-caption-text-size:16px;--awb-caption-text-transform:var(--awb-typography5-text-transform);--awb-caption-text-line-height:1.7;--awb-caption-text-letter-spacing:0px;--awb-caption-border-color:#ffffff;--awb-caption-overlay-color:#0058aa;--awb-caption-title-font-family:&quot;Noto Serif&quot;;--awb-caption-title-font-weight:400;--awb-caption-title-font-style:normal;--awb-caption-title-size:34px;--awb-caption-title-transform:var(--awb-typography1-text-transform);--awb-caption-title-line-height:1.2;--awb-caption-title-letter-spacing:-1px;--awb-caption-text-font-family:&quot;Roboto&quot;;--awb-caption-text-font-style:normal;--awb-caption-text-font-weight:400;\"><span class=\" fusion-imageframe imageframe-none imageframe-1 hover-type-none\" style=\"border-radius:4px;\"><picture class=\"lazyload wp-picture-42705\" style=\"display: contents;\"><source type=\"image\/avif\" srcset=\"data:image\/svg+xml,%3Csvg%20xmlns%3D%27http%3A%2F%2Fwww.w3.org%2F2000%2Fsvg%27%20width%3D%271200%27%20height%3D%27800%27%20viewBox%3D%270%200%201200%20800%27%3E%3Crect%20width%3D%271200%27%20height%3D%27800%27%20fill-opacity%3D%220%22%2F%3E%3C%2Fsvg%3E\" data-srcset=\"https:\/\/venaziel.de\/wp-content\/uploads\/2025\/01\/surgical-nurse-during-an-operation-in-the-hospital-mfa-bewerbung-jpg.avif 1200w, https:\/\/venaziel.de\/wp-content\/uploads\/2025\/01\/surgical-nurse-during-an-operation-in-the-hospital-mfa-bewerbung-250x167-jpg.avif 250w, https:\/\/venaziel.de\/wp-content\/uploads\/2025\/01\/surgical-nurse-during-an-operation-in-the-hospital-mfa-bewerbung-1024x683-jpg.avif 1024w, https:\/\/venaziel.de\/wp-content\/uploads\/2025\/01\/surgical-nurse-during-an-operation-in-the-hospital-mfa-bewerbung-768x512-jpg.avif 768w\" data-sizes=\"auto\" data-orig-sizes=\"(max-width: 1024px) 100vw, (max-width: 676px) 100vw, 600px\"><picture class=\"wp-picture-42705\" style=\"display: contents;\"><source type=\"image\/avif\" srcset=\"https:\/\/venaziel.de\/wp-content\/uploads\/2025\/01\/surgical-nurse-during-an-operation-in-the-hospital-mfa-bewerbung-jpg.avif\"><img data-dominant-color=\"70a9ad\" data-has-transparency=\"false\" style=\"--dominant-color: #70a9ad;\" decoding=\"async\" width=\"1200\" height=\"800\" alt=\"Infirmi\u00e8re chirurgicale pendant une op\u00e9ration \u00e0 l&#039;h\u00f4pital \u2013 Candidature AM\" title=\"surgical-nurse-during-an-operation-in-the-hospital-mfa-bewerbung\" src=\"https:\/\/venaziel.de\/wp-content\/uploads\/2025\/01\/surgical-nurse-during-an-operation-in-the-hospital-mfa-bewerbung.jpg\" data-orig-src=\"https:\/\/venaziel.de\/wp-content\/uploads\/2025\/01\/surgical-nurse-during-an-operation-in-the-hospital-mfa-bewerbung.jpg\" class=\"lazyload img-responsive wp-image-42705 not-transparent\" srcset=\"data:image\/svg+xml,%3Csvg%20xmlns%3D%27http%3A%2F%2Fwww.w3.org%2F2000%2Fsvg%27%20width%3D%271200%27%20height%3D%27800%27%20viewBox%3D%270%200%201200%20800%27%3E%3Crect%20width%3D%271200%27%20height%3D%27800%27%20fill-opacity%3D%220%22%2F%3E%3C%2Fsvg%3E\" data-srcset=\"https:\/\/venaziel.de\/wp-content\/uploads\/2025\/01\/surgical-nurse-during-an-operation-in-the-hospital-mfa-bewerbung-200x133.jpg 200w, https:\/\/venaziel.de\/wp-content\/uploads\/2025\/01\/surgical-nurse-during-an-operation-in-the-hospital-mfa-bewerbung-400x267.jpg 400w, https:\/\/venaziel.de\/wp-content\/uploads\/2025\/01\/surgical-nurse-during-an-operation-in-the-hospital-mfa-bewerbung-600x400.jpg 600w, https:\/\/venaziel.de\/wp-content\/uploads\/2025\/01\/surgical-nurse-during-an-operation-in-the-hospital-mfa-bewerbung-800x533.jpg 800w, https:\/\/venaziel.de\/wp-content\/uploads\/2025\/01\/surgical-nurse-during-an-operation-in-the-hospital-mfa-bewerbung.jpg 1200w\" data-sizes=\"auto\" data-orig-sizes=\"(max-width: 1024px) 100vw, (max-width: 676px) 100vw, 600px\" \/><\/picture><\/picture><\/span><\/div><\/div><\/div><\/div><\/div><div class=\"fusion-fullwidth fullwidth-box fusion-builder-row-2 fusion-flex-container has-pattern-background has-mask-background nonhundred-percent-fullwidth non-hundred-percent-height-scrolling\" style=\"--awb-border-radius-top-left:0px;--awb-border-radius-top-right:0px;--awb-border-radius-bottom-right:0px;--awb-border-radius-bottom-left:0px;--awb-flex-wrap:wrap;\" ><div class=\"fusion-builder-row fusion-row fusion-flex-align-items-flex-start fusion-flex-content-wrap\" style=\"max-width:78%;margin-left: calc(-4% \/ 2 );margin-right: calc(-4% \/ 2 );\"><div class=\"fusion-layout-column fusion_builder_column fusion-builder-column-2 fusion_builder_column_1_1 1_1 fusion-flex-column\" style=\"--awb-bg-size:cover;--awb-width-large:100%;--awb-margin-top-large:53px;--awb-spacing-right-large:1.92%;--awb-margin-bottom-large:20px;--awb-spacing-left-large:1.92%;--awb-width-medium:100%;--awb-order-medium:0;--awb-spacing-right-medium:1.92%;--awb-spacing-left-medium:1.92%;--awb-width-small:100%;--awb-order-small:0;--awb-margin-top-small:40px;--awb-spacing-right-small:1.92%;--awb-spacing-left-small:1.92%;\"><div class=\"fusion-column-wrapper fusion-column-has-shadow fusion-flex-justify-content-flex-start fusion-content-layout-column\"><div class=\"fusion-text fusion-text-2\"><p>02.01.2025<\/p>\n<h2><strong>Votre carri\u00e8re dans un centre innovant pour la sant\u00e9 veineuse !<\/strong><\/h2>\n<p>Fa\u00e7onnez l&rsquo;avenir de la sant\u00e9 veineuse avec nous !<\/p>\n<p>Le centre de comp\u00e9tences veineuses VenaZiel (VKZ) Berlin est synonyme de qualit\u00e9 sup\u00e9rieure en mati\u00e8re de diagnostic et de traitement des maladies veineuses ainsi que des affections proctologiques. Pour renforcer notre \u00e9quipe, nous recherchons d\u00e8s \u00e0 pr\u00e9sent une personne motiv\u00e9e et aimable :<\/p>\n<p><strong>&#x27a1; Assistant m\u00e9dical (AM) (h\/f\/d)<\/strong><\/p>\n<h2><strong>Vos missions<\/strong><\/h2>\n<ul>\n<li>Accueil et prise en charge de nos patients avant, pendant et apr\u00e8s les traitements.<\/li>\n<li>Organisation et coordination des consultations ainsi que des jours d&rsquo;op\u00e9ration.<\/li>\n<li>Soutien aux m\u00e9decins dans les mesures diagnostiques et th\u00e9rapeutiques.<\/li>\n<li>R\u00e9alisation de mesures pr\u00e9paratoires telles que les prises de sang, la pose de bandages et l&rsquo;assistance lors des interventions.<\/li>\n<li>Documentation et tenue des dossiers patients ainsi que facturation selon EBM\/GO\u00c4.<\/li>\n<\/ul>\n<h2><strong>Votre profil<\/strong><\/h2>\n<ul>\n<li>Formation \u0437\u0430\u0432\u0435\u0440\u0448\u0435\u043d\u0430 en tant qu&rsquo;assistant m\u00e9dical (AM).<\/li>\n<li>Une exp\u00e9rience professionnelle en phl\u00e9bologie ou en proctologie est un avantage, mais n&rsquo;est pas obligatoire.<\/li>\n<li>Plaisir du contact avec les patients et attitude empathique.<\/li>\n<li>Sens de l&rsquo;organisation, fiabilit\u00e9 et travail autonome.<\/li>\n<li>Bonnes connaissances en informatique (id\u00e9alement en logiciel de cabinet).<\/li>\n<\/ul>\n<h2><strong>Nous vous offrons<\/strong><\/h2>\n<ul>\n<li><strong>Des t\u00e2ches vari\u00e9es :<\/strong> Travail dans un centre moderne avec des m\u00e9thodes de traitement innovantes.<\/li>\n<li><strong>R\u00e9mun\u00e9ration attractive&nbsp;:<\/strong> R\u00e9mun\u00e9ration bas\u00e9e sur la performance et avantages suppl\u00e9mentaires.<\/li>\n<li><strong>Formation continue :<\/strong> Formations r\u00e9guli\u00e8res et possibilit\u00e9s de d\u00e9veloppement.<\/li>\n<li><strong>Flexibilit\u00e9 :<\/strong> Horaires de travail adapt\u00e9s \u00e0 la famille et ambiance de travail agr\u00e9able.<\/li>\n<li><strong>Culture d&rsquo;\u00e9quipe :<\/strong> Collaboration dans une \u00e9quipe motiv\u00e9e et professionnelle.<\/li>\n<\/ul>\n<h2><strong>\u00c0 propos de nous<\/strong><\/h2>\n<p>Le centre de comp\u00e9tences veineuses VenaZiel Berlin est un centre de premier plan pour la sant\u00e9 veineuse et la proctologie. Gr\u00e2ce \u00e0 une technologie de pointe et \u00e0 une approche centr\u00e9e sur le patient, nous offrons des possibilit\u00e9s compl\u00e8tes de traitement et de th\u00e9rapie.<\/p>\n<h2><strong>Candidature<\/strong><\/h2>\n<p>Int\u00e9ress\u00e9(e) ? Alors, nous attendons votre candidature avec impatience ! Veuillez envoyer votre dossier complet (avec CV et certificats pertinents) par e-mail \u00e0 :<\/p>\n<p><strong>Dr Hamidreza Mahoozi<\/strong><\/p>\n<h5><strong>E-mail : <a href=\"mailto:karriere@venaziel.de\" target=\"_blank\" rel=\"noopener\">karriere@venaziel.de<\/a><\/strong><\/h5>\n<h5><strong>Objet : Candidature AM<\/strong><\/h5>\n<p>Pour toute question, nous sommes \u00e0 votre disposition par t\u00e9l\u00e9phone au 030-25299482 \/ +49 30 25299479.<\/p>\n<p>Rejoignez notre \u00e9quipe et fa\u00e7onnez avec nous l&rsquo;avenir de la sant\u00e9 veineuse&nbsp;!<\/p>\n<\/div><\/div><\/div><\/div><\/div><div class=\"fusion-fullwidth fullwidth-box fusion-builder-row-3 fusion-flex-container has-pattern-background has-mask-background nonhundred-percent-fullwidth non-hundred-percent-height-scrolling\" style=\"--awb-border-radius-top-left:0px;--awb-border-radius-top-right:0px;--awb-border-radius-bottom-right:0px;--awb-border-radius-bottom-left:0px;--awb-flex-wrap:wrap;\" ><div class=\"fusion-builder-row fusion-row fusion-flex-align-items-flex-start fusion-flex-content-wrap\" style=\"max-width:78%;margin-left: calc(-4% \/ 2 );margin-right: calc(-4% \/ 2 );\"><div class=\"fusion-layout-column fusion_builder_column fusion-builder-column-3 fusion_builder_column_1_1 1_1 fusion-flex-column\" style=\"--awb-bg-size:cover;--awb-width-large:100%;--awb-margin-top-large:20px;--awb-spacing-right-large:1.92%;--awb-margin-bottom-large:20px;--awb-spacing-left-large:1.92%;--awb-width-medium:100%;--awb-order-medium:0;--awb-spacing-right-medium:1.92%;--awb-spacing-left-medium:1.92%;--awb-width-small:100%;--awb-order-small:0;--awb-spacing-right-small:1.92%;--awb-spacing-left-small:1.92%;\"><div class=\"fusion-column-wrapper fusion-column-has-shadow fusion-flex-justify-content-flex-start fusion-content-layout-column\"><div ><a class=\"fusion-button button-flat button-xlarge button-default fusion-button-default button-1 fusion-button-default-span fusion-button-default-type\" style=\"--button_text_transform:none;\" target=\"_self\" title=\"Postuler en ligne maintenant\" aria-label=\"Postuler en ligne maintenant\" role=\"button\" href=\"mailto:karriere@venaziel.de\"><span class=\"fusion-button-text awb-button__text awb-button__text--default\">Postuler en ligne maintenant<\/span><\/a><\/div><\/div><\/div><\/div><\/div><\/p>\n","protected":false},"excerpt":{"rendered":"","protected":false},"author":1,"featured_media":0,"parent":42480,"menu_order":0,"comment_status":"closed","ping_status":"closed","template":"100-width.php","meta":{"footnotes":""},"class_list":["post-42701","page","type-page","status-publish","hentry"],"_links":{"self":[{"href":"https:\/\/venaziel.de\/fr\/wp-json\/wp\/v2\/pages\/42701","targetHints":{"allow":["GET"]}}],"collection":[{"href":"https:\/\/venaziel.de\/fr\/wp-json\/wp\/v2\/pages"}],"about":[{"href":"https:\/\/venaziel.de\/fr\/wp-json\/wp\/v2\/types\/page"}],"author":[{"embeddable":true,"href":"https:\/\/venaziel.de\/fr\/wp-json\/wp\/v2\/users\/1"}],"replies":[{"embeddable":true,"href":"https:\/\/venaziel.de\/fr\/wp-json\/wp\/v2\/comments?post=42701"}],"version-history":[{"count":64,"href":"https:\/\/venaziel.de\/fr\/wp-json\/wp\/v2\/pages\/42701\/revisions"}],"predecessor-version":[{"id":76507,"href":"https:\/\/venaziel.de\/fr\/wp-json\/wp\/v2\/pages\/42701\/revisions\/76507"}],"up":[{"embeddable":true,"href":"https:\/\/venaziel.de\/fr\/wp-json\/wp\/v2\/pages\/42480"}],"wp:attachment":[{"href":"https:\/\/venaziel.de\/fr\/wp-json\/wp\/v2\/media?parent=42701"}],"curies":[{"name":"wp","href":"https:\/\/api.w.org\/{rel}","templated":true}]}}