{"id":42714,"date":"2025-01-01T13:43:27","date_gmt":"2025-01-01T13:43:27","guid":{"rendered":"https:\/\/venaziel.de\/karriere\/gefaeschirurg\/"},"modified":"2026-04-10T10:30:56","modified_gmt":"2026-04-10T10:30:56","slug":"gefaeschirurg","status":"publish","type":"page","link":"https:\/\/venaziel.de\/fr\/karriere\/gefaeschirurg\/","title":{"rendered":"Phl\u00e9bologue et chirurgien vasculaire"},"content":{"rendered":"<p><div class=\"fusion-fullwidth fullwidth-box fusion-builder-row-1 fusion-flex-container nonhundred-percent-fullwidth non-hundred-percent-height-scrolling\" style=\"--link_hover_color: #d21e36;--link_color: #d21e36;--awb-border-sizes-top:0px;--awb-border-sizes-bottom:0px;--awb-border-sizes-left:0px;--awb-border-sizes-right:0px;--awb-border-color:#d1d1d1;--awb-border-radius-top-left:0px;--awb-border-radius-top-right:0px;--awb-border-radius-bottom-right:0px;--awb-border-radius-bottom-left:0px;--awb-padding-top:40px;--awb-padding-right:0px;--awb-padding-bottom:47px;--awb-padding-left:0px;--awb-padding-top-medium:20px;--awb-padding-bottom-medium:32px;--awb-padding-top-small:50px;--awb-padding-right-small:0px;--awb-padding-bottom-small:18px;--awb-padding-left-small:0px;--awb-margin-top:0px;--awb-margin-bottom:0px;--awb-background-color:var(--awb-color2);--awb-flex-wrap:wrap;\" ><div class=\"fusion-builder-row fusion-row fusion-flex-align-items-stretch fusion-flex-content-wrap\" style=\"max-width:78%;margin-left: calc(-4% \/ 2 );margin-right: calc(-4% \/ 2 );\"><div class=\"fusion-layout-column fusion_builder_column fusion-builder-column-0 fusion_builder_column_3_5 3_5 fusion-flex-column fusion-flex-align-self-center fusion-animated\" style=\"--awb-bg-size:cover;--awb-width-large:60%;--awb-margin-top-large:0px;--awb-spacing-right-large:3.04%;--awb-margin-bottom-large:40px;--awb-spacing-left-large:0%;--awb-width-medium:50%;--awb-order-medium:0;--awb-spacing-right-medium:3.648%;--awb-margin-bottom-medium:60px;--awb-spacing-left-medium:0%;--awb-width-small:100%;--awb-order-small:1;--awb-spacing-right-small:0%;--awb-margin-bottom-small:30px;--awb-spacing-left-small:0%;\" data-animationType=\"fadeInLeft\" data-animationDuration=\"1.3\" data-animationOffset=\"top-into-view\"><div class=\"fusion-column-wrapper fusion-column-has-shadow fusion-flex-justify-content-flex-start fusion-content-layout-column\"><div class=\"fusion-title title fusion-title-1 fusion-sep-none fusion-title-text fusion-title-size-one\" style=\"--awb-text-color:var(--awb-custom_color_3);--awb-margin-top:10px;--awb-margin-bottom:30px;--awb-margin-top-small:10px;--awb-margin-right-small:0px;--awb-margin-bottom-small:10px;--awb-margin-left-small:0px;--awb-sep-color:#d1d1d1;--awb-font-size:32px;\"><h1 class=\"fusion-title-heading title-heading-left fusion-responsive-typography-calculated\" style=\"font-family:&quot;Poppins&quot;;font-style:normal;font-weight:600;margin:0;letter-spacing:;text-transform:var(--awb-typography1-text-transform);font-size:1em;--fontSize:32;line-height:1.3;\">Phl\u00e9bologue et chirurgien vasculaire (h\/f\/d)<\/h1><\/div><div class=\"fusion-text fusion-text-1 fusion-text-no-margin\" style=\"--awb-font-size:20px;--awb-line-height:1.7;--awb-letter-spacing:-0.35px;--awb-text-transform:var(--awb-typography4-text-transform);--awb-text-color:var(--awb-custom_color_4);--awb-text-font-family:&quot;Poppins&quot;;--awb-text-font-style:normal;--awb-text-font-weight:400;\"><p>VenaZiel Centre de comp\u00e9tence en mati\u00e8re de veines (VKZ) Berlin<\/p>\n<\/div><\/div><\/div><div class=\"fusion-layout-column fusion_builder_column fusion-builder-column-1 fusion_builder_column_2_5 2_5 fusion-flex-column fusion-animated\" style=\"--awb-overflow:hidden;--awb-bg-size:cover;--awb-box-shadow:15px 15px 20px -20px var(--awb-custom_color_5);;--awb-border-radius:10px 10px 10px 10px;--awb-width-large:40%;--awb-margin-top-large:0px;--awb-spacing-right-large:4.8%;--awb-margin-bottom-large:0px;--awb-spacing-left-large:5.28%;--awb-width-medium:50%;--awb-order-medium:1;--awb-spacing-right-medium:0%;--awb-spacing-left-medium:4.224%;--awb-width-small:100%;--awb-order-small:0;--awb-spacing-right-small:0%;--awb-margin-bottom-small:36px;--awb-spacing-left-small:0%;\" data-animationType=\"fadeIn\" data-animationDuration=\"1.3\" data-animationOffset=\"top-into-view\"><div class=\"fusion-column-wrapper fusion-column-has-shadow fusion-flex-justify-content-flex-start fusion-content-layout-column\"><div class=\"fusion-image-element \" style=\"--awb-caption-title-color:#ffffff;--awb-caption-text-color:#ffffff;--awb-caption-text-size:16px;--awb-caption-text-transform:var(--awb-typography5-text-transform);--awb-caption-text-line-height:1.7;--awb-caption-text-letter-spacing:0px;--awb-caption-border-color:#ffffff;--awb-caption-overlay-color:#0058aa;--awb-caption-title-font-family:&quot;Noto Serif&quot;;--awb-caption-title-font-weight:400;--awb-caption-title-font-style:normal;--awb-caption-title-size:34px;--awb-caption-title-transform:var(--awb-typography1-text-transform);--awb-caption-title-line-height:1.2;--awb-caption-title-letter-spacing:-1px;--awb-caption-text-font-family:&quot;Roboto&quot;;--awb-caption-text-font-style:normal;--awb-caption-text-font-weight:400;\"><span class=\" fusion-imageframe imageframe-none imageframe-1 hover-type-none\" style=\"border-radius:4px;\"><img decoding=\"async\" width=\"1200\" height=\"800\" alt=\"\u00e9chographie-phl\u00e9bologie-scans-veines-sur-une-jambe-de-femme-varices-varicosit\u00e9s-enlever-berlin-venaziel\" title=\"\u00e9chographie-phl\u00e9bologue-scans-veines-sur-une-jambe-de-femme-varices-varicosit\u00e9s-enlever-berlin-venaziel\" src=\"https:\/\/venaziel.de\/wp-content\/uploads\/2024\/07\/ultrasound-phlebolog-scans-veins-on-a-woman-leg-krampfadern-besenreisen-entfernen-berlin-venaziel.jpg\" data-orig-src=\"https:\/\/venaziel.de\/wp-content\/uploads\/2024\/07\/ultrasound-phlebolog-scans-veins-on-a-woman-leg-krampfadern-besenreisen-entfernen-berlin-venaziel.jpg\" class=\"lazyload img-responsive wp-image-40040\" srcset=\"data:image\/svg+xml,%3Csvg%20xmlns%3D%27http%3A%2F%2Fwww.w3.org%2F2000%2Fsvg%27%20width%3D%271200%27%20height%3D%27800%27%20viewBox%3D%270%200%201200%20800%27%3E%3Crect%20width%3D%271200%27%20height%3D%27800%27%20fill-opacity%3D%220%22%2F%3E%3C%2Fsvg%3E\" data-srcset=\"https:\/\/venaziel.de\/wp-content\/uploads\/2024\/07\/ultrasound-phlebolog-scans-veins-on-a-woman-leg-krampfadern-besenreisen-entfernen-berlin-venaziel-200x133.jpg 200w, https:\/\/venaziel.de\/wp-content\/uploads\/2024\/07\/ultrasound-phlebolog-scans-veins-on-a-woman-leg-krampfadern-besenreisen-entfernen-berlin-venaziel-400x267.jpg 400w, https:\/\/venaziel.de\/wp-content\/uploads\/2024\/07\/ultrasound-phlebolog-scans-veins-on-a-woman-leg-krampfadern-besenreisen-entfernen-berlin-venaziel-600x400.jpg 600w, https:\/\/venaziel.de\/wp-content\/uploads\/2024\/07\/ultrasound-phlebolog-scans-veins-on-a-woman-leg-krampfadern-besenreisen-entfernen-berlin-venaziel-800x533.jpg 800w, https:\/\/venaziel.de\/wp-content\/uploads\/2024\/07\/ultrasound-phlebolog-scans-veins-on-a-woman-leg-krampfadern-besenreisen-entfernen-berlin-venaziel.jpg 1200w\" data-sizes=\"auto\" data-orig-sizes=\"(max-width: 1024px) 100vw, (max-width: 676px) 100vw, 600px\" \/><\/span><\/div><\/div><\/div><\/div><\/div><div class=\"fusion-fullwidth fullwidth-box fusion-builder-row-2 fusion-flex-container has-pattern-background has-mask-background nonhundred-percent-fullwidth non-hundred-percent-height-scrolling\" style=\"--awb-border-radius-top-left:0px;--awb-border-radius-top-right:0px;--awb-border-radius-bottom-right:0px;--awb-border-radius-bottom-left:0px;--awb-flex-wrap:wrap;\" ><div class=\"fusion-builder-row fusion-row fusion-flex-align-items-flex-start fusion-flex-content-wrap\" style=\"max-width:78%;margin-left: calc(-4% \/ 2 );margin-right: calc(-4% \/ 2 );\"><div class=\"fusion-layout-column fusion_builder_column fusion-builder-column-2 fusion_builder_column_1_1 1_1 fusion-flex-column\" style=\"--awb-bg-size:cover;--awb-width-large:100%;--awb-margin-top-large:53px;--awb-spacing-right-large:1.92%;--awb-margin-bottom-large:20px;--awb-spacing-left-large:1.92%;--awb-width-medium:100%;--awb-order-medium:0;--awb-spacing-right-medium:1.92%;--awb-spacing-left-medium:1.92%;--awb-width-small:100%;--awb-order-small:0;--awb-spacing-right-small:1.92%;--awb-spacing-left-small:1.92%;\"><div class=\"fusion-column-wrapper fusion-column-has-shadow fusion-flex-justify-content-flex-start fusion-content-layout-column\"><div class=\"fusion-text fusion-text-2\"><p>02.01.2025<\/p>\n<h2><strong>Votre carri\u00e8re dans un centre innovant pour la sant\u00e9 veineuse !<\/strong><\/h2>\n<p>Le centre de comp\u00e9tences veineuses VenaZiel (VKZ) de Berlin est synonyme d\u2019excellence en mati\u00e8re de diagnostic et de m\u00e9thodes de traitement ultramodernes dans le domaine de la phl\u00e9bologie et de la chirurgie vasculaire. Notre objectif est d\u2019offrir aux patientes et patients des soins optimaux au plus haut niveau m\u00e9dical.<\/p>\n<p>Pour renforcer notre \u00e9quipe, nous recherchons d\u00e8s que possible une personne engag\u00e9e et exp\u00e9riment\u00e9e en tant que :<\/p>\n<p><strong>&#x27a1; Phl\u00e9bologue (h\/f\/d)<\/strong><\/p>\n<p><strong>&#x27a1; Chirurgien vasculaire (h\/f\/d)<\/strong><\/p>\n<p>&nbsp;<\/p>\n<h2><strong>Vos missions<\/strong><\/h2>\n<ul>\n<li>R\u00e9alisation de diagnostics et de th\u00e9rapies ultramodernes pour les maladies veineuses (par exemple, VenaSeal, ablation par radiofr\u00e9quence, th\u00e9rapie laser endoveineuse).<\/li>\n<li>Conseil et traitement des patientes et des patients atteints de maladies telles que les varices, l&rsquo;insuffisance veineuse chronique (IVC) ou l&rsquo;ulc\u00e8re de jambe.<\/li>\n<li>Collaboration interdisciplinaire avec notre \u00e9quipe hautement qualifi\u00e9e de m\u00e9decins, d&rsquo;infirmiers et de th\u00e9rapeutes.<\/li>\n<li>Application et d\u00e9veloppement de m\u00e9thodes de traitement innovantes dans un environnement de travail progressiste.<\/li>\n<li>Participation \u00e0 des projets scientifiques et \u00e0 des formations continues.<\/li>\n<\/ul>\n<h2><strong>Votre profil<\/strong><\/h2>\n<ul>\n<li>Formation de sp\u00e9cialiste en phl\u00e9bologie, chirurgie vasculaire ou qualification comparable.<\/li>\n<li>Passion pour le traitement des maladies veineuses et int\u00e9r\u00eat pour les m\u00e9thodes th\u00e9rapeutiques les plus modernes.<\/li>\n<li>Attitude orient\u00e9e vers le patient et empathique.<\/li>\n<li>Esprit d&rsquo;\u00e9quipe, aptitude \u00e0 la communication et initiative personnelle.<\/li>\n<li>Exp\u00e9rience des proc\u00e9dures mini-invasives (souhaitable, mais pas obligatoire).<\/li>\n<\/ul>\n<h2><strong>Nous vous offrons<\/strong><\/h2>\n<ul>\n<li><strong>Environnement de travail innovant&nbsp;:<\/strong> Acc\u00e8s aux technologies les plus modernes et aux m\u00e9thodes de traitement innovantes.<\/li>\n<li><strong>Perspectives de carri\u00e8re&nbsp;:<\/strong> Possibilit\u00e9 de d\u00e9veloppement professionnel et personnel.<\/li>\n<li><strong>R\u00e9mun\u00e9ration attractive&nbsp;:<\/strong> R\u00e9mun\u00e9ration bas\u00e9e sur la performance et avantages suppl\u00e9mentaires.<\/li>\n<li><strong>Flexibilit\u00e9&nbsp;:<\/strong> \u00c9quilibre entre vie professionnelle et vie priv\u00e9e gr\u00e2ce \u00e0 des horaires de travail flexibles et des structures favorables \u00e0 la famille.<\/li>\n<li><strong>Culture d&rsquo;\u00e9quipe&nbsp;:<\/strong> Une \u00e9quipe motiv\u00e9e et interdisciplinaire avec des hi\u00e9rarchies horizontales.<\/li>\n<li><strong>Avantage de l&#8217;emplacement&nbsp;:<\/strong> Travailler au c\u0153ur de Berlin dans un cabinet dynamique et en pleine croissance.<\/li>\n<\/ul>\n<h2><strong>\u00c0 propos de nous<\/strong><\/h2>\n<p>Le centre de comp\u00e9tences veineuses VenaZiel de Berlin est un centre de premier plan pour la sant\u00e9 veineuse, sp\u00e9cialis\u00e9 dans les traitements mini-invasifs et ax\u00e9s sur le patient. Nous combinons une technologie de pointe avec une attention humaine et sommes fiers d\u2019offrir \u00e0 nos patientes et patients des solutions sur mesure.<\/p>\n<h2><strong>Candidature<\/strong><\/h2>\n<p>Int\u00e9ress\u00e9(e) ? Alors, nous attendons votre candidature avec impatience ! Veuillez envoyer votre dossier complet (avec CV et certificats pertinents) par e-mail \u00e0 :<\/p>\n<p><strong>Dr Hamidreza Mahoozi<\/strong><\/p>\n<h5><strong>E-mail&nbsp;: <a href=\"mailto:karriere@venaziel.de\" target=\"_blank\" rel=\"noopener\">karriere@venaziel.de<\/a><\/strong><\/h5>\n<h5><strong>Objet&nbsp;: Candidature Phl\u00e9bologue\/Chirurgien vasculaire<\/strong><\/h5>\n<p>Pour toute question, n&rsquo;h\u00e9sitez pas \u00e0 nous contacter par t\u00e9l\u00e9phone au 030-25299482 \/ +49 30 25299479.<\/p>\n<p>Rejoignez notre \u00e9quipe et fa\u00e7onnez avec nous l&rsquo;avenir de la sant\u00e9 veineuse&nbsp;!<\/p>\n<\/div><\/div><\/div><\/div><\/div><div class=\"fusion-fullwidth fullwidth-box fusion-builder-row-3 fusion-flex-container has-pattern-background has-mask-background nonhundred-percent-fullwidth non-hundred-percent-height-scrolling\" style=\"--awb-border-radius-top-left:0px;--awb-border-radius-top-right:0px;--awb-border-radius-bottom-right:0px;--awb-border-radius-bottom-left:0px;--awb-flex-wrap:wrap;\" ><div class=\"fusion-builder-row fusion-row fusion-flex-align-items-flex-start fusion-flex-content-wrap\" style=\"max-width:78%;margin-left: calc(-4% \/ 2 );margin-right: calc(-4% \/ 2 );\"><div class=\"fusion-layout-column fusion_builder_column fusion-builder-column-3 fusion_builder_column_1_1 1_1 fusion-flex-column\" style=\"--awb-bg-size:cover;--awb-width-large:100%;--awb-margin-top-large:20px;--awb-spacing-right-large:1.92%;--awb-margin-bottom-large:20px;--awb-spacing-left-large:1.92%;--awb-width-medium:100%;--awb-order-medium:0;--awb-spacing-right-medium:1.92%;--awb-spacing-left-medium:1.92%;--awb-width-small:100%;--awb-order-small:0;--awb-spacing-right-small:1.92%;--awb-spacing-left-small:1.92%;\"><div class=\"fusion-column-wrapper fusion-column-has-shadow fusion-flex-justify-content-flex-start fusion-content-layout-column\"><div ><a class=\"fusion-button button-flat button-xlarge button-default fusion-button-default button-1 fusion-button-default-span fusion-button-default-type\" style=\"--button_text_transform:none;\" target=\"_self\" title=\"Postuler en ligne maintenant\" aria-label=\"Postuler en ligne maintenant\" role=\"button\" href=\"mailto:karriere@venaziel.de\"><span class=\"fusion-button-text awb-button__text awb-button__text--default\">Postuler en ligne maintenant<\/span><\/a><\/div><\/div><\/div><\/div><\/div><\/p>\n","protected":false},"excerpt":{"rendered":"","protected":false},"author":1,"featured_media":0,"parent":42480,"menu_order":0,"comment_status":"closed","ping_status":"closed","template":"100-width.php","meta":{"footnotes":""},"class_list":["post-42714","page","type-page","status-publish","hentry"],"_links":{"self":[{"href":"https:\/\/venaziel.de\/fr\/wp-json\/wp\/v2\/pages\/42714","targetHints":{"allow":["GET"]}}],"collection":[{"href":"https:\/\/venaziel.de\/fr\/wp-json\/wp\/v2\/pages"}],"about":[{"href":"https:\/\/venaziel.de\/fr\/wp-json\/wp\/v2\/types\/page"}],"author":[{"embeddable":true,"href":"https:\/\/venaziel.de\/fr\/wp-json\/wp\/v2\/users\/1"}],"replies":[{"embeddable":true,"href":"https:\/\/venaziel.de\/fr\/wp-json\/wp\/v2\/comments?post=42714"}],"version-history":[{"count":26,"href":"https:\/\/venaziel.de\/fr\/wp-json\/wp\/v2\/pages\/42714\/revisions"}],"predecessor-version":[{"id":74213,"href":"https:\/\/venaziel.de\/fr\/wp-json\/wp\/v2\/pages\/42714\/revisions\/74213"}],"up":[{"embeddable":true,"href":"https:\/\/venaziel.de\/fr\/wp-json\/wp\/v2\/pages\/42480"}],"wp:attachment":[{"href":"https:\/\/venaziel.de\/fr\/wp-json\/wp\/v2\/media?parent=42714"}],"curies":[{"name":"wp","href":"https:\/\/api.w.org\/{rel}","templated":true}]}}