{"id":42730,"date":"2024-07-01T10:11:04","date_gmt":"2024-07-01T10:11:04","guid":{"rendered":"https:\/\/venaziel.de\/venenzentrum\/wundzentrum\/"},"modified":"2026-04-24T19:57:31","modified_gmt":"2026-04-24T19:57:31","slug":"wundzentrum","status":"publish","type":"page","link":"https:\/\/venaziel.de\/fr\/venenzentrum\/wundzentrum\/","title":{"rendered":"Centre de cicatrisation"},"content":{"rendered":"<div class=\"fusion-fullwidth fullwidth-box fusion-builder-row-1 fusion-flex-container has-pattern-background has-mask-background nonhundred-percent-fullwidth non-hundred-percent-height-scrolling\" style=\"--awb-border-radius-top-left:0px;--awb-border-radius-top-right:0px;--awb-border-radius-bottom-right:0px;--awb-border-radius-bottom-left:0px;--awb-padding-right:0px;--awb-padding-left:0px;--awb-flex-wrap:wrap;\" ><div class=\"fusion-builder-row fusion-row fusion-flex-align-items-flex-start fusion-flex-content-wrap\" style=\"max-width:78%;margin-left: calc(-4% \/ 2 );margin-right: calc(-4% \/ 2 );\"><div class=\"fusion-layout-column fusion_builder_column fusion-builder-column-0 fusion_builder_column_1_1 1_1 fusion-flex-column\" style=\"--awb-bg-size:cover;--awb-width-large:100%;--awb-margin-top-large:0px;--awb-spacing-right-large:0%;--awb-margin-bottom-large:20px;--awb-spacing-left-large:0%;--awb-width-medium:100%;--awb-order-medium:0;--awb-spacing-right-medium:1.92%;--awb-spacing-left-medium:1.92%;--awb-width-small:100%;--awb-order-small:0;--awb-spacing-right-small:1.92%;--awb-spacing-left-small:1.92%;\"><div class=\"fusion-column-wrapper fusion-column-has-shadow fusion-flex-justify-content-flex-start fusion-content-layout-column\"><div class=\"fusion-text fusion-text-1\" style=\"--awb-text-font-family:&quot;Poppins&quot;;--awb-text-font-style:normal;--awb-text-font-weight:300;\"><h2 id=\"warum\" class=\"vc_custom_heading vc_custom_1685622796447\">Expertise pour les plaies chroniques<\/h2>\n<div class=\"nectar-responsive-text absatz font_size_desktop_16px font_line_height_1-5\">\n<p>Les patients souffrant de tous types de plaies chroniques avec des probl\u00e8mes de cicatrisation \u2013 de courte et de longue dur\u00e9e \u2013 sont trait\u00e9s au centre de traitement des plaies <strong>VenaZiel\u00ae<\/strong>. Nous nous effor\u00e7ons d&rsquo;offrir aux patients souffrant de plaies chroniques ou complexes une approche d&rsquo;\u00e9quipe holistique pour les soins des plaies.<\/p>\n<\/div>\n<\/div><div class=\"fusion-text fusion-text-2\" style=\"--awb-text-font-family:&quot;Poppins&quot;;--awb-text-font-style:normal;--awb-text-font-weight:300;\"><h2 class=\"vc_custom_heading vc_custom_1676384333752\">Une \u00e9quipe sp\u00e9cialis\u00e9e pour des soins des plaies optimaux :<\/h2>\n<h4 class=\"vc_custom_heading vc_custom_1676384333752\">Gestion moderne chez VenaZiel\u00ae<\/h4>\n<div class=\"nectar-responsive-text absatz font_size_desktop_16px font_line_height_1-5\">\n<p>L&rsquo;\u00e9quipe de soins des plaies se compose de plusieurs m\u00e9decins et d&rsquo;un groupe d&rsquo;infirmi\u00e8res sp\u00e9cialement form\u00e9es. Nous nous engageons \u00e0 fournir \u00e0 nos patients les meilleurs soins et le meilleur soutien possibles.<\/p>\n<p>Nous proposons une prise en charge moderne des plaies et des ulc\u00e8res, adapt\u00e9e \u00e0 chaque patient, dans le but de gu\u00e9rir un ulc\u00e8re ou une plaie le plus rapidement possible. Cela peut se faire dans un environnement clinique ou dans le confort du domicile du patient.<\/p>\n<\/div>\n<\/div><div class=\"fusion-text fusion-text-3\"><h2>Approche multidisciplinaire<\/h2>\n<p>Les consultations sont r\u00e9alis\u00e9es par des chirurgiens vasculaires consultants et une infirmi\u00e8re sp\u00e9cialis\u00e9e dans la viabilit\u00e9 des tissus, les art\u00e8res aff\u00e9rentes sont examin\u00e9es et les connaissances et les disciplines sont regroup\u00e9es dans la m\u00eame consultation. Il a \u00e9t\u00e9 d\u00e9montr\u00e9 que cette approche \u00ab&nbsp;multidisciplinaire&nbsp;\u00bb ou le principe de la pluralit\u00e9 des regards conduit aux meilleurs r\u00e9sultats et le meilleur traitement est propos\u00e9 chez VenaZiel\u00ae.<\/p>\n<\/div><div class=\"fusion-text fusion-text-4\"><h2 id=\"waswirtun\" class=\"vc_custom_heading vc_custom_1685618623856\">Ce que nous faisons<\/h2>\n<div class=\"nectar-responsive-text absatz font_size_desktop_16px font_line_height_1-5\">\n<p>Nous proposons une prise en charge moderne des plaies et des ulc\u00e8res, adapt\u00e9e \u00e0 chaque patient, dans le but de gu\u00e9rir un ulc\u00e8re ou une plaie le plus rapidement possible. Notre approche est bas\u00e9e sur les derni\u00e8res avanc\u00e9es de la recherche avec des m\u00e9thodes \u00e9prouv\u00e9es et test\u00e9es.<\/p>\n<p>Nous sommes une \u00e9quipe attentionn\u00e9e et consciencieuse qui tient compte des besoins et du style de vie de chaque patient afin d&rsquo;\u00e9laborer un programme individualis\u00e9 de traitement des plaies et des ulc\u00e8res.<\/p>\n<\/div>\n<div class=\"nectar-responsive-text absatz font_size_desktop_25px font_line_height_1-5\">\n<blockquote>\n<p><strong>Nous traitons une multitude de plaies et notre approche est bas\u00e9e sur les derni\u00e8res avanc\u00e9es de la recherche avec des m\u00e9thodes \u00e9prouv\u00e9es.<\/strong><\/p>\n<\/blockquote>\n<\/div>\n<\/div><div class=\"fusion-image-element \" style=\"--awb-aspect-ratio:16 \/ 9;--awb-caption-title-font-family:var(--h2_typography-font-family);--awb-caption-title-font-weight:var(--h2_typography-font-weight);--awb-caption-title-font-style:var(--h2_typography-font-style);--awb-caption-title-size:var(--h2_typography-font-size);--awb-caption-title-transform:var(--h2_typography-text-transform);--awb-caption-title-line-height:var(--h2_typography-line-height);--awb-caption-title-letter-spacing:var(--h2_typography-letter-spacing);\"><span class=\" fusion-imageframe imageframe-dropshadow imageframe-1 hover-type-none has-aspect-ratio\" style=\"border-radius:10px;-webkit-box-shadow: 3px 3px 7px var(--awb-color3);box-shadow: 3px 3px 7px var(--awb-color3);\"><img decoding=\"async\" width=\"1200\" height=\"586\" title=\"close-up-of-cyanotic-keloid-scar-chronic-surgery-wundzentrum-berlin\" src=\"https:\/\/venaziel.de\/wp-content\/uploads\/2024\/07\/close-up-of-cyanotic-keloid-scar-chronic-surgery-wundzentrum-berlin.jpg\" data-orig-src=\"https:\/\/venaziel.de\/wp-content\/uploads\/2024\/07\/close-up-of-cyanotic-keloid-scar-chronic-surgery-wundzentrum-berlin.jpg\" class=\"lazyload img-responsive wp-image-42732 img-with-aspect-ratio\" data-parent-fit=\"cover\" data-parent-container=\".fusion-image-element\" srcset=\"data:image\/svg+xml,%3Csvg%20xmlns%3D%27http%3A%2F%2Fwww.w3.org%2F2000%2Fsvg%27%20width%3D%271200%27%20height%3D%27586%27%20viewBox%3D%270%200%201200%20586%27%3E%3Crect%20width%3D%271200%27%20height%3D%27586%27%20fill-opacity%3D%220%22%2F%3E%3C%2Fsvg%3E\" data-srcset=\"https:\/\/venaziel.de\/wp-content\/uploads\/2024\/07\/close-up-of-cyanotic-keloid-scar-chronic-surgery-wundzentrum-berlin-200x98.jpg 200w, https:\/\/venaziel.de\/wp-content\/uploads\/2024\/07\/close-up-of-cyanotic-keloid-scar-chronic-surgery-wundzentrum-berlin-400x195.jpg 400w, https:\/\/venaziel.de\/wp-content\/uploads\/2024\/07\/close-up-of-cyanotic-keloid-scar-chronic-surgery-wundzentrum-berlin-600x293.jpg 600w, https:\/\/venaziel.de\/wp-content\/uploads\/2024\/07\/close-up-of-cyanotic-keloid-scar-chronic-surgery-wundzentrum-berlin-800x391.jpg 800w, https:\/\/venaziel.de\/wp-content\/uploads\/2024\/07\/close-up-of-cyanotic-keloid-scar-chronic-surgery-wundzentrum-berlin.jpg 1200w\" data-sizes=\"auto\" data-orig-sizes=\"(max-width: 1024px) 100vw, (max-width: 676px) 100vw, 1200px\" data-orig- alt=\"\"><\/span><\/div><div class=\"fusion-text fusion-text-5\"><h2 id=\"beingeschwuer\" class=\"vc_custom_heading vc_custom_1685622449467\">Qu&rsquo;est-ce qu&rsquo;un ulc\u00e8re de jambe ?<\/h2>\n<div class=\"nectar-responsive-text absatz font_size_desktop_16px font_line_height_1-5\">\n<p>Un ulc\u00e8re de jambe est simplement une fissure dans la peau de la jambe, permettant \u00e0 l&rsquo;air et aux bact\u00e9ries de p\u00e9n\u00e9trer dans les tissus sous-jacents. Ceci est g\u00e9n\u00e9ralement caus\u00e9 par une blessure, souvent mineure, qui provoque la rupture de la peau.<\/p>\n<p>Chez la plupart des gens, une telle blessure gu\u00e9rit sans difficult\u00e9 en une semaine environ. Cependant, s&rsquo;il existe un probl\u00e8me sous-jacent, en particulier avec la circulation sanguine, la peau ne gu\u00e9rit pas et la zone de la l\u00e9sion peut augmenter en taille et rester ouverte.<\/p>\n<p>Il s&rsquo;agit d&rsquo;un ulc\u00e8re de jambe chronique. Jusqu&rsquo;\u00e0 10&nbsp;% de la population de plus de 70&nbsp;ans souffre d&rsquo;un ulc\u00e8re de jambe.<\/p>\n<\/div>\n<\/div><div class=\"fusion-text fusion-text-6\"><h2 id=\"arteriell\" class=\"vc_custom_heading vc_custom_1685622482650\">Ulc\u00e8res art\u00e9riels<\/h2>\n<div class=\"nectar-responsive-text absatz font_size_desktop_16px font_line_height_1-6\">\n<p>Les ulc\u00e8res art\u00e9riels, \u00e9galement connus sous le nom d&rsquo;\u00ab&nbsp;ulc\u00e8res isch\u00e9miques&nbsp;\u00bb, sont caus\u00e9s par un apport sanguin insuffisant aux membres inf\u00e9rieurs. Ceci est \u00e9galement appel\u00e9 \u00ab&nbsp;maladie vasculaire p\u00e9riph\u00e9rique&nbsp;\u00bb.<\/p>\n<p>Elle est souvent caus\u00e9e par des facteurs de risque tels que l&rsquo;hypertension art\u00e9rielle, le diab\u00e8te, le tabagisme et un taux de cholest\u00e9rol \u00e9lev\u00e9. Ils sont plus fr\u00e9quents chez les hommes et les personnes \u00e2g\u00e9es.<\/p>\n<p>La peau et les tissus des pieds et des chevilles sont priv\u00e9s d&rsquo;oxyg\u00e8ne et les tissus sus-jacents meurent, ce qui fait que la zone forme une plaie ouverte \u2013 un ulc\u00e8re. De plus, en raison d&rsquo;un apport sanguin insuffisant, m\u00eame les coupures et \u00e9raflures mineures ne peuvent pas gu\u00e9rir et se transforment souvent en ulc\u00e8res.<\/p>\n<p>Les ulc\u00e8res art\u00e9riels sont g\u00e9n\u00e9ralement douloureux et peuvent provoquer des douleurs la nuit. Non trait\u00e9s, les ulc\u00e8res art\u00e9riels peuvent entra\u00eener des complications tr\u00e8s graves, notamment la gangr\u00e8ne (tissus morts), l&rsquo;amputation des orteils et m\u00eame du bas de la jambe.<\/p>\n<\/div>\n<\/div><div class=\"fusion-text fusion-text-7\"><h2 id=\"fussgeschwuer\" class=\"vc_custom_heading vc_custom_1685624231940\">Ulc\u00e8res du pied diab\u00e9tique<\/h2>\n<div class=\"nectar-responsive-text absatz font_size_desktop_16px font_line_height_1-6\">\n<p>Le diab\u00e8te touche plus d&rsquo;environ 7&nbsp;millions de personnes en Allemagne, et environ 15&nbsp;% des diab\u00e9tiques souffrent d&rsquo;ulc\u00e8res du pied diab\u00e9tique. En effet, en cas de diab\u00e8te, des taux anormaux de sucre dans le sang endommagent avec le temps les nerfs du bas de la jambe, entra\u00eenant une perte de sensation dans le pied.<\/p>\n<p>Cette l\u00e9sion nerveuse, associ\u00e9e \u00e0 une circulation sanguine limit\u00e9e ou mauvaise dans le pied (\u00e9galement due au diab\u00e8te), entra\u00eene le d\u00e9veloppement d&rsquo;ulc\u00e8res plus fr\u00e9quemment que dans le reste de la population.<\/p>\n<p>Le diab\u00e8te ralentit souvent le processus de cicatrisation des plaies et des ulc\u00e8res et les rend plus vuln\u00e9rables aux infections.<\/p>\n<p>Malheureusement, en raison du processus de cicatrisation alt\u00e9r\u00e9, les ulc\u00e8res du pied diab\u00e9tique restent un probl\u00e8me de sant\u00e9 chronique chez de nombreux patients et affectent consid\u00e9rablement leur qualit\u00e9 de vie.<\/p>\n<\/div>\n<\/div><div class=\"fusion-text fusion-text-8\"><h2 id=\"druck\" class=\"vc_custom_heading vc_custom_1685622597626\">Plaies de pression<\/h2>\n<div class=\"nectar-responsive-text absatz font_size_desktop_16px font_line_height_1-6\">\n<p>Un escarre est une l\u00e9sion de la peau et des couches tissulaires plus profondes sous la peau. Cela se produit lorsqu&rsquo;une pression constante est exerc\u00e9e sur la zone, g\u00e9n\u00e9ralement un point de pression comme au-dessus des fesses ou du talon, ce qui interrompt ou restreint l&rsquo;apport sanguin.<\/p>\n<p>Rester allong\u00e9 longtemps dans un lit ou assis sur une chaise pr\u00e9dispose aux escarres, \u00e9galement appel\u00e9s \u00ab&nbsp;escarres de d\u00e9cubitus&nbsp;\u00bb ou \u00ab&nbsp;escarres&nbsp;\u00bb. Ils touchent entre une et cinq personnes sur 100 admises \u00e0 l&rsquo;h\u00f4pital.<\/p>\n<p>Non trait\u00e9s, les escarres ont tendance \u00e0 s&rsquo;infecter et \u00e0 endommager les tissus sous-jacents. Ils mettent \u00e9galement beaucoup de temps \u00e0 gu\u00e9rir.<\/p>\n<\/div>\n<\/div><div class=\"fusion-image-element \" style=\"--awb-aspect-ratio:16 \/ 9;--awb-object-position:45% 64%;--awb-caption-title-font-family:var(--h2_typography-font-family);--awb-caption-title-font-weight:var(--h2_typography-font-weight);--awb-caption-title-font-style:var(--h2_typography-font-style);--awb-caption-title-size:var(--h2_typography-font-size);--awb-caption-title-transform:var(--h2_typography-text-transform);--awb-caption-title-line-height:var(--h2_typography-line-height);--awb-caption-title-letter-spacing:var(--h2_typography-letter-spacing);\"><span class=\" fusion-imageframe imageframe-dropshadow imageframe-2 hover-type-none has-aspect-ratio\" style=\"border-radius:10px;-webkit-box-shadow: 3px 3px 7px var(--awb-color3);box-shadow: 3px 3px 7px var(--awb-color3);\"><img decoding=\"async\" width=\"1024\" height=\"461\" title=\"wound-center-treating-chronische-venoese-wunde-in-berlin\" src=\"https:\/\/venaziel.de\/wp-content\/uploads\/2024\/07\/wound-center-treating-chronische-venoese-wunde-in-berlin.jpg\" data-orig-src=\"https:\/\/venaziel.de\/wp-content\/uploads\/2024\/07\/wound-center-treating-chronische-venoese-wunde-in-berlin-1024x461.jpg\" class=\"lazyload img-responsive wp-image-42733 img-with-aspect-ratio\" data-parent-fit=\"cover\" data-parent-container=\".fusion-image-element\" srcset=\"data:image\/svg+xml,%3Csvg%20xmlns%3D%27http%3A%2F%2Fwww.w3.org%2F2000%2Fsvg%27%20width%3D%271200%27%20height%3D%27540%27%20viewBox%3D%270%200%201200%20540%27%3E%3Crect%20width%3D%271200%27%20height%3D%27540%27%20fill-opacity%3D%220%22%2F%3E%3C%2Fsvg%3E\" data-srcset=\"https:\/\/venaziel.de\/wp-content\/uploads\/2024\/07\/wound-center-treating-chronische-venoese-wunde-in-berlin-200x90.jpg 200w, https:\/\/venaziel.de\/wp-content\/uploads\/2024\/07\/wound-center-treating-chronische-venoese-wunde-in-berlin-400x180.jpg 400w, https:\/\/venaziel.de\/wp-content\/uploads\/2024\/07\/wound-center-treating-chronische-venoese-wunde-in-berlin-600x270.jpg 600w, https:\/\/venaziel.de\/wp-content\/uploads\/2024\/07\/wound-center-treating-chronische-venoese-wunde-in-berlin-800x360.jpg 800w, https:\/\/venaziel.de\/wp-content\/uploads\/2024\/07\/wound-center-treating-chronische-venoese-wunde-in-berlin.jpg 1200w\" data-sizes=\"auto\" data-orig-sizes=\"(max-width: 1024px) 100vw, (max-width: 676px) 100vw, 1024px\" alt=\"\"><\/span><\/div><div class=\"fusion-text fusion-text-9\"><h2 id=\"chirurgisch\" class=\"vc_custom_heading vc_custom_1685622624518\">Plaies chirurgicales<\/h2>\n<div class=\"nectar-responsive-text absatz font_size_desktop_16px font_line_height_1-6\">\n<p>Une plaie op\u00e9ratoire est une plaie associ\u00e9e \u00e0 une incision apr\u00e8s une op\u00e9ration. La plaie peut poser des probl\u00e8mes dans les jours ou les semaines suivant l&rsquo;op\u00e9ration.<\/p>\n<p>Parfois, les plaies ne gu\u00e9rissent pas, m\u00eame si l&rsquo;op\u00e9ration elle-m\u00eame est r\u00e9ussie. Les infections chroniques, m\u00eame une infection de bas grade, retardent la gu\u00e9rison. Ceci est particuli\u00e8rement vrai apr\u00e8s une chirurgie intestinale ou une chirurgie dans la r\u00e9gion de l&rsquo;anus\/des fesses.<\/p>\n<p>Apr\u00e8s l&rsquo;op\u00e9ration, il existe \u00e9galement une condition connue sous le nom d&rsquo;\u00ab&nbsp;hypergranulation&nbsp;\u00bb ou de \u00ab&nbsp;surgranulation&nbsp;\u00bb. Ici, il y a une prolif\u00e9ration de tissu de gu\u00e9rison ou de \u00ab&nbsp;granulation&nbsp;\u00bb et la peau sus-jacente ne se d\u00e9veloppe pas.<\/p>\n<p>Le tissu de granulation repose sur la peau environnante. Ce probl\u00e8me peut devenir un probl\u00e8me chronique, et cela n\u00e9cessite des techniques sp\u00e9ciales de cicatrisation des plaies.<\/p>\n<p>Nous traitons \u00e9galement les plaies apr\u00e8s des interventions de chirurgie plastique o\u00f9 les incisions n&rsquo;ont pas cicatris\u00e9 comme pr\u00e9vu. Nous traitons dans la clinique <strong>VenaZiel\u00ae<\/strong> un nombre croissant de probl\u00e8mes apr\u00e8s des op\u00e9rations de chirurgie plastique.<\/p>\n<\/div>\n<\/div><div class=\"fusion-text fusion-text-10\"><h2 id=\"krebs\" class=\"vc_custom_heading vc_custom_1685627315237\">Plaies li\u00e9es au cancer<\/h2>\n<div class=\"nectar-responsive-text absatz font_size_desktop_16px font_line_height_1-6\">\n<p>En pr\u00e9sence d&rsquo;un cancer ou d&rsquo;une \u00ab malignit\u00e9 \u00bb, le syst\u00e8me immunitaire du corps peut \u00eatre si affaibli que le corps a du mal \u00e0 gu\u00e9rir une plaie ouverte ou un ulc\u00e8re.<\/p>\n<p>Une chimioth\u00e9rapie en cours peut \u00e9galement inhiber le processus de gu\u00e9rison. Dans ces situations, une prise en charge sp\u00e9cialis\u00e9e des plaies est essentielle.<\/p>\n<\/div>\n<\/div><\/div><\/div><\/div><\/div>\n","protected":false},"excerpt":{"rendered":"<p>Bienvenue au Centre de cicatrisation, votre partenaire sp\u00e9cialis\u00e9 dans le traitement des plaies veineuses chroniques. <\/p>\n<p>Nos experts vous proposent des approches th\u00e9rapeutiques ultramodernes et une prise en charge personnalis\u00e9e afin de favoriser la cicatrisation de votre plaie et d&rsquo;am\u00e9liorer votre qualit\u00e9 de vie. Gr\u00e2ce \u00e0 notre longue exp\u00e9rience et \u00e0 l&rsquo;utilisation de m\u00e9thodes innovantes de soins des plaies, nous veillons \u00e0 ce que vous receviez les meilleurs soins possibles. Faites confiance \u00e0 notre comp\u00e9tence et laissez-vous accompagner professionnellement par nos soins.<\/p>\n","protected":false},"author":1,"featured_media":42731,"parent":40854,"menu_order":0,"comment_status":"closed","ping_status":"closed","template":"","meta":{"footnotes":""},"class_list":["post-42730","page","type-page","status-publish","has-post-thumbnail","hentry"],"_links":{"self":[{"href":"https:\/\/venaziel.de\/fr\/wp-json\/wp\/v2\/pages\/42730","targetHints":{"allow":["GET"]}}],"collection":[{"href":"https:\/\/venaziel.de\/fr\/wp-json\/wp\/v2\/pages"}],"about":[{"href":"https:\/\/venaziel.de\/fr\/wp-json\/wp\/v2\/types\/page"}],"author":[{"embeddable":true,"href":"https:\/\/venaziel.de\/fr\/wp-json\/wp\/v2\/users\/1"}],"replies":[{"embeddable":true,"href":"https:\/\/venaziel.de\/fr\/wp-json\/wp\/v2\/comments?post=42730"}],"version-history":[{"count":211,"href":"https:\/\/venaziel.de\/fr\/wp-json\/wp\/v2\/pages\/42730\/revisions"}],"predecessor-version":[{"id":78297,"href":"https:\/\/venaziel.de\/fr\/wp-json\/wp\/v2\/pages\/42730\/revisions\/78297"}],"up":[{"embeddable":true,"href":"https:\/\/venaziel.de\/fr\/wp-json\/wp\/v2\/pages\/40854"}],"wp:featuredmedia":[{"embeddable":true,"href":"https:\/\/venaziel.de\/fr\/wp-json\/wp\/v2\/media\/42731"}],"wp:attachment":[{"href":"https:\/\/venaziel.de\/fr\/wp-json\/wp\/v2\/media?parent=42730"}],"curies":[{"name":"wp","href":"https:\/\/api.w.org\/{rel}","templated":true}]}}