{"id":55219,"date":"2025-08-12T15:15:46","date_gmt":"2025-08-12T15:15:46","guid":{"rendered":"https:\/\/venaziel.de\/karriere\/ota\/"},"modified":"2026-04-14T12:08:03","modified_gmt":"2026-04-14T12:08:03","slug":"ota","status":"publish","type":"page","link":"https:\/\/venaziel.de\/fr\/karriere\/ota\/","title":{"rendered":"Assistant\/e technique\/e en bloc op\u00e9ratoire (OTA)"},"content":{"rendered":"<p><div class=\"fusion-fullwidth fullwidth-box fusion-builder-row-1 fusion-flex-container nonhundred-percent-fullwidth non-hundred-percent-height-scrolling\" style=\"--link_hover_color: #d21e36;--link_color: #d21e36;--awb-border-sizes-top:0px;--awb-border-sizes-bottom:0px;--awb-border-sizes-left:0px;--awb-border-sizes-right:0px;--awb-border-color:#d1d1d1;--awb-border-radius-top-left:0px;--awb-border-radius-top-right:0px;--awb-border-radius-bottom-right:0px;--awb-border-radius-bottom-left:0px;--awb-padding-top:40px;--awb-padding-right:30px;--awb-padding-bottom:40px;--awb-padding-left:30px;--awb-padding-top-medium:36px;--awb-padding-right-medium:0px;--awb-padding-bottom-medium:37px;--awb-padding-left-medium:0px;--awb-padding-top-small:13px;--awb-padding-right-small:0px;--awb-padding-bottom-small:0px;--awb-padding-left-small:0px;--awb-margin-top:0px;--awb-margin-bottom:0px;--awb-background-color:var(--awb-color2);--awb-flex-wrap:wrap;\" ><div class=\"fusion-builder-row fusion-row fusion-flex-align-items-stretch fusion-flex-content-wrap\" style=\"max-width:78%;margin-left: calc(-4% \/ 2 );margin-right: calc(-4% \/ 2 );\"><div class=\"fusion-layout-column fusion_builder_column fusion-builder-column-0 fusion_builder_column_3_5 3_5 fusion-flex-column fusion-flex-align-self-center fusion-animated\" style=\"--awb-bg-size:cover;--awb-width-large:60%;--awb-margin-top-large:0px;--awb-spacing-right-large:3.04%;--awb-margin-bottom-large:40px;--awb-spacing-left-large:3.2%;--awb-width-medium:50%;--awb-order-medium:0;--awb-spacing-right-medium:3.648%;--awb-margin-bottom-medium:60px;--awb-spacing-left-medium:0%;--awb-width-small:100%;--awb-order-small:1;--awb-spacing-right-small:1.92%;--awb-spacing-left-small:1.92%;\" data-animationType=\"fadeInLeft\" data-animationDuration=\"1.3\" data-animationOffset=\"top-into-view\"><div class=\"fusion-column-wrapper fusion-column-has-shadow fusion-flex-justify-content-flex-start fusion-content-layout-column\"><div class=\"fusion-title title fusion-title-1 fusion-sep-none fusion-title-text fusion-title-size-one\" style=\"--awb-text-color:var(--awb-custom_color_3);--awb-margin-top:10px;--awb-margin-bottom:30px;--awb-margin-top-small:10px;--awb-margin-right-small:0px;--awb-margin-bottom-small:10px;--awb-margin-left-small:0px;--awb-sep-color:#d1d1d1;--awb-font-size:32px;\"><h1 class=\"fusion-title-heading title-heading-left fusion-responsive-typography-calculated\" style=\"font-family:&quot;Poppins&quot;;font-style:normal;font-weight:500;margin:0;letter-spacing:;text-transform:var(--awb-typography1-text-transform);font-size:1em;--fontSize:32;line-height:1.2;\">Assistant(e) technique en chirurgie (OTA) ou infirmier\/i\u00e8re de bloc op\u00e9ratoire \/ infirmier\/i\u00e8re de salle d\u2019op\u00e9ration&nbsp;<\/h1><\/div><div class=\"fusion-text fusion-text-1 fusion-text-no-margin\" style=\"--awb-font-size:20px;--awb-line-height:1.7;--awb-letter-spacing:-0.35px;--awb-text-transform:var(--awb-typography4-text-transform);--awb-text-color:var(--awb-custom_color_4);--awb-text-font-family:&quot;Poppins&quot;;--awb-text-font-style:normal;--awb-text-font-weight:400;\"><p>pour le bloc op\u00e9ratoire ambulatoire \u2013 Venaziel Berlin MVZ&nbsp;<\/p>\n<\/div><\/div><\/div><div class=\"fusion-layout-column fusion_builder_column fusion-builder-column-1 fusion_builder_column_2_5 2_5 fusion-flex-column fusion-animated\" style=\"--awb-overflow:hidden;--awb-bg-size:cover;--awb-box-shadow:15px 15px 20px -20px var(--awb-custom_color_5);;--awb-border-radius:10px 10px 10px 10px;--awb-width-large:40%;--awb-margin-top-large:0px;--awb-spacing-right-large:4.8%;--awb-margin-bottom-large:0px;--awb-spacing-left-large:5.28%;--awb-width-medium:50%;--awb-order-medium:1;--awb-spacing-right-medium:3.84%;--awb-spacing-left-medium:4.224%;--awb-width-small:100%;--awb-order-small:0;--awb-spacing-right-small:0%;--awb-margin-bottom-small:36px;--awb-spacing-left-small:0%;\" data-animationType=\"fadeIn\" data-animationDuration=\"1.3\" data-animationOffset=\"top-into-view\"><div class=\"fusion-column-wrapper fusion-column-has-shadow fusion-flex-justify-content-flex-start fusion-content-layout-column\"><div class=\"fusion-image-element \" style=\"--awb-caption-title-color:#ffffff;--awb-caption-text-color:#ffffff;--awb-caption-text-size:16px;--awb-caption-text-transform:var(--awb-typography5-text-transform);--awb-caption-text-line-height:1.7;--awb-caption-text-letter-spacing:0px;--awb-caption-border-color:#ffffff;--awb-caption-overlay-color:#0058aa;--awb-caption-title-font-family:&quot;Noto Serif&quot;;--awb-caption-title-font-weight:400;--awb-caption-title-font-style:normal;--awb-caption-title-size:34px;--awb-caption-title-transform:var(--awb-typography1-text-transform);--awb-caption-title-line-height:1.2;--awb-caption-title-letter-spacing:-1px;--awb-caption-text-font-family:&quot;Roboto&quot;;--awb-caption-text-font-style:normal;--awb-caption-text-font-weight:400;\"><span class=\" fusion-imageframe imageframe-none imageframe-1 hover-type-none\" style=\"border-radius:4px;\"><picture class=\"lazyload wp-picture-55220\" style=\"display: contents;\"><source type=\"image\/avif\" srcset=\"data:image\/svg+xml,%3Csvg%20xmlns%3D%27http%3A%2F%2Fwww.w3.org%2F2000%2Fsvg%27%20width%3D%271200%27%20height%3D%27800%27%20viewBox%3D%270%200%201200%20800%27%3E%3Crect%20width%3D%271200%27%20height%3D%27800%27%20fill-opacity%3D%220%22%2F%3E%3C%2Fsvg%3E\" data-srcset=\"https:\/\/venaziel.de\/wp-content\/uploads\/2025\/08\/ota-jpg.avif 1200w, https:\/\/venaziel.de\/wp-content\/uploads\/2025\/08\/ota-250x167-jpg.avif 250w, https:\/\/venaziel.de\/wp-content\/uploads\/2025\/08\/ota-1024x683-jpg.avif 1024w, https:\/\/venaziel.de\/wp-content\/uploads\/2025\/08\/ota-768x512-jpg.avif 768w\" data-sizes=\"auto\" data-orig-sizes=\"(max-width: 1024px) 100vw, (max-width: 676px) 100vw, 600px\"><picture class=\"wp-picture-55220\" style=\"display: contents;\"><source type=\"image\/avif\" srcset=\"https:\/\/venaziel.de\/wp-content\/uploads\/2025\/08\/ota-jpg.avif\"><img data-dominant-color=\"90a9c0\" data-has-transparency=\"false\" style=\"--dominant-color: #90a9c0;\" decoding=\"async\" width=\"1200\" height=\"800\" title=\"ota\" src=\"https:\/\/venaziel.de\/wp-content\/uploads\/2025\/08\/ota.jpg\" data-orig-src=\"https:\/\/venaziel.de\/wp-content\/uploads\/2025\/08\/ota.jpg\" class=\"lazyload img-responsive wp-image-55220 not-transparent\" srcset=\"data:image\/svg+xml,%3Csvg%20xmlns%3D%27http%3A%2F%2Fwww.w3.org%2F2000%2Fsvg%27%20width%3D%271200%27%20height%3D%27800%27%20viewBox%3D%270%200%201200%20800%27%3E%3Crect%20width%3D%271200%27%20height%3D%27800%27%20fill-opacity%3D%220%22%2F%3E%3C%2Fsvg%3E\" data-srcset=\"https:\/\/venaziel.de\/wp-content\/uploads\/2025\/08\/ota-200x133.jpg 200w, https:\/\/venaziel.de\/wp-content\/uploads\/2025\/08\/ota-400x267.jpg 400w, https:\/\/venaziel.de\/wp-content\/uploads\/2025\/08\/ota-600x400.jpg 600w, https:\/\/venaziel.de\/wp-content\/uploads\/2025\/08\/ota-800x533.jpg 800w, https:\/\/venaziel.de\/wp-content\/uploads\/2025\/08\/ota.jpg 1200w\" data-sizes=\"auto\" data-orig-sizes=\"(max-width: 1024px) 100vw, (max-width: 676px) 100vw, 600px\" data-orig- alt=\"\"><\/picture><\/picture><\/span><\/div><\/div><\/div><\/div><\/div><div class=\"fusion-fullwidth fullwidth-box fusion-builder-row-2 fusion-flex-container has-pattern-background has-mask-background nonhundred-percent-fullwidth non-hundred-percent-height-scrolling\" style=\"--awb-border-radius-top-left:0px;--awb-border-radius-top-right:0px;--awb-border-radius-bottom-right:0px;--awb-border-radius-bottom-left:0px;--awb-flex-wrap:wrap;\" ><div class=\"fusion-builder-row fusion-row fusion-flex-align-items-flex-start fusion-flex-content-wrap\" style=\"max-width:78%;margin-left: calc(-4% \/ 2 );margin-right: calc(-4% \/ 2 );\"><div class=\"fusion-layout-column fusion_builder_column fusion-builder-column-2 fusion_builder_column_1_1 1_1 fusion-flex-column\" style=\"--awb-bg-size:cover;--awb-width-large:100%;--awb-margin-top-large:53px;--awb-spacing-right-large:1.92%;--awb-margin-bottom-large:20px;--awb-spacing-left-large:1.92%;--awb-width-medium:100%;--awb-order-medium:0;--awb-spacing-right-medium:1.92%;--awb-spacing-left-medium:1.92%;--awb-width-small:100%;--awb-order-small:0;--awb-margin-top-small:40px;--awb-spacing-right-small:1.92%;--awb-spacing-left-small:1.92%;\"><div class=\"fusion-column-wrapper fusion-column-has-shadow fusion-flex-justify-content-flex-start fusion-content-layout-column\"><div class=\"fusion-text fusion-text-2\"><p>12.02.2026<\/p>\n<h2><strong>Votre carri\u00e8re dans un centre innovant pour la sant\u00e9 veineuse !<\/strong><\/h2>\n<p data-start=\"397\" data-end=\"523\">Fa\u00e7onnez l&rsquo;avenir de la sant\u00e9 veineuse avec nous !<\/p>\n<p data-start=\"525\" data-end=\"776\">Le centre de comp\u00e9tences veineuses VenaZiel (VKZ) Berlin est synonyme de qualit\u00e9 sup\u00e9rieure en mati\u00e8re de diagnostic et de traitement des maladies veineuses ainsi que des affections proctologiques. Pour renforcer notre \u00e9quipe, nous recherchons d\u00e8s maintenant une personne motiv\u00e9e et comp\u00e9tente en tant que :<\/p>\n<p data-start=\"778\" data-end=\"835\"><strong>&#x27a1; Assistant(e) technique en chirurgie (OTA) ou infirmier\/i\u00e8re de bloc op\u00e9ratoire \/ infirmier\/i\u00e8re de salle d\u2019op\u00e9ration (h\/f\/d)<\/strong><\/p>\n<h2><strong>Vos missions<\/strong><\/h2>\n<ul>\n<li>Assistance lors d\u2019interventions chirurgicales ambulatoires<\/li>\n<li>Pr\u00e9paration, r\u00e9alisation et suivi postop\u00e9ratoire des interventions<\/li>\n<li>Gestion des instruments et activit\u00e9s de circulant(e)<\/li>\n<li>Garantie des normes d\u2019hygi\u00e8ne et de qualit\u00e9<\/li>\n<li>Prise en charge et surveillance des patient(e)s avant, pendant et apr\u00e8s l\u2019intervention<\/li>\n<li>Collaboration \u00e9troite avec les m\u00e9decins et l\u2019\u00e9quipe du bloc op\u00e9ratoire<\/li>\n<\/ul>\n<h2><strong>Votre profil<\/strong><\/h2>\n<ul>\n<li>Formation achev\u00e9e en tant qu\u2019infirmier\/i\u00e8re de bloc op\u00e9ratoire \/ infirmier\/i\u00e8re de salle d\u2019op\u00e9ration ou OTA<\/li>\n<li>Id\u00e9alement, exp\u00e9rience en chirurgie ambulatoire<\/li>\n<li>M\u00e9thode de travail responsable, structur\u00e9e et autonome<\/li>\n<li>Esprit d\u2019\u00e9quipe, fiabilit\u00e9 et empathie dans la prise en charge des patient(e)s<\/li>\n<li>Bonne ma\u00eetrise de l\u2019allemand \u00e0 l\u2019oral et \u00e0 l\u2019\u00e9crit<\/li>\n<\/ul>\n<h2><strong>Nous vous offrons<\/strong><\/h2>\n<ul>\n<li>Un <strong>contrat \u00e0 dur\u00e9e ind\u00e9termin\u00e9e<\/strong> \u00e0 temps plein ou \u00e0 temps partiel<\/li>\n<li>Horaires r\u00e9guliers<strong> sans gardes de nuit, de week-end ni astreintes<\/strong><\/li>\n<li>Un environnement de travail moderne et convivial<\/li>\n<li>Une \u00e9quipe coll\u00e9giale et bienveillante<\/li>\n<li>R\u00e9mun\u00e9ration attractive ainsi que des avantages suppl\u00e9mentaires<\/li>\n<li>Int\u00e9gration structur\u00e9e et possibilit\u00e9s d\u2019\u00e9volution<\/li>\n<\/ul>\n<h2><strong>\u00c0 propos de nous<\/strong><\/h2>\n<p>Le centre de comp\u00e9tence veineuse VenaZiel de Berlin est un centre de r\u00e9f\u00e9rence en sant\u00e9 veineuse, chirurgie visc\u00e9rale, chirurgie plastique et proctologie. Gr\u00e2ce \u00e0 une technologie de pointe et \u00e0 une approche centr\u00e9e sur le patient, nous offrons des possibilit\u00e9s compl\u00e8tes de traitement et de th\u00e9rapie.<\/p>\n<h2><strong>Candidature<\/strong><\/h2>\n<p>Int\u00e9ress\u00e9(e) ? Alors, nous attendons votre candidature avec impatience ! Veuillez envoyer votre dossier complet (avec CV et certificats pertinents) par e-mail \u00e0 :<\/p>\n<p><strong>Dr Hamidreza Mahoozi<\/strong><\/p>\n<h5><strong>E-mail : <a href=\"mailto:karriere@venaziel.de\" target=\"_blank\" rel=\"noopener\">karriere@venaziel.de<\/a><\/strong><\/h5>\n<h5><strong>Objet : Candidature OTA<\/strong><\/h5>\n<p>Pour toute question, nous sommes \u00e0 votre disposition par t\u00e9l\u00e9phone au 030-25299482 \/ +49 30 25299479.<\/p>\n<p>Rejoignez notre \u00e9quipe et fa\u00e7onnez avec nous l&rsquo;avenir de la sant\u00e9 veineuse&nbsp;!<\/p>\n<\/div><\/div><\/div><\/div><\/div><div class=\"fusion-fullwidth fullwidth-box fusion-builder-row-3 fusion-flex-container has-pattern-background has-mask-background nonhundred-percent-fullwidth non-hundred-percent-height-scrolling\" style=\"--awb-border-radius-top-left:0px;--awb-border-radius-top-right:0px;--awb-border-radius-bottom-right:0px;--awb-border-radius-bottom-left:0px;--awb-flex-wrap:wrap;\" ><div class=\"fusion-builder-row fusion-row fusion-flex-align-items-flex-start fusion-flex-content-wrap\" style=\"max-width:78%;margin-left: calc(-4% \/ 2 );margin-right: calc(-4% \/ 2 );\"><div class=\"fusion-layout-column fusion_builder_column fusion-builder-column-3 fusion_builder_column_1_1 1_1 fusion-flex-column\" style=\"--awb-bg-size:cover;--awb-width-large:100%;--awb-margin-top-large:20px;--awb-spacing-right-large:1.92%;--awb-margin-bottom-large:20px;--awb-spacing-left-large:1.92%;--awb-width-medium:100%;--awb-order-medium:0;--awb-spacing-right-medium:1.92%;--awb-spacing-left-medium:1.92%;--awb-width-small:100%;--awb-order-small:0;--awb-spacing-right-small:1.92%;--awb-spacing-left-small:1.92%;\"><div class=\"fusion-column-wrapper fusion-column-has-shadow fusion-flex-justify-content-flex-start fusion-content-layout-column\"><div ><a class=\"fusion-button button-flat button-xlarge button-default fusion-button-default button-1 fusion-button-default-span fusion-button-default-type\" style=\"--button_text_transform:none;\" target=\"_self\" title=\"Postuler en ligne maintenant\" aria-label=\"Postuler en ligne maintenant\" role=\"button\" href=\"mailto:karriere@venaziel.de\"><span class=\"fusion-button-text awb-button__text awb-button__text--default\">Postuler en ligne maintenant<\/span><\/a><\/div><\/div><\/div><\/div><\/div><\/p>\n","protected":false},"excerpt":{"rendered":"","protected":false},"author":1,"featured_media":0,"parent":42480,"menu_order":0,"comment_status":"closed","ping_status":"closed","template":"100-width.php","meta":{"footnotes":""},"class_list":["post-55219","page","type-page","status-publish","hentry"],"_links":{"self":[{"href":"https:\/\/venaziel.de\/fr\/wp-json\/wp\/v2\/pages\/55219","targetHints":{"allow":["GET"]}}],"collection":[{"href":"https:\/\/venaziel.de\/fr\/wp-json\/wp\/v2\/pages"}],"about":[{"href":"https:\/\/venaziel.de\/fr\/wp-json\/wp\/v2\/types\/page"}],"author":[{"embeddable":true,"href":"https:\/\/venaziel.de\/fr\/wp-json\/wp\/v2\/users\/1"}],"replies":[{"embeddable":true,"href":"https:\/\/venaziel.de\/fr\/wp-json\/wp\/v2\/comments?post=55219"}],"version-history":[{"count":15,"href":"https:\/\/venaziel.de\/fr\/wp-json\/wp\/v2\/pages\/55219\/revisions"}],"predecessor-version":[{"id":75343,"href":"https:\/\/venaziel.de\/fr\/wp-json\/wp\/v2\/pages\/55219\/revisions\/75343"}],"up":[{"embeddable":true,"href":"https:\/\/venaziel.de\/fr\/wp-json\/wp\/v2\/pages\/42480"}],"wp:attachment":[{"href":"https:\/\/venaziel.de\/fr\/wp-json\/wp\/v2\/media?parent=55219"}],"curies":[{"name":"wp","href":"https:\/\/api.w.org\/{rel}","templated":true}]}}